{"id":50254,"date":"2019-08-04T09:04:14","date_gmt":"2019-08-04T07:04:14","guid":{"rendered":"https:\/\/spuerhundeschule.de\/de\/?post_type=product&#038;p=50254"},"modified":"2025-02-24T09:36:19","modified_gmt":"2025-02-24T08:36:19","slug":"ausbildung-luftfahrtbundesamt-lba-sprengstoffspuerhund-team","status":"publish","type":"product","link":"https:\/\/spuerhundeschule.de\/de\/produkt\/ausbildung-luftfahrtbundesamt-lba-sprengstoffspuerhund-team\/","title":{"rendered":"Ausbildung zum LBA Sprengstoff Sp\u00fcrhund Team"},"content":{"rendered":"<h1>Zertifizierte Ausbildung zum Luftfahrtbundesamt (LBA) Sprengstoffsp\u00fcrhund-Team national und international <span style=\"text-decoration: underline;\">Kapitel 12.9. des Anhangs der Durchf\u00fchrungsverordnung (<abbr class=\"has-tip tip-bottom\" title=\"\" data-tooltip=\"kxy9na-tooltip\" aria-haspopup=\"true\" aria-describedby=\"hx1hnc-tooltip\" data-yeti-box=\"hx1hnc-tooltip\" data-toggle=\"hx1hnc-tooltip\" data-resize=\"hx1hnc-tooltip\">EU<\/abbr>) 2015\/1998<\/span><\/h1>\n<p>Auf Grund der\u00a0stetigen Nachfrage an seri\u00f6sen Ausbildungseinrichtungen f\u00fcr <a href=\"http:\/\/spuerhundeschule.de\/Spuerhund-Art-und-Typen\/sprengstoffspuerhunde-sprengstoffsuchhunde.html\" target=\"_blank\" rel=\"noopener noreferrer\">Sprengstoffsp\u00fcrhhundef\u00fchrer<\/a> im Sector <a href=\"https:\/\/www.lba.de\/DE\/Luftsicherheit\/Aufsicht\/Luftsicherheitsausruestung\/SSH\/SSH_node.html\">Luftfrachtkontrolle<\/a>, hat es sich die K-9 Detection Dog School Germany GmbH zur Aufgabe gemacht, ihr kynologisches Wissen, Einsatzstandards und Taktiken in Vollzeitausbildungen weiter zugeben. Erstschulung Sprengstoffsp\u00fcrhunde-Teams <abbr class=\"has-tip tip-bottom\" title=\"\" data-tooltip=\"ty2c0t-tooltip\" aria-haspopup=\"true\" aria-describedby=\"rzw25v-tooltip\" data-yeti-box=\"rzw25v-tooltip\" data-toggle=\"rzw25v-tooltip\" data-resize=\"rzw25v-tooltip\">gem.<\/abbr> Kapitel 12.9.3.7. <abbr class=\"has-tip tip-bottom\" title=\"\" data-tooltip=\"oe0woa-tooltip\" aria-haspopup=\"true\" aria-describedby=\"jymmnl-tooltip\" data-yeti-box=\"jymmnl-tooltip\" data-toggle=\"jymmnl-tooltip\" data-resize=\"jymmnl-tooltip\">i. V. m.<\/abbr> Nummer 12.9.1.-3. des Durchf\u00fchrungsbeschluss C (2015) 8005.<\/p>\n<p><strong><em>Grundvoraussetzungen der Ausbildung:<\/em><\/strong> Sehr guter Spiel- und Beutetrieb, keine gesundheitlichen Einschr\u00e4nkungen, gutes Sozialverhalten, Grundvoraussetzungen der Motorik, Haftpflichtversicherung, keine Schutzhunde sind<\/p>\n<ul>\n<li>Hundef\u00fchrer m\u00fcssen eine g\u00fcltige Zuverl\u00e4ssigkeits\u00fcberpr\u00fcfung nach \u00a7 7 Luftsicherheitsgesetz <abbr class=\"has-tip tip-bottom\" title=\"\" data-tooltip=\"sk04j0-tooltip\" aria-haspopup=\"true\" aria-describedby=\"4daequ-tooltip\" data-yeti-box=\"4daequ-tooltip\" data-toggle=\"4daequ-tooltip\" data-resize=\"4daequ-tooltip\">(LuftSiG)<\/abbr> zum Ausbildungsbeginn nachweisen<\/li>\n<\/ul>\n<p><strong>Mindestalter der Hunde 11 Monate!<\/strong><\/p>\n<p><strong><em>Dauer der Schulung:<\/em> <\/strong>Die Ausbildung findet an der K-9 Detection Dog School Germany GmbH statt und nimmt ca. 8-10 Wochen in Anspruch. Nach 4 Wochen wird die Ausbildung f\u00fcr 7 Tage unterbrochen.<\/p>\n<p><strong><em>Ablaufplan: <\/em><\/strong>Die Ausbildung erfolgt jeweils von Montag bis Freitag in den Schulungzentrum der K-9 Detection Dog School Germany GmbH in Vollzeit. Selbstverst\u00e4ndlich gestalten wir f\u00fcr Sie die Schulung auch individuell im Blockunterricht, dazu senden Sie uns Ihre Vorschl\u00e4ge bitte in folgendem Link:<\/p>\n<p><strong><a href=\"http:\/\/spuerhundeschule.de\/component\/option,com_chronoforms\/Itemid,100156\/view,form\/\" target=\"_blank\" rel=\"noopener noreferrer\"><img loading=\"lazy\" decoding=\"async\" class=\"alignnone wp-image-1763\" src=\"http:\/\/spuerhundeschule.de\/de\/wp-content\/uploads\/2015\/01\/Blockausbildung.jpg\" alt=\"Blockausbildung\" width=\"162\" height=\"57\" srcset=\"https:\/\/spuerhundeschule.de\/de\/wp-content\/uploads\/2015\/01\/Blockausbildung.jpg 191w, https:\/\/spuerhundeschule.de\/de\/wp-content\/uploads\/2015\/01\/Blockausbildung-100x35.jpg 100w, https:\/\/spuerhundeschule.de\/de\/wp-content\/uploads\/2015\/01\/Blockausbildung-50x18.jpg 50w\" sizes=\"auto, (max-width: 162px) 100vw, 162px\" \/><\/a><\/strong><\/p>\n<p><strong><em>Abschluss und Pr\u00fcfung:<\/em><\/strong> Die Pr\u00fcfung der Teams \u00fcbernimmt das Luftfahrtbundesamt (LBA) in Braunschweig. Pr\u00fcfungstermine werden innerhalb 3 Monaten vergeben.<\/p>\n<p><strong><em>Ausr\u00fcstung:<\/em><\/strong> 2 F\u00fchrerleinen, Maulkorb, 2 Halsb\u00e4nder f\u00fcr den Hund, Wassersch\u00fcssel, Hundefutter, Erste Hilfe Packet, Impfausweis mit aktueller Tollwutimpfung, Kopie Haftpflichtversicherung, Hundetransportbox und\u00a0Schreibutensilien f\u00fcr Notizen.<\/p>\n<p><strong><em>Tierarzt: <\/em><\/strong>F\u00fcr Notf\u00e4lle w\u00e4hrend der Ausbildung, steht f\u00fcr Ihre Vierbeiner eine Tierklinik unweit vom Hotel zur Verf\u00fcgung.<\/p>\n<p><strong>Eine Anmeldung ist solange m\u00f6glich bis dieses Produkt im Shop ausverkauft oder nicht mehr sichtbar ist.<\/strong><\/p>\n<p>Die Absuche von Luftfracht nach Sprengstoffen ist eines unserer Hauptaufgabengebiete. Grundlage sind die Verordnungen der Europ\u00e4ischen Union. Wir beraten und unterst\u00fctzen gerne alle Airlines und Unternehmen, die Luftfrachtkontrollen durchf\u00fchren, bei der operativen Umsetzung, wenn es um den Einsatz von frei laufenden Sprengstoff-Sp\u00fcrhunden Explosive Detection Dogs (EDD) zur Luftfrachtkontrolle sowie die damit verbundenen \u00c4nderungen von Luftsicherheitspl\u00e4nen geht. <span lang=\"DE\">Der Einsatz von Sp\u00fcrhunden ist eine effiziente Art des Scannens von Luftfracht: Gr\u00f6\u00dfere Mengen an Luftfracht brauchen nicht mehr manuell kontrolliert zu werden. Die Sp\u00fcrhundeteams von K-9 Detection Dog School Germany GmbH bieten auf diese Weise ein zuverl\u00e4ssiges und ad\u00e4quates Hilfsmittel bei Cargokontrollen im gesamten europ\u00e4ischen Union (EU).<\/span><\/p>\n<p>Durch unsere Erkenntnisse sind Sprengstoffsp\u00fchrhunde hervorragend im Bereich der Zufahrtskontrolle, Luftfrachtkontrolle in sensiblen Einrichtungen, wie auch im Bereich der Vor- und Nachaufkl\u00e4rung im Personenschutz einsetzbar. Hierbei liegen die Vorteile auf der Hand, z.B. Sprengstoffdetektion an Fahrzeugen aller Art, im Werk- und Objektschutz w\u00e4hrend der Zufahrtskontrollen, sowie die Suche nach Explosivstoffen in R\u00e4umlichkeiten.<\/p>\n<ul>\n<li>Absuche von Luftfracht und Flugzeugen<\/li>\n<li>Absuche von Warensendungen<\/li>\n<li>Absuche von \u00a0Pkws, Lkws, Schienen- und Luftfahrzeugen sowie\u00a0Wasserfahrzeugen<\/li>\n<li>\u00d6ffentlichen sowie private Veranstaltungen wie Hauptversammlungen, VIP-Events, Konzerten, Schulveranstaltungen, Betriebsfeiern, Hotelanlagen, Fu\u00dfballstadien zur Personenkontrolle oder Absuche der Sitzr\u00e4nge<\/li>\n<li>Einsatz von Sprengstoff-Sp\u00fcrhundeteams\u00a0in der Voraufkl\u00e4rung\u00a0 (Personenschutz)<\/li>\n<li>Sprengstoff-Sp\u00fcrhundeteams im Bereich Werk- und Objektschutz<\/li>\n<li>Einsatz national und international<\/li>\n<\/ul>\n<p>Der Einsatz von Sprengstoffsp\u00fcrhunde-Teams bei gro\u00dfen Veranstaltungen und zur Absicherung von VIPs bringt nicht nur den gef\u00e4hrdeten Personen ein ruhiges und sicheres Gef\u00fchl sondern Entscheidend ist ebenso die pr\u00e4ventive Wirkung gegen vermeintliche Attent\u00e4ter. Unsere prim\u00e4re Angelegenheit ist es, durch den Einsatz von Sprengstoffsp\u00fcrhunde-Teams der K-9 Detection Dog School Germany GmbH Sch\u00e4den an G\u00fctern, Leib und Leben sowie Gesundheit mit m\u00f6glichst hoher Sicherheit zu vermeiden. Unsere Einsatzbreite dehnt sich aus in Flugzeugen, auf Schiffen sowie Containern und Fahrzeugen aller Art. Selbstverst\u00e4ndlich flie\u00dfen hierbei auch Veranstaltungsb\u00fchnen mit hinein. Fachlich bezeichnen wir von K-9 Detection Dog School Germany GmbH dies so: immer dort, wo der Sp\u00fcrhund laufen, kriechen oder klettern kann. Unsere Teams k\u00f6nnen schnell sowie unkompliziert transportiert an den Einsatzort verbracht und eingesetzt werden, Vorz\u00fcge die mit technischen Einrichtungen oder Elementen nicht oder kaum zu leisten sind. Eigentlich ist es nicht mehr erw\u00e4hnenswert, dass eine gut ausgebildete Hundenase den technisch elektronischen Ger\u00e4ten weit \u00fcberlegen ist. Bei st\u00e4ndig wechselnden Gef\u00e4hrdungssituationen und differenzierenden Sprengstoffen ist der Hund in der Lage neue Duftstoffe z\u00fcgig und sicher zu erlernen um somit den Optimalwert an Zuverl\u00e4ssigkeit f\u00fcr unsere Kunden zu erreichen.<\/p>\n<h2>Einige Inhalte nach hohen internationalen Qualit\u00e4t Standards mit folgenden Schwerpunkten:<\/h2>\n<ul>\n<li>Kynologie<\/li>\n<li>Sprengstoffgesetz<\/li>\n<li>Recht<\/li>\n<li>11.2.3.9<\/li>\n<li>11.2.6<\/li>\n<li>11.2.7<\/li>\n<li>Luftfracht<\/li>\n<li>Einsatzlehre<\/li>\n<li>Grunds\u00e4tze im Umgang<\/li>\n<li>Einsatztaktik<\/li>\n<li>Frachtsicherung<\/li>\n<li>Stoffkunde<\/li>\n<li>Eigensicherung<\/li>\n<li>Erste Hilfe Hund<\/li>\n<li>Pr\u00fcfungen<\/li>\n<li>Ausbildung SSH<\/li>\n<li>Zertifizierung Beh\u00f6rde<\/li>\n<li>Etc.<\/li>\n<\/ul>\n","protected":false},"excerpt":{"rendered":"<h2>Ausbildung zum Luftfahrtbundesamt (LBA) Sprengstoffsp\u00fcrhund-Team national und international<\/h2>\n<p>Auf Grund der\u00a0stetigen Nachfrage an seri\u00f6sen Ausbildungseinrichtungen f\u00fcr <a href=\"http:\/\/spuerhundeschule.de\/Spuerhund-Art-und-Typen\/sprengstoffspuerhunde-sprengstoffsuchhunde.html\" target=\"_blank\" rel=\"noopener noreferrer\">Sprengstoffsp\u00fcrhhundef\u00fchrer<\/a> im Sector <a href=\"https:\/\/www.lba.de\/DE\/Luftsicherheit\/Aufsicht\/Luftsicherheitsausruestung\/SSH\/SSH_node.html\">Luftfrachtkontrolle<\/a>, hat es sich die K-9 Detection Dog School Germany GmbH zur Aufgabe gemacht, ihr kynologisches Wissen, Einsatzstandards und Taktiken in Vollzeitausbildungen weiter zugeben.<\/p>\n","protected":false},"featured_media":326385,"template":"","meta":{"_price":"10900","_stock":"","_tribe_ticket_header":"","_tribe_default_ticket_provider":"","_ticket_start_date":"","_ticket_end_date":"","_tribe_ticket_show_description":"","_tribe_ticket_show_not_going":false,"_tribe_ticket_use_global_stock":"","_tribe_ticket_global_stock_level":"","_global_stock_mode":"","_global_stock_cap":"","_tribe_rsvp_for_event":"","_tribe_ticket_going_count":"","_tribe_ticket_not_going_count":"","_tribe_tickets_list":"[]","_tribe_ticket_has_attendee_info_fields":false},"product_brand":[],"product_cat":[534,939],"product_tag":[836,634,547,755,758,572,831,573,833,832,751,662,666,830,570,828,835,571,834,545,633,829],"class_list":{"0":"post-50254","1":"product","2":"type-product","3":"status-publish","4":"has-post-thumbnail","6":"product_cat-vollzeitausbildung-zum-spuerhund","7":"product_cat-vollzeitausbildungen-ihk-lba","8":"product_tag-airport-control","9":"product_tag-diensthundeausbildung","10":"product_tag-diensthundefuehrer","11":"product_tag-edd","12":"product_tag-explosive-detection-dog","13":"product_tag-flughafen","14":"product_tag-flughafen-kontrolle","15":"product_tag-fracht","16":"product_tag-frachthalle","17":"product_tag-hub","18":"product_tag-hunde","19":"product_tag-hundefuehrer","20":"product_tag-ihk-diensthundefuehrer","21":"product_tag-kapitel-12-9-des-anhangs-der-durchfuehrungsverordnung-eu-2015-1998","22":"product_tag-lba","23":"product_tag-luftfahrtbundesamt","24":"product_tag-luftfahrzeug","25":"product_tag-luftfracht-kontrolle-mittels-spuerhunde","26":"product_tag-luftverkehr","27":"product_tag-polizei","28":"product_tag-polizeihund","29":"product_tag-warenkontrolle","31":"first","32":"instock","33":"virtual","34":"taxable","35":"purchasable","36":"product-type-simple"},"_links":{"self":[{"href":"https:\/\/spuerhundeschule.de\/de\/wp-json\/wp\/v2\/product\/50254","targetHints":{"allow":["GET"]}}],"collection":[{"href":"https:\/\/spuerhundeschule.de\/de\/wp-json\/wp\/v2\/product"}],"about":[{"href":"https:\/\/spuerhundeschule.de\/de\/wp-json\/wp\/v2\/types\/product"}],"wp:featuredmedia":[{"embeddable":true,"href":"https:\/\/spuerhundeschule.de\/de\/wp-json\/wp\/v2\/media\/326385"}],"wp:attachment":[{"href":"https:\/\/spuerhundeschule.de\/de\/wp-json\/wp\/v2\/media?parent=50254"}],"wp:term":[{"taxonomy":"product_brand","embeddable":true,"href":"https:\/\/spuerhundeschule.de\/de\/wp-json\/wp\/v2\/product_brand?post=50254"},{"taxonomy":"product_cat","embeddable":true,"href":"https:\/\/spuerhundeschule.de\/de\/wp-json\/wp\/v2\/product_cat?post=50254"},{"taxonomy":"product_tag","embeddable":true,"href":"https:\/\/spuerhundeschule.de\/de\/wp-json\/wp\/v2\/product_tag?post=50254"}],"curies":[{"name":"wp","href":"https:\/\/api.w.org\/{rel}","templated":true}]}}