{"id":327766,"date":"2026-01-05T12:47:09","date_gmt":"2026-01-05T11:47:09","guid":{"rendered":"https:\/\/spuerhundeschule.de\/de\/?post_type=product&#038;p=327766"},"modified":"2026-01-11T08:47:39","modified_gmt":"2026-01-11T07:47:39","slug":"operative-eigensicherung-fuer-k9-teams-in-kritis","status":"publish","type":"product","link":"https:\/\/spuerhundeschule.de\/de\/produkt\/operative-eigensicherung-fuer-k9-teams-in-kritis\/","title":{"rendered":"Operative Eigensicherung f\u00fcr K9 Teams in KRITIS"},"content":{"rendered":"<h2>Seminar f\u00fcr Operative Eigensicherung f\u00fcr K9-Teams in KRITIS- und Auslandsszenarien international<\/h2>\n<p>Wir freuen uns, Ihnen ein spannendes und lehrreiches Seminar f\u00fcr Sp\u00fcrhundef\u00fchrer anzubieten, das sich an ungarische Hundef\u00fchrer aus der privaten Sicherheitswirtschaft, an Interessierte, die eine Karriere als Spezialhundef\u00fchrer anstreben, sowie an beh\u00f6rdliche Institutionen richtet.<\/p>\n<p>Die <strong>K9 Detection Dog School Germany GmbH<\/strong> bietet aufgrund der steigenden Nachfrage nach spezialisierten Ausbildungen f\u00fcr Dienst- und Spezialhundeteams Seminare an, die auf \u00fcber 28 Jahren Erfahrung in der Spezialhundeausbildung basieren. Wir vermitteln unser kynologisches Wissen, Einsatzstandards und Taktiken, um die Effektivit\u00e4t und Sicherheit von Hund-Mensch-Teams in herausfordernden Einsatzlagen zu erh\u00f6hen.<\/p>\n<p><strong>Zielgruppe:<\/strong> Beh\u00f6rdliche und private Organisationen sowie Hilfsorganisationen sind herzlich eingeladen, an unseren Seminaren teilzunehmen. Egal ob Polizei, Feuerwehr, Rettungsdienste oder private Sicherheitsdienstleister \u2013 unser Angebot richtet sich an alle, die mit Dienst- und Spezialhunden arbeiten oder sich in der Ausbildung und Einsatzvorbereitung weiterbilden m\u00f6chten.<\/p>\n<p><strong>Details zum Seminar:<\/strong><\/p>\n<ul>\n<li>Datum: 21. August bis 23. August 2026<\/li>\n<li>Ort: Pirna und Umgebung<\/li>\n<li>Anreise\/Abreise: Ihre Anreise ist f\u00fcr den Donnerstag, den 20. August 2026 bis 20:00 Uhr im Hotel geplant. Sollte sich Ihre Anreise versp\u00e4ten, bitten wir Sie darum, unser B\u00fcro unter der Nummer +49 (0) 3501 50 60 364 zu kontaktieren.<\/li>\n<li>Unterbringung: Hotel Heidekrug Cotta \/ Hotel Elbparadies Pirna<\/li>\n<li>Seminarsprache: Deutsch und Englisch<\/li>\n<\/ul>\n<h3 class=\"ng-star-inserted\"><span class=\"ng-star-inserted\">Intensiv-Praxis-Seminar f\u00fcr Diensthundef\u00fchrer in Hochrisikoszenarien<\/span><\/h3>\n<p class=\"ng-star-inserted\"><span class=\"ng-star-inserted\">In einem Umfeld steigender Bedrohungslagen \u2013 sei es beim Schutz <\/span><strong class=\"ng-star-inserted\"><span class=\"ng-star-inserted\">kritischer Infrastrukturen (KRITIS)<\/span><\/strong><span class=\"ng-star-inserted\">, im bewaffneten Objektschutz oder in komplexen <\/span><strong class=\"ng-star-inserted\"><span class=\"ng-star-inserted\">Auslandseins\u00e4tzen<\/span><\/strong><span class=\"ng-star-inserted\"> \u2013 ist die Symbiose aus Hundef\u00fchrer und Diensthund der entscheidende Sicherheitsfaktor. Dieses Seminar hebt Ihre operative Handlungsf\u00e4higkeit auf ein neues Level.<\/span><\/p>\n<p class=\"ng-star-inserted\"><span class=\"ng-star-inserted\">Dieses Praxistraining wurde speziell f\u00fcr professionelle K9-Teams entwickelt, die in bewaffneten Kontexten und unter erh\u00f6hter Gef\u00e4hrdung operieren. Wir verlassen den Standard und trainieren dort, wo Theorie auf die harte Realit\u00e4t trifft.<\/span><\/p>\n<h4 class=\"ng-star-inserted\"><span class=\"ng-star-inserted\">KERNSYSTEME DER AUSBILDUNG<\/span><\/h4>\n<ul class=\"ng-star-inserted\">\n<li class=\"ng-star-inserted\">\n<p class=\"ng-star-inserted\"><span class=\"ng-star-inserted\">Operative Eigensicherung im K9-Verbund:<\/span><span class=\"ng-star-inserted\"> Schutztechniken und Gefahrenfr\u00fcherkennung w\u00e4hrend der Diensthundeumsetzung.<\/span><\/p>\n<\/li>\n<li class=\"ng-star-inserted\">\n<p class=\"ng-star-inserted\"><span class=\"ng-star-inserted\">Krisenintervention &amp; Bedrohungsmanagement:<\/span><span class=\"ng-star-inserted\"> Professionelles Agieren in dynamischen Hochrisikosituationen und unter Stress.<\/span><\/p>\n<\/li>\n<li class=\"ng-star-inserted\">\n<p class=\"ng-star-inserted\"><span class=\"ng-star-inserted\">Taktische Raumbeherrschung:<\/span><span class=\"ng-star-inserted\"> Methodik des taktischen Bewegens, Ann\u00e4herung an Objekte und Absicherungstechniken im Team.<\/span><\/p>\n<\/li>\n<li class=\"ng-star-inserted\">\n<p class=\"ng-star-inserted\"><span class=\"ng-star-inserted\">Real-Szenario-Training:<\/span><span class=\"ng-star-inserted\"> Simulation von Ernstf\u00e4llen (inkl. bewaffneter Konfrontationen) zur Festigung der Entscheidungskompetenz.<\/span><\/p>\n<\/li>\n<\/ul>\n<h4 class=\"ng-star-inserted\"><span class=\"ng-star-inserted\">UNSERE EXPERTEN \u2013 VON DEN BESTEN LERNEN<\/span><\/h4>\n<p class=\"ng-star-inserted\"><span class=\"ng-star-inserted\">Profitieren Sie von einer Trainer-Elite mit jahrelanger Einsatzerfahrung. Unsere Fachdozenten stammen aus:<\/span><\/p>\n<ul class=\"ng-star-inserted\">\n<li class=\"ng-star-inserted\">\n<p class=\"ng-star-inserted\"><span class=\"ng-star-inserted\">Spezialisierten Kr\u00e4ften der Bundeswehr<\/span><span class=\"ng-star-inserted\"> (Erfahrung aus Auslandseins\u00e4tzen und Objektschutz).<\/span><\/p>\n<\/li>\n<li class=\"ng-star-inserted\">\n<p class=\"ng-star-inserted\"><span class=\"ng-star-inserted\">F\u00fchrungskr\u00e4ften der Bundespolizei<\/span><span class=\"ng-star-inserted\"> (Spezialisten f\u00fcr operative Lagen).<\/span><\/p>\n<\/li>\n<\/ul>\n<h4 class=\"ng-star-inserted\"><span class=\"ng-star-inserted\">ZIELGRUPPE<\/span><\/h4>\n<p class=\"ng-star-inserted\"><span class=\"ng-star-inserted\">Dieses Seminar richtet sich ausschlie\u00dflich an:<\/span><\/p>\n<ul class=\"ng-star-inserted\">\n<li class=\"ng-star-inserted\">\n<p class=\"ng-star-inserted\"><span class=\"ng-star-inserted\">Diensthundef\u00fchrer aus beh\u00f6rdlichen Organisationen (w.z.B. Polizei, Zoll, Milit\u00e4r, Bundewehr).<\/span><\/p>\n<\/li>\n<li class=\"ng-star-inserted\">\n<p class=\"ng-star-inserted\"><span class=\"ng-star-inserted\">Professionelle Sicherheitsdienstleister im Bereich KRITIS-Schutz.<\/span><\/p>\n<\/li>\n<li class=\"ng-star-inserted\">\n<p class=\"ng-star-inserted\"><span class=\"ng-star-inserted\">K9-Teams in bewaffneten Auslandseins\u00e4tzen oder im Personenschutz.<\/span><\/p>\n<\/li>\n<\/ul>\n<p><strong>Anmeldung:<\/strong><\/p>\n<p>Die Teilnehmerzahl ist begrenzt, um eine individuelle Betreuung zu gew\u00e4hrleisten. Nutzen Sie die Gelegenheit, Ihr Wissen zu erweitern, neue Techniken zu erlernen und wertvolle Kontakte zu kn\u00fcpfen! Wir freuen uns auf Ihre Teilnahme!<\/p>\n<p>Die Seminargeb\u00fchr von EUR 1350,00 umfasst folgende Leistungen:<\/p>\n<ul>\n<li><strong>3 \u00dcbernachtungen<\/strong>: Die Unterkunft w\u00e4hrend des Seminars ist bereits im Preis enthalten.<\/li>\n<li><strong>Verpflegung<\/strong>: Dies schlie\u00dft Halbpension ein.<\/li>\n<li><strong>Theoretische Unterlagen<\/strong>: Alle ben\u00f6tigten Materialien und Unterlagen f\u00fcr das Seminar sind ebenfalls im Preis enthalten.<\/li>\n<\/ul>\n<p><strong>Buchen und Registrieren:<\/strong><\/p>\n<p>Buchen Sie Ihren Platz in unserem Seminar bequem online! Klicken Sie auf \u201eProdukt kaufen\u201c um sich anzumelden. Sie erhalten nach erfolgreicher Anmeldung eine Rechnung und Anmeldebest\u00e4tigung per E-Mail. Die Zahlung der Geb\u00fchr ist sofort nach Rechnungserhalt f\u00e4llig. Bitte beachten Sie: Die Teilnehmerzahl ist auf 10 Personen mit Hund begrenzt. Bei Fragen zur Anmeldung oder Teilnahme kontaktieren Sie uns gerne telefonisch oder per E-Mail. Die Anmeldung ist nur bis zum Ausverkauf der Pl\u00e4tze m\u00f6glich.<\/p>\n","protected":false},"excerpt":{"rendered":"<p>Teilnehmerkarte f\u00fcr einen Hund und eine Person zum Seminar<\/p>\n","protected":false},"featured_media":327767,"template":"","meta":{"_price":"1350","_stock":"","_tribe_ticket_header":"","_tribe_default_ticket_provider":"","_ticket_start_date":"2022-11-21 00:00:00","_ticket_end_date":"2024-08-31 00:00:00","_tribe_ticket_show_description":"yes","_tribe_ticket_show_not_going":false,"_tribe_ticket_use_global_stock":"","_tribe_ticket_global_stock_level":"","_global_stock_mode":"","_global_stock_cap":"","_tribe_rsvp_for_event":"","_tribe_ticket_going_count":"","_tribe_ticket_not_going_count":"","_tribe_tickets_list":"[]","_tribe_ticket_has_attendee_info_fields":false},"product_brand":[],"product_cat":[515,535,517],"product_tag":[],"class_list":{"0":"post-327766","1":"product","2":"type-product","3":"status-publish","4":"has-post-thumbnail","6":"product_cat-dienstleistungen","7":"product_cat-ticket","8":"product_cat-workshops-seminare-hundeausbildung","10":"first","11":"instock","12":"featured","13":"virtual","14":"taxable","15":"purchasable","16":"product-type-simple"},"_links":{"self":[{"href":"https:\/\/spuerhundeschule.de\/de\/wp-json\/wp\/v2\/product\/327766","targetHints":{"allow":["GET"]}}],"collection":[{"href":"https:\/\/spuerhundeschule.de\/de\/wp-json\/wp\/v2\/product"}],"about":[{"href":"https:\/\/spuerhundeschule.de\/de\/wp-json\/wp\/v2\/types\/product"}],"wp:featuredmedia":[{"embeddable":true,"href":"https:\/\/spuerhundeschule.de\/de\/wp-json\/wp\/v2\/media\/327767"}],"wp:attachment":[{"href":"https:\/\/spuerhundeschule.de\/de\/wp-json\/wp\/v2\/media?parent=327766"}],"wp:term":[{"taxonomy":"product_brand","embeddable":true,"href":"https:\/\/spuerhundeschule.de\/de\/wp-json\/wp\/v2\/product_brand?post=327766"},{"taxonomy":"product_cat","embeddable":true,"href":"https:\/\/spuerhundeschule.de\/de\/wp-json\/wp\/v2\/product_cat?post=327766"},{"taxonomy":"product_tag","embeddable":true,"href":"https:\/\/spuerhundeschule.de\/de\/wp-json\/wp\/v2\/product_tag?post=327766"}],"curies":[{"name":"wp","href":"https:\/\/api.w.org\/{rel}","templated":true}]}}