{"id":327623,"date":"2025-02-24T10:14:38","date_gmt":"2025-02-24T09:14:38","guid":{"rendered":"https:\/\/spuerhundeschule.de\/de\/?post_type=product&#038;p=327623"},"modified":"2025-02-24T10:21:57","modified_gmt":"2025-02-24T09:21:57","slug":"ausbildung-zum-kadaver-spuerhund-team","status":"publish","type":"product","link":"https:\/\/spuerhundeschule.de\/de\/produkt\/ausbildung-zum-kadaver-spuerhund-team\/","title":{"rendered":"Ausbildung zum Kadaver Sp\u00fcrhund Team"},"content":{"rendered":"<h2>Zertifizierte Ausbildung zum Schwarzwild Kadaver-Sp\u00fcrhund-Team ASP<\/h2>\n<p>Auf Grund der stetigen Nachfrage an seri\u00f6sen Ausbildungseinrichtungen f\u00fcr Schwarzwildkadaverp\u00fcrhunde im Bereich der &#8222;Seucheneind\u00e4mmung&#8220; in W\u00e4ldern von verendeten mit ASP infizierten Wildschweinkadavern und Knochen, hat es sich die Sp\u00fcrhundeschule Germany zur Aufgabe gemacht, ihr kynologisches Wissen, Einsatzstandards und Taktiken in Vollzeitausbildungen weiter zugeben.<\/p>\n<p><strong><em>Grundvoraussetzungen der Ausbildung:<\/em><\/strong> Sehr guter Spiel- und Beutetrieb, keine gesundheitlichen Einschr\u00e4nkungen, gutes Sozialverhalten, Grundvoraussetzungen der Motorik, Haftpflichtversicherung, <strong>Mindestalter der Hunde 11 Monate!<\/strong><\/p>\n<p><strong><em>Dauer der Schulung:<\/em> <\/strong>Die Ausbildung findet an der K9 Detection Dog School Germany GmbH statt und nimmt ca. 4-6 Wochen in Anspruch. Nach 3 Wochen wird das Training f\u00fcr 7 Tage unterbrochen.<\/p>\n<p><strong><em>Ablaufplan: <\/em><\/strong>Die Ausbildung erfolgt jeweils von Montag bis Freitag im Schulungzentrum der K9 Detection Dog School Germany GmbH in Vollzeit. Selbstverst\u00e4ndlich gestalten wir f\u00fcr Sie die Schulung auch individuell im Blockunterricht, dazu senden Sie uns Ihre Vorschl\u00e4ge bitte in folgendem Link:<\/p>\n<p><a class=\"fasc-button fasc-size-xlarge fasc-type-popout fasc-rounded-medium fasc-ico-after dashicons-arrow-right\" style=\"background-color: #33809e; color: #ffffff;\" href=\"https:\/\/spuerhundeschule.de\/anfrage-sicherheitsdienstleistungen\">Fragen zur Ausbildung<\/a><\/p>\n<p><strong><em>Abschluss und Pr\u00fcfung:<\/em><\/strong> Eine Woche vor Abschluss des Lehrgangs, finde die Zertifizierung statt.<\/p>\n<p><strong><em>Ausr\u00fcstung:<\/em><\/strong> 2 F\u00fchrerleinen, Maulkorb, Kenndecke, 2 Halsb\u00e4nder f\u00fcr den Hund, Wassersch\u00fcssel, Hundefutter, Erste Hilfe Packet, Impfausweis mit aktueller Tollwutimpfung, Kopie Haftpflichtversicherung, Hundetransportbox und&nbsp;Schreibutensilien f\u00fcr Notizen.<\/p>\n<p><strong><em>Tierarzt: <\/em><\/strong>F\u00fcr Notf\u00e4lle w\u00e4hrend der Ausbildung, steht f\u00fcr Ihre Vierbeiner eine Tierklinik unweit vom Hotel zur Verf\u00fcgung.<\/p>\n<p data-sourcepos=\"3:1-3:40\"><strong>Warum sind Kadaversp\u00fcrhunde wichtig?<\/strong><\/p>\n<ul data-sourcepos=\"5:1-8:0\">\n<li data-sourcepos=\"5:1-5:285\"><strong>Effektive Suche:<\/strong> Kadaversp\u00fcrhunde sind darauf trainiert, verwesende Tierk\u00f6rper aufzusp\u00fcren. Sie k\u00f6nnen infizierte Wildschweinkadaver in schwer zug\u00e4nglichen Gebieten, Dickichten oder im Unterholz finden, wo menschliche Suchtrupps oder Drohnen m\u00f6glicherweise Schwierigkeiten haben.<\/li>\n<li data-sourcepos=\"6:1-6:187\"><strong>Schnelle Reaktion:<\/strong> Durch den Einsatz von Sp\u00fcrhunden k\u00f6nnen infizierte Kadaver schnell lokalisiert und entfernt werden, was die Ausbreitung der ASP verlangsamt oder sogar verhindert.<\/li>\n<li data-sourcepos=\"7:1-8:0\"><strong>Pr\u00e4vention:<\/strong> Die fr\u00fchzeitige Entfernung infizierter Kadaver ist entscheidend, um eine weitere Ausbreitung des Virus auf andere Wildschweine oder Hausschweine zu verhindern.<\/li>\n<\/ul>\n<p data-sourcepos=\"9:1-9:58\"><strong>Wie funktioniert das Monitoring mit Kadaversp\u00fcrhunden?<\/strong><\/p>\n<ol data-sourcepos=\"11:1-15:0\">\n<li data-sourcepos=\"11:1-11:105\"><strong>Ausbildung:<\/strong> Die Hunde werden speziell auf den Geruch von verwesenden Wildschweink\u00f6rpern trainiert.<\/li>\n<li data-sourcepos=\"12:1-12:161\"><strong>Einsatz:<\/strong> In ASP-Risikogebieten oder in Gebieten, in denen infizierte Kadaver vermutet werden, werden die Hunde in Begleitung ihrer Hundef\u00fchrer eingesetzt.<\/li>\n<li data-sourcepos=\"13:1-13:104\"><strong>Suche:<\/strong> Die Hunde suchen systematisch nach Kadavern und zeigen diese durch Bellen oder Kratzen an.<\/li>\n<li data-sourcepos=\"14:1-15:0\"><strong>Bergung:<\/strong> Die Kadaver werden geborgen und sicher entsorgt, um eine weitere Ausbreitung der Seuche zu verhindern.<\/li>\n<\/ol>\n<p data-sourcepos=\"16:1-16:42\"><strong>Was ist bei der Umsetzung zu beachten?<\/strong><\/p>\n<ul data-sourcepos=\"18:1-21:0\">\n<li data-sourcepos=\"18:1-18:180\"><strong>Fl\u00e4chendeckender Einsatz:<\/strong> Es ist wichtig, ausreichend Kadaversp\u00fcrhunde und geschulte Hundef\u00fchrer zur Verf\u00fcgung zu haben, um eine fl\u00e4chendeckende \u00dcberwachung zu gew\u00e4hrleisten.<\/li>\n<li data-sourcepos=\"19:1-19:172\"><strong>Koordination:<\/strong> Die Eins\u00e4tze der Sp\u00fcrhunde m\u00fcssen gut koordiniert sein, um Doppelarbeit zu vermeiden und sicherzustellen, dass alle relevanten Gebiete abgedeckt werden.<\/li>\n<li data-sourcepos=\"20:1-21:0\"><strong>Hygiene:<\/strong> Sowohl die Hunde als auch die Hundef\u00fchrer m\u00fcssen hygienische Ma\u00dfnahmen einhalten, um eine Verschleppung des Virus zu verhindern.<\/li>\n<\/ul>\n<p data-sourcepos=\"22:1-22:30\"><strong>Zus\u00e4tzliche Informationen:<\/strong><\/p>\n<ul data-sourcepos=\"24:1-27:0\">\n<li data-sourcepos=\"24:1-24:118\">In Deutschland gibt es bereits Projekte zur Ausbildung und zum Einsatz von Kadaversp\u00fcrhunden im Kampf gegen die ASP.<\/li>\n<li data-sourcepos=\"25:1-25:80\">Die Kosten f\u00fcr die Ausbildung und den Einsatz von Sp\u00fcrhunden k\u00f6nnen variieren.<\/li>\n<li data-sourcepos=\"26:1-27:0\">Der Einsatz von Kadaversp\u00fcrhunden ist eine von vielen Ma\u00dfnahmen zur Bek\u00e4mpfung der ASP. Weitere wichtige Ma\u00dfnahmen sind die Reduzierung des Wildschweinbestandes, die Errichtung von Z\u00e4unen und die \u00dcberwachung von Hausschweinhaltungen.<\/li>\n<\/ul>\n<h2>Inhalte nach hohen internationalen Qualit\u00e4t Standards mit folgenden Schwerpunkten:<\/h2>\n<ul>\n<li>Kynologie<\/li>\n<li>Effektivit\u00e4t<\/li>\n<li>Konditionierung an moderner Suchwand<\/li>\n<li><span class=\"ILfuVd\" lang=\"de\"><span class=\"hgKElc\">Higy\u00e4nekonzepte<\/span><\/span><\/li>\n<li>Einsatzbereiche<\/li>\n<li>Einsatzlehre<\/li>\n<li>Grunds\u00e4tze im Umgang<\/li>\n<li>Eigensicherung<\/li>\n<li>Erste Hilfe Hund<\/li>\n<li>Pr\u00fcfungen<\/li>\n<li>Ausbildung ASP SH<\/li>\n<li>Zertifizierung<\/li>\n<\/ul>\n","protected":false},"excerpt":{"rendered":"<h2>Zertifizierte Ausbildung zum Artenschutz-Sp\u00fcrhund-Team national und international<\/h2>\n<p>Auf Grund der stetigen Nachfrage an seri\u00f6sen Ausbildungseinrichtungen f\u00fcr <span style=\"font-size: 14pt; line-height: 115%; font-family: 'Calibri','sans-serif';\">das Waschingtoner Artenschutzgesetz<\/span> im Sektor Schutz gef\u00e4hrdeter Arten, hat es sich die K9 Detection dog School Germany GmbH zur Aufgabe gemacht, ihr kynologisches Wissen, Einsatzstandards und Taktiken in Vollzeitausbildungen weiter zugeben.<\/p>\n","protected":false},"featured_media":327621,"template":"","meta":{"_price":"7500","_stock":"","_tribe_ticket_header":"","_tribe_default_ticket_provider":"","_ticket_start_date":"","_ticket_end_date":"","_tribe_ticket_show_description":"","_tribe_ticket_show_not_going":false,"_tribe_ticket_use_global_stock":"","_tribe_ticket_global_stock_level":"","_global_stock_mode":"","_global_stock_cap":"","_tribe_rsvp_for_event":"","_tribe_ticket_going_count":"","_tribe_ticket_not_going_count":"","_tribe_tickets_list":"[]","_tribe_ticket_has_attendee_info_fields":false},"product_brand":[],"product_cat":[534],"product_tag":[],"class_list":{"0":"post-327623","1":"product","2":"type-product","3":"status-publish","4":"has-post-thumbnail","6":"product_cat-vollzeitausbildung-zum-spuerhund","8":"first","9":"instock","10":"virtual","11":"taxable","12":"purchasable","13":"product-type-simple"},"_links":{"self":[{"href":"https:\/\/spuerhundeschule.de\/de\/wp-json\/wp\/v2\/product\/327623","targetHints":{"allow":["GET"]}}],"collection":[{"href":"https:\/\/spuerhundeschule.de\/de\/wp-json\/wp\/v2\/product"}],"about":[{"href":"https:\/\/spuerhundeschule.de\/de\/wp-json\/wp\/v2\/types\/product"}],"wp:featuredmedia":[{"embeddable":true,"href":"https:\/\/spuerhundeschule.de\/de\/wp-json\/wp\/v2\/media\/327621"}],"wp:attachment":[{"href":"https:\/\/spuerhundeschule.de\/de\/wp-json\/wp\/v2\/media?parent=327623"}],"wp:term":[{"taxonomy":"product_brand","embeddable":true,"href":"https:\/\/spuerhundeschule.de\/de\/wp-json\/wp\/v2\/product_brand?post=327623"},{"taxonomy":"product_cat","embeddable":true,"href":"https:\/\/spuerhundeschule.de\/de\/wp-json\/wp\/v2\/product_cat?post=327623"},{"taxonomy":"product_tag","embeddable":true,"href":"https:\/\/spuerhundeschule.de\/de\/wp-json\/wp\/v2\/product_tag?post=327623"}],"curies":[{"name":"wp","href":"https:\/\/api.w.org\/{rel}","templated":true}]}}