{"id":327251,"date":"2024-12-26T15:26:10","date_gmt":"2024-12-26T14:26:10","guid":{"rendered":"https:\/\/spuerhundeschule.de\/de\/?post_type=product&#038;p=327251"},"modified":"2026-01-11T08:53:59","modified_gmt":"2026-01-11T07:53:59","slug":"helikopter-ausbildung-mit-diensthund-modul-2-abseilen","status":"publish","type":"product","link":"https:\/\/spuerhundeschule.de\/de\/produkt\/helikopter-ausbildung-mit-diensthund-modul-2-abseilen\/","title":{"rendered":"Helikopter Ausbildung mit Diensthund Modul 2 Abseilen"},"content":{"rendered":"<h2 class=\"fittexted_for_content_h2\"><strong>Modul 1-2 Heli-Seminar Abseilen f\u00fcr Dienst- und Rettungshundef\u00fchrer in speziellen Einsatzlagen national, international<\/strong><\/h2>\n<p>Die <strong>K9 Detection Dog School Germany GmbH<\/strong> bietet aufgrund der steigenden Nachfrage nach spezialisierten Ausbildungen f\u00fcr Dienst- und Rettungshundteams Seminare an, die auf \u00fcber 28 Jahren Erfahrung in der Spezialhundeausbildung basieren. Wir vermitteln unser kynologisches Wissen, Einsatzstandards und Taktiken, um die Effektivit\u00e4t und Sicherheit von Hund-Mensch-Teams in herausfordernden Einsatzlagen zu erh\u00f6hen.<\/p>\n<p><strong>Zielgruppe:<\/strong> Beh\u00f6rdliche und private Organisationen sowie Hilfsorganisationen sind herzlich eingeladen, an unseren Seminaren teilzunehmen. Egal ob Polizei, Feuerwehr, Rettungsdienste oder private Sicherheitsdienstleister \u2013 unser Angebot richtet sich an alle, die mit Dienst- und Rettungshunden arbeiten oder sich in der Ausbildung und Einsatzvorbereitung weiterbilden m\u00f6chten.<\/p>\n<p><img loading=\"lazy\" decoding=\"async\" class=\"alignnone size-medium wp-image-326424\" src=\"https:\/\/spuerhundeschule.de\/de\/wp-content\/uploads\/2022\/12\/Helicopterflug-mit-Hund-K9-Detection-Dog-School-Germany-GmbH-300x300.jpg\" alt=\"\" width=\"300\" height=\"300\" srcset=\"https:\/\/spuerhundeschule.de\/de\/wp-content\/uploads\/2022\/12\/Helicopterflug-mit-Hund-K9-Detection-Dog-School-Germany-GmbH-300x300.jpg 300w, https:\/\/spuerhundeschule.de\/de\/wp-content\/uploads\/2022\/12\/Helicopterflug-mit-Hund-K9-Detection-Dog-School-Germany-GmbH-1024x1024.jpg 1024w, https:\/\/spuerhundeschule.de\/de\/wp-content\/uploads\/2022\/12\/Helicopterflug-mit-Hund-K9-Detection-Dog-School-Germany-GmbH-150x150.jpg 150w, https:\/\/spuerhundeschule.de\/de\/wp-content\/uploads\/2022\/12\/Helicopterflug-mit-Hund-K9-Detection-Dog-School-Germany-GmbH-768x768.jpg 768w, https:\/\/spuerhundeschule.de\/de\/wp-content\/uploads\/2022\/12\/Helicopterflug-mit-Hund-K9-Detection-Dog-School-Germany-GmbH-80x80.jpg 80w, https:\/\/spuerhundeschule.de\/de\/wp-content\/uploads\/2022\/12\/Helicopterflug-mit-Hund-K9-Detection-Dog-School-Germany-GmbH-320x320.jpg 320w, https:\/\/spuerhundeschule.de\/de\/wp-content\/uploads\/2022\/12\/Helicopterflug-mit-Hund-K9-Detection-Dog-School-Germany-GmbH-200x200.jpg 200w, https:\/\/spuerhundeschule.de\/de\/wp-content\/uploads\/2022\/12\/Helicopterflug-mit-Hund-K9-Detection-Dog-School-Germany-GmbH-100x100.jpg 100w, https:\/\/spuerhundeschule.de\/de\/wp-content\/uploads\/2022\/12\/Helicopterflug-mit-Hund-K9-Detection-Dog-School-Germany-GmbH.jpg 1080w\" sizes=\"auto, (max-width: 300px) 100vw, 300px\" \/><\/p>\n<div class=\"tribe-events-single-event-description tribe-events-content\">\n<div class=\"chat__message__text\">\n<p><strong>Inhalte des Seminars:<\/strong><\/p>\n<ul>\n<li>Taktiken f\u00fcr den Einsatz von Dienst- und Rettungshunden in speziellen Lagen<\/li>\n<li>Praktische \u00dcbungen zur Verbesserung der Kommunikation und Zusammenarbeit zwischen Hundef\u00fchrer und Hund<\/li>\n<li>Sicherheit und Gesundheitsschutz im Umgang mit Hunden in riskanten Situationen<\/li>\n<li>Fallbeispiele aus der Praxis und deren Analyse<\/li>\n<\/ul>\n<p><strong>Besondere Sicherheitsma\u00dfnahmen:<\/strong> Der Lehrgang wird unter Ber\u00fccksichtigung besonderer sicherheitsrelevanter Arbeitsschutzma\u00dfnahmen durchgef\u00fchrt, um eine sichere Lernumgebung f\u00fcr alle Teilnehmer zu gew\u00e4hrleisten. Dazu geh\u00f6ren unter anderem die Einhaltung von Hygienevorschriften, geeignete Schutzausr\u00fcstung und Notfallpl\u00e4ne.<\/p>\n<p><strong>Anmeldung und Informationen:<\/strong> Interessierte k\u00f6nnen sich \u00fcber unsere Website anmelden oder direkt Kontakt mit uns aufnehmen, um weitere Informationen zu erhalten. Die Pl\u00e4tze sind begrenzt, um eine individuelle Betreuung zu gew\u00e4hrleisten.<\/p>\n<h4 class=\"fittexted_for_content_h4\">Nutzen Sie die Gelegenheit, Ihr Wissen und Ihre F\u00e4higkeiten zu erweitern und Teil eines professionellen Netzwerks von Dienst- und Rettungshundef\u00fchrern zu werden!<\/h4>\n<\/div>\n<p><strong><em>Anreise Abreise:<\/em><\/strong><\/p>\n<p>Ihre Anreise ist f\u00fcr den Sonntag, den 18.10.2026, bis 16:00 Uhr im TCRH Mosbach geplant. Sollte sich Ihre Anreise versp\u00e4ten, bitten wir Sie darum, unser B\u00fcro unter der Nummer +49 (0) 3501 50 60 364 zu kontaktieren. Die Abreise ist f\u00fcr den Mittwoch, den 21.10.2026, bis 11:00 Uhr vorgesehen.<\/p>\n<p><strong><em>Unterbringung und Verpflegung:<\/em> <\/strong>Im TCRH Mosbach, Zeit- und Ablaufplan wird im Tagesbriefing bekannt gegeben.<\/p>\n<p><strong>Seminar Ablaufplan<\/strong><\/p>\n<ul>\n<li>Sicherheitseinweisung und Belehrung. Detaillierte Informationen zu Sicherheitsvorkehrungen, z.B. Luftsicherheitsgesetz, Notfallpl\u00e4nen und Verhalten im Seminar.<\/li>\n<li>Gruppeneinteilung f\u00fcr die Ausbildung am Montag und Dienstag (Einteilung nach Erfahrungslevel).<\/li>\n<li>Spezialtraining: Helikopterfl\u00fcge.<\/li>\n<li>Dies beinhaltet:\n<ul>\n<li>Gew\u00f6hnung an den Helikopter und seine Ger\u00e4usche.<\/li>\n<li>\u00dcben des Ein- und Aussteigens in verschiedenen Einsatzszenarien.<\/li>\n<li>Lagebildausarbeitung nach dem Flug (gemeinsam besprochen).<\/li>\n<li>Highlights\u2013 Details werden nicht im Voraus bekannt gegeben. Spannende \u00dcberraschungen erwarten Sie im Bereich der Verbringung mit Luftfahrzeugen in unterschiedlichen H\u00f6hen.<em><br \/>\n<\/em><\/li>\n<\/ul>\n<\/li>\n<li>Pers\u00f6nliche Besprechung der \u00dcbungen mit jedem Teilnehmer. Betonung der Sicherheit.<\/li>\n<\/ul>\n<p><strong>Sonntag:<\/strong><\/p>\n<ul>\n<li>Sicherheitseinweisung und Belehrung.\u00a0 und Verhalten im Seminar.<\/li>\n<li>Gruppeneinteilung f\u00fcr die Ausbildung am Montag und Dienstag (Einteilung nach Erfahrungslevel).<\/li>\n<\/ul>\n<p><strong>Montag:<\/strong><\/p>\n<ul>\n<li>Theorie, Detaillierte Informationen zu Sicherheitsvorkehrungen, Notfallpl\u00e4nen, Einweisung\/Trockentraining<\/li>\n<li>Abseil\u00fcbungen von einem 15 Meter hohen Kletterturm. (Vorstufe zum Helikopter) Dient der Vorbereitung auf die Abseil\u00fcbungen am Helikopter am Dienstag.<\/li>\n<li>Gew\u00f6hnungsfl\u00fcge am Nachmittag.<\/li>\n<li>Detaillierter Zeitplan wird im Tagesbriefing bekannt gegeben.<\/li>\n<\/ul>\n<p><strong>Dienstag:<\/strong><\/p>\n<ul>\n<li>Helikopterfl\u00fcge:\n<ul>\n<li>Theorie, Detaillierte Informationen zu Sicherheitsvorkehrungen, Notfallpl\u00e4nen beim Abseilen.<\/li>\n<li>Fl\u00fcge f\u00fcr Einsatzhundef\u00fchrer inklusive Abseil\u00fcbungen mit Hund aus dem Helikopter.<\/li>\n<li>Detaillierter Zeitplan wird im Tagesbriefing bekannt gegeben.<\/li>\n<\/ul>\n<\/li>\n<\/ul>\n<p><strong>Allgemein:<\/strong><\/p>\n<ul>\n<li>Der detaillierte Zeitplan f\u00fcr Montag und Dienstag wird jeweils morgens im Tagesbriefing bekannt gegeben.<\/li>\n<li>Die Sicherheit der Teilnehmer wird jederzeit gew\u00e4hrleistet.<\/li>\n<\/ul>\n<p><strong>Fachdozenten Ausbildung:<\/strong> Das Seminar umfasste Fachdozenten aus den Bereichen milit\u00e4risches Hundef\u00fchrerwesen und Spezialeinheiten, Rettungshundewesen, Sicherheitsspezialisten mit Hunden sowie K9-Abseilexperten.<\/p>\n<p><strong>Zertifikat Hundef\u00fchrer Ausbildung:<\/strong> <span class=\"fsl\">Oben genanntes Seminar wird <a href=\"http:\/\/spuerhundeschule.de\/Hundeschulen-Journal\/zertifikat-fuer-hundefuehrer-teams.html\" target=\"_blank\" rel=\"noopener noreferrer\">zertifiziert!<\/a> Das heisst; Sie bekommen am Ende der Veranstaltung ein Zeugnis welches Ihre Teilnahme und Leistung bescheinigt. Ein zertifiziertes Seminar zur Ausbildung bietet nicht nur wertvolle Kenntnisse und F\u00e4higkeiten im Umgang mit Hunden, sondern auch eine offizielle Best\u00e4tigung \u00fcber die Teilnahme und die erbrachten Leistungen. Dieses Zeugnis kann f\u00fcr zuk\u00fcnftige berufliche oder ehrenamtliche T\u00e4tigkeiten im Bereich der Hundeausbildung oder -betreuung von Vorteil sein.<br \/>\n<\/span><\/p>\n<p><strong><em>Ausr\u00fcstung Hund und Hundef\u00fchrer:<\/em><\/strong><\/p>\n<ul>\n<li>Zwei F\u00fchrleinen: kurze und lange F\u00fchr-Leine<\/li>\n<li>Maulkorb: z.B. Korbmaulkorb, Stoffmaulkorb, Draht- oder Ledermaulkorb.<\/li>\n<li>Halsb\u00e4nder: enganliegend, wechselhalsband<\/li>\n<li>Abseilgeschirr: Das Abseilgeschirr f\u00fcr den Hund muss sehr robust und eine sicher passform aufweisen und Sicherungspunkte enthalten. Die K9 Detection Dog School Germany GmbH stellt auch Abseilgeschirre im Seminar zur Verf\u00fcgung.<\/li>\n<li>Erste-Hilfe-Paket: IFAK Hund, IFAK Mensch.<\/li>\n<li>Impfausweis mit aktuellen Impfstatus<\/li>\n<li>Kopie Haftpflichtversicherung<\/li>\n<\/ul>\n<p><strong>Hundef\u00fchrer:<\/strong><\/p>\n<ul>\n<li>Robuste Einsatzkleidung: z.B. wasserdicht, atmungsaktiv, schnittfest.<\/li>\n<li>Sicherheitsschuhe: z.B. S3 Schuhe oder Einsatzstiefel mit Schaffth\u00f6he \u00fcber Kn\u00f6schel.<\/li>\n<li>Sicherheitsschutzhelm: Einsatzhelm mit Kinnriemen, z.B. f\u00fcr Klettersport geeignet etc.<\/li>\n<li>Sitzgurte mit Schultersicherung: aus dem Klettersport oder Einsatzbereich. Werden auch im Seminar zur Verf\u00fcgung gestellt.<\/li>\n<\/ul>\n<p><strong>Tierarzt:<\/strong>F\u00fcr den Fall von Notf\u00e4llen w\u00e4hrend des Seminars steht Ihren Vierbeinern eine Tierklinik in der N\u00e4he des TCRH zur Verf\u00fcgung.<\/p>\n<p>Die Seminargeb\u00fchr von 1.550,00 Euro umfasst folgende Leistungen: <strong>Modul 1 und 2<\/strong><\/p>\n<ul>\n<li><strong>3 \u00dcbernachtungen<\/strong>: Die Unterkunft w\u00e4hrend des Seminars ist bereits im Preis enthalten.<\/li>\n<li><strong>Vollpension<\/strong>: Dies schlie\u00dft Fr\u00fchst\u00fcck, Mittagessen und Abendessen sowie Kaffe und Kuchen ein.<\/li>\n<li><strong>Theoretische Unterlagen<\/strong>: Alle ben\u00f6tigten Materialien und Unterlagen f\u00fcr das Seminar sind ebenfalls im Preis enthalten.<\/li>\n<\/ul>\n<p><strong>Buchen und Registrieren:<\/strong> Buchen Sie Ihren Platz in unserem Seminar bequem online! Klicken Sie auf \u201eProdukt kaufen\u201c um sich anzumelden. Sie erhalten nach erfolgreicher Anmeldung eine Rechnung und Anmeldebest\u00e4tigung per E-Mail. Die Zahlung der Geb\u00fchr ist sofort nach Rechnungserhalt f\u00e4llig. Bitte beachten Sie: Die Teilnehmerzahl ist auf 16 Personen mit Hund begrenzt. Bei Fragen zur Anmeldung oder Teilnahme kontaktieren Sie uns gerne telefonisch oder per E-Mail. Die Anmeldung ist nur bis zum Ausverkauf der Pl\u00e4tze m\u00f6glich.<\/p>\n<\/div>\n<p>&nbsp;<\/p>\n<p>&nbsp;<\/p>\n","protected":false},"excerpt":{"rendered":"<p>Teilnehmerkarte f\u00fcr einen Hund und eine Person zum Seminar<\/p>\n","protected":false},"featured_media":327763,"template":"","meta":{"_price":"1700","_stock":"","_tribe_ticket_header":"","_tribe_default_ticket_provider":"","_ticket_start_date":"2022-11-21 00:00:00","_ticket_end_date":"2024-08-31 00:00:00","_tribe_ticket_show_description":"yes","_tribe_ticket_show_not_going":false,"_tribe_ticket_use_global_stock":"","_tribe_ticket_global_stock_level":"","_global_stock_mode":"","_global_stock_cap":"","_tribe_rsvp_for_event":"","_tribe_ticket_going_count":"","_tribe_ticket_not_going_count":"","_tribe_tickets_list":"[]","_tribe_ticket_has_attendee_info_fields":false},"product_brand":[],"product_cat":[515,535,517],"product_tag":[],"class_list":{"0":"post-327251","1":"product","2":"type-product","3":"status-publish","4":"has-post-thumbnail","6":"product_cat-dienstleistungen","7":"product_cat-ticket","8":"product_cat-workshops-seminare-hundeausbildung","10":"first","11":"instock","12":"featured","13":"virtual","14":"taxable","15":"purchasable","16":"product-type-simple"},"_links":{"self":[{"href":"https:\/\/spuerhundeschule.de\/de\/wp-json\/wp\/v2\/product\/327251","targetHints":{"allow":["GET"]}}],"collection":[{"href":"https:\/\/spuerhundeschule.de\/de\/wp-json\/wp\/v2\/product"}],"about":[{"href":"https:\/\/spuerhundeschule.de\/de\/wp-json\/wp\/v2\/types\/product"}],"wp:featuredmedia":[{"embeddable":true,"href":"https:\/\/spuerhundeschule.de\/de\/wp-json\/wp\/v2\/media\/327763"}],"wp:attachment":[{"href":"https:\/\/spuerhundeschule.de\/de\/wp-json\/wp\/v2\/media?parent=327251"}],"wp:term":[{"taxonomy":"product_brand","embeddable":true,"href":"https:\/\/spuerhundeschule.de\/de\/wp-json\/wp\/v2\/product_brand?post=327251"},{"taxonomy":"product_cat","embeddable":true,"href":"https:\/\/spuerhundeschule.de\/de\/wp-json\/wp\/v2\/product_cat?post=327251"},{"taxonomy":"product_tag","embeddable":true,"href":"https:\/\/spuerhundeschule.de\/de\/wp-json\/wp\/v2\/product_tag?post=327251"}],"curies":[{"name":"wp","href":"https:\/\/api.w.org\/{rel}","templated":true}]}}