{"id":326588,"date":"2023-08-11T16:55:05","date_gmt":"2023-08-11T14:55:05","guid":{"rendered":"https:\/\/spuerhundeschule.de\/de\/?post_type=product&#038;p=326588"},"modified":"2023-08-30T10:33:31","modified_gmt":"2023-08-30T08:33:31","slug":"einsatz-eines-minensuchhunde-teamsund-team","status":"publish","type":"product","link":"https:\/\/spuerhundeschule.de\/de\/produkt\/einsatz-eines-minensuchhunde-teamsund-team\/","title":{"rendered":"Einsatz eines Minensuchunde Teams"},"content":{"rendered":"<p>Basispreis f\u00fcr einen Einsatz eines Minensuchhundes bzw. Minensp\u00fcrhund mit Hundef\u00fchrer, an einem Einsatzort Ihrer Wahl, innerhalb Europas. (auch Kriegsgebiet)<\/p>\n<p>Sie k\u00f6nnen hier den Einsatz eines Minensuchhundes zum Aufsp\u00fcren von gewerblichen- und milit\u00e4rischen Sprengstoffen, sowie Minen und und Sprengstoffe, die in Minen und Blindg\u00e4ngern enthalten sind (<em>engl. Unexploded Ordnance, UXO<\/em>) beauftragen. Nach dem Kauf in diesem Shop wird sich der zugeteilte Hundef\u00fchrer kurzfristig innerhalb 8 Stunden bei Ihnen melden und den genauen Einsatztermin und Ort f\u00fcr den Minensp\u00fcrhund, sowie andere Fragen mit Ihnen abzukl\u00e4ren.<\/p>\n<p>Minensp\u00fcrhund kommen zum Beispiel bei der Sicherung von Gebieten mit vermint sind oder in denen sich Blindg\u00e4nger befinden zum Einsatz. Wir haben Sp\u00fcrhunde f\u00fcr verschiedenste Aufgaben. Ebenfalls haben wir Minensuchhunde, Minensp\u00fcrhunde bzw. Minenhunde (bitte fragen Sie nach).<\/p>\n<p>Der Basispreis f\u00fcr den Einsatz bezieht sich auf den Einsatz eines Teams!<\/p>\n<ul>\n<li><strong>bis maximal 5 Stunden<\/strong> (jede weitere Einsatz-Stunde berechnen wir zu einem Stundensatz von 290 \u20ac, der zust\u00e4ndige und eingeteilte Hundef\u00fchrer wird dies rechtzeitig mit Ihnen vorab abkl\u00e4ren)<\/li>\n<li>ein Team besteht jeweils aus einem Hundef\u00fchrer und einem Sp\u00fcrhund<\/li>\n<li>alle Preise inkl. gesetzlicher MwSt. von derzeit 19 %<\/li>\n<li>Tagespauschalen werden gesondert vereinbart<\/li>\n<\/ul>\n<p>Bei k\u00fcrzeren Eins\u00e4tzen wird der Basispreis f\u00e4llig.<\/p>\n<p>Die <strong>Anfahrtszeit<\/strong> wird zus\u00e4tzlich berechnet es fallen jeweils pro gefahrenen Kilometer 0,41 Euro Geb\u00fchren an.<\/p>\n<p>Bitte beachten Sie das f\u00fcr Kriegsgebiete, wie etwa bei einem Einsatz zur Minensuche in der Ukraine Mindestabnahmemengen und spezielle Pauschalen f\u00fcr unsere Minensuchhundeteams vereinbart werden m\u00fcssen. Eine Bestellung im Shop gilt daher erst als vereinbart, wenn wir diese gepr\u00fcft haben und Sie von uns eine schriftliche Best\u00e4tigung erhalten haben.<\/p>\n<p><strong>F\u00fcr ein individuelles Angebot benutzen Sie bitte den unten stehenden Link.<br \/>\n<\/strong><\/p>\n<p><a href=\"http:\/\/spuerhundeschule.de\/de\/fragen-zu-den-seminaren\/\" target=\"_blank\" rel=\"noopener noreferrer\"><img loading=\"lazy\" decoding=\"async\" class=\"size-medium wp-image-1736 aligncenter\" src=\"http:\/\/spuerhundeschule.de\/de\/wp-content\/uploads\/2015\/01\/Individuelle-Anfrage-zum-Produkt-300x99.jpg\" alt=\"Individuelle Anfrage zum Produkt\" width=\"300\" height=\"99\" srcset=\"https:\/\/spuerhundeschule.de\/de\/wp-content\/uploads\/2015\/01\/Individuelle-Anfrage-zum-Produkt-300x99.jpg 300w, https:\/\/spuerhundeschule.de\/de\/wp-content\/uploads\/2015\/01\/Individuelle-Anfrage-zum-Produkt-200x66.jpg 200w, https:\/\/spuerhundeschule.de\/de\/wp-content\/uploads\/2015\/01\/Individuelle-Anfrage-zum-Produkt-50x17.jpg 50w, https:\/\/spuerhundeschule.de\/de\/wp-content\/uploads\/2015\/01\/Individuelle-Anfrage-zum-Produkt.jpg 345w\" sizes=\"auto, (max-width: 300px) 100vw, 300px\" \/><\/a><\/p>\n<h3>&#8222;Revolution\u00e4re Unterst\u00fctzung bei Humanit\u00e4rer Minenr\u00e4umung \u2013 Entdecken Sie unsere fortschrittlichen Techniken!<\/h3>\n<p>Unsere neuesten Entwicklungen sind darauf ausgerichtet, die Geschwindigkeit, Kosteneffizienz, Sicherheit und Effektivit\u00e4t der Humanit\u00e4ren Minenr\u00e4umung zu maximieren.<\/p>\n<p>Seit den \u00fcber 20ig Jahren setzen wir auf eine bahnbrechende Methode: speziell ausgebildete Minensp\u00fcrhunde. Diese treuen Begleiter sind in der Lage, Sprengstoffe in Minen und Blindg\u00e4ngern (auch als Unexploded Ordnance, UXO, bekannt) mittels ihres ausgepr\u00e4gten Geruchssinns zu erschn\u00fcffeln. Wir stellen Minensuchhundeteams und bilden Hundef\u00fchrerteams f\u00fcr die Minenr\u00e4umung in unseren Schulungszentren aus.<\/p>\n<p>Unsere Minensp\u00fcrhunde durchlaufen ein rigoroses Training, um nicht nur die gef\u00e4hrlichen Materialien zu erkennen, sondern auch sicher anzuzeigen, ohne sich selbst oder ihren Hundef\u00fchrer zu gef\u00e4hrden. Arbeitsweise? Gemeinsam mit ihrem Hundef\u00fchrer durchk\u00e4mmen sie betroffene Gebiete und signalisieren durch ruhiges Verhalten die Anwesenheit von Sprengstoffen.<\/p>\n<p>Der Einsatz von Minensp\u00fcrhunden \u00fcbertrifft in vielen F\u00e4llen die Effizienz herk\u00f6mmlicher Metalldetektoren. Im Gegensatz zu diesen sensiblen Ger\u00e4ten sind unsere Hunde in der Lage, selbst kleinste metallische Bestandteile zu orten. Selbst in Gebieten mit starker metallischer Kontamination sind unsere Hunde eine zuverl\u00e4ssige Wahl. Wir verstehen jedoch die Verantwortung, die auf unseren Schultern ruht. Daher setzen wir uns mit Hingabe f\u00fcr das Wohlergehen unserer vierbeinigen Helden ein. Von umfassender Pflege bis hin zu kontinuierlichem Training und hochwertiger Nahrung gew\u00e4hrleisten wir, dass unsere Hunde in Topform sind.<\/p>\n<p>Schlie\u00dfen Sie sich den Organisationen an, die auf unsere bew\u00e4hrten Minensp\u00fcrhunde vertrauen, und unterst\u00fctzen Sie die Humanit\u00e4re Minenr\u00e4umung mit einer Methode, die Geschwindigkeit, Pr\u00e4zision und Verantwortung vereint. Gemeinsam setzen wir ein starkes Zeichen f\u00fcr eine sicherere Welt.&#8220;<\/p>\n","protected":false},"excerpt":{"rendered":"<p>Basispreis f\u00fcr einen Einsatz eines Minensp\u00fcrhund mit Hundef\u00fchrer, an einem Einsatzort Ihrer Wahl, innerhalb Europas auch Kriegsgebiet.<\/p>\n","protected":false},"featured_media":326594,"template":"","meta":{"_price":"2300","_stock":"","_tribe_ticket_header":"","_tribe_default_ticket_provider":"","_ticket_start_date":"","_ticket_end_date":"","_tribe_ticket_show_description":"","_tribe_ticket_show_not_going":false,"_tribe_ticket_use_global_stock":"","_tribe_ticket_global_stock_level":"","_global_stock_mode":"","_global_stock_cap":"","_tribe_rsvp_for_event":"","_tribe_ticket_going_count":"","_tribe_ticket_not_going_count":"","_tribe_tickets_list":"[]","_tribe_ticket_has_attendee_info_fields":false},"product_brand":[],"product_cat":[516],"product_tag":[],"class_list":{"0":"post-326588","1":"product","2":"type-product","3":"status-publish","4":"has-post-thumbnail","6":"product_cat-spezialhundeeinsaetze","8":"first","9":"instock","10":"virtual","11":"taxable","12":"purchasable","13":"product-type-simple"},"_links":{"self":[{"href":"https:\/\/spuerhundeschule.de\/de\/wp-json\/wp\/v2\/product\/326588","targetHints":{"allow":["GET"]}}],"collection":[{"href":"https:\/\/spuerhundeschule.de\/de\/wp-json\/wp\/v2\/product"}],"about":[{"href":"https:\/\/spuerhundeschule.de\/de\/wp-json\/wp\/v2\/types\/product"}],"wp:featuredmedia":[{"embeddable":true,"href":"https:\/\/spuerhundeschule.de\/de\/wp-json\/wp\/v2\/media\/326594"}],"wp:attachment":[{"href":"https:\/\/spuerhundeschule.de\/de\/wp-json\/wp\/v2\/media?parent=326588"}],"wp:term":[{"taxonomy":"product_brand","embeddable":true,"href":"https:\/\/spuerhundeschule.de\/de\/wp-json\/wp\/v2\/product_brand?post=326588"},{"taxonomy":"product_cat","embeddable":true,"href":"https:\/\/spuerhundeschule.de\/de\/wp-json\/wp\/v2\/product_cat?post=326588"},{"taxonomy":"product_tag","embeddable":true,"href":"https:\/\/spuerhundeschule.de\/de\/wp-json\/wp\/v2\/product_tag?post=326588"}],"curies":[{"name":"wp","href":"https:\/\/api.w.org\/{rel}","templated":true}]}}