{"id":326510,"date":"2023-05-03T10:13:20","date_gmt":"2023-05-03T08:13:20","guid":{"rendered":"https:\/\/spuerhundeschule.de\/de\/?post_type=product&#038;p=326510"},"modified":"2026-03-09T10:00:48","modified_gmt":"2026-03-09T09:00:48","slug":"scalibor-halsband-65cm","status":"publish","type":"product","link":"https:\/\/spuerhundeschule.de\/de\/produkt\/scalibor-halsband-65cm\/","title":{"rendered":"Scalibor Halsband 65cm"},"content":{"rendered":"<p>Das SCALIBOR Protectorband in der L\u00e4nge 65 cm wird von der Intervet Niederlande B.V. hergestellt. Es eignet sich f\u00fcr kleine bis mittelgro\u00dfe Hunde und kann vor Zecken, Steckm\u00fccken und Schmetterlingsm\u00fccken sch\u00fctzen. Idealerweise wird es dem Hund vor Beginn der Floh- oder Zeckensaison angezogen, um diesen vor \u00fcbertragbaren Krankheitserregern zu sch\u00fctzen.<\/p>\n<h3>Wirkstoff<\/h3>\n<p>Deltamethrin, ein Ektoparasitikum, geh\u00f6rt zur Gruppe der synthetischen Pyrethroide. Es hat vier verschiedene Effekte, die den Hund vor Zecken und M\u00fccken sch\u00fctzen:<\/p>\n<ul>\n<li>Repellent-Effekt (h\u00e4lt Parasiten fern)<\/li>\n<li>Anti-feeding-Effekt (verhindert, dass Parasit sticht)<\/li>\n<li>Knock-down-Effekt (wirkt l\u00e4hmend auf Parasiten)<\/li>\n<li>Letal-Effekt (wirkt abt\u00f6tend auf den Parasiten)<\/li>\n<\/ul>\n<p>Aufgrund dieser Effekte verhindert das SCALIBOR Halsband, dass Hunde von Zecken (Ixodes ricinus, Rhipicephalus sanguineus) befallen werden. Diese Wirkung h\u00e4lt bis zu 6 Monate an. Dar\u00fcber hinaus wirkt das Halsband gegen das Blutsaugen durch Schmetterlingsm\u00fccken (Phlebotomus perniciosus) und verhindert Stiche durch M\u00fccken der Spezies Culex pipiens pipiens.<\/p>\n<h3>Anwendungsbereich<\/h3>\n<p>Die Schachtel enth\u00e4lt ein Halsband von 65 cm L\u00e4nge, das in einer Folient\u00fcte versiegelt ist.<br \/>\nEs reicht f\u00fcr die Anwendung f\u00fcr einen Hund ab der 7. Lebenswoche.<\/p>\n<p>Das Band wird locker um den Hals des Hundes gelegt. Zwischen dem Halsband und dem Hals ist ein Platz von zwei Fingern einzuhalten. Das Ende des wei\u00dfen Bandes wird durch die angebrachte Schnalle gezogen. Das \u00fcberstehende St\u00fcck d\u00fcrfen Sie bis auf 5 cm abschneiden. Nach dem Anlegen sollten Sie sich die H\u00e4nde waschen, um R\u00fcckst\u00e4nde des Wirkstoffes zu beseitigen.<\/p>\n<p>Nach ungef\u00e4hr einer Woche ist das SCALIBOR Band voll wirksam. Wenn Sie Ihren Hund baden, nehmen Sie das Band vorher ab, damit der Wirkstoff nicht ins Wasser gelangt.<\/p>\n<h3>Gegenanzeigen und Warnhinweise<\/h3>\n<p>Selten treten durch die Anwendung des SCALIBOR Bandes \u00f6rtlich begrenzte Hautver\u00e4nderungen am Hund auf, beispielsweise eine Dermatitis, Erytheme oder Haarverlust. Ebenfalls selten sind Reaktionen des Nervensystems, die sofort tier\u00e4rztlich behandelt werden m\u00fcssen.<br \/>\nBei Nebenwirkungen sollte das SCALIBOR Halsband unverz\u00fcglich entfernt werden. F\u00fcr gew\u00f6hnlich klingen die Symptome dann innerhalb 48 h ab. Es ist jedoch ratsam, einen Tierarzt zu benachrichtigen.<\/p>\n<p>In folgenden F\u00e4llen sollten Sie auf die Anwendung verzichten:<\/p>\n<ul>\n<li>bei Hundewelpen unter 7 Wochen<\/li>\n<li>bei Hunden mit Hautl\u00e4sionen<\/li>\n<li>bei Hunden mit bekannter \u00dcberempfindlichkeit gegen\u00fcber den Wirkstoffen<\/li>\n<li>bei Katzen und anderen Tieren<\/li>\n<li>bei der gleichzeitigen Anwendung anderer Ektoparasitika, die Organophosphate enthalten<\/li>\n<\/ul>\n<p>In der Regel vertragen Hunde den Wirkstoff jedoch gut und sind f\u00fcr mehrere Monate vor Zecken und M\u00fccken gesch\u00fctzt.<\/p>\n<p>MHD 04-2025<\/p>\n","protected":false},"excerpt":{"rendered":"<p>Das SCALIBOR Protectorband in der L\u00e4nge 65 cm wird von der Intervet Niederlande B.V. hergestellt. Es eignet sich f\u00fcr kleine bis mittelgro\u00dfe Hunde und kann vor Zecken, Steckm\u00fccken und Schmetterlingsm\u00fccken sch\u00fctzen. Idealerweise wird es&#46;&#46;&#46;<\/p>\n","protected":false},"featured_media":326511,"template":"","meta":{"_price":"29.90","_stock":"","_tribe_ticket_header":"","_tribe_default_ticket_provider":"","_ticket_start_date":"","_ticket_end_date":"","_tribe_ticket_show_description":"","_tribe_ticket_show_not_going":false,"_tribe_ticket_use_global_stock":"","_tribe_ticket_global_stock_level":"","_global_stock_mode":"","_global_stock_cap":"","_tribe_rsvp_for_event":"","_tribe_ticket_going_count":"","_tribe_ticket_not_going_count":"","_tribe_tickets_list":"[]","_tribe_ticket_has_attendee_info_fields":false},"product_brand":[],"product_cat":[613,630,629,617],"product_tag":[1010,1012,1008,974,957,1007,956,1011,1009,1005,1006],"class_list":{"0":"post-326510","1":"product","2":"type-product","3":"status-publish","4":"has-post-thumbnail","6":"product_cat-fanartikel","7":"product_cat-sale","8":"product_cat-trainingsausruestung-fuer-dienst-und-spuerhunde","9":"product_cat-trainingsausruestung-fuer-sport-und-diensthunde","10":"product_tag-anti-feeding-effekt","11":"product_tag-dog","12":"product_tag-ektoparasitikum","13":"product_tag-fan","14":"product_tag-fanartikel","15":"product_tag-halsband","16":"product_tag-k9","17":"product_tag-knock-down-effekt","18":"product_tag-repellent-effekt","19":"product_tag-zecken","20":"product_tag-zeckenschutz","21":"product_shipping_class-bis-2-kg","23":"first","24":"outofstock","25":"taxable","26":"shipping-taxable","27":"purchasable","28":"product-type-simple"},"_links":{"self":[{"href":"https:\/\/spuerhundeschule.de\/de\/wp-json\/wp\/v2\/product\/326510","targetHints":{"allow":["GET"]}}],"collection":[{"href":"https:\/\/spuerhundeschule.de\/de\/wp-json\/wp\/v2\/product"}],"about":[{"href":"https:\/\/spuerhundeschule.de\/de\/wp-json\/wp\/v2\/types\/product"}],"wp:featuredmedia":[{"embeddable":true,"href":"https:\/\/spuerhundeschule.de\/de\/wp-json\/wp\/v2\/media\/326511"}],"wp:attachment":[{"href":"https:\/\/spuerhundeschule.de\/de\/wp-json\/wp\/v2\/media?parent=326510"}],"wp:term":[{"taxonomy":"product_brand","embeddable":true,"href":"https:\/\/spuerhundeschule.de\/de\/wp-json\/wp\/v2\/product_brand?post=326510"},{"taxonomy":"product_cat","embeddable":true,"href":"https:\/\/spuerhundeschule.de\/de\/wp-json\/wp\/v2\/product_cat?post=326510"},{"taxonomy":"product_tag","embeddable":true,"href":"https:\/\/spuerhundeschule.de\/de\/wp-json\/wp\/v2\/product_tag?post=326510"}],"curies":[{"name":"wp","href":"https:\/\/api.w.org\/{rel}","templated":true}]}}