{"id":326418,"date":"2023-01-30T09:07:36","date_gmt":"2023-01-30T08:07:36","guid":{"rendered":"https:\/\/spuerhundeschule.de\/de\/?post_type=product&#038;p=326418"},"modified":"2025-02-24T09:36:36","modified_gmt":"2025-02-24T08:36:36","slug":"ausbildung-zum-schimmel-spuerhund-team","status":"publish","type":"product","link":"https:\/\/spuerhundeschule.de\/de\/produkt\/ausbildung-zum-schimmel-spuerhund-team\/","title":{"rendered":"Ausbildung zum Schimmel Sp\u00fcrhund Team"},"content":{"rendered":"<h2>Zertifizierte Ausbildung zum Schimmel-Sp\u00fcrhund-Team<\/h2>\n<p><strong><span style=\"color: #ff0000;\">Konditionierung auf die g\u00e4ngigsten Schimmelarten in Geb\u00e4uden!<\/span><\/strong><\/p>\n<p>Auf Grund der stetigen Nachfrage an seri\u00f6sen Ausbildungseinrichtungen f\u00fcr Schimmelsp\u00fcrhunde im Bereich des &#8222;Gesundheitscheck&#8220; in Immobilien und Aufsp\u00fcren von verstecktem Schimmel in Geb\u00e4uden, hat es sich die Sp\u00fcrhundeschule Germany zur Aufgabe gemacht, ihr kynologisches Wissen, Einsatzstandards und Taktiken in Vollzeitausbildungen weiter zugeben.<\/p>\n<p><strong><em>Grundvoraussetzungen der Ausbildung:<\/em><\/strong> Sehr guter Spiel- und Beutetrieb, keine gesundheitlichen Einschr\u00e4nkungen, gutes Sozialverhalten, Grundvoraussetzungen der Motorik, Haftpflichtversicherung, <strong>Mindestalter der Hunde 11 Monate!<\/strong><\/p>\n<p><strong><em>Dauer der Schulung:<\/em> <\/strong>Die Ausbildung findet an der K9 Detection Dog School Germany GmbH statt und nimmt ca. 10-12 Wochen in Anspruch. Nach 5 Wochen wird das Training f\u00fcr 7 Tage unterbrochen.<\/p>\n<p><strong><em>Ablaufplan: <\/em><\/strong>Die Ausbildung erfolgt jeweils von Montag bis Freitag im Schulungzentrum der K9 Detection Dog School Germany GmbH in Vollzeit. Selbstverst\u00e4ndlich gestalten wir f\u00fcr Sie die Schulung auch individuell im Blockunterricht, dazu senden Sie uns Ihre Vorschl\u00e4ge bitte in folgendem Link:<\/p>\n<p><a class=\"fasc-button fasc-size-xlarge fasc-type-popout fasc-rounded-medium fasc-ico-after dashicons-arrow-right\" style=\"background-color: #33809e; color: #ffffff;\" href=\"https:\/\/spuerhundeschule.de\/anfrage-sicherheitsdienstleistungen\">Fragen zur Ausbildung<\/a><\/p>\n<p><strong><em>Abschluss und Pr\u00fcfung:<\/em><\/strong> Eine Woche vor Abschluss des Lehrgangs, finde die Zertifizierung statt.<\/p>\n<p><strong><em>Ausr\u00fcstung:<\/em><\/strong> 2 F\u00fchrerleinen, Maulkorb, Kenndecke, 2 Halsb\u00e4nder f\u00fcr den Hund, Wassersch\u00fcssel, Hundefutter, Erste Hilfe Packet, Impfausweis mit aktueller Tollwutimpfung, Kopie Haftpflichtversicherung, Hundetransportbox und&nbsp;Schreibutensilien f\u00fcr Notizen.<\/p>\n<p><strong><em>Tierarzt: <\/em><\/strong>F\u00fcr Notf\u00e4lle w\u00e4hrend der Ausbildung, steht f\u00fcr Ihre Vierbeiner eine Tierklinik unweit vom Hotel zur Verf\u00fcgung.<\/p>\n<p><span style=\"line-height: 115%; color: #333333; font-size: 12pt;\">Ein ausgebildeter Schimmelsp\u00fcrhund hat etliche Vorteile. Er kann punktgenau Anzeigen, wo der versteckte Schimmel sich befindet. Desweiteren zeigt der Hund zerst\u00f6rungsfrei die betroffenen Stellen an, durch eine passive Anzeige (&#8222;verharren&#8220;, vorsitzen oder- liegen). Man muss nicht erst auf ein Ergebniss vom Labor warten, sondern hat sofort ein Suchergebniss. Einige der von den Schimmelpilzen freigesetzten fl\u00fcchtigen Verbindungen (MVOC) sind zwar so geruchsintensiv, dass der Mensch sie bei massivem Schimmelpilzbefall noch riechen kann, die menschliche Nase versagt aber bei geringeren Konzentrationen und da ist der Sp\u00fcrhund perfekt zum aufsp\u00fcren. Die Ausbildung erfolgt mit den g\u00e4ngigsten Schimmelpilzarten in den Geb\u00e4uden. Wir nutzen ausschlie\u00dflich die trieblichen Veranlagungen des Hundes, wie den Spiel- und Beutetrieb, und arbeiten so nach moderen, kynogologischen Ausbildungsmethoden. Die Ausbildung ist ebenso aufgebaut wie bei den Drogen- und Sprengstoffsp\u00fcrehunden, nur werden nat\u00fcrlich andere Geruchsstoffe (Schimmelsporen) verwendet.<\/span><span id=\"page24R_mcid48\" class=\"markedContent\"><span dir=\"ltr\" role=\"presentation\"><br \/>\n<\/span><\/span><\/p>\n<p>&nbsp;<\/p>\n<h2>Inhalte nach hohen internationalen Qualit\u00e4t Standards mit folgenden Schwerpunkten:<\/h2>\n<ul>\n<li>Kynologie<\/li>\n<li>Effektivit\u00e4t<\/li>\n<li>Konditionierung an moderner Suchwand<\/li>\n<li><span class=\"ILfuVd\" lang=\"de\"><span class=\"hgKElc\">Schimmelpilzkunde<\/span><\/span><\/li>\n<li>Einsatzbereiche<\/li>\n<li>Einsatzlehre<\/li>\n<li>Grunds\u00e4tze im Umgang<\/li>\n<li>Eigensicherung<\/li>\n<li>Erste Hilfe Hund<\/li>\n<li>Pr\u00fcfungen<\/li>\n<li>Ausbildung ArtS SH<\/li>\n<li>Zertifizierung<\/li>\n<\/ul>\n","protected":false},"excerpt":{"rendered":"<h2>Zertifizierte Ausbildung zum Artenschutz-Sp\u00fcrhund-Team national und international<\/h2>\n<p>Auf Grund der stetigen Nachfrage an seri\u00f6sen Ausbildungseinrichtungen f\u00fcr <span style=\"font-size: 14pt; line-height: 115%; font-family: 'Calibri','sans-serif';\">das Waschingtoner Artenschutzgesetz<\/span> im Sektor Schutz gef\u00e4hrdeter Arten, hat es sich die K9 Detection dog School Germany GmbH zur Aufgabe gemacht, ihr kynologisches Wissen, Einsatzstandards und Taktiken in Vollzeitausbildungen weiter zugeben.<\/p>\n","protected":false},"featured_media":326420,"template":"","meta":{"_price":"8900","_stock":"","_tribe_ticket_header":"","_tribe_default_ticket_provider":"","_ticket_start_date":"","_ticket_end_date":"","_tribe_ticket_show_description":"","_tribe_ticket_show_not_going":false,"_tribe_ticket_use_global_stock":"","_tribe_ticket_global_stock_level":"","_global_stock_mode":"","_global_stock_cap":"","_tribe_rsvp_for_event":"","_tribe_ticket_going_count":"","_tribe_ticket_not_going_count":"","_tribe_tickets_list":"[]","_tribe_ticket_has_attendee_info_fields":false},"product_brand":[],"product_cat":[534],"product_tag":[],"class_list":{"0":"post-326418","1":"product","2":"type-product","3":"status-publish","4":"has-post-thumbnail","6":"product_cat-vollzeitausbildung-zum-spuerhund","8":"first","9":"instock","10":"virtual","11":"taxable","12":"purchasable","13":"product-type-simple"},"_links":{"self":[{"href":"https:\/\/spuerhundeschule.de\/de\/wp-json\/wp\/v2\/product\/326418","targetHints":{"allow":["GET"]}}],"collection":[{"href":"https:\/\/spuerhundeschule.de\/de\/wp-json\/wp\/v2\/product"}],"about":[{"href":"https:\/\/spuerhundeschule.de\/de\/wp-json\/wp\/v2\/types\/product"}],"wp:featuredmedia":[{"embeddable":true,"href":"https:\/\/spuerhundeschule.de\/de\/wp-json\/wp\/v2\/media\/326420"}],"wp:attachment":[{"href":"https:\/\/spuerhundeschule.de\/de\/wp-json\/wp\/v2\/media?parent=326418"}],"wp:term":[{"taxonomy":"product_brand","embeddable":true,"href":"https:\/\/spuerhundeschule.de\/de\/wp-json\/wp\/v2\/product_brand?post=326418"},{"taxonomy":"product_cat","embeddable":true,"href":"https:\/\/spuerhundeschule.de\/de\/wp-json\/wp\/v2\/product_cat?post=326418"},{"taxonomy":"product_tag","embeddable":true,"href":"https:\/\/spuerhundeschule.de\/de\/wp-json\/wp\/v2\/product_tag?post=326418"}],"curies":[{"name":"wp","href":"https:\/\/api.w.org\/{rel}","templated":true}]}}