{"id":326414,"date":"2023-01-27T09:55:30","date_gmt":"2023-01-27T08:55:30","guid":{"rendered":"https:\/\/spuerhundeschule.de\/de\/?post_type=product&#038;p=326414"},"modified":"2025-02-24T09:19:08","modified_gmt":"2025-02-24T08:19:08","slug":"ausbildung-zum-artenschutz-spuerhund-team","status":"publish","type":"product","link":"https:\/\/spuerhundeschule.de\/de\/produkt\/ausbildung-zum-artenschutz-spuerhund-team\/","title":{"rendered":"Ausbildung zum Artenschutz Sp\u00fcrhund Team"},"content":{"rendered":"<h2>Zertifizierte Ausbildung zum Artenschutz-Sp\u00fcrhund-Team national und international<\/h2>\n<p>Offizieller Ausbildungsbetrieb, gelistet im Bundesanzeiger.<\/p>\n<p><img loading=\"lazy\" decoding=\"async\" class=\"alignnone wp-image-2415\" src=\"https:\/\/spuerhundeschule.de\/de\/wp-content\/uploads\/2017\/12\/Bundesanzeiger-300x64.jpg\" alt=\"\" width=\"366\" height=\"78\" srcset=\"https:\/\/spuerhundeschule.de\/de\/wp-content\/uploads\/2017\/12\/Bundesanzeiger-300x64.jpg 300w, https:\/\/spuerhundeschule.de\/de\/wp-content\/uploads\/2017\/12\/Bundesanzeiger-768x163.jpg 768w, https:\/\/spuerhundeschule.de\/de\/wp-content\/uploads\/2017\/12\/Bundesanzeiger-1024x217.jpg 1024w, https:\/\/spuerhundeschule.de\/de\/wp-content\/uploads\/2017\/12\/Bundesanzeiger-200x42.jpg 200w\" sizes=\"auto, (max-width: 366px) 100vw, 366px\" \/><\/p>\n<p><strong><span style=\"color: #ff0000;\">Konditionierung ausschlie\u00dflich an realen Geruchsstoffen!<\/span><\/strong><\/p>\n<p>Auf Grund der stetigen Nachfrage an seri\u00f6sen Ausbildungseinrichtungen f\u00fcr Artenschutzsp\u00fcrhunde nach dem Waschingtoner Artenschutzgesetz zum Schutz der Pflanzen- und Tierwelt bei gewerblichen Sendungen sowie im Reiseverkehr, hat es sich die Sp\u00fcrhundeschule Germany zur Aufgabe gemacht, ihr kynologisches Wissen, Einsatzstandards und Taktiken&nbsp;in Vollzeitausbildungen weiter zugeben.<\/p>\n<p><strong><em>Grundvoraussetzungen der Ausbildung:<\/em><\/strong> Sehr guter Spiel- und Beutetrieb, keine gesundheitlichen Einschr\u00e4nkungen, gutes Sozialverhalten, Grundvoraussetzungen der Motorik, Haftpflichtversicherung, <strong>Mindestalter der Hunde 11 Monate!<\/strong><\/p>\n<p><strong><em>Dauer der Schulung:<\/em> <\/strong>Die Ausbildung findet an der K9 Detection Dog School Germany GmbH statt und nimmt ca. 10-12 Wochen in Anspruch. Nach 5 Wochen wird das Training f\u00fcr 7 Tage unterbrochen.<\/p>\n<p><strong><em>Ablaufplan: <\/em><\/strong>Die Ausbildung erfolgt jeweils von Montag bis Freitag im Schulungzentrum der K9 Detection Dog School Germany GmbH in Vollzeit. Selbstverst\u00e4ndlich gestalten wir f\u00fcr Sie die Schulung auch individuell im Blockunterricht, dazu senden Sie uns Ihre Vorschl\u00e4ge bitte in folgendem Link:<\/p>\n<p><a class=\"fasc-button fasc-size-xlarge fasc-type-popout fasc-rounded-medium fasc-ico-after dashicons-arrow-right\" style=\"background-color: #33809e; color: #ffffff;\" href=\"https:\/\/spuerhundeschule.de\/anfrage-sicherheitsdienstleistungen\">Fragen zur Ausbildung<\/a><\/p>\n<p><strong><em>Abschluss und Pr\u00fcfung:<\/em><\/strong> Eine Woche vor Abschluss des Lehrgangs, finde die Zertifizierung statt.<\/p>\n<p><strong><em>Ausr\u00fcstung:<\/em><\/strong> 2 F\u00fchrerleinen, Maulkorb, Kenndecke, 2 Halsb\u00e4nder f\u00fcr den Hund, Wassersch\u00fcssel, Hundefutter, Erste Hilfe Packet, Impfausweis mit aktueller Tollwutimpfung, Kopie Haftpflichtversicherung, Hundetransportbox und&nbsp;Schreibutensilien f\u00fcr Notizen.<\/p>\n<p><strong><em>Tierarzt: <\/em><\/strong>F\u00fcr Notf\u00e4lle w\u00e4hrend der Ausbildung, steht f\u00fcr Ihre Vierbeiner eine Tierklinik unweit vom Hotel zur Verf\u00fcgung.<\/p>\n<p><span style=\"line-height: 115%; color: #333333; font-size: 12pt;\">Die Hunde werden auf diverse Gr\u00fcche konditioniert, welche zum aufsp\u00fcren von Gegenst\u00e4nden laut Waschingtoner Artenschutzgesetz dienen. Es wird gro\u00dfer Augenmerk auf eine passive Anzeige gelegt, da nicht nur Koffer, Sendungen, sondern auch Personen kontrolliert werden. Deshalb kann nur ein Anzeigeverhalten in &#8222;Verharren&#8220;, Vorsitzen oder -liegen erfolgen. Auch dient dieses Verhalten um den Hund zu sch\u00fctzen und sich nicht in gef\u00e4hrliche Situationen, z.B. durch<span id=\"page26R_mcid7\" class=\"markedContent\"><span dir=\"ltr\" role=\"presentation\"> giftige oder bissige Art, die oft nicht ordentlich verpackt wurden<\/span><\/span>, zubringen. <span id=\"page24R_mcid68\" class=\"markedContent\"><span dir=\"ltr\" role=\"presentation\"> Die Hunde werden darauf trainiert in<\/span> <span dir=\"ltr\" role=\"presentation\">verschiedenen Kontrollbereichen und unter unterschiedlichen Bedingungen zu arbeiten. Der zu<\/span><span dir=\"ltr\" role=\"presentation\">k\u00fcnftige Einsatz und die Kontrollbereiche (z.B die Arbeit in Frachthalle, Kontakt mit Passagieren) wird bereits zu Beginn des Trainings ber\u00fccksichtigt.&nbsp;<\/span><\/span><\/span><span style=\"line-height: 115%; color: #333333; font-size: 12pt;\">Wir nutzen ausschlie\u00dflich die trieblichen Veranlagungen des Hundes, wie den Spiel- und Beutetrieb, und arbeiten so nach moderen, kynogologischen Ausbildungsmethoden. <\/span>Bei dieser Ausbildung<span id=\"page24R_mcid48\" class=\"markedContent\"><span dir=\"ltr\" role=\"presentation\"> ber\u00fccksichtigen wir die aktuellen Trends im Wildartenhandel. Diese Informationen bekommen wir von den Datenbanken von der CITES Vollzugsbeh\u00f6rde, von Zoll und der Polizei.<br \/>\n<\/span><\/span><\/p>\n<p>&nbsp;<\/p>\n<h2>Inhalte nach hohen internationalen Qualit\u00e4t Standards mit folgenden Schwerpunkten:<\/h2>\n<ul>\n<li>Kynologie<\/li>\n<li>Effektivit\u00e4t<\/li>\n<li>Konditionierung an moderner Suchwand<\/li>\n<li><span class=\"ILfuVd\" lang=\"de\"><span class=\"hgKElc\">Washingtoner Artenschutz\u00fcbereinkommen (WA)&nbsp;<\/span><\/span><\/li>\n<li>Einsatzbereiche<\/li>\n<li>Einsatzlehre<\/li>\n<li>Grunds\u00e4tze im Umgang<\/li>\n<li>Eigensicherung<\/li>\n<li>Erste Hilfe Hund<\/li>\n<li>Pr\u00fcfungen<\/li>\n<li>Ausbildung ArtS SH<\/li>\n<li>Zertifizierung<\/li>\n<\/ul>\n","protected":false},"excerpt":{"rendered":"<h2>Zertifizierte Ausbildung zum Artenschutz-Sp\u00fcrhund-Team national und international<\/h2>\n<p>Auf Grund der stetigen Nachfrage an seri\u00f6sen Ausbildungseinrichtungen f\u00fcr <span style=\"font-size: 14pt; line-height: 115%; font-family: 'Calibri','sans-serif';\">das Waschingtoner Artenschutzgesetz<\/span> im Sektor Schutz gef\u00e4hrdeter Arten, hat es sich die K9 Detection dog School Germany GmbH zur Aufgabe gemacht, ihr kynologisches Wissen, Einsatzstandards und Taktiken in Vollzeitausbildungen weiter zugeben.<\/p>\n","protected":false},"featured_media":326412,"template":"","meta":{"_price":"10000","_stock":"","_tribe_ticket_header":"","_tribe_default_ticket_provider":"","_ticket_start_date":"","_ticket_end_date":"","_tribe_ticket_show_description":"","_tribe_ticket_show_not_going":false,"_tribe_ticket_use_global_stock":"","_tribe_ticket_global_stock_level":"","_global_stock_mode":"","_global_stock_cap":"","_tribe_rsvp_for_event":"","_tribe_ticket_going_count":"","_tribe_ticket_not_going_count":"","_tribe_tickets_list":"[]","_tribe_ticket_has_attendee_info_fields":false},"product_brand":[],"product_cat":[534],"product_tag":[],"class_list":{"0":"post-326414","1":"product","2":"type-product","3":"status-publish","4":"has-post-thumbnail","6":"product_cat-vollzeitausbildung-zum-spuerhund","8":"first","9":"instock","10":"virtual","11":"taxable","12":"purchasable","13":"product-type-simple"},"_links":{"self":[{"href":"https:\/\/spuerhundeschule.de\/de\/wp-json\/wp\/v2\/product\/326414","targetHints":{"allow":["GET"]}}],"collection":[{"href":"https:\/\/spuerhundeschule.de\/de\/wp-json\/wp\/v2\/product"}],"about":[{"href":"https:\/\/spuerhundeschule.de\/de\/wp-json\/wp\/v2\/types\/product"}],"wp:featuredmedia":[{"embeddable":true,"href":"https:\/\/spuerhundeschule.de\/de\/wp-json\/wp\/v2\/media\/326412"}],"wp:attachment":[{"href":"https:\/\/spuerhundeschule.de\/de\/wp-json\/wp\/v2\/media?parent=326414"}],"wp:term":[{"taxonomy":"product_brand","embeddable":true,"href":"https:\/\/spuerhundeschule.de\/de\/wp-json\/wp\/v2\/product_brand?post=326414"},{"taxonomy":"product_cat","embeddable":true,"href":"https:\/\/spuerhundeschule.de\/de\/wp-json\/wp\/v2\/product_cat?post=326414"},{"taxonomy":"product_tag","embeddable":true,"href":"https:\/\/spuerhundeschule.de\/de\/wp-json\/wp\/v2\/product_tag?post=326414"}],"curies":[{"name":"wp","href":"https:\/\/api.w.org\/{rel}","templated":true}]}}