{"id":326311,"date":"2022-11-28T11:17:58","date_gmt":"2022-11-28T10:17:58","guid":{"rendered":"https:\/\/spuerhundeschule.de\/de\/?post_type=product&#038;p=326311"},"modified":"2023-02-03T10:58:08","modified_gmt":"2023-02-03T09:58:08","slug":"k9-geschenkbox-2","status":"publish","type":"product","link":"https:\/\/spuerhundeschule.de\/de\/produkt\/k9-geschenkbox-2\/","title":{"rendered":"K9 Geschenkbox"},"content":{"rendered":"<h2>K9 Geschenkbox 2 ultimativ<\/h2>\n<ul>\n<li>die Geschenkbox besteht aus einer Arbeitssch\u00fcrze, einer gummierten 4m Leine und einer coolem Trinkflasche<\/li>\n<li>Suchen Sie noch ein tolles Geschenk f\u00fcr Hundefreunde, dann haben wir das ultimative Geschenk!<\/li>\n<\/ul>\n<p><img loading=\"lazy\" decoding=\"async\" class=\"alignnone size-medium wp-image-326425\" src=\"https:\/\/spuerhundeschule.de\/de\/wp-content\/uploads\/2022\/11\/PhotoRoom-20230201_101345-01-300x300.jpeg\" alt=\"\" width=\"300\" height=\"300\" srcset=\"https:\/\/spuerhundeschule.de\/de\/wp-content\/uploads\/2022\/11\/PhotoRoom-20230201_101345-01-300x300.jpeg 300w, https:\/\/spuerhundeschule.de\/de\/wp-content\/uploads\/2022\/11\/PhotoRoom-20230201_101345-01-1024x1024.jpeg 1024w, https:\/\/spuerhundeschule.de\/de\/wp-content\/uploads\/2022\/11\/PhotoRoom-20230201_101345-01-150x150.jpeg 150w, https:\/\/spuerhundeschule.de\/de\/wp-content\/uploads\/2022\/11\/PhotoRoom-20230201_101345-01-768x768.jpeg 768w, https:\/\/spuerhundeschule.de\/de\/wp-content\/uploads\/2022\/11\/PhotoRoom-20230201_101345-01-1536x1536.jpeg 1536w, https:\/\/spuerhundeschule.de\/de\/wp-content\/uploads\/2022\/11\/PhotoRoom-20230201_101345-01-80x80.jpeg 80w, https:\/\/spuerhundeschule.de\/de\/wp-content\/uploads\/2022\/11\/PhotoRoom-20230201_101345-01-320x320.jpeg 320w, https:\/\/spuerhundeschule.de\/de\/wp-content\/uploads\/2022\/11\/PhotoRoom-20230201_101345-01-200x200.jpeg 200w, https:\/\/spuerhundeschule.de\/de\/wp-content\/uploads\/2022\/11\/PhotoRoom-20230201_101345-01-100x100.jpeg 100w, https:\/\/spuerhundeschule.de\/de\/wp-content\/uploads\/2022\/11\/PhotoRoom-20230201_101345-01.jpeg 2000w\" sizes=\"auto, (max-width: 300px) 100vw, 300px\" \/><\/p>\n<ul>\n<li>Arbeitsch\u00fcrze:<\/li>\n<li>Erh\u00e4ltlich in den Gr\u00f6\u00dfen: S (65-90cm),\u00a0 M (75-100cm),\u00a0 L (90-110cm) und\u00a0 XL (90-125cm)\u00a0 <strong>Bitte bei Bestellung angeben!<\/strong><\/li>\n<\/ul>\n<p><img loading=\"lazy\" decoding=\"async\" class=\"alignnone size-medium wp-image-326174\" src=\"https:\/\/spuerhundeschule.de\/de\/wp-content\/uploads\/2018\/11\/PhotoRoom-20221014_100736-01-300x300.jpeg\" alt=\"\" width=\"300\" height=\"300\" srcset=\"https:\/\/spuerhundeschule.de\/de\/wp-content\/uploads\/2018\/11\/PhotoRoom-20221014_100736-01-300x300.jpeg 300w, https:\/\/spuerhundeschule.de\/de\/wp-content\/uploads\/2018\/11\/PhotoRoom-20221014_100736-01-1024x1024.jpeg 1024w, https:\/\/spuerhundeschule.de\/de\/wp-content\/uploads\/2018\/11\/PhotoRoom-20221014_100736-01-150x150.jpeg 150w, https:\/\/spuerhundeschule.de\/de\/wp-content\/uploads\/2018\/11\/PhotoRoom-20221014_100736-01-768x768.jpeg 768w, https:\/\/spuerhundeschule.de\/de\/wp-content\/uploads\/2018\/11\/PhotoRoom-20221014_100736-01-1536x1536.jpeg 1536w, https:\/\/spuerhundeschule.de\/de\/wp-content\/uploads\/2018\/11\/PhotoRoom-20221014_100736-01-80x80.jpeg 80w, https:\/\/spuerhundeschule.de\/de\/wp-content\/uploads\/2018\/11\/PhotoRoom-20221014_100736-01-320x320.jpeg 320w, https:\/\/spuerhundeschule.de\/de\/wp-content\/uploads\/2018\/11\/PhotoRoom-20221014_100736-01-200x200.jpeg 200w, https:\/\/spuerhundeschule.de\/de\/wp-content\/uploads\/2018\/11\/PhotoRoom-20221014_100736-01-100x100.jpeg 100w, https:\/\/spuerhundeschule.de\/de\/wp-content\/uploads\/2018\/11\/PhotoRoom-20221014_100736-01.jpeg 2000w\" sizes=\"auto, (max-width: 300px) 100vw, 300px\" \/><\/p>\n<p>&nbsp;<\/p>\n<ul>\n<li>Lieferzeit: 2-5 Tage, nach Zahlungseingang<\/li>\n<li>es wird in einer Geschenkt\u00fcte verschickt<\/li>\n<li>Versandkostenfrei<\/li>\n<\/ul>\n<p>&nbsp;<\/p>\n","protected":false},"excerpt":{"rendered":"<p>K9 Geschenkbox 2 ultimativ die Geschenkbox besteht aus einer Arbeitssch\u00fcrze, einer gummierten 4m Leine und einer coolem Trinkflasche Suchen Sie noch ein tolles Geschenk f\u00fcr Hundefreunde, dann haben wir das ultimative Geschenk! Arbeitsch\u00fcrze: Erh\u00e4ltlich&#46;&#46;&#46;<\/p>\n","protected":false},"featured_media":326425,"template":"","meta":{"_price":"74.90","_stock":"","_tribe_ticket_header":"","_tribe_default_ticket_provider":"","_tribe_ticket_capacity":"0","_ticket_start_date":"","_ticket_end_date":"","_tribe_ticket_show_description":"","_tribe_ticket_show_not_going":false,"_tribe_ticket_use_global_stock":"","_tribe_ticket_global_stock_level":"","_global_stock_mode":"","_global_stock_cap":"","_tribe_rsvp_for_event":"","_tribe_ticket_going_count":"","_tribe_ticket_not_going_count":"","_tribe_tickets_list":"[]","_tribe_ticket_has_attendee_info_fields":false},"product_brand":[],"product_cat":[613,630],"product_tag":[990,974,957,992,988,956,986,955,987,991,989],"class_list":{"0":"post-326311","1":"product","2":"type-product","3":"status-publish","4":"has-post-thumbnail","6":"product_cat-fanartikel","7":"product_cat-sale","8":"product_tag-arbeitsschuerze","9":"product_tag-fan","10":"product_tag-fanartikel","11":"product_tag-frohe-weihnachten","12":"product_tag-geschenke","13":"product_tag-k9","14":"product_tag-leine","15":"product_tag-trinkflasche","16":"product_tag-weihnachten","17":"product_tag-weihnachtsmann","18":"product_tag-weihnachtspaket","20":"first","21":"instock","22":"sale","23":"taxable","24":"shipping-taxable","25":"purchasable","26":"product-type-simple"},"_links":{"self":[{"href":"https:\/\/spuerhundeschule.de\/de\/wp-json\/wp\/v2\/product\/326311","targetHints":{"allow":["GET"]}}],"collection":[{"href":"https:\/\/spuerhundeschule.de\/de\/wp-json\/wp\/v2\/product"}],"about":[{"href":"https:\/\/spuerhundeschule.de\/de\/wp-json\/wp\/v2\/types\/product"}],"wp:featuredmedia":[{"embeddable":true,"href":"https:\/\/spuerhundeschule.de\/de\/wp-json\/wp\/v2\/media\/326425"}],"wp:attachment":[{"href":"https:\/\/spuerhundeschule.de\/de\/wp-json\/wp\/v2\/media?parent=326311"}],"wp:term":[{"taxonomy":"product_brand","embeddable":true,"href":"https:\/\/spuerhundeschule.de\/de\/wp-json\/wp\/v2\/product_brand?post=326311"},{"taxonomy":"product_cat","embeddable":true,"href":"https:\/\/spuerhundeschule.de\/de\/wp-json\/wp\/v2\/product_cat?post=326311"},{"taxonomy":"product_tag","embeddable":true,"href":"https:\/\/spuerhundeschule.de\/de\/wp-json\/wp\/v2\/product_tag?post=326311"}],"curies":[{"name":"wp","href":"https:\/\/api.w.org\/{rel}","templated":true}]}}