{"id":326241,"date":"2022-11-21T08:21:14","date_gmt":"2022-11-21T07:21:14","guid":{"rendered":"https:\/\/spuerhundeschule.de\/de\/?post_type=product&#038;p=326241"},"modified":"2022-11-21T13:34:58","modified_gmt":"2022-11-21T12:34:58","slug":"k9-shaker","status":"publish","type":"product","link":"https:\/\/spuerhundeschule.de\/de\/produkt\/k9-shaker\/","title":{"rendered":"K9 Shaker"},"content":{"rendered":"<h2>K9 Shaker der K9 Detection Dog School Germany GmbH<\/h2>\n<ul>\n<li>Dieser stylische Shaker kann ab sofort bestellt werden<\/li>\n<li>perfekt f\u00fcr unterwegs<\/li>\n<li>m\u00fchelos Eiwei\u00df- und Proteinshakes mixen<\/li>\n<li>auslaufsicher<\/li>\n<li><span class=\"a-list-item\">Inhalt: 600ml <\/span><span class=\"a-list-item\"><br \/>\n<\/span><\/li>\n<li>Farbe: wei\u00df mit orange<\/li>\n<li>Material: Plastik<\/li>\n<li><span class=\"a-list-item\">H\u00f6chste Qualit\u00e4t<\/span><\/li>\n<li>Lieferzeit: 2-5 Tage<\/li>\n<li>Versandkosten ins Ausland bitte erfragen!<\/li>\n<\/ul>\n<p>&nbsp;<\/p>\n<p>&nbsp;<\/p>\n","protected":false},"excerpt":{"rendered":"<p>K9 Shaker der K9 Detection Dog School Germany GmbH Dieser stylische Shaker kann ab sofort bestellt werden perfekt f\u00fcr unterwegs m\u00fchelos Eiwei\u00df- und Proteinshakes mixen auslaufsicher Inhalt: 600ml Farbe: wei\u00df mit orange Material: Plastik&#46;&#46;&#46;<\/p>\n","protected":false},"featured_media":326242,"template":"","meta":{"_price":"13.90","_stock":"","_tribe_ticket_header":"","_tribe_default_ticket_provider":"","_ticket_start_date":"","_ticket_end_date":"","_tribe_ticket_show_description":"","_tribe_ticket_show_not_going":false,"_tribe_ticket_use_global_stock":"","_tribe_ticket_global_stock_level":"","_global_stock_mode":"","_global_stock_cap":"","_tribe_rsvp_for_event":"","_tribe_ticket_going_count":"","_tribe_ticket_not_going_count":"","_tribe_tickets_list":"[]","_tribe_ticket_has_attendee_info_fields":false},"product_brand":[],"product_cat":[613],"product_tag":[982,978,974,957,979,980,977,956,981,976,969],"class_list":{"0":"post-326241","1":"product","2":"type-product","3":"status-publish","4":"has-post-thumbnail","6":"product_cat-fanartikel","7":"product_tag-eiweiss","8":"product_tag-erfrischung","9":"product_tag-fan","10":"product_tag-fanartikel","11":"product_tag-fitness","12":"product_tag-gesund","13":"product_tag-getraenke","14":"product_tag-k9","15":"product_tag-protein","16":"product_tag-shaker","17":"product_tag-unterwegs","18":"product_shipping_class-bis-2-kg","20":"first","21":"instock","22":"taxable","23":"shipping-taxable","24":"purchasable","25":"product-type-simple"},"_links":{"self":[{"href":"https:\/\/spuerhundeschule.de\/de\/wp-json\/wp\/v2\/product\/326241","targetHints":{"allow":["GET"]}}],"collection":[{"href":"https:\/\/spuerhundeschule.de\/de\/wp-json\/wp\/v2\/product"}],"about":[{"href":"https:\/\/spuerhundeschule.de\/de\/wp-json\/wp\/v2\/types\/product"}],"wp:featuredmedia":[{"embeddable":true,"href":"https:\/\/spuerhundeschule.de\/de\/wp-json\/wp\/v2\/media\/326242"}],"wp:attachment":[{"href":"https:\/\/spuerhundeschule.de\/de\/wp-json\/wp\/v2\/media?parent=326241"}],"wp:term":[{"taxonomy":"product_brand","embeddable":true,"href":"https:\/\/spuerhundeschule.de\/de\/wp-json\/wp\/v2\/product_brand?post=326241"},{"taxonomy":"product_cat","embeddable":true,"href":"https:\/\/spuerhundeschule.de\/de\/wp-json\/wp\/v2\/product_cat?post=326241"},{"taxonomy":"product_tag","embeddable":true,"href":"https:\/\/spuerhundeschule.de\/de\/wp-json\/wp\/v2\/product_tag?post=326241"}],"curies":[{"name":"wp","href":"https:\/\/api.w.org\/{rel}","templated":true}]}}