{"id":326197,"date":"2022-10-19T08:40:28","date_gmt":"2022-10-19T06:40:28","guid":{"rendered":"https:\/\/spuerhundeschule.de\/de\/?post_type=product&#038;p=326197"},"modified":"2022-11-21T13:31:34","modified_gmt":"2022-11-21T12:31:34","slug":"k9-notizbuch","status":"publish","type":"product","link":"https:\/\/spuerhundeschule.de\/de\/produkt\/k9-notizbuch\/","title":{"rendered":"K9 Notizbuch"},"content":{"rendered":"<h2>K9 Notizbuch in Firmenfarbe der K9 Detection Dog School Germany GmbH<\/h2>\n<ul>\n<li>Dieses Notizbuch mit Stift kann ab sofort bestellt werden<\/li>\n<li>Stylisches Notizbuch in dunkelblau mit unterschiedlich gro\u00dfen und farbigen Notizzettel inklusive Klebestreifen<\/li>\n<li>der Kugelschreiber ist w\u00e4hlbar, einem normalen Kugelschreiber (schwarz) oder einen Touchpen (orange)\u00a0<strong> Bitte bei der Bestellung angeben!\u00a0<\/strong><\/li>\n<li><span class=\"a-list-item\">Gr\u00f6\u00dfe: L\u00e4nge 12,5cm, Breite 9cm, H\u00f6he 1cm <\/span><span class=\"a-list-item\"><br \/>\n<\/span><\/li>\n<li>Farbe: dunkelblau mit wei\u00dfer Schrift<\/li>\n<li>Material: Einband &#8211; Kunstleder<\/li>\n<li><span class=\"a-list-item\">H\u00f6chste Qualit\u00e4t<\/span><\/li>\n<\/ul>\n<p>&nbsp;<\/p>\n<p>&nbsp;<\/p>\n","protected":false},"excerpt":{"rendered":"<p>K9 Notizbuch in Firmenfarbe der K9 Detection Dog School Germany GmbH Dieses Notizbuch mit Stift kann ab sofort bestellt werden Stylisches Notizbuch in dunkelblau mit unterschiedlich gro\u00dfen und farbigen Notizzettel inklusive Klebestreifen der Kugelschreiber&#46;&#46;&#46;<\/p>\n","protected":false},"featured_media":326198,"template":"","meta":{"_price":"5.90","_stock":"","_tribe_ticket_header":"","_tribe_default_ticket_provider":"","_ticket_start_date":"","_ticket_end_date":"","_tribe_ticket_show_description":"","_tribe_ticket_show_not_going":false,"_tribe_ticket_use_global_stock":"","_tribe_ticket_global_stock_level":"","_global_stock_mode":"","_global_stock_cap":"","_tribe_rsvp_for_event":"","_tribe_ticket_going_count":"","_tribe_ticket_not_going_count":"","_tribe_tickets_list":"[]","_tribe_ticket_has_attendee_info_fields":false},"product_brand":[],"product_cat":[613],"product_tag":[974,957,956,972,973,970,971],"class_list":{"0":"post-326197","1":"product","2":"type-product","3":"status-publish","4":"has-post-thumbnail","6":"product_cat-fanartikel","7":"product_tag-fan","8":"product_tag-fanartikel","9":"product_tag-k9","10":"product_tag-kugelschreiber","11":"product_tag-kuli","12":"product_tag-notiz","13":"product_tag-notizblock","15":"first","16":"instock","17":"taxable","18":"shipping-taxable","19":"purchasable","20":"product-type-simple"},"_links":{"self":[{"href":"https:\/\/spuerhundeschule.de\/de\/wp-json\/wp\/v2\/product\/326197","targetHints":{"allow":["GET"]}}],"collection":[{"href":"https:\/\/spuerhundeschule.de\/de\/wp-json\/wp\/v2\/product"}],"about":[{"href":"https:\/\/spuerhundeschule.de\/de\/wp-json\/wp\/v2\/types\/product"}],"wp:featuredmedia":[{"embeddable":true,"href":"https:\/\/spuerhundeschule.de\/de\/wp-json\/wp\/v2\/media\/326198"}],"wp:attachment":[{"href":"https:\/\/spuerhundeschule.de\/de\/wp-json\/wp\/v2\/media?parent=326197"}],"wp:term":[{"taxonomy":"product_brand","embeddable":true,"href":"https:\/\/spuerhundeschule.de\/de\/wp-json\/wp\/v2\/product_brand?post=326197"},{"taxonomy":"product_cat","embeddable":true,"href":"https:\/\/spuerhundeschule.de\/de\/wp-json\/wp\/v2\/product_cat?post=326197"},{"taxonomy":"product_tag","embeddable":true,"href":"https:\/\/spuerhundeschule.de\/de\/wp-json\/wp\/v2\/product_tag?post=326197"}],"curies":[{"name":"wp","href":"https:\/\/api.w.org\/{rel}","templated":true}]}}