{"id":326026,"date":"2022-09-12T11:27:27","date_gmt":"2022-09-12T09:27:27","guid":{"rendered":"https:\/\/spuerhundeschule.de\/de\/?post_type=product&#038;p=326026"},"modified":"2024-08-22T08:43:27","modified_gmt":"2024-08-22T06:43:27","slug":"k9-bringsel-beisswurst-fuer-den-hund-zur-hundeausbildung-2","status":"publish","type":"product","link":"https:\/\/spuerhundeschule.de\/de\/produkt\/k9-bringsel-beisswurst-fuer-den-hund-zur-hundeausbildung-2\/","title":{"rendered":"K9 Bringsel Bei\u00dfwurst f\u00fcr den Hund zur Hundeausbildung"},"content":{"rendered":"<h2>Bringsel f\u00fcr Hunde<\/h2>\n<ul>\n<li>Unsere Bei\u00dfwurst bzw. Bringsel ist f\u00fcr das Hundetraining sehr gut geeignet<\/li>\n<li>F\u00fcr die Best\u00e4tigung bei Sp\u00fcrhunden oder einfach zum spielen<\/li>\n<li>Lieferzeit: 2-5 Tage nach Zahlungseingng<\/li>\n<li><span class=\"a-list-item\">Gewicht: 100g<br \/>\n<\/span><\/li>\n<li>Gr\u00f6\u00dfe: 30&#215;6 cm<\/li>\n<li>Farbe: orange oder auf Anfrage<\/li>\n<li>Ein Leichtgewicht<\/li>\n<li><span class=\"a-list-item\">H\u00f6chste Qualit\u00e4t<\/span><\/li>\n<li>mit einer Handschlaufe<\/li>\n<li>Langlebiger und zahnschonender als herk\u00f6mmlicher Jute<\/li>\n<li>Das Obermaterial bestehend aus Baumwolle\/Nylon-Mischgewebe (NYLCOT)<\/li>\n<li>Verst\u00e4rkte N\u00e4hte<\/li>\n<li>Kynologisch weiterentwickelt<\/li>\n<li>Grifffl\u00e4che kynologisch<\/li>\n<li>Von Hand gefertigt<\/li>\n<li>Kernmaterialien sehr robust und rissfest<\/li>\n<li>Versandkosten f\u00fcr das Ausland bitte bei Bestellung erfragen<\/li>\n<\/ul>\n<div class=\"video-container\"><iframe loading=\"lazy\" title=\"DJZ-TV: Bringselverweiser\" width=\"500\" height=\"281\" src=\"https:\/\/www.youtube.com\/embed\/iB49Ay3JhEg?feature=oembed&#038;wmode=opaque\" frameborder=\"0\" allow=\"accelerometer; autoplay; clipboard-write; encrypted-media; gyroscope; picture-in-picture; web-share\" referrerpolicy=\"strict-origin-when-cross-origin\" allowfullscreen><\/iframe><\/div>\n<p>&nbsp;<\/p>\n<p><b><br \/>\n<\/b><strong>Gewebestruktur sehr dicht verarbeitet so das ein fester Griff\u00a0 gef\u00f6rdert werden kann. <\/strong><strong>Der Vorteil zu Jutematerial; Verh\u00e4ngen der Eckz\u00e4hne unm\u00f6glich.<br \/>\n<\/strong><\/p>\n<p>Bringsel finden in der Hundeausbildung in den verschiedensten Bereichen Verwendung, in denen der Hund dem Hundef\u00fchrer einen Fund kund tun soll, ohne diesen zu ber\u00fchren oder gar aufzuheben, beispielsweise bei Sprengstoffsp\u00fcrhunden, Suchtmittelsp\u00fcrhunden und Rettungshunden.<\/p>\n<p>&nbsp;<\/p>\n<p>&nbsp;<\/p>\n","protected":false},"excerpt":{"rendered":"<h2>Bringsel f\u00fcr Hunde<\/h2>\n<p>Beste Produktqualit\u00e4t vom Hundeprofi f\u00fcr den Hundesportler oder einfach nur zum Spielen f\u00fcr jeden Hund geeignet. Wird auch als Bei\u00dfwurst bezeichnet.<\/p>\n<p id=\"title\" class=\"a-size-large a-spacing-none\"><span id=\"productTitle\" class=\"a-size-large\">Sehr Robustes Hundespielzeug zum K9 Training, Tauziehen und Zerrspiele mit dem Hund.<\/span><\/p>\n","protected":false},"featured_media":326027,"template":"","meta":{"_price":"17.90","_stock":"","_tribe_ticket_header":"","_tribe_default_ticket_provider":"","_ticket_start_date":"","_ticket_end_date":"","_tribe_ticket_show_description":"","_tribe_ticket_show_not_going":false,"_tribe_ticket_use_global_stock":"","_tribe_ticket_global_stock_level":"","_global_stock_mode":"","_global_stock_cap":"","_tribe_rsvp_for_event":"","_tribe_ticket_going_count":"","_tribe_ticket_not_going_count":"","_tribe_tickets_list":"[]","_tribe_ticket_has_attendee_info_fields":false},"product_brand":[],"product_cat":[629,617],"product_tag":[881,751,635,556,554,607,558,555,656],"class_list":{"0":"post-326026","1":"product","2":"type-product","3":"status-publish","4":"has-post-thumbnail","6":"product_cat-trainingsausruestung-fuer-dienst-und-spuerhunde","7":"product_cat-trainingsausruestung-fuer-sport-und-diensthunde","8":"product_tag-bringsel","9":"product_tag-hunde","10":"product_tag-hundesport","11":"product_tag-sprengstoff","12":"product_tag-sprengstoffspuerhunde","13":"product_tag-spuerhund","14":"product_tag-spuerhunde","15":"product_tag-suchhunde","16":"product_tag-vermisstenspuerhunde","17":"product_shipping_class-bis-2-kg","19":"first","20":"outofstock","21":"taxable","22":"shipping-taxable","23":"purchasable","24":"product-type-simple"},"_links":{"self":[{"href":"https:\/\/spuerhundeschule.de\/de\/wp-json\/wp\/v2\/product\/326026","targetHints":{"allow":["GET"]}}],"collection":[{"href":"https:\/\/spuerhundeschule.de\/de\/wp-json\/wp\/v2\/product"}],"about":[{"href":"https:\/\/spuerhundeschule.de\/de\/wp-json\/wp\/v2\/types\/product"}],"wp:featuredmedia":[{"embeddable":true,"href":"https:\/\/spuerhundeschule.de\/de\/wp-json\/wp\/v2\/media\/326027"}],"wp:attachment":[{"href":"https:\/\/spuerhundeschule.de\/de\/wp-json\/wp\/v2\/media?parent=326026"}],"wp:term":[{"taxonomy":"product_brand","embeddable":true,"href":"https:\/\/spuerhundeschule.de\/de\/wp-json\/wp\/v2\/product_brand?post=326026"},{"taxonomy":"product_cat","embeddable":true,"href":"https:\/\/spuerhundeschule.de\/de\/wp-json\/wp\/v2\/product_cat?post=326026"},{"taxonomy":"product_tag","embeddable":true,"href":"https:\/\/spuerhundeschule.de\/de\/wp-json\/wp\/v2\/product_tag?post=326026"}],"curies":[{"name":"wp","href":"https:\/\/api.w.org\/{rel}","templated":true}]}}