{"id":325957,"date":"2022-04-26T09:14:10","date_gmt":"2022-04-26T07:14:10","guid":{"rendered":"https:\/\/spuerhundeschule.de\/de\/?post_type=product&#038;p=325957"},"modified":"2022-08-30T09:02:09","modified_gmt":"2022-08-30T07:02:09","slug":"malinoi-welpen-mit-papieren","status":"publish","type":"product","link":"https:\/\/spuerhundeschule.de\/de\/produkt\/malinoi-welpen-mit-papieren\/","title":{"rendered":"Malinois Welpen mit Papieren"},"content":{"rendered":"<h1>8 Wochen alte Malinois Welpen mit Papieren zu Verkaufen<\/h1>\n<h2>Aus der Verpaarung<\/h2>\n<p>MUTTER<\/p>\n<p>SRN Shadow Strasevska vs.<br \/>\n(Pr\u00fcfungen: BH) im FCI gez\u00fcchtet<\/p>\n<p>VATER<\/p>\n<p>Quentin-Maly-Lumpik<br \/>\n(Pr\u00fcfungen: BH, IGP 1-3, Schaubewertung)<br \/>\nim FCI gez\u00fcchtet<\/p>\n<p>Am 26.02.2022 aus dem Zwinger &#8222;K-9 Xperience Germany&#8220; \\ &#8222;B-Wurf&#8220; haben 3 H\u00fcndinnen und 4 R\u00fcden das Licht der Welt erblickt ohne Komplikationen.<\/p>\n<p>Alle Welpen sind wohlauf, sehr aktiv und nehmen Tag f\u00fcr Tag an Gewicht zu.<br \/>\nDie Hundemama Shadow k\u00fcmmert sich Instinktsicher um ihre Rasselbande, keiner kommt zu kurz.<\/p>\n<p>Die Welpen Wachsen bei uns im Haus mit Grundst\u00fcck auf. Wir gew\u00f6hnen sie an Alltagsger\u00e4uche und die Umwelt. Sie Lernen verschiedene Untergr\u00fcnde, den Welpenspielplatz, Kinder, den Tierarzt, andere Hunde und Tiere kennen und werden ans Autofahren gew\u00f6hnt.<\/p>\n<p><strong>Ab sofort k\u00f6nnen die Welpen besucht und kennengelernt werden.<\/strong><\/p>\n<p>Die Abgabe der Welpen erfolgt mit Ende der 9ten Lebenswoche oder nach Absprache auch sp\u00e4ter.<\/p>\n<p>Bei Abgabe sind die Welpen mehrfach entwurmt, geimpft, gechipt, vom Tierarzt untersucht und bekommen ihre Papiere bzw. eine Ahnentafel.<\/p>\n<p>Die Welpen bekommen bei Auszug in ihr neues zu Hause, ein Starterpacket, ein individuelles Halsband mit der dazugeh\u00f6rigen Leine, ein Entwurmungspass, einen EU Heimtierausweis und die Ahnentafel mit.<\/p>\n<p>Beide Elterntiere sind HD, ED frei und R\u00fccken ohne Befund. R\u00f6ntgenbilder und Pr\u00fcfungen k\u00f6nnen selbstverst\u00e4ndlich eingesehen werden. Sie unterziehen sich einer regelm\u00e4\u00dfigen tier\u00e4rztlichen Untersuchung und sind immer auf dem aktuellen Impfstand.<\/p>\n<p>Beide Elterntiere werden im Dienst und im Sportbereich gef\u00fchrt. Weitere Pr\u00fcfungen folgen dieses Jahr 2022.<\/p>\n<p>Die Mutter &#8222;Shadow&#8220; sowie der Vater &#8222;Quentin&#8220; leben bei der Z\u00fcchterin.<\/p>\n<p><strong>Verkauf<\/strong><\/p>\n<p>Die Fellnasen sind ab sofort verbindlich reservierbar. Dieses ist nur mit einem Kaufvertrag sowie einer Anzahlung von EUR 500,00 m\u00f6glich.<\/p>\n<p>Wir als Z\u00fcchter legen auch nach Auszug der Welpen einen gro\u00dfen Wert, regelm\u00e4\u00dfig Kontakt und Informationen \u00fcber unsere Sch\u00fctzlinge zu bekommen und Stehen ihnen weiterhin nach dem Kauf f\u00fcr Rat und Tat zur Seite.<\/p>\n<p>Wir freuen uns auf ihre Kontaktaufnahme.<\/p>\n<p><b><br \/>\n<\/b><strong>Achtung -Verkauf erfolgt vertrauensvoll durch die Z\u00fcchterin, diese ist im Unternehmen besch\u00e4ftigt!<br \/>\n<\/strong><\/p>\n<p>Stand: 26.04.2022<\/p>\n<p>&nbsp;<\/p>\n<p>&nbsp;<\/p>\n<p>&nbsp;<\/p>\n","protected":false},"excerpt":{"rendered":"<h1>8 Wochen alte Malinois Welpen mit Papieren zu Verkaufen<\/h1>\n","protected":false},"featured_media":325965,"template":"","meta":{"_price":"1600.00","_stock":"","_tribe_ticket_header":"","_tribe_default_ticket_provider":"","_ticket_start_date":"","_ticket_end_date":"","_tribe_ticket_show_description":"","_tribe_ticket_show_not_going":false,"_tribe_ticket_use_global_stock":"","_tribe_ticket_global_stock_level":"","_global_stock_mode":"","_global_stock_cap":"","_tribe_rsvp_for_event":"","_tribe_ticket_going_count":"","_tribe_ticket_not_going_count":"","_tribe_tickets_list":"[]","_tribe_ticket_has_attendee_info_fields":false},"product_brand":[],"product_cat":[612],"product_tag":[747,603,557,757,634,547,755,756,758,572,573,751,662,635,571,960,657,545,633,752,655,754,753,663,556,554,749,555,659,660,961,658,656,962,518],"class_list":{"0":"post-325957","1":"product","2":"type-product","3":"status-publish","4":"has-post-thumbnail","6":"product_cat-hundekauf","7":"product_tag-ausbildung-mit-klicker","8":"product_tag-bargeldspuerhund","9":"product_tag-bombenalarm","10":"product_tag-detection-dog","11":"product_tag-diensthundeausbildung","12":"product_tag-diensthundefuehrer","13":"product_tag-edd","14":"product_tag-explosive","15":"product_tag-explosive-detection-dog","16":"product_tag-flughafen","17":"product_tag-fracht","18":"product_tag-hunde","19":"product_tag-hundefuehrer","20":"product_tag-hundesport","21":"product_tag-luftfracht-kontrolle-mittels-spuerhunde","22":"product_tag-malinois-welpen","23":"product_tag-mantrailer","24":"product_tag-polizei","25":"product_tag-polizeihund","26":"product_tag-rescue-dog","27":"product_tag-rettungshunde","28":"product_tag-sar","29":"product_tag-serach-recscue","30":"product_tag-sicherheitsdienst","31":"product_tag-sprengstoff","32":"product_tag-sprengstoffspuerhunde","33":"product_tag-spuerhundeausbildung-mit-klicker","34":"product_tag-suchhunde","35":"product_tag-truemmerausbildung","36":"product_tag-truemmerhunde","37":"product_tag-verkauf-von-welpen","38":"product_tag-vermisste-personen","39":"product_tag-vermisstenspuerhunde","40":"product_tag-welpen-mit-papiere","41":"product_tag-workshops","43":"first","44":"outofstock","45":"purchasable","46":"product-type-simple"},"_links":{"self":[{"href":"https:\/\/spuerhundeschule.de\/de\/wp-json\/wp\/v2\/product\/325957","targetHints":{"allow":["GET"]}}],"collection":[{"href":"https:\/\/spuerhundeschule.de\/de\/wp-json\/wp\/v2\/product"}],"about":[{"href":"https:\/\/spuerhundeschule.de\/de\/wp-json\/wp\/v2\/types\/product"}],"wp:featuredmedia":[{"embeddable":true,"href":"https:\/\/spuerhundeschule.de\/de\/wp-json\/wp\/v2\/media\/325965"}],"wp:attachment":[{"href":"https:\/\/spuerhundeschule.de\/de\/wp-json\/wp\/v2\/media?parent=325957"}],"wp:term":[{"taxonomy":"product_brand","embeddable":true,"href":"https:\/\/spuerhundeschule.de\/de\/wp-json\/wp\/v2\/product_brand?post=325957"},{"taxonomy":"product_cat","embeddable":true,"href":"https:\/\/spuerhundeschule.de\/de\/wp-json\/wp\/v2\/product_cat?post=325957"},{"taxonomy":"product_tag","embeddable":true,"href":"https:\/\/spuerhundeschule.de\/de\/wp-json\/wp\/v2\/product_tag?post=325957"}],"curies":[{"name":"wp","href":"https:\/\/api.w.org\/{rel}","templated":true}]}}