{"id":325865,"date":"2021-11-12T09:36:46","date_gmt":"2021-11-12T08:36:46","guid":{"rendered":"https:\/\/spuerhundeschule.de\/de\/?post_type=product&#038;p=325865"},"modified":"2024-01-03T10:32:01","modified_gmt":"2024-01-03T09:32:01","slug":"k9-trinkflasche","status":"publish","type":"product","link":"https:\/\/spuerhundeschule.de\/de\/produkt\/k9-trinkflasche\/","title":{"rendered":"K9 Trinkflasche"},"content":{"rendered":"<h2>Trinkflasche in Firmenfarben der K9 Detection Dog School Germany GmbH inklusive Druck<\/h2>\n<ul>\n<li><span class=\"a-list-item\">Solide Wasserflasche aus transparentem Plastik mit Doppelverschluss f\u00fcr hei\u00df und kalt Getr\u00e4nke<br \/>\n<\/span><\/li>\n<li><span class=\"a-list-item\">H\u00f6he 26cm, Durchmesser 9,50cm, Inhalt 890ml, Gewicht 210g, Farbe orange<\/span><\/li>\n<li>Diese Flasche wie oben beschrieben kann ab sofort bestellt werden.<\/li>\n<li><span class=\"a-list-item\">Ideale Geschenke-Idee<\/span><\/li>\n<li><strong><span style=\"color: #ff0000;\">NICHT MEHR VERF\u00dcGBAR<\/span><\/strong><\/li>\n<\/ul>\n<p>&nbsp;<\/p>\n","protected":false},"excerpt":{"rendered":"<p>Trinkflasche in Firmenfarben der K9 Detection Dog School Germany GmbH inklusive Druck Solide Wasserflasche aus transparentem Plastik mit Doppelverschluss f\u00fcr hei\u00df und kalt Getr\u00e4nke H\u00f6he 26cm, Durchmesser 9,50cm, Inhalt 890ml, Gewicht 210g, Farbe orange&#46;&#46;&#46;<\/p>\n","protected":false},"featured_media":326268,"template":"","meta":{"_price":"9.90","_stock":"","_tribe_ticket_header":"","_tribe_default_ticket_provider":"","_tribe_ticket_capacity":"0","_ticket_start_date":"","_ticket_end_date":"","_tribe_ticket_show_description":"","_tribe_ticket_show_not_going":false,"_tribe_ticket_use_global_stock":"","_tribe_ticket_global_stock_level":"","_global_stock_mode":"","_global_stock_cap":"","_tribe_rsvp_for_event":"","_tribe_ticket_going_count":"","_tribe_ticket_not_going_count":"","_tribe_tickets_list":"[]","_tribe_ticket_has_attendee_info_fields":false},"product_brand":[],"product_cat":[613],"product_tag":[],"class_list":{"0":"post-325865","1":"product","2":"type-product","3":"status-publish","4":"has-post-thumbnail","6":"product_cat-fanartikel","8":"first","9":"outofstock","10":"taxable","11":"shipping-taxable","12":"purchasable","13":"product-type-simple"},"_links":{"self":[{"href":"https:\/\/spuerhundeschule.de\/de\/wp-json\/wp\/v2\/product\/325865","targetHints":{"allow":["GET"]}}],"collection":[{"href":"https:\/\/spuerhundeschule.de\/de\/wp-json\/wp\/v2\/product"}],"about":[{"href":"https:\/\/spuerhundeschule.de\/de\/wp-json\/wp\/v2\/types\/product"}],"wp:featuredmedia":[{"embeddable":true,"href":"https:\/\/spuerhundeschule.de\/de\/wp-json\/wp\/v2\/media\/326268"}],"wp:attachment":[{"href":"https:\/\/spuerhundeschule.de\/de\/wp-json\/wp\/v2\/media?parent=325865"}],"wp:term":[{"taxonomy":"product_brand","embeddable":true,"href":"https:\/\/spuerhundeschule.de\/de\/wp-json\/wp\/v2\/product_brand?post=325865"},{"taxonomy":"product_cat","embeddable":true,"href":"https:\/\/spuerhundeschule.de\/de\/wp-json\/wp\/v2\/product_cat?post=325865"},{"taxonomy":"product_tag","embeddable":true,"href":"https:\/\/spuerhundeschule.de\/de\/wp-json\/wp\/v2\/product_tag?post=325865"}],"curies":[{"name":"wp","href":"https:\/\/api.w.org\/{rel}","templated":true}]}}