{"id":325544,"date":"2020-09-19T21:40:03","date_gmt":"2020-09-19T21:40:03","guid":{"rendered":"https:\/\/spuerhundeschule.de\/de\/?post_type=product&#038;p=325544"},"modified":"2024-01-04T14:15:20","modified_gmt":"2024-01-04T13:15:20","slug":"diensthundfuehrer-industrie-ihk","status":"publish","type":"product","link":"https:\/\/spuerhundeschule.de\/de\/produkt\/diensthundfuehrer-industrie-ihk\/","title":{"rendered":"Eignungstest Diensthundf\u00fchrer Industrie IHK"},"content":{"rendered":"<h2>1 Tag Eignungstest zum Erwerb des IHK-Zertifikates Diensthundef\u00fchrer Industrie (IHK) 8 UE<\/h2>\n<p><strong>Voraussetzungen zum Zertifikatserwerb<\/strong><br \/>\nZum Zertifikatstest \u201eDiensthundef\u00fchrer Industrie (IHK)\u201c kann zugelassen werden, wer den entsprechenden Weiterbildungslehrgang \u00fcber mindestens 160 UE nach dem Rahmenplan \u201eDiensthundef\u00fchrer Industrie (IHK)\u201c belegt hat und eine entsprechende praktische Pr\u00fcfung absolviert und bestanden hat.<\/p>\n<p>Wir bieten hier einen Eignungstest f\u00fcr Hund und Hundef\u00fchrer zum Grundlehrgang, Diensthundef\u00fchrer Industrie IHK, an. Hier kann sich jeder interessierte anmelden und seine F\u00e4higkeiten pr\u00fcfen lassen. Vorteil hierbei ist es, Sie investieren nicht die vollen Kosten des Grundlehrgangs um feszustellen das keine Eignung zum Diensthund vorhanden ist.<\/p>\n<h2>Ziel des Eignungstests:<\/h2>\n<ul>\n<li>Feststellung der trieblichen Grundvoraussetzungen und Veranlagungen<\/li>\n<li>sind Steigerungen in Folge zu erkennen<\/li>\n<li>stellen sich schnelle Lernerfolge ein<\/li>\n<li>Anbahnungen<\/li>\n<\/ul>\n<h2>Kosten<\/h2>\n<p>Sind alle Voraussetzungen f\u00fcr eine Ausbildung zum Diensthundef\u00fchrer Industrei IHK gegeben, so werden Ihnen die Kosten des Eignungstests auf den Grundlehrgang angerechnet. \u00dcbernachtungskosten sind nicht im Preis enthalten. Wir k\u00f6nnen Ihnen aber gern zu unseren Preisen die \u00dcbernachtung vermitteln.<\/p>\n<p>&nbsp;<\/p>\n<h3 class=\"fittexted_for_content_h3\">Block- und Einzelunterricht auf Anfrage m\u00f6glich<\/h3>\n<p>&nbsp;<\/p>\n<p><a href=\"https:\/\/spuerhundeschule.de\/anfrage-sicherheitsdienstleistungen\" target=\"_blank\" rel=\"noopener noreferrer\"><img loading=\"lazy\" decoding=\"async\" class=\"size-medium wp-image-1736 aligncenter\" src=\"http:\/\/spuerhundeschule.de\/de\/wp-content\/uploads\/2015\/01\/Individuelle-Anfrage-zum-Produkt-300x99.jpg\" alt=\"Individuelle Anfrage zum Produkt\" width=\"300\" height=\"99\" srcset=\"https:\/\/spuerhundeschule.de\/de\/wp-content\/uploads\/2015\/01\/Individuelle-Anfrage-zum-Produkt-300x99.jpg 300w, https:\/\/spuerhundeschule.de\/de\/wp-content\/uploads\/2015\/01\/Individuelle-Anfrage-zum-Produkt-200x66.jpg 200w, https:\/\/spuerhundeschule.de\/de\/wp-content\/uploads\/2015\/01\/Individuelle-Anfrage-zum-Produkt-50x17.jpg 50w, https:\/\/spuerhundeschule.de\/de\/wp-content\/uploads\/2015\/01\/Individuelle-Anfrage-zum-Produkt.jpg 345w\" sizes=\"auto, (max-width: 300px) 100vw, 300px\" \/><\/a><\/p>\n","protected":false},"excerpt":{"rendered":"<p>Speziallehrgang, Ausbidung Diensthundf\u00fchrer Industrie IHK mit Abschlu\u00df<\/p>\n","protected":false},"featured_media":325545,"template":"","meta":{"_price":"325","_stock":"","_tribe_ticket_header":"","_tribe_default_ticket_provider":"","_ticket_start_date":"","_ticket_end_date":"","_tribe_ticket_show_description":"","_tribe_ticket_show_not_going":false,"_tribe_ticket_use_global_stock":"","_tribe_ticket_global_stock_level":"","_global_stock_mode":"","_global_stock_cap":"","_tribe_rsvp_for_event":"","_tribe_ticket_going_count":"","_tribe_ticket_not_going_count":"","_tribe_tickets_list":"[]","_tribe_ticket_has_attendee_info_fields":false},"product_brand":[],"product_cat":[515,938,535,939],"product_tag":[549,940,941,634,547,751,662,666,942,545,633,546,663,883],"class_list":{"0":"post-325544","1":"product","2":"type-product","3":"status-publish","4":"has-post-thumbnail","6":"product_cat-dienstleistungen","7":"product_cat-ihk-ausbildung","8":"product_cat-ticket","9":"product_cat-vollzeitausbildungen-ihk-lba","10":"product_tag-abwehr-mit-hund","11":"product_tag-bewachungsgewerbe","12":"product_tag-dguv23","13":"product_tag-diensthundeausbildung","14":"product_tag-diensthundefuehrer","15":"product_tag-hunde","16":"product_tag-hundefuehrer","17":"product_tag-ihk-diensthundefuehrer","18":"product_tag-ihk-zertifikat","19":"product_tag-polizei","20":"product_tag-polizeihund","21":"product_tag-schutzhund","22":"product_tag-sicherheitsdienst","23":"product_tag-wachhund","25":"first","26":"instock","27":"virtual","28":"taxable","29":"purchasable","30":"product-type-simple"},"_links":{"self":[{"href":"https:\/\/spuerhundeschule.de\/de\/wp-json\/wp\/v2\/product\/325544","targetHints":{"allow":["GET"]}}],"collection":[{"href":"https:\/\/spuerhundeschule.de\/de\/wp-json\/wp\/v2\/product"}],"about":[{"href":"https:\/\/spuerhundeschule.de\/de\/wp-json\/wp\/v2\/types\/product"}],"wp:featuredmedia":[{"embeddable":true,"href":"https:\/\/spuerhundeschule.de\/de\/wp-json\/wp\/v2\/media\/325545"}],"wp:attachment":[{"href":"https:\/\/spuerhundeschule.de\/de\/wp-json\/wp\/v2\/media?parent=325544"}],"wp:term":[{"taxonomy":"product_brand","embeddable":true,"href":"https:\/\/spuerhundeschule.de\/de\/wp-json\/wp\/v2\/product_brand?post=325544"},{"taxonomy":"product_cat","embeddable":true,"href":"https:\/\/spuerhundeschule.de\/de\/wp-json\/wp\/v2\/product_cat?post=325544"},{"taxonomy":"product_tag","embeddable":true,"href":"https:\/\/spuerhundeschule.de\/de\/wp-json\/wp\/v2\/product_tag?post=325544"}],"curies":[{"name":"wp","href":"https:\/\/api.w.org\/{rel}","templated":true}]}}