{"id":325542,"date":"2020-09-19T20:00:14","date_gmt":"2020-09-19T20:00:14","guid":{"rendered":"https:\/\/spuerhundeschule.de\/de\/?post_type=product&#038;p=325542"},"modified":"2024-01-04T14:12:14","modified_gmt":"2024-01-04T13:12:14","slug":"diensthundfuehrer-industrie-ihk-2","status":"publish","type":"product","link":"https:\/\/spuerhundeschule.de\/de\/produkt\/diensthundfuehrer-industrie-ihk-2\/","title":{"rendered":"Diensthundf\u00fchrer Industrie IHK mit Meldeaufgaben"},"content":{"rendered":"<h2>2-4 Wochen Grundlehrgang zum Erwerb des IHK-Zertifikates Diensthundef\u00fchrer Industrie (IHK) f\u00fcr Wach-und Meldehunde 160 UE<\/h2>\n<p><strong>Voraussetzungen zum Zertifikatserwerb<\/strong><br \/>\nZum Zertifikatstest \u201eDiensthundef\u00fchrer Industrie (IHK)\u201c kann zugelassen werden, wer den entsprechenden Weiterbildungslehrgang \u00fcber mindestens 160 UE nach dem Rahmenplan \u201eDiensthundef\u00fchrer Industrie (IHK)\u201c belegt hat und eine entsprechende praktische Pr\u00fcfung absolviert und bestanden hat.<\/p>\n<h2>Themenbereich Theorie<\/h2>\n<ul>\n<li>Diensthundewesen<\/li>\n<li>Aufgabenstellungen<\/li>\n<li>Voraussetzungen von Diensthundef\u00fchrern<\/li>\n<li>Der Diensthund \u2013 seine Entwicklung, gegenw\u00e4rtiger Stand und Voraussetzungen<\/li>\n<li>Verhaltensbiologie des Hundes<\/li>\n<li>Theoretische Grundlagen der Hundeausbildung<\/li>\n<li>Theoretische Grundlagen f\u00fcr die spezielle Diensthundeausbildung<\/li>\n<li>Auswahl des Hundes<\/li>\n<li>Haltung und Transport von Diensthunden<\/li>\n<li>Kommunikation Mensch-Hund<\/li>\n<li>Allgemeine Einsatzaspekte<\/li>\n<li>Einsatztaktik<\/li>\n<li>Besondere Einsatzkriterien<\/li>\n<li>Rechtskunde<\/li>\n<li>Dienstanweisungen und ihre Bedeutung<\/li>\n<li>Sicherer Umgang mit Diensthunden<\/li>\n<li>Fachwissen<\/li>\n<li>Hundekrankheiten<\/li>\n<li>Erste-Hilfe-Hund<\/li>\n<li>Grundlagen der Hundeern\u00e4hrung<\/li>\n<\/ul>\n<h2>Themenbereich Praxis<\/h2>\n<ul>\n<li>Einf\u00fchrung in die Praxis und \u00dcberpr\u00fcfung des Ausbildungsstandes<\/li>\n<li>Praktisches Training und Mindestanforderungen<\/li>\n<li>Abl\u00e4ufe im praktischen Training<\/li>\n<li>Training der Eigensicherung<\/li>\n<li>Training verschiedener Einsatzsituationen<\/li>\n<li>Wechseleinsatzbereiche<\/li>\n<li>Abteilung B Gehorsam<\/li>\n<li>Aufbau und Wiederholungen<\/li>\n<li>Vorbereitung und anschlie\u00dfende praktische Pr\u00fcfung Abt.B<\/li>\n<\/ul>\n<h2>Praktische Pr\u00fcfung Dienstpr\u00fcfungsordnung (DPO-K9SEC)<\/h2>\n<p>Die praktische Pr\u00fcfung in Abteilung B nach DPO-SECK9 erfolgt an der K9 Detection Dog School Germany GmbH, sobald der Hund die Pr\u00fcfungsreife erreicht hat. Dies ist Zulassungsbedinung zur theoretischen Pr\u00fcfung vor der IHK. Nach bestandener Pr\u00fcfung erstellen wir ein Zertifikat.<\/p>\n<h2>Theoretische Pr\u00fcfung IHK schriftlich CEMES<\/h2>\n<p>Die theoretische Pr\u00fcfung erfolgt an der K9 Detection Dog School Germany GmbH online \u00fcber die IHK Pr\u00fcfungsplattform CEMES in unseren Seminarr\u00e4umen. Nach erfolgreiche bestandener schriftlichen Pr\u00fcfung, ergeht das Zertifikat durch die IHK Cottbus. Die Pr\u00fcfungsdauer betr\u00e4gt 90 Minuten. Es sind keine Hilfsmittel (z. B. Taschenrechner, Literatur, elektronische Hilfsmittel, etc.) zugelassen.<br \/>\nDer Test gilt als bestanden, wenn \u00fcber 50% der maximalen Punktzahl erreicht wurde. Der Test ist zum regul\u00e4ren Zertifizierungstermin zu absolvieren. Ein nicht bestandener Test kann einmal zum n\u00e4chstm\u00f6glichen Termin wiederholt werden. F\u00fcr den Wiederholungstest wird die jeweils aktuelle Pr\u00fcfungsgeb\u00fchr, zzgl. MwSt., erhoben. F\u00fcr die Durchf\u00fchrung des Zertifizierungsverfahrens und die Ausfertigung des Zertifikats berechnet das IHK-Bildungszentrum Cottbus eine Geb\u00fchr in H\u00f6he von 320,00 Euro zzgl. MwSt. Der\/die Teilnehmer\/in erh\u00e4lt eine Rechnung. Die Teilnahmegeb\u00fchr ist bis sp\u00e4testens 14 Tage vor dem Pr\u00fcfungstermin zu entrichten.<\/p>\n<h2>Kosten<\/h2>\n<p>\u00dcbernachtungskosten sind nicht im Preis enthalten. Wir k\u00f6nnen Ihnen aber gern zu unseren Preisen die \u00dcbernachtung vermitteln.<\/p>\n<h3 class=\"fittexted_for_content_h3\">Block- und Einzelunterricht auf Anfrage m\u00f6glich<\/h3>\n<p>&nbsp;<\/p>\n<p><a href=\"https:\/\/spuerhundeschule.de\/anfrage-sicherheitsdienstleistungen\" target=\"_blank\" rel=\"noopener noreferrer\"><img loading=\"lazy\" decoding=\"async\" class=\"size-medium wp-image-1736 aligncenter\" src=\"http:\/\/spuerhundeschule.de\/de\/wp-content\/uploads\/2015\/01\/Individuelle-Anfrage-zum-Produkt-300x99.jpg\" alt=\"Individuelle Anfrage zum Produkt\" width=\"300\" height=\"99\" srcset=\"https:\/\/spuerhundeschule.de\/de\/wp-content\/uploads\/2015\/01\/Individuelle-Anfrage-zum-Produkt-300x99.jpg 300w, https:\/\/spuerhundeschule.de\/de\/wp-content\/uploads\/2015\/01\/Individuelle-Anfrage-zum-Produkt-200x66.jpg 200w, https:\/\/spuerhundeschule.de\/de\/wp-content\/uploads\/2015\/01\/Individuelle-Anfrage-zum-Produkt-50x17.jpg 50w, https:\/\/spuerhundeschule.de\/de\/wp-content\/uploads\/2015\/01\/Individuelle-Anfrage-zum-Produkt.jpg 345w\" sizes=\"auto, (max-width: 300px) 100vw, 300px\" \/><\/a><\/p>\n","protected":false},"excerpt":{"rendered":"<p>Speziallehrgang, Ausbidung Diensthundf\u00fchrer Industrie IHK mit Abschlu\u00df<\/p>\n","protected":false},"featured_media":326477,"template":"","meta":{"_price":"2500","_stock":"","_tribe_ticket_header":"","_tribe_default_ticket_provider":"","_ticket_start_date":"","_ticket_end_date":"","_tribe_ticket_show_description":"","_tribe_ticket_show_not_going":false,"_tribe_ticket_use_global_stock":"","_tribe_ticket_global_stock_level":"","_global_stock_mode":"","_global_stock_cap":"","_tribe_rsvp_for_event":"","_tribe_ticket_going_count":"","_tribe_ticket_not_going_count":"","_tribe_tickets_list":"[]","_tribe_ticket_has_attendee_info_fields":false},"product_brand":[],"product_cat":[515,938,535,939],"product_tag":[549,940,941,634,547,751,662,666,942,545,633,546,663,883],"class_list":{"0":"post-325542","1":"product","2":"type-product","3":"status-publish","4":"has-post-thumbnail","6":"product_cat-dienstleistungen","7":"product_cat-ihk-ausbildung","8":"product_cat-ticket","9":"product_cat-vollzeitausbildungen-ihk-lba","10":"product_tag-abwehr-mit-hund","11":"product_tag-bewachungsgewerbe","12":"product_tag-dguv23","13":"product_tag-diensthundeausbildung","14":"product_tag-diensthundefuehrer","15":"product_tag-hunde","16":"product_tag-hundefuehrer","17":"product_tag-ihk-diensthundefuehrer","18":"product_tag-ihk-zertifikat","19":"product_tag-polizei","20":"product_tag-polizeihund","21":"product_tag-schutzhund","22":"product_tag-sicherheitsdienst","23":"product_tag-wachhund","25":"first","26":"instock","27":"virtual","28":"taxable","29":"purchasable","30":"product-type-simple"},"_links":{"self":[{"href":"https:\/\/spuerhundeschule.de\/de\/wp-json\/wp\/v2\/product\/325542","targetHints":{"allow":["GET"]}}],"collection":[{"href":"https:\/\/spuerhundeschule.de\/de\/wp-json\/wp\/v2\/product"}],"about":[{"href":"https:\/\/spuerhundeschule.de\/de\/wp-json\/wp\/v2\/types\/product"}],"wp:featuredmedia":[{"embeddable":true,"href":"https:\/\/spuerhundeschule.de\/de\/wp-json\/wp\/v2\/media\/326477"}],"wp:attachment":[{"href":"https:\/\/spuerhundeschule.de\/de\/wp-json\/wp\/v2\/media?parent=325542"}],"wp:term":[{"taxonomy":"product_brand","embeddable":true,"href":"https:\/\/spuerhundeschule.de\/de\/wp-json\/wp\/v2\/product_brand?post=325542"},{"taxonomy":"product_cat","embeddable":true,"href":"https:\/\/spuerhundeschule.de\/de\/wp-json\/wp\/v2\/product_cat?post=325542"},{"taxonomy":"product_tag","embeddable":true,"href":"https:\/\/spuerhundeschule.de\/de\/wp-json\/wp\/v2\/product_tag?post=325542"}],"curies":[{"name":"wp","href":"https:\/\/api.w.org\/{rel}","templated":true}]}}