{"id":325435,"date":"2020-04-26T18:45:40","date_gmt":"2020-04-26T18:45:40","guid":{"rendered":"https:\/\/spuerhundeschule.de\/de\/?post_type=product&#038;p=325435"},"modified":"2024-04-03T12:31:09","modified_gmt":"2024-04-03T10:31:09","slug":"borkenkaefer-spuerhund-einsatz","status":"publish","type":"product","link":"https:\/\/spuerhundeschule.de\/de\/produkt\/borkenkaefer-spuerhund-einsatz\/","title":{"rendered":"Einsatz eines Borkenk\u00e4fer Sp\u00fcrhund Team"},"content":{"rendered":"<p>Basispreis f\u00fcr einen Einsatz f\u00fcr einen Borkenk\u00e4fersp\u00fcrhund mit Hundef\u00fchrer, an einem Einsatzort Ihrer Wahl, innerhalb Europas.<\/p>\n<p>Sie k\u00f6nnen hier den Einsatz eines Borkenk\u00e4fer Suchhunde-Team zum Aufsp\u00fcren von Borkenk\u00e4fern, Buchdruckern (K\u00e4fer) an Ihrem Ort erwerben. Nach dem Kauf in diesem Shop wird sich die Einsatzleitung innerhalb von 3-6 Stunden bei Ihnen melden und den genauen Einsatztermin und Ort, sowie andere Fragen mit Ihnen abzukl\u00e4ren. Der Borkenk\u00e4fer ist ein schlimmer Sch\u00e4dling, den unsere K\u00e4fersp\u00fcrhunde zuverl\u00e4ssig auffinden.<\/p>\n<p>Der Basispreis f\u00fcr den Einsatz bezieht sich auf den Einsatz eines Teams!<\/p>\n<p><strong>Ein Einsatzteam ist nicht ausreichend!<\/strong><\/p>\n<ul>\n<li><strong>Tagespauschale bis maximal 6 Stunden<\/strong>. Jede weitere Einsatz-Stunde berechnen wir zu einem Stundensatz von 120 \u20ac. Der zust\u00e4ndige und eingeteilte Hundef\u00fchrer wird dies rechtzeitig mit Ihnen vorab abkl\u00e4ren.<\/li>\n<li>ein Team besteht jeweils aus einem Hundef\u00fchrer und einem Sp\u00fcrhund<\/li>\n<li>alle Preise inkl. gesetzlicher MwSt. von derzeit 19 %<\/li>\n<li>bei k\u00fcrzeren Eins\u00e4tzen wird der Basispreis f\u00e4llig.<\/li>\n<\/ul>\n<p>Die <strong>Anfahrtszeit<\/strong> wird zus\u00e4tzlich berechnet, es fallen jeweils pro gefahrenen Kilometer 0,43 Euro Geb\u00fchren an.<\/p>\n<p>Bei Fahrten \u00fcber 400 Kilometer pro einfache Fahrstrecke werden \u00dcbernachtungskosten von derzeit 90 Euro pro Team berechnet.<\/p>\n<ul>\n<li style=\"list-style-type: none;\"><\/li>\n<\/ul>\n<h3 class=\"more-space\"><strong> Bereicherung f\u00fcr die Forstwirtschaft: der Borkenk\u00e4fersuchhund! <\/strong><\/h3>\n<div><\/div>\n<div class=\"text-content\">Die Gefahren, die das w\u00e4rmere Wetter so mit sich bringt.<\/div>\n<div class=\"text-content\">\n<p>Der Fr\u00fchling nimmt Fahrt auf und das eigentlich viel zu schnell! Grunds\u00e4tzlich freuen die B\u00fcrger sich dar\u00fcber, Vitamin D, Sonne, Gl\u00fccksgef\u00fchle, eigentlich ist das ein sch\u00f6ner Zustand, wenn alles gr\u00fcnt und bl\u00fcht. Doch leider gibt es auch Schattenseiten, die der das Fr\u00fchjahr so mit sich bringt. Die milden Temperaturen machen sich auch in der Tierwelt und Pflanzenwelt bemerkbar, oftmals zum Leidwesen der Bauern und Waldbesitzer. Neben einer W\u00fchlmausplage, bei denen die aktiven W\u00fchlm\u00e4use die Wurzeln auf den Feldern wegfressen, hat der Borkenk\u00e4fer (<em>Buchdrucker<\/em>, <em>Kupferstecher<\/em>, <em>zw\u00f6lfz\u00e4hniger<\/em> <em>Kiefernborkenk\u00e4fer<\/em>, <em>sechsz\u00e4hniger Kiefernborkenk\u00e4fer<\/em>, <em>gestreifter<\/em> <em>Nutzholzborkenk\u00e4fer<\/em>, <em>gro\u00dfer L\u00e4rchenborkenk\u00e4fer<\/em>)\u00a0 jetzt schon Hochkonjunktur.<\/p>\n<p>Sobald es w\u00e4rmer\/milder wird, werden die ersten Borkenk\u00e4fer gesichtet.<\/p>\n<p>Der Borkenk\u00e4fer ist ein gef\u00fcrchteter Waldsch\u00e4dling, der umgefallene B\u00e4ume sch\u00e4digt und bei nicht rechtzeitigem Eingreifen auch auf gesunde B\u00e4ume \u00fcbergreift. F\u00fcr einen Waldbesitzer k\u00f6nnte es nichts Schlimmeres geben, wenn er die gesunden B\u00e4ume in diesen Zeiten verfr\u00fcht f\u00e4llen muss.<\/p>\n<p>Wir alle wissen, nach den Winterst\u00fcrmen ist so viel Holz wie noch nie in den W\u00e4ldern zu finden. Es stapelt sich und es gibt kaum noch Abnehmer daf\u00fcr. Der Preis f\u00fcr Holz ist im Keller, da es einfach viel zu viel davon gibt. F\u00e4hrt man an S\u00e4gewerken vorbei, wei\u00df man, wovon man hier spricht. Holzst\u00e4mme \u00fcber Holzst\u00e4mme, in die H\u00f6he gestapelt, so weit das Auge reicht.<\/p>\n<p>Bleibt das Holz zu lange im Wald liegen und die Temperaturen werden immer w\u00e4rmer, ist der Borkenk\u00e4fer nicht weit. Es sind ideale Bedingungen f\u00fcr ihn, sich breit zu machen, sich zu vermehren und die B\u00e4ume systematisch zu zerfressen und unbrauchbar zu machen. Oft ist dann nur noch Chemie eine L\u00f6sung, doch wer kann es guthei\u00dfen, in seinem sch\u00f6nen Fleck Wald Chemiefallen aufzustellen? Es k\u00f6nnte f\u00fcr die Waldtiere und andere Pflanzen eine Gefahr darstellen.<\/p>\n<p>Es muss eine L\u00f6sung geben, um zeitnah Bescheid zu wissen und B\u00e4ume daraufhin gezielt f\u00e4llen zu k\u00f6nnen.<\/p>\n<h2>Den Borkenk\u00e4fer mit einem K\u00e4fersp\u00fcrhund ausfindig machen<\/h2>\n<\/div>\n<div class=\"text-content\">\n<p>Viele Waldbesitzer wissen gar nicht, wo sie anfangen sollen. In den W\u00e4ldern befindet sich so viel Schadholz, es ist ein immenser Aufwand den eigenen Wald wieder herzurichten.<\/p>\n<p>Priorit\u00e4t 1 haben die B\u00e4ume, die vom Borkenk\u00e4fer bedroht und befallen werden. Hierbei k\u00f6nnen unsere speziell daf\u00fcr ausgebildeter Sp\u00fcrhunde helfen. Denn Hunde sind nicht nur wertvolle &#8222;Ermittler&#8220; bei Drogendelikten, nein ihre Sp\u00fcrnase kann noch in vielen weiteren Bereichen zum Einsatz kommen, genau da, wo sie gerade dringend gebraucht wird.<\/p>\n<p>Wie Sie auf unserer Webseite sehen bilden wir Datentr\u00e4gersp\u00fcrhunde, Drogensp\u00fcrhunde und eben auch Sp\u00fcrhunde, die Borkenk\u00e4fer erschn\u00fcffeln k\u00f6nnen aus und setzen die Hundeteams auch selbst weltweit ein.<\/p>\n<p>F\u00fcr die Forstwirtschaft wird dies in Zukunft noch eine gro\u00dfe Bereicherung sein. F\u00fcr den Hund k\u00f6nnte sein Wirkungskreis auch deutlich schlimmer sein, er genie\u00dft die Zeit im Wald garantiert sehr. Doch das Schn\u00fcffeln ist f\u00fcr solche Top-Hunde immer eine extreme Arbeit, ein gro\u00dfes Lob darf danach niemals fehlen!<\/p>\n<p>Es geht \u00fcbrigens darum, den Borkenk\u00e4ferbefall rechtzeitig zu entdecken, dies ist mit Hilfe eines Sp\u00fcrhundes m\u00f6glich.<\/p>\n<p>Dadurch k\u00f6nnen schlimmer Sch\u00e4den verhindert werden. Bereits im Jahr 2005 lie\u00df die Bayerische Landesanstalt f\u00fcr Wald und Forstwirtschaft (LWF)die Fichtenbest\u00e4nde auf Borkenk\u00e4ferbefall absuchen, mit Hilfe von Sp\u00fcrhunden wohlgemerkt. Diese trainierten Superschn\u00fcffler konnten die Waldbest\u00e4nde selbstst\u00e4ndig auf den Duft\/Geruch von K\u00e4fer, K\u00e4ferbrut und Bohrmehl absuchen. Die Sp\u00fcrhundeschule hat sich unter anderem darauf spezialisiert, die Hundesp\u00fcrnasen sinnvoll im Kampf gegen den Borkenk\u00e4fer einzusetzen. Unsere Firma hat es sich zur Hauptaufgabe gemacht, den Borkenk\u00e4fer den Garaus zu machen!<\/p>\n<p>Wir bieten den Einsatz von speziell ausgebildeten Sp\u00fcrhunden an und koordinieren die Operation. Die speziell trainierten Schn\u00fcffelnasen riechen die Pheromone des Buchdruckers (K\u00e4fer) direkt nach dem Befall eines Baumes und das aus 100 Meter Entfernung. Alle anderen Borkenk\u00e4ferarten k\u00f6nnen wir nach entsprechender Konditionierung der Hunde ebenfalls detektieren. Dies konnte gem\u00e4\u00df vieler Tests herausgefunden werden. Diese Distanz ist schon enorm und die Sp\u00fcrnasen sind zu so einer H\u00f6chstleistung in der Lage. Es kann daher deutlich fr\u00fcher eine Gefahr angezeigt werden. Es ist nicht zu vergleichen, wenn der Forstmitarbeiter eine optische Kontrolle vollzieht. Er kann nur seine Augen nutzen, um Bohrmehl, Einbohrl\u00f6cher oder Harzfluss zu erkennen. Die schwedische Universit\u00e4t SLU hat diese Angelegenheit genau durchleuchtet und kam zu dem Entschluss, dass der Borkenk\u00e4fer Hund eine empfehlenswerte M\u00f6glichkeit ist, Borkenk\u00e4fer fr\u00fchzeitig festzustellen. Der Forstbetrieb kann daraufhin die befallenen B\u00e4ume umgehend f\u00e4llen lassen, um zu vermeiden, dass die Jungk\u00e4fer ausfliegen. Somit wird der Worst Case verhindert. Unser Borkenk\u00e4fer-Snifferdogs suchen mit ihren ausgebildeten Hunden 10 ha pro Stunde ab.<\/p>\n<p>Es gibt so viele schreckliche Meldungen auf dieser erbarmungslosen Welt des Klimawandels. Sp\u00fcrhunde, die den Borkenk\u00e4fer erschn\u00fcffeln k\u00f6nnen, sind wahrlich eine gute Nachricht! Diese Hunde leisten so viel und wir Menschen k\u00f6nnen einfach nur dankbar sein, dass wir die treuen Vierbeiner an unserer Seite haben d\u00fcrfen. Es gibt immer wieder neue Erfindungen, die f\u00fcr den Konsum erschaffen werden, was sicherlich auch im Alltag hilfreich ist. Die trainierten Borkenk\u00e4fersuchhunde sind f\u00fcr das t\u00e4gliche Leben der Spazierg\u00e4nger, Waldbesitzer und Forstleute ein kostbarer Schatz. Da wir auch in Zukunft mit gravierenden Klimaver\u00e4nderungen leben m\u00fcssen (z. B. Winterst\u00fcrme, D\u00fcrresommer&#8230;) werden wir die Sp\u00fcrnasen mehr denn je dringend brauchen.<\/p>\n<p>Der Hund stammt vom Wolf ab seine Heimat ist der gesunde Wald, lassen Sie ihn helfen Ihren, &#8222;seinen Wald&#8220; zu retten.<\/p>\n<\/div>\n<p><strong>F\u00fcr ein individuelles Angebot benutzen Sie bitte den unten stehenden Link.<\/strong><\/p>\n<p><a href=\"https:\/\/spuerhundeschule.de\/anfrage-sicherheitsdienstleistungen\" target=\"_blank\" rel=\"noopener noreferrer\"><img loading=\"lazy\" decoding=\"async\" class=\"size-medium wp-image-1736 aligncenter\" src=\"http:\/\/spuerhundeschule.de\/de\/wp-content\/uploads\/2015\/01\/Individuelle-Anfrage-zum-Produkt-300x99.jpg\" alt=\"Individuelle Anfrage zum Produkt\" width=\"300\" height=\"99\" srcset=\"https:\/\/spuerhundeschule.de\/de\/wp-content\/uploads\/2015\/01\/Individuelle-Anfrage-zum-Produkt-300x99.jpg 300w, https:\/\/spuerhundeschule.de\/de\/wp-content\/uploads\/2015\/01\/Individuelle-Anfrage-zum-Produkt-200x66.jpg 200w, https:\/\/spuerhundeschule.de\/de\/wp-content\/uploads\/2015\/01\/Individuelle-Anfrage-zum-Produkt-50x17.jpg 50w, https:\/\/spuerhundeschule.de\/de\/wp-content\/uploads\/2015\/01\/Individuelle-Anfrage-zum-Produkt.jpg 345w\" sizes=\"auto, (max-width: 300px) 100vw, 300px\" \/><\/a><\/p>\n","protected":false},"excerpt":{"rendered":"<p>Basispreis f\u00fcr einen Borkenk\u00e4fer-Suchhundeinsatz eines Diensthundef\u00fchrers mit Borkenk\u00e4ferhund, an einem Einsatzort Ihrer Wahl, innerhalb Europas. Die genauen Einsatzmodalit\u00e4ten k\u00f6nnen vorab oder nach Bestellung mit uns abgestimmt werden. Wir arbeiten f\u00fcr staatliche Forstverwaltungen, Waldbauern und Privatwaldbesitzer.<\/p>\n","protected":false},"featured_media":326719,"template":"","meta":{"_price":"820","_stock":"","_tribe_ticket_header":"","_tribe_default_ticket_provider":"","_ticket_start_date":"","_ticket_end_date":"","_tribe_ticket_show_description":"","_tribe_ticket_show_not_going":false,"_tribe_ticket_use_global_stock":"","_tribe_ticket_global_stock_level":"","_global_stock_mode":"","_global_stock_cap":"","_tribe_rsvp_for_event":"","_tribe_ticket_going_count":"","_tribe_ticket_not_going_count":"","_tribe_tickets_list":"[]","_tribe_ticket_has_attendee_info_fields":false},"product_brand":[],"product_cat":[516],"product_tag":[888,898,897,889,891,925,895],"class_list":{"0":"post-325435","1":"product","2":"type-product","3":"status-publish","4":"has-post-thumbnail","6":"product_cat-spezialhundeeinsaetze","7":"product_tag-borkenaefer","8":"product_tag-borkenkaefer-aufspueren","9":"product_tag-borkenkaeferplage","10":"product_tag-borkenkaeferspuerhund","11":"product_tag-buchdrucker","12":"product_tag-buchdruckerspuerhund","13":"product_tag-fichtenbefall","15":"first","16":"instock","17":"virtual","18":"taxable","19":"purchasable","20":"product-type-simple"},"_links":{"self":[{"href":"https:\/\/spuerhundeschule.de\/de\/wp-json\/wp\/v2\/product\/325435","targetHints":{"allow":["GET"]}}],"collection":[{"href":"https:\/\/spuerhundeschule.de\/de\/wp-json\/wp\/v2\/product"}],"about":[{"href":"https:\/\/spuerhundeschule.de\/de\/wp-json\/wp\/v2\/types\/product"}],"wp:featuredmedia":[{"embeddable":true,"href":"https:\/\/spuerhundeschule.de\/de\/wp-json\/wp\/v2\/media\/326719"}],"wp:attachment":[{"href":"https:\/\/spuerhundeschule.de\/de\/wp-json\/wp\/v2\/media?parent=325435"}],"wp:term":[{"taxonomy":"product_brand","embeddable":true,"href":"https:\/\/spuerhundeschule.de\/de\/wp-json\/wp\/v2\/product_brand?post=325435"},{"taxonomy":"product_cat","embeddable":true,"href":"https:\/\/spuerhundeschule.de\/de\/wp-json\/wp\/v2\/product_cat?post=325435"},{"taxonomy":"product_tag","embeddable":true,"href":"https:\/\/spuerhundeschule.de\/de\/wp-json\/wp\/v2\/product_tag?post=325435"}],"curies":[{"name":"wp","href":"https:\/\/api.w.org\/{rel}","templated":true}]}}