{"id":325411,"date":"2020-04-25T11:52:29","date_gmt":"2020-04-25T11:52:29","guid":{"rendered":"https:\/\/spuerhundeschule.de\/de\/?post_type=product&#038;p=325411"},"modified":"2025-02-24T09:21:55","modified_gmt":"2025-02-24T08:21:55","slug":"hundefuehrer-zertifizierte-ausbildung-zum-borkenkaefer-spuerhund","status":"publish","type":"product","link":"https:\/\/spuerhundeschule.de\/de\/produkt\/hundefuehrer-zertifizierte-ausbildung-zum-borkenkaefer-spuerhund\/","title":{"rendered":"Ausbildung zum Borkenk\u00e4fer-Sp\u00fcrhund-Team"},"content":{"rendered":"<h2 class=\"fittexted_for_content_h2\">Zertifizierte Ausbildung zum Hundef\u00fchrer Borkenk\u00e4fer-Sp\u00fcrhund-Team (Buchdruckersp\u00fcrhund) national und international<\/h2>\n<p>Offizieller Ausbildungsbetrieb, gelistet im Bundesanzeiger.<\/p>\n<p><img loading=\"lazy\" decoding=\"async\" class=\"alignnone wp-image-2415\" src=\"https:\/\/spuerhundeschule.de\/de\/wp-content\/uploads\/2017\/12\/Bundesanzeiger-300x64.jpg\" sizes=\"auto, (max-width: 366px) 100vw, 366px\" srcset=\"https:\/\/spuerhundeschule.de\/de\/wp-content\/uploads\/2017\/12\/Bundesanzeiger-300x64.jpg 300w, https:\/\/spuerhundeschule.de\/de\/wp-content\/uploads\/2017\/12\/Bundesanzeiger-768x163.jpg 768w, https:\/\/spuerhundeschule.de\/de\/wp-content\/uploads\/2017\/12\/Bundesanzeiger-1024x217.jpg 1024w, https:\/\/spuerhundeschule.de\/de\/wp-content\/uploads\/2017\/12\/Bundesanzeiger-200x42.jpg 200w\" alt=\"\" width=\"366\" height=\"78\"><\/p>\n<p><strong>Konditionierung an lebenden Material, Sp\u00e4ne, <span class=\"ILfuVd\"><span class=\"e24Kjd\"><b>Pheromone <\/b><\/span><\/span>zur Grundkonditionierung!<\/strong><\/p>\n<p>Auf Grund der hohen Nachfrage an seri\u00f6sen Ausbildungseinrichtungen f\u00fcr Borkenk\u00e4fer-Sp\u00fcrhunde (Buchdrucker)&nbsp; im Sektor Forstbeh\u00f6rden, Wald- und Forstwirtschaft sowie Umweltinstitutionen, hat es sich die K9 Detection Dog School Germany GmbH zur Aufgabe gemacht, ihr kynologisches Wissen, Einsatzstandards und Taktiken in Vollzeitausbildungen weiter zugeben.<\/p>\n<p><strong><em>Grundvoraussetzungen der Ausbildung:<\/em><\/strong> Sehr guter Spiel- und Beutetrieb, keine gesundheitlichen Einschr\u00e4nkungen, gutes Sozialverhalten, kein bis geringer Jagdtrieb, Grundvoraussetzungen der Motorik, Haftpflichtversicherung, aktuelle Impfungen. <strong>Mindestalter der Hunde 11 Monate!<\/strong><\/p>\n<p><strong><em>Dauer der Schulung:<\/em> <\/strong>Die Ausbildung findet an der K9 Detection Dog School Germany GmbH statt und nimmt ca. 9-12 Wochen in Anspruch. Nach 5 Wochen wird das Training f\u00fcr 7 Tage unterbrochen.<\/p>\n<p><strong><em>Ablaufplan: <\/em><\/strong>Die Ausbildung erfolgt jeweils von Montag bis Freitag im Schulungzentrum der K9 Detection Dog School Germany GmbH in Vollzeit. Selbstverst\u00e4ndlich gestalten wir f\u00fcr Sie die Schulung auch individuell im Blockunterricht, dazu senden Sie uns Ihre Vorschl\u00e4ge bitte in folgendem Link:<\/p>\n<p><a class=\"fasc-button fasc-size-xlarge fasc-type-popout fasc-rounded-medium fasc-ico-after dashicons-arrow-right\" style=\"background-color: #212920; color: #ffffff;\" href=\"https:\/\/spuerhundeschule.de\/anfrage-sicherheitsdienstleistungen\">Fragen zur Ausbildung<\/a><\/p>\n<p><strong><em>Abschluss und Pr\u00fcfung:<\/em><\/strong> Eine Woche vor Abschluss des Lehrgangs, finde die Zertifizierung statt.<\/p>\n<p><strong><em>Ausr\u00fcstung:<\/em><\/strong> 2 F\u00fchrerleinen, Maulkorb, Kenndecke, 2 Halsb\u00e4nder f\u00fcr den Hund, Wassersch\u00fcssel, Hundefutter, Erste Hilfe Packet, Impfausweis mit aktueller Tollwutimpfung, Kopie Haftpflichtversicherung, Hundetransportbox und&nbsp;Schreibutensilien f\u00fcr Notizen.<\/p>\n<p><strong><em>Tierarzt: <\/em><\/strong>F\u00fcr Notf\u00e4lle w\u00e4hrend der Ausbildung, steht f\u00fcr Ihre Vierbeiner eine Tierklinik unweit vom Hotel zur Verf\u00fcgung.<\/p>\n<p><strong>Eine Anmeldung ist solange m\u00f6glich bis dieses Produkt im Shop ausverkauft oder nicht mehr sichtbar ist.<\/strong><\/p>\n<p>In Fichtenw\u00e4ldern kommt es durch Borkenk\u00e4ferfra\u00df immer wieder zu verheerenden Sch\u00e4den.<\/p>\n<p>Verursacher ist vor allem der Buchdrucker (Borkenk\u00e4fer); seit dem Trockenjahr 2003 hat auch der wesentlich kleinere Kupferstecher ma\u00dfgeblich zum Absterben gro\u00dfer Fichtenbest\u00e4nde beigetragen.<\/p>\n<p>Der Buchdrucker(K\u00e4fer) ist den gem\u00e4\u00dfigten Breiten der gef\u00e4hrlichste Borkenk\u00e4fer und Forstsch\u00e4dling.<\/p>\n<p>Ausgangspunkt von Massenvermehrungen sind Schadereignisse wie Windwurf, Schneebruch oder Trockenheit.<\/p>\n<p>Zur Bek\u00e4mpfungserfolgen setzt die K9 Detection Dog School Germany GmbH spezielle Sp\u00fcrhunde ein um diese Sch\u00e4dlinge in W\u00e4ldern fr\u00fchzeitg zu erkennen.<\/p>\n<p>Seminare und Workshops um sich zum Hundef\u00fchrer eines Borkenk\u00e4fersp\u00fcrhundes ausbilden zu lassen k\u00f6nnen Sie in unserem Shop ganz bequem online buchen.<\/p>\n<p>Die M\u00f6glichkeit f\u00fcr eine Vollzeitausbildung mit Zertifikat als <a href=\"http:\/\/spuerhundeschule.de\/de\/produkt\/alb-anopolphoraspuerhund-basis-einsatz-eines-alb-anopolphoraspuerhunde-team\/\" target=\"_blank\" rel=\"noopener noreferrer\">Borkenk\u00e4fer Sp\u00fcrhund-Team<\/a>, k\u00f6nnen Sie ebenfalls in der K9 Detection Dog School GmbH absolvieren.<\/p>\n<p><strong>Vorteile eines Borkenk\u00e4fer Sp\u00fcrhundes<\/strong> ist zum Beispiel die Suche an lebenden B\u00e4umen. Das hei\u00dft; Monitoring findet in den betroffenen Gebieten mittels S\u00fcrhund an stehenden B\u00e4umen statt. Kosteneinsparung, durch wenige visuelle Kontrollen durch Waldarbeiter. Allerdings ist ein Verzicht auf Forstarbeiter nicht m\u00f6glich und auch nicht gewollt. Sp\u00fcrhunde und Forstmitarbeiterr arbeiten eng miteinander zusammen. Die Wahrnehmung der Ger\u00fcche eines Sp\u00fcrhundes ist von dem Entwicklungsstadium des Sch\u00e4dlings unabh\u00e4ngig. Eine verl\u00e4ssliche Anzeige aller Stadien ist daher sehr sicher m\u00f6glich. Geruchswahrnehmung durch Borkenk\u00e4fer-Sp\u00fcrhunde nach konditionierten Ger\u00fcchen, ist auch dort noch m\u00f6glich wo eine visuelle Feststellung von Sch\u00e4dlingen nicht m\u00f6glich ist.<\/p>\n<p>&nbsp;<\/p>\n<h2 class=\"fittexted_for_content_h2\">Inhalte nach hohen internationalen Qualit\u00e4t Standards mit folgenden Schwerpunkten:<\/h2>\n<ul>\n<li>Kynologie<\/li>\n<li>Effektivit\u00e4t<\/li>\n<li>Baumkunde<\/li>\n<li>K\u00e4ferkunde<\/li>\n<li>Einsatzlehre<\/li>\n<li>Grunds\u00e4tze im Umgang<\/li>\n<li>Pers\u00f6nliche Schutzausr\u00fcstung Wald (PSAw)<\/li>\n<li>Eigensicherung<\/li>\n<li>Erste Hilfe Hund<\/li>\n<li>Pr\u00fcfungen<\/li>\n<li>Ausbildung BoSpH SH<\/li>\n<li>Zertifizierung<\/li>\n<\/ul>\n","protected":false},"excerpt":{"rendered":"<p>Zertifizierte Ausbildung zum Hundef\u00fchrer Borkenk\u00e4fer-Sp\u00fcrhund-Team (Buchdruckersp\u00fcrhund) national und international Offizieller Ausbildungsbetrieb, gelistet im Bundesanzeiger. Konditionierung an lebenden Material, Sp\u00e4ne, Pheromone zur Grundkonditionierung! Auf Grund der hohen Nachfrage an seri\u00f6sen Ausbildungseinrichtungen f\u00fcr Borkenk\u00e4fer-Sp\u00fcrhunde (Buchdrucker)&nbsp; im&#46;&#46;&#46;<\/p>\n","protected":false},"featured_media":326370,"template":"","meta":{"_price":"8200","_stock":"","_tribe_ticket_header":"","_tribe_default_ticket_provider":"","_ticket_start_date":"","_ticket_end_date":"","_tribe_ticket_show_description":"","_tribe_ticket_show_not_going":false,"_tribe_ticket_use_global_stock":"","_tribe_ticket_global_stock_level":"","_global_stock_mode":"","_global_stock_cap":"","_tribe_rsvp_for_event":"","_tribe_ticket_going_count":"","_tribe_ticket_not_going_count":"","_tribe_tickets_list":"[]","_tribe_ticket_has_attendee_info_fields":false},"product_brand":[],"product_cat":[534],"product_tag":[888,898,897,889,891,895,901,890,662,892,607,558,749,555,894],"class_list":{"0":"post-325411","1":"product","2":"type-product","3":"status-publish","4":"has-post-thumbnail","6":"product_cat-vollzeitausbildung-zum-spuerhund","7":"product_tag-borkenaefer","8":"product_tag-borkenkaefer-aufspueren","9":"product_tag-borkenkaeferplage","10":"product_tag-borkenkaeferspuerhund","11":"product_tag-buchdrucker","12":"product_tag-fichtenbefall","13":"product_tag-fichtenwald","14":"product_tag-forstwirtschaft","15":"product_tag-hundefuehrer","16":"product_tag-schaedlingsbekaempfung","17":"product_tag-spuerhund","18":"product_tag-spuerhunde","19":"product_tag-spuerhundeausbildung-mit-klicker","20":"product_tag-suchhunde","21":"product_tag-wald","23":"first","24":"instock","25":"taxable","26":"shipping-taxable","27":"purchasable","28":"product-type-simple"},"_links":{"self":[{"href":"https:\/\/spuerhundeschule.de\/de\/wp-json\/wp\/v2\/product\/325411","targetHints":{"allow":["GET"]}}],"collection":[{"href":"https:\/\/spuerhundeschule.de\/de\/wp-json\/wp\/v2\/product"}],"about":[{"href":"https:\/\/spuerhundeschule.de\/de\/wp-json\/wp\/v2\/types\/product"}],"wp:featuredmedia":[{"embeddable":true,"href":"https:\/\/spuerhundeschule.de\/de\/wp-json\/wp\/v2\/media\/326370"}],"wp:attachment":[{"href":"https:\/\/spuerhundeschule.de\/de\/wp-json\/wp\/v2\/media?parent=325411"}],"wp:term":[{"taxonomy":"product_brand","embeddable":true,"href":"https:\/\/spuerhundeschule.de\/de\/wp-json\/wp\/v2\/product_brand?post=325411"},{"taxonomy":"product_cat","embeddable":true,"href":"https:\/\/spuerhundeschule.de\/de\/wp-json\/wp\/v2\/product_cat?post=325411"},{"taxonomy":"product_tag","embeddable":true,"href":"https:\/\/spuerhundeschule.de\/de\/wp-json\/wp\/v2\/product_tag?post=325411"}],"curies":[{"name":"wp","href":"https:\/\/api.w.org\/{rel}","templated":true}]}}