{"id":322700,"date":"2020-01-10T09:06:41","date_gmt":"2020-01-10T09:06:41","guid":{"rendered":"https:\/\/spuerhundeschule.de\/de\/?post_type=product&#038;p=322700"},"modified":"2025-08-03T14:26:25","modified_gmt":"2025-08-03T12:26:25","slug":"beschuetzerhund","status":"publish","type":"product","link":"https:\/\/spuerhundeschule.de\/de\/produkt\/beschuetzerhund\/","title":{"rendered":"Besch\u00fctzerhund f\u00fcr Familie"},"content":{"rendered":"<h2 class=\"more-space\"><strong> Der Hund, der treue Bodyguard <\/strong><\/h2>\n<h3 class=\"text-content\">Was macht einen vierbeinigen Bodyguard aus?<\/h3>\n<div class=\"text-content\">Ein Schutzhund ist nicht unbedingt auf eine Rasse festgelegt. Nat\u00fcrlich gibt es Rassen die besser geeignet sind, wie der Airedale Terrier, den Boxer, die Deutsche Dogge, der Deutsche Sch\u00e4ferhund, der Dobermann, der Hovawart, der Rottweiler und der Schnauzer.<br \/>\nEin Yorkshire Terrier hat zwar unter Umst\u00e4nden das Herz und die Seele eines K\u00e4mpfers, der f\u00fcr seine Familie t\u00f6ten und sterben w\u00fcrde, aber bei der Masse nimmt ihn einfach keiner Ernst.<\/p>\n<h3>Was macht ein Schutzhund?<\/h3>\n<p>Der Hund durchl\u00e4uft zusammen mit seinem Hundef\u00fchrer oder Halter ein spezielles Training und entsprechende Pr\u00fcfungen. Innerhalb dieses Trainings lernt de rHund das richtige Verteidigen und wie er Angreifer abwehren kann. Das Training kann als Sport quasi zum Spa\u00df betrieben werden oder professionell als Job. Ein Hund, der ein professioneller Schutzhund werden will, muss durch eine kompliziertere und strengere Ausbildung.<\/p>\n<h3>Der Schutzhund und seine Geschichte<\/h3>\n<p>Die Geschichte der Menschen und der Hunde ist extrem alt. Wahrscheinlich hatten schon die ersten Menschen Hunde in ihrer Begleitung. Daraus entwickelte sich, dass die Hunde mit einem starken Schutztrieb gezielt ausgebildet werden, damit sie verteidigen und besch\u00fctzen k\u00f6nnen. Es gibt viele Diensthunde, sowohl bei der Polizei, beim Zoll oder im Rettungsdienst, die einen tollen Job machen. Am bekanntesten sind die Schutzhunde.<\/p>\n<h3>Was macht einen guten Schutzhund aus?<\/h3>\n<p>Ein Hund, der Schutzhund werden soll, der muss ein ausgepr\u00e4gtes Selbstbewusstsein haben und dazu extrem ausgeglichen sein. Ein zuk\u00fcnftiger Schutzhund ist belastbar und l\u00e4sst sich nicht aus der Ruhe bringen und nicht reizen. Da der Hund viel lernen muss, um Schutzhund zu werden, sollte er lernbereit und arbeitsfreudig sein.<\/p>\n<h3>Was muss bei der Haltung eines Schutzhundes beachtet werden?<\/h3>\n<p>Im gro\u00dfen und ganzen ist ein Schutzhund ein normales Familienmitglied, wie jeder andere Hund auch. Aber er hat eine spezielle Ausbildung genossen. Er hat nicht nur eine Aufgabe, sondern er hat eine Berufung, er sch\u00fctzt. Daher ist eins wichtig, alle Familienmitglieder, die Umgang mit diesem Hund pflegen, sollten diese Besonderheit kennen und zu wissen wie es den Umgang mit dem Hund beeinflusst, beispielsweise bei den Spazierg\u00e4ngen. Das bedeutet aber nicht, dass der Hund nur in der Stadt oder nur auf dem Land leben muss.<\/p>\n<h3>Warum ein Schutzhund f\u00fcr eine Familie?<\/h3>\n<p>Viele Gr\u00fcnde sprechen daf\u00fcr, dass eine Familie einen Schutzhund aufnimmt. Wie wahrscheinlich jeder wei\u00df, ist der Hund der beste Freund des Menschen. Mit einer speziellen Ausbildung wird aus dem besten Freund des Menschen ein perfekter Bodyguard, der daf\u00fcr sorgt, dass sich alle sicher f\u00fchlen und die Atmosph\u00e4re harmonisch ist. Klar k\u00f6nnte man einen Haus oder eine Wohnung mit einer elektronischen Alarmanlage sichern und mechanische zus\u00e4tzliche Sicherungen verriegeln, aber ein Schutzhund gibt ein Gef\u00fchl von Sicherheit, ein solches Gef\u00fchl gibt weder etwas mechanischen noch etwas elektronisches. Ein gut ausgebildeter Schutzhund kann sich um das Haus und das Grundst\u00fcck k\u00fcmmern und passt auf die Familie auf. Viele w\u00fcrden einen Schutzhund als Luxus sehen, andere w\u00fcrden sagen, er ist eine Investition in die Sicherheit.<\/p>\n<p><strong>Vorteile eines Schutzhundes:<\/strong><br \/>\n&#8211; Ein Schutzhund ist f\u00fcr ein sicheres Zuhause.<br \/>\n&#8211; Er besch\u00fctzt die komplette Familie.<br \/>\n&#8211; Er ist treu.<br \/>\n&#8211; Er schreckt Einbrecher ab.<br \/>\n&#8211; Er erm\u00f6glicht ein selbstsicheres Auftreten.<br \/>\n&#8211; Er erg\u00e4nzt andere Schutzvorrichtungen.<br \/>\n&#8211; Er kann Einbrecher stellen.<br \/>\n&#8211; Er hilft in Notwehrsituationen.<br \/>\n&#8211; Er h\u00f6rt zuverl\u00e4ssig ohne Ausnahme.<br \/>\n&#8211; Er bew\u00e4ltigt den normalen Alltag und das Familienleben ohne Probleme.<br \/>\n&#8211; Er nimmt keinerlei Futter von ihm unbekannten Personen.<\/p>\n<h4>F\u00fcr Kinder ist es toll.<\/h4>\n<p>Viele Fachleute sind der Meinung, das Kinder davon profetieren, wenn sie mit einem Haustier aufwachsen. Sie lernen den Umgang mit dem Tier und das sie es versorgen m\u00fcssen und sich darum k\u00fcmmern m\u00fcssen. Ein Schutzhund k\u00fcmmert sich um die ganze Familie und ist ein toller Kumpel f\u00fcr die Kinder. Ein Schutzhund ist ein toller Kumpel, der im Fall der F\u00e4lle hilfreich zur Seite stehen kann, denn er halt gelernt, wie er effektiv besch\u00fctzen kann. Die Ausbildung sorgt daf\u00fcr, dass er ein toller Freund ist, mit dem die Kinder bedenkenlos spielen k\u00f6nnen. Er ist ein Begleiter, der stetig dabei ist. Im Gegensatz zu einer verbauten Alarmanlage, die nur zu Hause hilft, kann er immer, wenn er anwesend ist helfen.<\/p>\n<h4>Lernen ab Welpenalter.<\/h4>\n<p>Ein guter Schutzhund beginnt seine Ausbildung bereits im Welpenalter. Im besten Fall hat er bereits ausgebildete Hunde in seinem Rudel, den auch ein Hundewelpe lernt teilweise durch nachahmen. Beginnt das Training im Welpenalter, kann er viel lernen, wie einen Stadtbummel, einen Kinderwagen oder die Begegnung mit anderen Tieren.<\/p>\n<\/div>\n<h2>Familienhund kaufen<\/h2>\n<p>Hier k\u00f6nnen Sie einen Familienhund der als Personenschutzhund (Alter des Hundes in der Regel von 12 bis 36 Monaten), durch uns voll ausgebildet und zertifiziert wurde, bestellen. Die Ausbildung nimmt nach Anschaffungszeit (bis zu 35 Wochen) circa 4-5 Monate nach ausgel\u00f6ster Bestellung und Bezahlung in Anspruch. Sollten wir bereits in Ausbildung befindliche Schutzhunde haben, auch fr\u00fcher.<\/p>\n<p>In der Regel wird ein Familienhund gesucht, also eine Hunderasse, die sehr gut f\u00fcr Familien geeignet ist. Es gibt einige Hunderassen, die sich als Familienhund eignen. Aber warum nicht einen Schritt weiter gehen und gleich einen von uns ausgebildeten Familienschutzhund erwerben. Dies hat sehr viele Vorteile, zum Beispiel ist ein ausgebildeter Schutzhund gehorsam und folgt aufs Wort. Gerade f\u00fcr Hundebesitzer, die keine Erfahrung mit der Hundeausbildung haben, spart dies Zeit und Nerven. Ausserdem ist eine Hundeausbildung eines Hundes durch einen sachunkundigen Hundebesitzer wenig erfolgversprechend.<\/p>\n<p>Bitte beachten, wenn Sie einen Personenschutzhund kaufen wollen, dass dies ein Tier ist und wir nach Bestellung durch Sie pr\u00fcfen, ob der geplante Einsatz des Tieres alle von uns gestellten Anforderungen, auch an den Hundehalter entspricht. Wir bieten hier nur den <strong>Personenschutzhund<\/strong> zum Kauf an, beinhaltet ist dann die gesamte Vorbereitung, also alle Ma\u00dfnahmen in Zusammenarbeit mit dem K\u00e4ufer, damit wir den Schutzhund so ausbilden k\u00f6nnen, wie dieser f\u00fcr seine Aufgabe ben\u00f6tigt wird.<\/p>\n<h2>Familienschutzhund<\/h2>\n<p>Schutzhunde sind gerade f\u00fcr den Schutz der Familie sehr gut geeignet. Ein Familienschutzhund ist nicht gef\u00e4hrlich f\u00fcr Kinder, sondern soll deren Schutz gew\u00e4hrleisten. Herk\u00f6mmliche elektronische Sicherungseinrichtungen oder smart home Komponenten k\u00f6nnen diese Art von Schutz nicht bieten. Ein gut ausgebildeter Familienschutzhund k\u00fcmmert sich um das Grundst\u00fcck, das Haus und die Familie. Ausserdem ist er Begleiter au\u00dferhalb der eigenen vier W\u00e4nde, beim Einkauf, Ausflug oder beim Weg zur Schule.<\/p>\n<p>Nieman m\u00f6chte sich sp\u00e4ter den Vorwurf machen, er habe nicht alles getan um seine Kinder, die Frau die ganze Familie zu sch\u00fctzen.<\/p>\n<h2>Der Schutzhund als Abschreckung<\/h2>\n<p>Er stellt Eindringlinge und erkennt diese lange bevor Sie etwas merken. Unser Schutzhunde werden darauf trainiert einen Angriff in Notwehrsitutationen durchzuf\u00fchren. Das will kein Angreifer erleben. Er ist dabei zu 100% gehorsam gegen\u00fcber dem ihn gegebenen Kommandos. Die Brasilianischen Polizeibeh\u00f6rden setzen unsere Hunde und Hundetrainer seit Jahren mit Erfolg ein. Unsere Schutzhunde werden auf Wunsch ein deutsches Polizeihundezertifikat.<\/p>\n<h3>Familienschutzhunde fressen nichts von Fremden<\/h3>\n<h2>Ihr neuer Schutzhund ist bodyguard und Freund<\/h2>\n<p>Von uns ausgebildete vorwiegend deutsche Sch\u00e4ferhunde, haben ein freundliches ausgeglichenes Wesen und sind perfekt f\u00fcr die Familie. Im Gegensatz zu echten Bodyguards, (die wir ebenfalls auf Wunsch stellen) arbeiten die Schutzhunde 24 Stunden 7 Tage die Woche.<\/p>\n<p>Weitere Informationen, wenn Sie Schutzhunde kaufen m\u00f6chten und Inhalte der Ausbildung auf Anfrage.<\/p>\n<p>Bei uns k\u00f6nnen Sie ausgebildete Schutzhunde kaufen, die Hunde beherrschen alle Schutzhund Kommandos.<\/p>\n<p>Ausgebildeter Familienhund kaufen auch das ist m\u00f6glich. Ein Familienhund ist nicht gleich einem Familienschutzhund, sprechen Sie mit uns wir beraten Sie gerne. Wenn Sie generell ausgebildete Hunde kaufen wollen, ob diese ein ausgebildeter Sch\u00e4ferhund ist oder ein spezialisierter Sprengstoffsp\u00fcrhund, wir sind Ihr Ansprechpartner.<\/p>\n<p>&nbsp;<\/p>\n","protected":false},"excerpt":{"rendered":"<p>Der Kauf eines Besch\u00fctzerhundes f\u00fcr die Familie als Familienschutzhundes oder als Bodyguardhund f\u00fcr einzelne Personen. Die Anschaffung anstatt eines reinen Familienhundes hat viele Vorteile. Zun\u00e4chst kostet eine Familienschutzhund nicht sehr viel mehr als ein nicht ausgebildeter Familienhund. Ein Familienschutzhund ist jedoch gut ausgebildet, folgt aufs Wort und ist geeignet in Gefahrenf\u00e4llen die Familie zu sch\u00fctzen.<\/p>\n","protected":false},"featured_media":326359,"template":"","meta":{"_price":"8900","_stock":"8","_tribe_ticket_header":"","_tribe_default_ticket_provider":"","_ticket_start_date":"","_ticket_end_date":"","_tribe_ticket_show_description":"","_tribe_ticket_show_not_going":false,"_tribe_ticket_use_global_stock":"","_tribe_ticket_global_stock_level":"","_global_stock_mode":"","_global_stock_cap":"","_tribe_rsvp_for_event":"","_tribe_ticket_going_count":"","_tribe_ticket_not_going_count":"","_tribe_tickets_list":"[]","_tribe_ticket_has_attendee_info_fields":false},"product_brand":[],"product_cat":[760],"product_tag":[787,765,761,762,546,882],"class_list":{"0":"post-322700","1":"product","2":"type-product","3":"status-publish","4":"has-post-thumbnail","6":"product_cat-personenschutzhunde","7":"product_tag-familienschutzhund","8":"product_tag-kidguard","9":"product_tag-personenschutz","10":"product_tag-personenschutzhund","11":"product_tag-schutzhund","12":"product_tag-wachund","14":"first","15":"instock","16":"virtual","17":"taxable","18":"purchasable","19":"product-type-simple"},"_links":{"self":[{"href":"https:\/\/spuerhundeschule.de\/de\/wp-json\/wp\/v2\/product\/322700","targetHints":{"allow":["GET"]}}],"collection":[{"href":"https:\/\/spuerhundeschule.de\/de\/wp-json\/wp\/v2\/product"}],"about":[{"href":"https:\/\/spuerhundeschule.de\/de\/wp-json\/wp\/v2\/types\/product"}],"wp:featuredmedia":[{"embeddable":true,"href":"https:\/\/spuerhundeschule.de\/de\/wp-json\/wp\/v2\/media\/326359"}],"wp:attachment":[{"href":"https:\/\/spuerhundeschule.de\/de\/wp-json\/wp\/v2\/media?parent=322700"}],"wp:term":[{"taxonomy":"product_brand","embeddable":true,"href":"https:\/\/spuerhundeschule.de\/de\/wp-json\/wp\/v2\/product_brand?post=322700"},{"taxonomy":"product_cat","embeddable":true,"href":"https:\/\/spuerhundeschule.de\/de\/wp-json\/wp\/v2\/product_cat?post=322700"},{"taxonomy":"product_tag","embeddable":true,"href":"https:\/\/spuerhundeschule.de\/de\/wp-json\/wp\/v2\/product_tag?post=322700"}],"curies":[{"name":"wp","href":"https:\/\/api.w.org\/{rel}","templated":true}]}}