{"id":321841,"date":"2019-12-06T12:02:59","date_gmt":"2019-12-06T12:02:59","guid":{"rendered":"https:\/\/spuerhundeschule.de\/de\/?post_type=product&#038;p=321841"},"modified":"2020-04-25T15:48:58","modified_gmt":"2020-04-25T15:48:58","slug":"wachhund-kaufen","status":"publish","type":"product","link":"https:\/\/spuerhundeschule.de\/de\/produkt\/wachhund-kaufen\/","title":{"rendered":"Wachhund"},"content":{"rendered":"<h2>Wachhund kaufen<\/h2>\n<p>Hier k\u00f6nnen Sie einen Wachund im Alter von 12 bis 24 Monaten, durch uns voll ausgebildet und zertifiziert, bestellen. Die Ausbildung nimmt circa 4-5 Monate nach ausgel\u00f6ster Bestellung und Bezahlung in Anspruch. Sollten wir bereits in Ausbildung befindliche Wachhunde haben, auch fr\u00fcher.<\/p>\n<p>Bitte beachten, wenn Sie einen Wachhund kaufen wollen, dass dies ein Tier ist und wir nach Bestellung durch Sie pr\u00fcfen, ob der geplante Einsatz des Tieres alle von uns gestellten Anforderungen, auch an den Hundehalter entspricht. Wir bieten hier nur den <strong>Wachhund<\/strong> zum Kauf an, beinhaltet ist dann die gesamte Vorbereitung, also alle Ma\u00dfnahmen in Zusammenarbeit mit dem K\u00e4ufer, damit wir den Schutzhund so ausbilden k\u00f6nnen, wie dieser f\u00fcr seine Aufgabe ben\u00f6tigt wird.<\/p>\n<h2>Wachhund<\/h2>\n<p>Wachhund sind gerade f\u00fcr den Schutz von Objekten, wie zum Beispiel Grundst\u00fccken oder Industrieanlagen sehr gut geeignet. Herk\u00f6mmliche elektronische Sicherungseinrichtungen oder smart home Komponenten k\u00f6nnen diese Art von Schutz nicht bieten. Ein gut ausgebildeter Wachhund k\u00fcmmert sich um das Grundst\u00fcck, das Haus und wenn Sie wollen um die Familie (dann bitte Familienschutzhund lesen).<\/p>\n<h2>Der Wachhund als Abschreckung<\/h2>\n<p>Er stellt Eindringlinge und erkennt diese lange bevor Sie etwas merken. Unser Schutzhunde werden darauf trainiert einen Angriff in Notwehrsitutationen durchzuf\u00fchren. Das will kein Angreifer erleben. Er ist dabei zu 100% gehorsam gegen\u00fcber dem ihn gegebenen Kommandos. Die Brasilianischen Polizeibeh\u00f6rden setzen unsere Hunde und Hundetrainer seit Jahren mit Erfolg ein. Unsere Schutzhunde werden auf Wunsch ein deutsches Polizeihundezertifikat.<\/p>\n<h3>Wachunde fressen nichts von Fremden<\/h3>\n<p>Von uns ausgebildete vorwiegend deutsche Sch\u00e4ferhunde, haben ein freundliches ausgeglichenes Wesen und sind perfekt f\u00fcr die Familie. Im Gegensatz zu echten Bodyguards, (die wir ebenfalls auf Wunsch stellen) arbeiten die Schutzhunde 24 Stunden 7 Tage die Woche.<\/p>\n<p>Weitere Informationen, wenn Sie Wachhunde kaufen m\u00f6chten und Inhalte der Ausbildung auf Anfrage.<\/p>\n<p>Bei uns k\u00f6nnen Sie ausgebildete Schutzhunde kaufen, die Hunde beherrschen alle Schutzhund Kommandos.<\/p>\n<p>Sprechen Sie mit uns wir beraten Sie gerne. Wenn Sie generell ausgebildete Hunde kaufen wollen, ob diese ein ausgebildeter Sch\u00e4ferhund ist oder ein spezialisierter Sprengstoffsp\u00fcrhund, wir sind Ihr Ansprechpartner.<\/p>\n<h3 class=\"fittexted_for_content_h3\">Weiter M\u00f6glichkeiten f\u00fcr den Einsatz von Wachhunden<\/h3>\n<ul>\n<li>wir stellen Wachhunde bereit, die wir in Absprache mit Ihnen aussuchen<\/li>\n<li>die Wachhunde k\u00f6nnen auch ohne Hundef\u00fchrer bei Ihnen verbleiben und werden auch auf Basis Zeitplan wieder abgeholt, bitte fragen Sie an.<\/li>\n<li>Wachhunde k\u00f6nnen in Zwingern, die von uns gestellt werden zu bestimmten Zeiten von Ihnen selbst herausgelassen oder dort hin verbracht<\/li>\n<li>die Versorgung der Wachhunde erfolg auf Wunsch durch unsere Hundef\u00fchrer<\/li>\n<li>es fallen kein direkten Kosten durch die Tiere durch Sie an.<\/li>\n<li>die Hunde werden bei Krankheit oder auf Wunsch getauscht<\/li>\n<\/ul>\n<p><a href=\"https:\/\/spuerhundeschule.de\/anfrage-sicherheitsdienstleistungen\" target=\"_blank\" rel=\"noopener noreferrer\"><img loading=\"lazy\" decoding=\"async\" class=\"size-medium wp-image-1736 aligncenter\" src=\"http:\/\/spuerhundeschule.de\/de\/wp-content\/uploads\/2015\/01\/Individuelle-Anfrage-zum-Produkt-300x99.jpg\" alt=\"Individuelle Anfrage zum Produkt\" width=\"300\" height=\"99\" srcset=\"https:\/\/spuerhundeschule.de\/de\/wp-content\/uploads\/2015\/01\/Individuelle-Anfrage-zum-Produkt-300x99.jpg 300w, https:\/\/spuerhundeschule.de\/de\/wp-content\/uploads\/2015\/01\/Individuelle-Anfrage-zum-Produkt-200x66.jpg 200w, https:\/\/spuerhundeschule.de\/de\/wp-content\/uploads\/2015\/01\/Individuelle-Anfrage-zum-Produkt-50x17.jpg 50w, https:\/\/spuerhundeschule.de\/de\/wp-content\/uploads\/2015\/01\/Individuelle-Anfrage-zum-Produkt.jpg 345w\" sizes=\"auto, (max-width: 300px) 100vw, 300px\" \/><\/a><\/p>\n","protected":false},"excerpt":{"rendered":"<p>Wenn Sie einen Wachhund kaufen m\u00f6chten, so bieten wir Ihnen hier an einen Wachund im Alter von 12 bis 24 Monaten, durch uns voll ausgebildet und zertifiziert, zu bestellen. Die Ausbildung nimmt circa 5 Monate nach ausgel\u00f6ster Bestellung und Bezahlung in Anspruch. Sollten wir bereits in Ausbildung befindliche Wachhunde haben, auch fr\u00fcher.<\/p>\n","protected":false},"featured_media":1898,"template":"","meta":{"_price":"6150.00","_stock":null,"_tribe_ticket_header":"","_tribe_default_ticket_provider":"","_ticket_start_date":"","_ticket_end_date":"","_tribe_ticket_show_description":"","_tribe_ticket_show_not_going":false,"_tribe_ticket_use_global_stock":"","_tribe_ticket_global_stock_level":"","_global_stock_mode":"","_global_stock_cap":"","_tribe_rsvp_for_event":"","_tribe_ticket_going_count":"","_tribe_ticket_not_going_count":"","_tribe_tickets_list":"[]","_tribe_ticket_has_attendee_info_fields":false},"product_brand":[],"product_cat":[760],"product_tag":[546,883],"class_list":{"0":"post-321841","1":"product","2":"type-product","3":"status-publish","4":"has-post-thumbnail","6":"product_cat-personenschutzhunde","7":"product_tag-schutzhund","8":"product_tag-wachhund","10":"first","11":"instock","12":"virtual","13":"taxable","14":"purchasable","15":"product-type-simple"},"_links":{"self":[{"href":"https:\/\/spuerhundeschule.de\/de\/wp-json\/wp\/v2\/product\/321841","targetHints":{"allow":["GET"]}}],"collection":[{"href":"https:\/\/spuerhundeschule.de\/de\/wp-json\/wp\/v2\/product"}],"about":[{"href":"https:\/\/spuerhundeschule.de\/de\/wp-json\/wp\/v2\/types\/product"}],"wp:featuredmedia":[{"embeddable":true,"href":"https:\/\/spuerhundeschule.de\/de\/wp-json\/wp\/v2\/media\/1898"}],"wp:attachment":[{"href":"https:\/\/spuerhundeschule.de\/de\/wp-json\/wp\/v2\/media?parent=321841"}],"wp:term":[{"taxonomy":"product_brand","embeddable":true,"href":"https:\/\/spuerhundeschule.de\/de\/wp-json\/wp\/v2\/product_brand?post=321841"},{"taxonomy":"product_cat","embeddable":true,"href":"https:\/\/spuerhundeschule.de\/de\/wp-json\/wp\/v2\/product_cat?post=321841"},{"taxonomy":"product_tag","embeddable":true,"href":"https:\/\/spuerhundeschule.de\/de\/wp-json\/wp\/v2\/product_tag?post=321841"}],"curies":[{"name":"wp","href":"https:\/\/api.w.org\/{rel}","templated":true}]}}