{"id":321840,"date":"2019-12-06T11:46:24","date_gmt":"2019-12-06T11:46:24","guid":{"rendered":"https:\/\/spuerhundeschule.de\/de\/?post_type=product&#038;p=321840"},"modified":"2024-05-28T09:39:56","modified_gmt":"2024-05-28T07:39:56","slug":"wachhund","status":"publish","type":"product","link":"https:\/\/spuerhundeschule.de\/de\/produkt\/wachhund\/","title":{"rendered":"Wach- Schutzhund mit Hundef\u00fchrer 8 STD"},"content":{"rendered":"<h1>Sie ben\u00f6tigen einen Wachhund f\u00fcr den Objektschutz oder Ihre pers\u00f6nliche Sicherheit?<a href=\"https:\/\/spuerhundeschule.de\/de\/produkt\/wachhund-kaufen\/\"><img loading=\"lazy\" decoding=\"async\" class=\"alignright wp-image-325468 size-full\" src=\"https:\/\/spuerhundeschule.de\/de\/wp-content\/uploads\/2019\/12\/wachund-kaufen-v3.jpg\" alt=\"\" width=\"436\" height=\"720\" srcset=\"https:\/\/spuerhundeschule.de\/de\/wp-content\/uploads\/2019\/12\/wachund-kaufen-v3.jpg 436w, https:\/\/spuerhundeschule.de\/de\/wp-content\/uploads\/2019\/12\/wachund-kaufen-v3-182x300.jpg 182w, https:\/\/spuerhundeschule.de\/de\/wp-content\/uploads\/2019\/12\/wachund-kaufen-v3-200x330.jpg 200w\" sizes=\"auto, (max-width: 436px) 100vw, 436px\" \/><\/a><\/h1>\n<p>Basispreis f\u00fcr einen Wachhundeinsatz bzw. Bewachung mit Wachhund inclusive des jeweiligen Diensthundef\u00fchrers, an einem Einsatzort Ihrer Wahl, innerhalb Europas.<\/p>\n<p>Sie k\u00f6nnen hier den Einsatz eines Diensthundef\u00fchrer mit Wachhund zum Schutz f\u00fcr Ihr Eigentum und Personen an Ihrem Ort erwerben (Wachhund mit Wachhundf\u00fchrer). Dies kann zum Beispiel f\u00fcr die Objektbewachung Tag und Nacht, also zum Beispiel f\u00fcr die Baustellenbewachung der Fall sein.<\/p>\n<h3>Der Objektschutz mit Hund ist seit zwei Jahrzehnten unser Spezialgebiet.<\/h3>\n<p>Nach dem Kauf in diesem Shop wird sich die Einsatzleitung innerhalb von 3-6 Stunden bei Ihnen melden und den genauen Einsatztermin und Ort, sowie andere Fragen mit Ihnen abzukl\u00e4ren.<\/p>\n<p>Der Basispreis f\u00fcr den Einsatz bezieht sich auf den Einsatz eines Teams!<\/p>\n<ul>\n<li>bis maximal 8 Stunden Einsatz (jede weitere Einsatz-Stunde berechnen wir zu einem Stundensatz von 42 Euro, der zust\u00e4ndige und eingeteilte Hundef\u00fchrer wird dies rechtzeitig mit Ihnen vorab abkl\u00e4ren)<\/li>\n<li>ein Team besteht jeweils aus einem Hundef\u00fchrer und einem ausgebildeten Schutzhund<\/li>\n<li>alle Preise inkl. gesetzlicher MwSt. von derzeit 19%<\/li>\n<\/ul>\n<p>Bei k\u00fcrzeren Eins\u00e4tzen wird der Basispreis f\u00e4llig.<\/p>\n<p>Die <strong>Anfahrtszeit<\/strong> wird zus\u00e4tzlich berechnet, es fallen jeweils pro gefahrenen Kilometer 0,43 Euro Geb\u00fchren an.<\/p>\n<p>Bei Fahrten \u00fcber 400 Kilometer pro Fahrstrecke werden \u00dcbernachtungskosten von derzeit 90 Euro pro Team berechnet.<\/p>\n<p>Wir k\u00f6nnen internationale Referenzen auch f\u00fcr Gro\u00dfveranstaltungen vorweisen. Der Einsatz wird nach den Richtlinien der DGUV-Vorschrift 23 abgehandelt.<\/p>\n<p>&nbsp;<\/p>\n<p><strong>Gerade beim Objektschutz oder Wachschutz haben wir oft langfristige Vertr\u00e4ge, bitte fordern Sie ein Angebot an. F\u00fcr ein individuelles Angebot benutzen Sie bitte den unten stehenden Link.<\/strong><\/p>\n<p><a href=\"https:\/\/spuerhundeschule.de\/anfrage-sicherheitsdienstleistungen\" target=\"_blank\" rel=\"noopener noreferrer\"><img loading=\"lazy\" decoding=\"async\" class=\"size-medium wp-image-1736 aligncenter\" src=\"http:\/\/spuerhundeschule.de\/de\/wp-content\/uploads\/2015\/01\/Individuelle-Anfrage-zum-Produkt-300x99.jpg\" alt=\"Individuelle Anfrage zum Produkt\" width=\"300\" height=\"99\" srcset=\"https:\/\/spuerhundeschule.de\/de\/wp-content\/uploads\/2015\/01\/Individuelle-Anfrage-zum-Produkt-300x99.jpg 300w, https:\/\/spuerhundeschule.de\/de\/wp-content\/uploads\/2015\/01\/Individuelle-Anfrage-zum-Produkt-200x66.jpg 200w, https:\/\/spuerhundeschule.de\/de\/wp-content\/uploads\/2015\/01\/Individuelle-Anfrage-zum-Produkt-50x17.jpg 50w, https:\/\/spuerhundeschule.de\/de\/wp-content\/uploads\/2015\/01\/Individuelle-Anfrage-zum-Produkt.jpg 345w\" sizes=\"auto, (max-width: 300px) 100vw, 300px\" \/><\/a><\/p>\n<h3>Weiter M\u00f6glichkeiten f\u00fcr den Einsatz von Wachhunden<\/h3>\n<ul>\n<li>wir stellen Wachhunde bereit, die wir in Absprache mit Ihnen aussuchen<\/li>\n<li>die Wachhunde k\u00f6nnen auch ohne Hundef\u00fchrer bei Ihnen verbleiben und werden auch auf Basis Zeitplan wieder abgeholt, bitte fragen Sie an.<\/li>\n<li>Wachhunde k\u00f6nnen in Zwingern, die von uns gestellt werden zu bestimmten Zeiten von Ihnen selbst herausgelassen oder dort hin verbracht<\/li>\n<li>die Versorgung der Wachhunde erfolg auf Wunsch durch unsere Hundef\u00fchrer<\/li>\n<li>es fallen kein direkten Kosten durch die Tiere durch Sie an.<\/li>\n<li>die Hunde werden bei Krankheit oder auf Wunsch getauscht<\/li>\n<\/ul>\n<h2>Sie m\u00f6chten einen Wachhund kaufen?<\/h2>\n<p>Kein Problem wir haben st\u00e4ndig ausgebildete Wachhunde, die k\u00e4uflich erworben werden k\u00f6nnen. Fragen Sie nach.<\/p>\n<p>&nbsp;<\/p>\n","protected":false},"excerpt":{"rendered":"<p>Basispreis f\u00fcr einen Wachundeeinsatz einens Diensthundef\u00fchrers mit Wachhund, an einem Einsatzort Ihrer Wahl, innerhalb Europas. Die genauen Einsatzmodalit\u00e4ten k\u00f6nnen vorab oder nach Bestellung mit uns abgestimmt werden. Wir arbeiten f\u00fcr Industrie und Privat.<\/p>\n","protected":false},"featured_media":326333,"template":"","meta":{"_price":"410","_stock":"","_tribe_ticket_header":"","_tribe_default_ticket_provider":"","_ticket_start_date":"","_ticket_end_date":"","_tribe_ticket_show_description":"","_tribe_ticket_show_not_going":false,"_tribe_ticket_use_global_stock":"","_tribe_ticket_global_stock_level":"","_global_stock_mode":"","_global_stock_cap":"","_tribe_rsvp_for_event":"","_tribe_ticket_going_count":"","_tribe_ticket_not_going_count":"","_tribe_tickets_list":"[]","_tribe_ticket_has_attendee_info_fields":false},"product_brand":[],"product_cat":[516],"product_tag":[882],"class_list":{"0":"post-321840","1":"product","2":"type-product","3":"status-publish","4":"has-post-thumbnail","6":"product_cat-spezialhundeeinsaetze","7":"product_tag-wachund","9":"first","10":"instock","11":"virtual","12":"taxable","13":"purchasable","14":"product-type-simple"},"_links":{"self":[{"href":"https:\/\/spuerhundeschule.de\/de\/wp-json\/wp\/v2\/product\/321840","targetHints":{"allow":["GET"]}}],"collection":[{"href":"https:\/\/spuerhundeschule.de\/de\/wp-json\/wp\/v2\/product"}],"about":[{"href":"https:\/\/spuerhundeschule.de\/de\/wp-json\/wp\/v2\/types\/product"}],"wp:featuredmedia":[{"embeddable":true,"href":"https:\/\/spuerhundeschule.de\/de\/wp-json\/wp\/v2\/media\/326333"}],"wp:attachment":[{"href":"https:\/\/spuerhundeschule.de\/de\/wp-json\/wp\/v2\/media?parent=321840"}],"wp:term":[{"taxonomy":"product_brand","embeddable":true,"href":"https:\/\/spuerhundeschule.de\/de\/wp-json\/wp\/v2\/product_brand?post=321840"},{"taxonomy":"product_cat","embeddable":true,"href":"https:\/\/spuerhundeschule.de\/de\/wp-json\/wp\/v2\/product_cat?post=321840"},{"taxonomy":"product_tag","embeddable":true,"href":"https:\/\/spuerhundeschule.de\/de\/wp-json\/wp\/v2\/product_tag?post=321840"}],"curies":[{"name":"wp","href":"https:\/\/api.w.org\/{rel}","templated":true}]}}