{"id":321736,"date":"2019-12-02T09:40:48","date_gmt":"2019-12-02T09:40:48","guid":{"rendered":"https:\/\/spuerhundeschule.de\/de\/?post_type=product&#038;p=321736"},"modified":"2022-12-09T09:15:19","modified_gmt":"2022-12-09T08:15:19","slug":"k9-bringsel-beisswurst-fuer-den-hund-zur-hundeausbildung","status":"publish","type":"product","link":"https:\/\/spuerhundeschule.de\/de\/produkt\/k9-bringsel-beisswurst-fuer-den-hund-zur-hundeausbildung\/","title":{"rendered":"K9 Bringsel Bei\u00dfwurst f\u00fcr den Hund zur Hundeausbildung"},"content":{"rendered":"<h2>Bringsel\/Bei\u00dfwurst f\u00fcr Hunde zur Ausbildung im Schutzdienst oder zum Spielen<\/h2>\n<ul>\n<li>Unsere Bei\u00dfwurst bzw. Bringsel ist f\u00fcr das Hundetraining sehr gut geeignet<\/li>\n<li>F\u00fcr die Best\u00e4tigung bei Sp\u00fcrhunden oder einfach zum spielen<\/li>\n<li>Lieferzeit: 2-5 Tage nach Zahlungseingang<\/li>\n<li><span class=\"a-list-item\">Gewicht: nur 100g<br \/>\n<\/span><\/li>\n<li>Gr\u00f6\u00dfe: 30&#215;6 cm oder auf Anfrage<\/li>\n<li>Farbe: orange oder auf Anfrage<\/li>\n<li>Ein Leichtgewicht<\/li>\n<li><span class=\"a-list-item\">H\u00f6chste Qualit\u00e4t zu gutem Preis<br \/>\n<\/span><\/li>\n<li>Langlebiger und zahnschonender als herk\u00f6mmlicher Jute<\/li>\n<li>Das Obermaterial bestehend aus Baumwolle\/Nylon-Mischgewebe (NYLCOT)<\/li>\n<li>Verst\u00e4rkte N\u00e4hte<\/li>\n<li>Kynologisch weiterentwickelt<\/li>\n<li>Grifffl\u00e4che kynologisch<\/li>\n<li>Von Hand gefertigt<\/li>\n<li>Kernmaterialien sehr robust und rissfest<\/li>\n<\/ul>\n<div class=\"video-container\"><iframe loading=\"lazy\" title=\"DJZ-TV: Bringselverweiser\" width=\"500\" height=\"281\" src=\"https:\/\/www.youtube.com\/embed\/iB49Ay3JhEg?feature=oembed&#038;wmode=opaque\" frameborder=\"0\" allow=\"accelerometer; autoplay; clipboard-write; encrypted-media; gyroscope; picture-in-picture; web-share\" referrerpolicy=\"strict-origin-when-cross-origin\" allowfullscreen><\/iframe><\/div>\n<p>&nbsp;<\/p>\n<p><b><br \/>\n<\/b><strong>Gewebestruktur sehr dicht verarbeitet so das ein fester Griff\u00a0 gef\u00f6rdert werden kann. <\/strong><strong>Der Vorteil zu Jutematerial; Verh\u00e4ngen der Eckz\u00e4hne unm\u00f6glich.<br \/>\n<\/strong><\/p>\n<p>Bringsel finden in der Hundeausbildung in den verschiedensten Bereichen Verwendung, in denen der Hund dem Hundef\u00fchrer einen Fund kund tun soll, ohne diesen zu ber\u00fchren oder gar aufzuheben, beispielsweise bei Sprengstoffsp\u00fcrhunden, Suchtmittelsp\u00fcrhunden und Rettungshunden.<\/p>\n<p>&nbsp;<\/p>\n<p>&nbsp;<\/p>\n","protected":false},"excerpt":{"rendered":"<h2>Bringsel f\u00fcr Hunde<\/h2>\n<p>Beste Produktqualit\u00e4t vom Hundeprofi f\u00fcr den Hundesportler oder einfach nur zum Spielen f\u00fcr jeden Hund geeignet. Wird auch als Bei\u00dfwurst bezeichnet.<\/p>\n<p id=\"title\" class=\"a-size-large a-spacing-none\"><span id=\"productTitle\" class=\"a-size-large\">Sehr Robustes Hundespielzeug zum K9 Training, Tauziehen und Zerrspiele mit dem Hund.<\/span><\/p>\n","protected":false},"featured_media":326050,"template":"","meta":{"_price":"15.90","_stock":"","_tribe_ticket_header":"","_tribe_default_ticket_provider":"","_ticket_start_date":"","_ticket_end_date":"","_tribe_ticket_show_description":"","_tribe_ticket_show_not_going":false,"_tribe_ticket_use_global_stock":"","_tribe_ticket_global_stock_level":"","_global_stock_mode":"","_global_stock_cap":"","_tribe_rsvp_for_event":"","_tribe_ticket_going_count":"","_tribe_ticket_not_going_count":"","_tribe_tickets_list":"[]","_tribe_ticket_has_attendee_info_fields":false},"product_brand":[],"product_cat":[629,617],"product_tag":[975,881,751,635,556,554,607,558,555,656],"class_list":{"0":"post-321736","1":"product","2":"type-product","3":"status-publish","4":"has-post-thumbnail","6":"product_cat-trainingsausruestung-fuer-dienst-und-spuerhunde","7":"product_cat-trainingsausruestung-fuer-sport-und-diensthunde","8":"product_tag-beisswurst","9":"product_tag-bringsel","10":"product_tag-hunde","11":"product_tag-hundesport","12":"product_tag-sprengstoff","13":"product_tag-sprengstoffspuerhunde","14":"product_tag-spuerhund","15":"product_tag-spuerhunde","16":"product_tag-suchhunde","17":"product_tag-vermisstenspuerhunde","18":"product_shipping_class-bis-2-kg","20":"first","21":"instock","22":"taxable","23":"shipping-taxable","24":"purchasable","25":"product-type-simple"},"_links":{"self":[{"href":"https:\/\/spuerhundeschule.de\/de\/wp-json\/wp\/v2\/product\/321736","targetHints":{"allow":["GET"]}}],"collection":[{"href":"https:\/\/spuerhundeschule.de\/de\/wp-json\/wp\/v2\/product"}],"about":[{"href":"https:\/\/spuerhundeschule.de\/de\/wp-json\/wp\/v2\/types\/product"}],"wp:featuredmedia":[{"embeddable":true,"href":"https:\/\/spuerhundeschule.de\/de\/wp-json\/wp\/v2\/media\/326050"}],"wp:attachment":[{"href":"https:\/\/spuerhundeschule.de\/de\/wp-json\/wp\/v2\/media?parent=321736"}],"wp:term":[{"taxonomy":"product_brand","embeddable":true,"href":"https:\/\/spuerhundeschule.de\/de\/wp-json\/wp\/v2\/product_brand?post=321736"},{"taxonomy":"product_cat","embeddable":true,"href":"https:\/\/spuerhundeschule.de\/de\/wp-json\/wp\/v2\/product_cat?post=321736"},{"taxonomy":"product_tag","embeddable":true,"href":"https:\/\/spuerhundeschule.de\/de\/wp-json\/wp\/v2\/product_tag?post=321736"}],"curies":[{"name":"wp","href":"https:\/\/api.w.org\/{rel}","templated":true}]}}