{"id":321642,"date":"2019-11-28T13:10:55","date_gmt":"2019-11-28T13:10:55","guid":{"rendered":"https:\/\/spuerhundeschule.de\/de\/?post_type=product&#038;p=321642"},"modified":"2024-05-28T09:43:51","modified_gmt":"2024-05-28T07:43:51","slug":"veranstaltungssicherheit-durch-hunde","status":"publish","type":"product","link":"https:\/\/spuerhundeschule.de\/de\/produkt\/veranstaltungssicherheit-durch-hunde\/","title":{"rendered":"Veranstaltungs Sicherheit durch Diensthunde 6 STD"},"content":{"rendered":"<h1>Basispreis im Bereich Veranstaltungsschutz und Veranstaltungssicherheit mit Hunden auf Ihren Festen, Firmenevents und Gro\u00dfveranstaltungen inklusive des jeweiligen Diensthundef\u00fchrers, an einem Einsatzort Ihrer Wahl, innerhalb Europas.<\/h1>\n<p>Sie k\u00f6nnen hier den Einsatz eines Diensthundef\u00fchrer mit Schutzhund- und Sprengstoffsp\u00fcrhund zur Steigerung Ihrer Veranstaltungssicherheit an einem beliebigem Ort erwerben. Dies kann zum Beispiel f\u00fcr die Veranstaltungssicherheit bei Tag und Nacht, also zum Beispiel f\u00fcr die \u00dcberpr\u00fcfung einer Eventlocation auf Sprengmittel durch Sprengstoffsp\u00fcrhunde der Fall sein oder als Schutzhund zur gew\u00e4hrleistung der Ordnung und Sicherheit. W\u00e4hrend der Einlasskontrolle f\u00fcr Veranstaltungen oder w\u00e4hrend der Veranstaltung durch die st\u00e4ndiges patrolieren der Hundeteams mit Schutzhunden.<\/p>\n<h3>Die Veranstaltungssicherheit mit und durch Hunde vor allem auf Musikevents und Hauptversammlungen ist seit zwei Jahrzehnten unser Spezialgebiet.<\/h3>\n<p>Nach dem Kauf in diesem Shop wird sich die Einsatzleitung innerhalb von 3-6 Stunden bei Ihnen melden und den genauen Einsatztermin und Ort, sowie andere Fragen mit Ihnen abzukl\u00e4ren.<\/p>\n<p>Der Basispreis f\u00fcr den Einsatz bezieht sich auf den Einsatz eines Teams!<\/p>\n<ul>\n<li>bis maximal 6 Stunden Einsatz (jede weitere Einsatz-Stunde berechnen wir zu einem Stundensatz von 52 Euro, der zust\u00e4ndige und eingeteilte Hundef\u00fchrer wird dies rechtzeitig mit Ihnen vorab abkl\u00e4ren)<\/li>\n<li>ein Team besteht jeweils aus einem Hundef\u00fchrer und einem ausgebildeten Schutzhund<\/li>\n<li>alle Preise inkl. gesetzlicher MwSt. von derzeit 19%<\/li>\n<\/ul>\n<p>Bei k\u00fcrzeren Eins\u00e4tzen wird der Basispreis f\u00e4llig.<\/p>\n<p>Die <strong>Anfahrtszeit<\/strong> wird zus\u00e4tzlich berechnet, es fallen jeweils pro gefahrenen Kilometer 0,43 Euro Geb\u00fchren an.<\/p>\n<p>Bei Fahrten \u00fcber 400 Kilometer pro Fahrstrecke werden \u00dcbernachtungskosten von derzeit 90 Euro pro Team berechnet.<\/p>\n<p>Wir k\u00f6nnen internationale Referenzen auch f\u00fcr Gro\u00dfveranstaltungen vorweisen. Der Einsatz wird nach den Richtlinien der DGUV-Vorschrift 23 abgehandelt.<\/p>\n<p><strong>Gerade beim Veranstaltungsschutz und der Veranstaltungsicherheit werden oft mehrere Hundef\u00fchrer gleichzeitig eingesetzt, bitte fordern Sie ein <span style=\"text-decoration: underline;\">individuelles Angebot<\/span> an. F\u00fcr ein individuelles Angebot benutzen Sie bitte den unten stehenden Link.<\/strong><\/p>\n<p><a href=\"https:\/\/spuerhundeschule.de\/anfrage-sicherheitsdienstleistungen\" target=\"_blank\" rel=\"noopener noreferrer\"><img loading=\"lazy\" decoding=\"async\" class=\"size-medium wp-image-1736 aligncenter\" src=\"http:\/\/spuerhundeschule.de\/de\/wp-content\/uploads\/2015\/01\/Individuelle-Anfrage-zum-Produkt-300x99.jpg\" alt=\"Individuelle Anfrage zum Produkt\" width=\"300\" height=\"99\" srcset=\"https:\/\/spuerhundeschule.de\/de\/wp-content\/uploads\/2015\/01\/Individuelle-Anfrage-zum-Produkt-300x99.jpg 300w, https:\/\/spuerhundeschule.de\/de\/wp-content\/uploads\/2015\/01\/Individuelle-Anfrage-zum-Produkt-200x66.jpg 200w, https:\/\/spuerhundeschule.de\/de\/wp-content\/uploads\/2015\/01\/Individuelle-Anfrage-zum-Produkt-50x17.jpg 50w, https:\/\/spuerhundeschule.de\/de\/wp-content\/uploads\/2015\/01\/Individuelle-Anfrage-zum-Produkt.jpg 345w\" sizes=\"auto, (max-width: 300px) 100vw, 300px\" \/><\/a><\/p>\n","protected":false},"excerpt":{"rendered":"<p>Basispreis f\u00fcr einen Einsatz einens Diensthundef\u00fchrers mit Schutzhund, an einem Einsatzort Ihrer Wahl, innerhalb Europas.<\/p>\n","protected":false},"featured_media":1754,"template":"","meta":{"_price":"430","_stock":"","_tribe_ticket_header":"","_tribe_default_ticket_provider":"","_ticket_start_date":"","_ticket_end_date":"","_tribe_ticket_show_description":"","_tribe_ticket_show_not_going":false,"_tribe_ticket_use_global_stock":"","_tribe_ticket_global_stock_level":"","_global_stock_mode":"","_global_stock_cap":"","_tribe_rsvp_for_event":"","_tribe_ticket_going_count":"","_tribe_ticket_not_going_count":"","_tribe_tickets_list":"[]","_tribe_ticket_has_attendee_info_fields":false},"product_brand":[],"product_cat":[516],"product_tag":[878,879],"class_list":{"0":"post-321642","1":"product","2":"type-product","3":"status-publish","4":"has-post-thumbnail","6":"product_cat-spezialhundeeinsaetze","7":"product_tag-veranstaltungsschutz","8":"product_tag-veranstaltungssicherheit","10":"first","11":"instock","12":"virtual","13":"taxable","14":"purchasable","15":"product-type-simple"},"_links":{"self":[{"href":"https:\/\/spuerhundeschule.de\/de\/wp-json\/wp\/v2\/product\/321642","targetHints":{"allow":["GET"]}}],"collection":[{"href":"https:\/\/spuerhundeschule.de\/de\/wp-json\/wp\/v2\/product"}],"about":[{"href":"https:\/\/spuerhundeschule.de\/de\/wp-json\/wp\/v2\/types\/product"}],"wp:featuredmedia":[{"embeddable":true,"href":"https:\/\/spuerhundeschule.de\/de\/wp-json\/wp\/v2\/media\/1754"}],"wp:attachment":[{"href":"https:\/\/spuerhundeschule.de\/de\/wp-json\/wp\/v2\/media?parent=321642"}],"wp:term":[{"taxonomy":"product_brand","embeddable":true,"href":"https:\/\/spuerhundeschule.de\/de\/wp-json\/wp\/v2\/product_brand?post=321642"},{"taxonomy":"product_cat","embeddable":true,"href":"https:\/\/spuerhundeschule.de\/de\/wp-json\/wp\/v2\/product_cat?post=321642"},{"taxonomy":"product_tag","embeddable":true,"href":"https:\/\/spuerhundeschule.de\/de\/wp-json\/wp\/v2\/product_tag?post=321642"}],"curies":[{"name":"wp","href":"https:\/\/api.w.org\/{rel}","templated":true}]}}