{"id":2714,"date":"2019-01-23T16:23:56","date_gmt":"2019-01-23T16:23:56","guid":{"rendered":"https:\/\/spuerhundeschule.de\/de\/?post_type=product&#038;p=2714"},"modified":"2025-02-24T09:22:21","modified_gmt":"2025-02-24T08:22:21","slug":"ausbildung-zum-datentraegerspuerhund-team","status":"publish","type":"product","link":"https:\/\/spuerhundeschule.de\/de\/produkt\/ausbildung-zum-datentraegerspuerhund-team\/","title":{"rendered":"Ausbildung zum Datentr\u00e4ger-Sp\u00fcrhund-Team"},"content":{"rendered":"<h2 class=\"fittexted_for_content_h2\">Zertifizierte Ausbildung zum Datentr\u00e4ger-Sp\u00fcrhund-Team national und international<\/h2>\n<p>Auf Grund von Nachfrage an seri\u00f6sen Ausbildungseinrichtungen f\u00fcr Datentr\u00e4gersp\u00fcrhunde im Sektor beh\u00f6rdlicher Einsatz national und international, hat es sich die Sp\u00fcrhundeschule \u201eGermany\u201d zur Aufgabe gemacht, ihr kynologisches Wissen, Einsatzstandards und Taktiken\u00a0in Vollzeitausbildungen weiter zugeben. <strong>Diese Ausbildung ist nur f\u00fcr Beh\u00f6rden national und international m\u00f6glich. Unter besonderen Bedingungen, k\u00f6nnen private Institutionen ebenfalls die Ausbildung absolvieren.<\/strong><\/p>\n<p><strong><em>Grundvoraussetzungen der Ausbildung:<\/em><\/strong> Beh\u00f6rde oder private Institution, sehr guter Spiel- und Beutetrieb, keine gesundheitlichen Einschr\u00e4nkungen, gutes Sozialverhalten, Grundvoraussetzungen der Motorik, Haftpflichtversicherung, <strong>Mindestalter der Hunde 12 Monate!<\/strong><\/p>\n<p><strong><em>Dauer der Schulung:<\/em> <\/strong>Die Ausbildung findet an der Detection Dog School Germany statt und nimmt ca. 9-12 Wochen in Anspruch. Nach 5 Wochen wird das Training f\u00fcr 7 Tage unterbrochen.<\/p>\n<p><strong><em>Ablaufplan: <\/em><\/strong>Die Ausbildung erfolgt jeweils von Montag bis Freitag im Schulungzentrum der Detection Dog School Germany in Vollzeit. Selbstverst\u00e4ndlich gestalten wir f\u00fcr Sie die Schulung auch individuell im Blockunterricht, dazu senden Sie uns Ihre Vorschl\u00e4ge bitte in folgendem Link:<\/p>\n<p><strong><a href=\"http:\/\/spuerhundeschule.de\/component\/option,com_chronoforms\/Itemid,100156\/view,form\/\" target=\"_blank\" rel=\"noopener noreferrer\"><img loading=\"lazy\" decoding=\"async\" class=\"alignnone wp-image-1763\" src=\"http:\/\/spuerhundeschule.de\/de\/wp-content\/uploads\/2015\/01\/Blockausbildung.jpg\" sizes=\"auto, (max-width: 162px) 100vw, 162px\" srcset=\"https:\/\/spuerhundeschule.de\/de\/wp-content\/uploads\/2015\/01\/Blockausbildung.jpg 191w, https:\/\/spuerhundeschule.de\/de\/wp-content\/uploads\/2015\/01\/Blockausbildung-100x35.jpg 100w, https:\/\/spuerhundeschule.de\/de\/wp-content\/uploads\/2015\/01\/Blockausbildung-50x18.jpg 50w\" alt=\"Blockausbildung\" width=\"162\" height=\"57\" \/><\/a><\/strong><\/p>\n<p><strong><em>Abschluss und Pr\u00fcfung:<\/em><\/strong> Nach Abschluss des Lehrgangs, finde die Zertifizierung statt.<\/p>\n<p><strong><em>Ausr\u00fcstung:<\/em><\/strong> 2 F\u00fchrerleinen, Maulkorb, 2 Halsb\u00e4nder f\u00fcr den Hund, Wassersch\u00fcssel, Hundefutter, Erste Hilfe Packet, Impfausweis mit aktueller Tollwutimpfung, Kopie Haftpflichtversicherung, Hundetransportbox und\u00a0Schreibutensilien f\u00fcr Notizen.<\/p>\n<p><strong><em>Tierarzt: <\/em><\/strong>F\u00fcr Notf\u00e4lle w\u00e4hrend der Ausbildung, steht f\u00fcr Ihre Vierbeiner eine Tierklinik unweit vom Hotel zur Verf\u00fcgung.<\/p>\n<p><strong>Eine Anmeldung ist solange m\u00f6glich bis dieses Produkt im Shop ausverkauft oder nicht mehr sichtbar ist.<\/strong><\/p>\n<p>Datentr\u00e4ger sind schwerer zu erschn\u00fcffeln als Drogen, aber sehr gut ausgebildete Hunde k\u00f6nnen Datentr\u00e4ger sogar finden, wenn sie in einem Elektronischen Ger\u00e4t versteckt wurden. Die Konditionierung auf den <em>speziellen Geruchsstoff<\/em> fordert der feinen Hundenase enorm viel ab! In verschiedenen Tests konnten die Hunde Datentr\u00e4ger mit Bravour erschn\u00fcffeln auch enn sie von diversen Verleiterger\u00fcchen umgeben waren. Die Ausbilder der Detection Dog School Germany gehen davon aus, dass es der besondere Geruchsstoffe, diesen wir hier nicht nennen wollen, der eine Konditionierung der Hunde erm\u00f6glicht. Ben\u00f6tigen Sie Datentr\u00e4gersp\u00fcrhunde-Teams f\u00fcr einen Einsatz oder wollen Hunde bei uns ausbilden lassen? So senden Sie uns bitte Ihre Anfrage per E-Mail oder rufen direkt bei uns im B\u00fcro an.<\/p>\n<h2 class=\"fittexted_for_content_h2\">Inhalte nach hohen internationalen Qualit\u00e4t Standards mit folgenden Schwerpunkten:<\/h2>\n<ul>\n<li>Kynologie<\/li>\n<li>Anatomie<\/li>\n<li>Geruchskunde<\/li>\n<li>Geruchsdifferenzierung<\/li>\n<li>Konditionierungs Modelle<\/li>\n<li>Verleiterarbeit<\/li>\n<li>Einsatzlehre<\/li>\n<li>Grunds\u00e4tze im Umgang<\/li>\n<li>Recht<\/li>\n<li>Eigensicherung<\/li>\n<li>Erste Hilfe Hund<\/li>\n<li>Pr\u00fcfungen<\/li>\n<li>Ausbildung DtrSH<\/li>\n<li>Zertifizierung<\/li>\n<\/ul>\n<p>&nbsp;<\/p>\n<p>&nbsp;<\/p>\n","protected":false},"excerpt":{"rendered":"<h2 class=\"fittexted_for_content_h2\">Datentr\u00e4ger-Sp\u00fcrhund-Team<\/h2>\n","protected":false},"featured_media":326513,"template":"","meta":{"_price":"9200","_stock":"","_tribe_ticket_header":"","_tribe_default_ticket_provider":"","_ticket_start_date":"","_ticket_end_date":"","_tribe_ticket_show_description":"","_tribe_ticket_show_not_going":false,"_tribe_ticket_use_global_stock":"","_tribe_ticket_global_stock_level":"","_global_stock_mode":"","_global_stock_cap":"","_tribe_rsvp_for_event":"","_tribe_ticket_going_count":"","_tribe_ticket_not_going_count":"","_tribe_tickets_list":"[]","_tribe_ticket_has_attendee_info_fields":false},"product_brand":[],"product_cat":[534],"product_tag":[792,791,788,787,789,790,793,765,761,762,767,546,764,607,555],"class_list":{"0":"post-2714","1":"product","2":"type-product","3":"status-publish","4":"has-post-thumbnail","6":"product_cat-vollzeitausbildung-zum-spuerhund","7":"product_tag-behoerde","8":"product_tag-datentraeger","9":"product_tag-datentraegerspuerhund","10":"product_tag-familienschutzhund","11":"product_tag-geruchsdiffernzierung","12":"product_tag-handyspuerhund","13":"product_tag-institution","14":"product_tag-kidguard","15":"product_tag-personenschutz","16":"product_tag-personenschutzhund","17":"product_tag-schutz-beduerftige-personen","18":"product_tag-schutzhund","19":"product_tag-schutzperson","20":"product_tag-spuerhund","21":"product_tag-suchhunde","23":"first","24":"instock","25":"virtual","26":"taxable","27":"purchasable","28":"product-type-simple"},"_links":{"self":[{"href":"https:\/\/spuerhundeschule.de\/de\/wp-json\/wp\/v2\/product\/2714","targetHints":{"allow":["GET"]}}],"collection":[{"href":"https:\/\/spuerhundeschule.de\/de\/wp-json\/wp\/v2\/product"}],"about":[{"href":"https:\/\/spuerhundeschule.de\/de\/wp-json\/wp\/v2\/types\/product"}],"wp:featuredmedia":[{"embeddable":true,"href":"https:\/\/spuerhundeschule.de\/de\/wp-json\/wp\/v2\/media\/326513"}],"wp:attachment":[{"href":"https:\/\/spuerhundeschule.de\/de\/wp-json\/wp\/v2\/media?parent=2714"}],"wp:term":[{"taxonomy":"product_brand","embeddable":true,"href":"https:\/\/spuerhundeschule.de\/de\/wp-json\/wp\/v2\/product_brand?post=2714"},{"taxonomy":"product_cat","embeddable":true,"href":"https:\/\/spuerhundeschule.de\/de\/wp-json\/wp\/v2\/product_cat?post=2714"},{"taxonomy":"product_tag","embeddable":true,"href":"https:\/\/spuerhundeschule.de\/de\/wp-json\/wp\/v2\/product_tag?post=2714"}],"curies":[{"name":"wp","href":"https:\/\/api.w.org\/{rel}","templated":true}]}}