{"id":2631,"date":"2018-11-25T10:36:30","date_gmt":"2018-11-25T10:36:30","guid":{"rendered":"https:\/\/spuerhundeschule.de\/de\/?post_type=product&#038;p=2631"},"modified":"2022-09-30T10:49:36","modified_gmt":"2022-09-30T08:49:36","slug":"edition-one-ipo-schutzarm-fuer-den-schutzdienst-im-hundesport-oder-hundetraining","status":"publish","type":"product","link":"https:\/\/spuerhundeschule.de\/de\/produkt\/edition-one-ipo-schutzarm-fuer-den-schutzdienst-im-hundesport-oder-hundetraining\/","title":{"rendered":"IPO Schutzarm f\u00fcr den Schutzdienst im Hundesport"},"content":{"rendered":"<h2><span style=\"color: #ff0000;\">! Winterspezial !<\/span><\/h2>\n<h2>Edition One IPO Schutzarm f\u00fcr Pr\u00fcfungen und Meisterschaften inkl. 1 Manschette f\u00fcr den Schutzdienst im Hundesport oder Hundetraining<\/h2>\n<ul>\n<li>Dieser Edition One IPO Schutzarm inkls. 1 Manschette f\u00fcr Pr\u00fcfungen und Meisterschaften f\u00fcr den Schutzdienst im Hundesport oder Hundetraining wie oben beschrieben kann absofort im Onlineshop bestellt werden.<\/li>\n<li>Lieferzeit 2-4 Tage nach Bezahlung<\/li>\n<li><strong>Auf Bestellung, f\u00fcr Rechtshelfer<br \/>\n<\/strong><\/li>\n<li>Schulterteil Orange\/Schwarz bei Betsellung angeben<\/li>\n<li>Manschette in schwarz oder orange aus robustem Nylcot f\u00fcr den Zahnschutz beim Hund<\/li>\n<li><span class=\"a-list-item\">Gewicht nur 1,20 Kg<br \/>\n<\/span><\/li>\n<li>Ein Leichtgewicht<\/li>\n<li><span class=\"a-list-item\">H\u00f6chste Qualit\u00e4t<br \/>\n<\/span><\/li>\n<li>Neuste Innovation bez\u00fcglich Leichtigkeit und Beweglichkeit<\/li>\n<li>Bestehend aus hochwertigem Echtleder in den \u00dcberg\u00e4ngen<\/li>\n<li>Geschnitten f\u00fcr mittiges Griffverhalten<\/li>\n<li>Auflaufstopp durch mittelharten Keil<\/li>\n<li>Kynologische weiterentwickelt<\/li>\n<li>Von Hand gefertigt<\/li>\n<li>Kernmaterialien sehr robust und rissfest<\/li>\n<\/ul>\n<p>&nbsp;<\/p>\n<p>&nbsp;<\/p>\n","protected":false},"excerpt":{"rendered":"<h2>Edition One IPO Schutzarm f\u00fcr Pr\u00fcfungen und Meisterschaften inkl. 11 Manschette f\u00fcr den Schutzdienst im Hundesport oder Hundetraining<\/h2>\n","protected":false},"featured_media":2032,"template":"","meta":{"_price":"128.90","_stock":"","_tribe_ticket_header":"","_tribe_default_ticket_provider":"","_tribe_ticket_capacity":"1","_ticket_start_date":"","_ticket_end_date":"","_tribe_ticket_show_description":"","_tribe_ticket_show_not_going":false,"_tribe_ticket_use_global_stock":"","_tribe_ticket_global_stock_level":"","_global_stock_mode":"","_global_stock_cap":"","_tribe_rsvp_for_event":"","_tribe_ticket_going_count":"","_tribe_ticket_not_going_count":"","_tribe_tickets_list":"[]","_tribe_ticket_has_attendee_info_fields":false},"product_brand":[],"product_cat":[617],"product_tag":[774,747,777,775,634,547,751,662,635,776,666,772,545,633,773,663,632],"class_list":{"0":"post-2631","1":"product","2":"type-product","3":"status-publish","4":"has-post-thumbnail","6":"product_cat-trainingsausruestung-fuer-sport-und-diensthunde","7":"product_tag-ausbildung-hundesport","8":"product_tag-ausbildung-mit-klicker","9":"product_tag-ausbildungszubehoer","10":"product_tag-beissarm-fuer-hundesport","11":"product_tag-diensthundeausbildung","12":"product_tag-diensthundefuehrer","13":"product_tag-hunde","14":"product_tag-hundefuehrer","15":"product_tag-hundesport","16":"product_tag-hundezubehoer","17":"product_tag-ihk-diensthundefuehrer","18":"product_tag-ipo","19":"product_tag-polizei","20":"product_tag-polizeihund","21":"product_tag-schutzarme-fuer-hundesport","22":"product_tag-sicherheitsdienst","23":"product_tag-zivilschutzarbeit","25":"first","26":"instock","27":"taxable","28":"shipping-taxable","29":"purchasable","30":"product-type-simple"},"_links":{"self":[{"href":"https:\/\/spuerhundeschule.de\/de\/wp-json\/wp\/v2\/product\/2631","targetHints":{"allow":["GET"]}}],"collection":[{"href":"https:\/\/spuerhundeschule.de\/de\/wp-json\/wp\/v2\/product"}],"about":[{"href":"https:\/\/spuerhundeschule.de\/de\/wp-json\/wp\/v2\/types\/product"}],"wp:featuredmedia":[{"embeddable":true,"href":"https:\/\/spuerhundeschule.de\/de\/wp-json\/wp\/v2\/media\/2032"}],"wp:attachment":[{"href":"https:\/\/spuerhundeschule.de\/de\/wp-json\/wp\/v2\/media?parent=2631"}],"wp:term":[{"taxonomy":"product_brand","embeddable":true,"href":"https:\/\/spuerhundeschule.de\/de\/wp-json\/wp\/v2\/product_brand?post=2631"},{"taxonomy":"product_cat","embeddable":true,"href":"https:\/\/spuerhundeschule.de\/de\/wp-json\/wp\/v2\/product_cat?post=2631"},{"taxonomy":"product_tag","embeddable":true,"href":"https:\/\/spuerhundeschule.de\/de\/wp-json\/wp\/v2\/product_tag?post=2631"}],"curies":[{"name":"wp","href":"https:\/\/api.w.org\/{rel}","templated":true}]}}