{"id":2629,"date":"2018-11-25T10:27:34","date_gmt":"2018-11-25T10:27:34","guid":{"rendered":"https:\/\/spuerhundeschule.de\/de\/?post_type=product&#038;p=2629"},"modified":"2022-12-12T09:24:05","modified_gmt":"2022-12-12T08:24:05","slug":"6-punkt-abseilgeschirr-professionale-zur-ausbildung-oder-einsatz-fuer-diensthunde-und-einsatzhunde-kopie","status":"publish","type":"product","link":"https:\/\/spuerhundeschule.de\/de\/produkt\/6-punkt-abseilgeschirr-professionale-zur-ausbildung-oder-einsatz-fuer-diensthunde-und-einsatzhunde-kopie\/","title":{"rendered":"K9 Abseilgeschirr f\u00fcr Hunde zur Ausbildung oder den Einsatz"},"content":{"rendered":"<h2>6 Punkt Abseilgeschirr Professionale zur Ausbildung oder Einsatz f\u00fcr Diensthunde und Einsatzhunde<\/h2>\n<ul>\n<li>Dieses 6 Punkt Abseilgeschirr Professionale zur Ausbildung oder Einsatz f\u00fcr Diensthunde und Einsatzhunde<\/li>\n<\/ul>\n<p><img loading=\"lazy\" decoding=\"async\" class=\"alignnone size-medium wp-image-326180\" src=\"https:\/\/spuerhundeschule.de\/de\/wp-content\/uploads\/2018\/11\/PhotoRoom-20221014_111536-01-300x300.jpeg\" alt=\"\" width=\"300\" height=\"300\" srcset=\"https:\/\/spuerhundeschule.de\/de\/wp-content\/uploads\/2018\/11\/PhotoRoom-20221014_111536-01-300x300.jpeg 300w, https:\/\/spuerhundeschule.de\/de\/wp-content\/uploads\/2018\/11\/PhotoRoom-20221014_111536-01-1024x1024.jpeg 1024w, https:\/\/spuerhundeschule.de\/de\/wp-content\/uploads\/2018\/11\/PhotoRoom-20221014_111536-01-150x150.jpeg 150w, https:\/\/spuerhundeschule.de\/de\/wp-content\/uploads\/2018\/11\/PhotoRoom-20221014_111536-01-768x768.jpeg 768w, https:\/\/spuerhundeschule.de\/de\/wp-content\/uploads\/2018\/11\/PhotoRoom-20221014_111536-01-1536x1536.jpeg 1536w, https:\/\/spuerhundeschule.de\/de\/wp-content\/uploads\/2018\/11\/PhotoRoom-20221014_111536-01-80x80.jpeg 80w, https:\/\/spuerhundeschule.de\/de\/wp-content\/uploads\/2018\/11\/PhotoRoom-20221014_111536-01-320x320.jpeg 320w, https:\/\/spuerhundeschule.de\/de\/wp-content\/uploads\/2018\/11\/PhotoRoom-20221014_111536-01-200x200.jpeg 200w, https:\/\/spuerhundeschule.de\/de\/wp-content\/uploads\/2018\/11\/PhotoRoom-20221014_111536-01-100x100.jpeg 100w, https:\/\/spuerhundeschule.de\/de\/wp-content\/uploads\/2018\/11\/PhotoRoom-20221014_111536-01.jpeg 1990w\" sizes=\"auto, (max-width: 300px) 100vw, 300px\" \/><\/p>\n<ul>\n<li>Lieferzeit: 2-5 Tage nach Zahlungseingang<\/li>\n<li>Gr\u00f6\u00dfe: <strong>bei der Bestellung angeben!<br \/>\n<\/strong><\/li>\n<\/ul>\n<p>&nbsp;<\/p>\n<ul>\n<li>\n<table style=\"height: 63px;\" width=\"752\">\n<tbody>\n<tr>\n<td>Gr\u00f6\u00dfe<\/td>\n<td>S<\/td>\n<td>M<\/td>\n<td>L<\/td>\n<td>XL<\/td>\n<\/tr>\n<tr>\n<td>Brustumfang<\/td>\n<td>40-60cm<\/td>\n<td>60-80cm<\/td>\n<td>80-100cm<\/td>\n<td>100-140cm<\/td>\n<\/tr>\n<\/tbody>\n<\/table>\n<\/li>\n<\/ul>\n<p>&nbsp;<\/p>\n<ul>\n<li><span class=\"a-list-item\">Gewicht: nur 1,1kg<br \/>\n<\/span><\/li>\n<li>Farbe: orange oder auf Wunsch<\/li>\n<li>Schnellanzug durch komplette \u00d6ffnung und Fixierung mit Klettverschluss, <strong>kein Beineinstieg mehr n\u00f6tig!<\/strong><\/li>\n<li>6 Punkt Schnellverschl\u00fcsse<\/li>\n<li>Schnallen bruchsicher<\/li>\n<\/ul>\n<p><img loading=\"lazy\" decoding=\"async\" class=\"alignnone size-medium wp-image-326185\" src=\"https:\/\/spuerhundeschule.de\/de\/wp-content\/uploads\/2018\/11\/PhotoRoom-20221014_111854-01-300x300.jpeg\" alt=\"\" width=\"300\" height=\"300\" srcset=\"https:\/\/spuerhundeschule.de\/de\/wp-content\/uploads\/2018\/11\/PhotoRoom-20221014_111854-01-300x300.jpeg 300w, https:\/\/spuerhundeschule.de\/de\/wp-content\/uploads\/2018\/11\/PhotoRoom-20221014_111854-01-1024x1024.jpeg 1024w, https:\/\/spuerhundeschule.de\/de\/wp-content\/uploads\/2018\/11\/PhotoRoom-20221014_111854-01-150x150.jpeg 150w, https:\/\/spuerhundeschule.de\/de\/wp-content\/uploads\/2018\/11\/PhotoRoom-20221014_111854-01-768x768.jpeg 768w, https:\/\/spuerhundeschule.de\/de\/wp-content\/uploads\/2018\/11\/PhotoRoom-20221014_111854-01-1536x1536.jpeg 1536w, https:\/\/spuerhundeschule.de\/de\/wp-content\/uploads\/2018\/11\/PhotoRoom-20221014_111854-01-80x80.jpeg 80w, https:\/\/spuerhundeschule.de\/de\/wp-content\/uploads\/2018\/11\/PhotoRoom-20221014_111854-01-320x320.jpeg 320w, https:\/\/spuerhundeschule.de\/de\/wp-content\/uploads\/2018\/11\/PhotoRoom-20221014_111854-01-200x200.jpeg 200w, https:\/\/spuerhundeschule.de\/de\/wp-content\/uploads\/2018\/11\/PhotoRoom-20221014_111854-01-100x100.jpeg 100w, https:\/\/spuerhundeschule.de\/de\/wp-content\/uploads\/2018\/11\/PhotoRoom-20221014_111854-01.jpeg 2000w\" sizes=\"auto, (max-width: 300px) 100vw, 300px\" \/><\/p>\n<ul>\n<li>St\u00fctzhilfe f\u00fcr den Hinterlauf l\u00e4ngenverstellbar<\/li>\n<li>Das Obermaterial bestehend aus Baumwolle\/Nylon-Mischgewebe (NYLCOT) und ist wasserabweisend<\/li>\n<li>Das Innenfutter ist gepolstert, durchdrucksicher (Druckverteiler), sowie besteht aus wasserabweisenden Schutzgewebe<\/li>\n<li>Seilringe aus geh\u00e4rtetem Stahl, Halteschlaufen mit Doppelnaht gesichert<\/li>\n<\/ul>\n<p><img loading=\"lazy\" decoding=\"async\" class=\"alignnone size-medium wp-image-326182\" src=\"https:\/\/spuerhundeschule.de\/de\/wp-content\/uploads\/2018\/11\/PhotoRoom-20221014_111730-01-300x300.jpeg\" alt=\"\" width=\"300\" height=\"300\" srcset=\"https:\/\/spuerhundeschule.de\/de\/wp-content\/uploads\/2018\/11\/PhotoRoom-20221014_111730-01-300x300.jpeg 300w, https:\/\/spuerhundeschule.de\/de\/wp-content\/uploads\/2018\/11\/PhotoRoom-20221014_111730-01-1024x1024.jpeg 1024w, https:\/\/spuerhundeschule.de\/de\/wp-content\/uploads\/2018\/11\/PhotoRoom-20221014_111730-01-150x150.jpeg 150w, https:\/\/spuerhundeschule.de\/de\/wp-content\/uploads\/2018\/11\/PhotoRoom-20221014_111730-01-768x768.jpeg 768w, https:\/\/spuerhundeschule.de\/de\/wp-content\/uploads\/2018\/11\/PhotoRoom-20221014_111730-01-1536x1536.jpeg 1536w, https:\/\/spuerhundeschule.de\/de\/wp-content\/uploads\/2018\/11\/PhotoRoom-20221014_111730-01-80x80.jpeg 80w, https:\/\/spuerhundeschule.de\/de\/wp-content\/uploads\/2018\/11\/PhotoRoom-20221014_111730-01-320x320.jpeg 320w, https:\/\/spuerhundeschule.de\/de\/wp-content\/uploads\/2018\/11\/PhotoRoom-20221014_111730-01-200x200.jpeg 200w, https:\/\/spuerhundeschule.de\/de\/wp-content\/uploads\/2018\/11\/PhotoRoom-20221014_111730-01-100x100.jpeg 100w, https:\/\/spuerhundeschule.de\/de\/wp-content\/uploads\/2018\/11\/PhotoRoom-20221014_111730-01.jpeg 2000w\" sizes=\"auto, (max-width: 300px) 100vw, 300px\" \/><\/p>\n<ul>\n<li>Kynologische weiterentwickelt<\/li>\n<li>Griffst\u00fcck Formplastik<\/li>\n<li>Belastungssicher bis 110,00 Kg<\/li>\n<li>Von Hand gefertigt<\/li>\n<li><span class=\"a-list-item\">H\u00f6chste Qualit\u00e4t<\/span><\/li>\n<li>Ein Leichtgewicht<\/li>\n<li>Kernmaterialien sehr robust und rissfest<\/li>\n<li>Versandkosten ins Ausland bitte erfragen!<\/li>\n<\/ul>\n<p><b><br \/>\n<\/b>Geeignet f\u00fcrs Tragen am R\u00fccken oder am Brustteil <strong>(Erweiterungszubeh\u00f6r n\u00f6tig)<\/strong>, Abseilen der Hunde aus gro\u00dfer H\u00f6he. F\u00fcr den Einsatz im Rettungswesen sowie im Diensthundewesen.<strong><br \/>\n<\/strong><\/p>\n<p>&nbsp;<\/p>\n<p>&nbsp;<\/p>\n<p>&nbsp;<\/p>\n","protected":false},"excerpt":{"rendered":"<h2>6 Punkt Abseilgeschirr Professionale zur Ausbildung oder Einsatz f\u00fcr Diensthunde und Einsatzhunde<\/h2>\n","protected":false},"featured_media":326178,"template":"","meta":{"_price":"197.90","_stock":"","_tribe_ticket_header":"","_tribe_default_ticket_provider":"","_ticket_start_date":"","_ticket_end_date":"","_tribe_ticket_show_description":"","_tribe_ticket_show_not_going":false,"_tribe_ticket_use_global_stock":"","_tribe_ticket_global_stock_level":"","_global_stock_mode":"","_global_stock_cap":"","_tribe_rsvp_for_event":"","_tribe_ticket_going_count":"","_tribe_ticket_not_going_count":"","_tribe_tickets_list":"[]","_tribe_ticket_has_attendee_info_fields":false},"product_brand":[],"product_cat":[629,617],"product_tag":[],"class_list":{"0":"post-2629","1":"product","2":"type-product","3":"status-publish","4":"has-post-thumbnail","6":"product_cat-trainingsausruestung-fuer-dienst-und-spuerhunde","7":"product_cat-trainingsausruestung-fuer-sport-und-diensthunde","8":"product_shipping_class-bis-5kg","10":"first","11":"instock","12":"taxable","13":"shipping-taxable","14":"purchasable","15":"product-type-simple"},"_links":{"self":[{"href":"https:\/\/spuerhundeschule.de\/de\/wp-json\/wp\/v2\/product\/2629","targetHints":{"allow":["GET"]}}],"collection":[{"href":"https:\/\/spuerhundeschule.de\/de\/wp-json\/wp\/v2\/product"}],"about":[{"href":"https:\/\/spuerhundeschule.de\/de\/wp-json\/wp\/v2\/types\/product"}],"wp:featuredmedia":[{"embeddable":true,"href":"https:\/\/spuerhundeschule.de\/de\/wp-json\/wp\/v2\/media\/326178"}],"wp:attachment":[{"href":"https:\/\/spuerhundeschule.de\/de\/wp-json\/wp\/v2\/media?parent=2629"}],"wp:term":[{"taxonomy":"product_brand","embeddable":true,"href":"https:\/\/spuerhundeschule.de\/de\/wp-json\/wp\/v2\/product_brand?post=2629"},{"taxonomy":"product_cat","embeddable":true,"href":"https:\/\/spuerhundeschule.de\/de\/wp-json\/wp\/v2\/product_cat?post=2629"},{"taxonomy":"product_tag","embeddable":true,"href":"https:\/\/spuerhundeschule.de\/de\/wp-json\/wp\/v2\/product_tag?post=2629"}],"curies":[{"name":"wp","href":"https:\/\/api.w.org\/{rel}","templated":true}]}}