{"id":2628,"date":"2018-11-25T10:23:20","date_gmt":"2018-11-25T10:23:20","guid":{"rendered":"https:\/\/spuerhundeschule.de\/de\/?post_type=product&#038;p=2628"},"modified":"2022-11-21T10:23:25","modified_gmt":"2022-11-21T09:23:25","slug":"arbeitsgeschirr-fuer-hunde-zur-ausbildung-von-diensthunden","status":"publish","type":"product","link":"https:\/\/spuerhundeschule.de\/de\/produkt\/arbeitsgeschirr-fuer-hunde-zur-ausbildung-von-diensthunden\/","title":{"rendered":"K9 Arbeitsgeschirr f\u00fcr Hunde zur Ausbildung von Diensthunden"},"content":{"rendered":"<h2>Arbeitsgeschirr Canis f\u00fcr die Ausbildung von Diensthunden oder Einsatzhunden<\/h2>\n<ul>\n<li>Dieses Arbeitsgeschirr Canis f\u00fcr die Ausbildung von Diensthunden oder Einsatzhunden<\/li>\n<li>Lieferzeit: 2-5 Tage nach Bezahlung<\/li>\n<li>Erh\u00e4ltlich in den Gr\u00f6\u00dfen: Brustumfang &#8211; S 40-60 cm, M 60-80 cm, L 80-100 cm, XL 100-140 cm<\/li>\n<li><span class=\"a-list-item\">Gewicht nur 0,30 Kg<br \/>\n<\/span><\/li>\n<li>Farbe: Orange<\/li>\n<li>Ein Leichtgewicht<\/li>\n<li><span class=\"a-list-item\">H\u00f6chste Qualit\u00e4t<\/span><\/li>\n<li>Schnallen bruchsicher und mit Klettverschlusssicherung<\/li>\n<li>Das Obermaterial bestehend aus Strapazierf\u00e4higes Nylon 300 D und ist wasserabweisend<\/li>\n<li>Das Innenfutter gepolstert<\/li>\n<li>Kynologische weiterentwickelt<\/li>\n<li>Griffst\u00fcck Kunststoff<\/li>\n<li>Von Hand gefertigt<\/li>\n<li>Kernmaterialien sehr robust und rissfest<\/li>\n<li>Versandkosten f\u00fcr das Ausland bitte bei Bestellung erfragen<\/li>\n<\/ul>\n<p><b><br \/>\n<\/b><strong><br \/>\n<\/strong><\/p>\n<p>&nbsp;<\/p>\n<p>&nbsp;<\/p>\n<p>&nbsp;<\/p>\n","protected":false},"excerpt":{"rendered":"<h2>Arbeitsgeschirr Canis f\u00fcr die Ausbildung von Diensthunden oder Einsatzhunden<\/h2>\n","protected":false},"featured_media":326101,"template":"","meta":{"_price":"58.90","_stock":"","_tribe_ticket_header":"","_tribe_default_ticket_provider":"","_ticket_start_date":"","_ticket_end_date":"","_tribe_ticket_show_description":"","_tribe_ticket_show_not_going":false,"_tribe_ticket_use_global_stock":"","_tribe_ticket_global_stock_level":"","_global_stock_mode":"","_global_stock_cap":"","_tribe_rsvp_for_event":"","_tribe_ticket_going_count":"","_tribe_ticket_not_going_count":"","_tribe_tickets_list":"[]","_tribe_ticket_has_attendee_info_fields":false},"product_brand":[],"product_cat":[617],"product_tag":[],"class_list":{"0":"post-2628","1":"product","2":"type-product","3":"status-publish","4":"has-post-thumbnail","6":"product_cat-trainingsausruestung-fuer-sport-und-diensthunde","7":"product_shipping_class-bis-5kg","9":"first","10":"instock","11":"taxable","12":"shipping-taxable","13":"purchasable","14":"product-type-simple"},"_links":{"self":[{"href":"https:\/\/spuerhundeschule.de\/de\/wp-json\/wp\/v2\/product\/2628","targetHints":{"allow":["GET"]}}],"collection":[{"href":"https:\/\/spuerhundeschule.de\/de\/wp-json\/wp\/v2\/product"}],"about":[{"href":"https:\/\/spuerhundeschule.de\/de\/wp-json\/wp\/v2\/types\/product"}],"wp:featuredmedia":[{"embeddable":true,"href":"https:\/\/spuerhundeschule.de\/de\/wp-json\/wp\/v2\/media\/326101"}],"wp:attachment":[{"href":"https:\/\/spuerhundeschule.de\/de\/wp-json\/wp\/v2\/media?parent=2628"}],"wp:term":[{"taxonomy":"product_brand","embeddable":true,"href":"https:\/\/spuerhundeschule.de\/de\/wp-json\/wp\/v2\/product_brand?post=2628"},{"taxonomy":"product_cat","embeddable":true,"href":"https:\/\/spuerhundeschule.de\/de\/wp-json\/wp\/v2\/product_cat?post=2628"},{"taxonomy":"product_tag","embeddable":true,"href":"https:\/\/spuerhundeschule.de\/de\/wp-json\/wp\/v2\/product_tag?post=2628"}],"curies":[{"name":"wp","href":"https:\/\/api.w.org\/{rel}","templated":true}]}}