{"id":2624,"date":"2018-11-25T09:59:35","date_gmt":"2018-11-25T09:59:35","guid":{"rendered":"https:\/\/spuerhundeschule.de\/de\/?post_type=product&#038;p=2624"},"modified":"2022-12-09T08:56:56","modified_gmt":"2022-12-09T07:56:56","slug":"arbeitsschuerze-fuer-die-ausbildung-von-hunden-in-der-unterordnung-2","status":"publish","type":"product","link":"https:\/\/spuerhundeschule.de\/de\/produkt\/arbeitsschuerze-fuer-die-ausbildung-von-hunden-in-der-unterordnung-2\/","title":{"rendered":"Arbeitssch\u00fcrze f\u00fcr die Ausbildung von Hunden in der Unterordnung"},"content":{"rendered":"<h2>Arbeitssch\u00fcrze f\u00fcr die Ausbildung von Sporthunden,\u00a0 Diensthunden oder Einsatzhunden in der Unterordnung<\/h2>\n<ul>\n<li>Diese Arbeitssch\u00fcrze ist bestens geeignet f\u00fcr die Ausbildung von Diensthunden oder Einsatzhunden in der Unterordnung, ebenso bei Spazierg\u00e4ngen<\/li>\n<li>Lieferzeit: 2-5 Tage nach Zahlungseingang<\/li>\n<li>Erh\u00e4ltlich in den Gr\u00f6\u00dfen: <strong>Bitte bei der Bestellung angeben!<\/strong><\/li>\n<\/ul>\n<p>&nbsp;<\/p>\n<ul>\n<li>\n<table style=\"height: 63px;\" width=\"385\">\n<tbody>\n<tr>\n<td><\/td>\n<td>S<\/td>\n<td>M<\/td>\n<td>L<\/td>\n<td>XL<\/td>\n<\/tr>\n<tr>\n<td>Gr\u00f6\u00dfe<\/td>\n<td>65-90cm<\/td>\n<td>75-100cm<\/td>\n<td>90-110cm<\/td>\n<td>90-125cm<\/td>\n<\/tr>\n<\/tbody>\n<\/table>\n<\/li>\n<\/ul>\n<p>&nbsp;<\/p>\n<ul>\n<li>Sch\u00fcrzenbund flexibel, durch einen Gummiband<span class=\"a-list-item\"><br \/>\n<\/span><\/li>\n<li>Farbe: schwarz\/orange<\/li>\n<li>4 tiefe, getrennte Taschen f\u00fcr Futter und\/oder Spielzeug<\/li>\n<li>Auf der R\u00fcckseite befindet sich ein Haltering aus Metall, zum befestigen diverser Gegenst\u00e4nde (Spielzeug, Magnetball,&#8230;)<\/li>\n<\/ul>\n<p><img loading=\"lazy\" decoding=\"async\" class=\"alignnone size-medium wp-image-326176\" src=\"https:\/\/spuerhundeschule.de\/de\/wp-content\/uploads\/2018\/11\/PhotoRoom-20221014_100847-01-300x300.jpeg\" alt=\"\" width=\"300\" height=\"300\" srcset=\"https:\/\/spuerhundeschule.de\/de\/wp-content\/uploads\/2018\/11\/PhotoRoom-20221014_100847-01-300x300.jpeg 300w, https:\/\/spuerhundeschule.de\/de\/wp-content\/uploads\/2018\/11\/PhotoRoom-20221014_100847-01-1024x1024.jpeg 1024w, https:\/\/spuerhundeschule.de\/de\/wp-content\/uploads\/2018\/11\/PhotoRoom-20221014_100847-01-150x150.jpeg 150w, https:\/\/spuerhundeschule.de\/de\/wp-content\/uploads\/2018\/11\/PhotoRoom-20221014_100847-01-768x768.jpeg 768w, https:\/\/spuerhundeschule.de\/de\/wp-content\/uploads\/2018\/11\/PhotoRoom-20221014_100847-01-1536x1536.jpeg 1536w, https:\/\/spuerhundeschule.de\/de\/wp-content\/uploads\/2018\/11\/PhotoRoom-20221014_100847-01-80x80.jpeg 80w, https:\/\/spuerhundeschule.de\/de\/wp-content\/uploads\/2018\/11\/PhotoRoom-20221014_100847-01-320x320.jpeg 320w, https:\/\/spuerhundeschule.de\/de\/wp-content\/uploads\/2018\/11\/PhotoRoom-20221014_100847-01-200x200.jpeg 200w, https:\/\/spuerhundeschule.de\/de\/wp-content\/uploads\/2018\/11\/PhotoRoom-20221014_100847-01-100x100.jpeg 100w, https:\/\/spuerhundeschule.de\/de\/wp-content\/uploads\/2018\/11\/PhotoRoom-20221014_100847-01.jpeg 2000w\" sizes=\"auto, (max-width: 300px) 100vw, 300px\" \/><\/p>\n<ul>\n<li>reflektierende Paspeln an den Taschen, dadurch eine erh\u00f6hte Sichtbarkeit im Stra\u00dfenverkehr<\/li>\n<li>Ein Leichtgewicht<\/li>\n<li><span class=\"a-list-item\">H\u00f6chste Qualit\u00e4t<\/span><\/li>\n<li>Schnalle bruchsicher<\/li>\n<\/ul>\n<p><img loading=\"lazy\" decoding=\"async\" class=\"alignnone size-medium wp-image-326177\" src=\"https:\/\/spuerhundeschule.de\/de\/wp-content\/uploads\/2018\/11\/PhotoRoom-20221014_100914-01-300x300.jpeg\" alt=\"\" width=\"300\" height=\"300\" srcset=\"https:\/\/spuerhundeschule.de\/de\/wp-content\/uploads\/2018\/11\/PhotoRoom-20221014_100914-01-300x300.jpeg 300w, https:\/\/spuerhundeschule.de\/de\/wp-content\/uploads\/2018\/11\/PhotoRoom-20221014_100914-01-1024x1024.jpeg 1024w, https:\/\/spuerhundeschule.de\/de\/wp-content\/uploads\/2018\/11\/PhotoRoom-20221014_100914-01-150x150.jpeg 150w, https:\/\/spuerhundeschule.de\/de\/wp-content\/uploads\/2018\/11\/PhotoRoom-20221014_100914-01-768x768.jpeg 768w, https:\/\/spuerhundeschule.de\/de\/wp-content\/uploads\/2018\/11\/PhotoRoom-20221014_100914-01-1536x1536.jpeg 1536w, https:\/\/spuerhundeschule.de\/de\/wp-content\/uploads\/2018\/11\/PhotoRoom-20221014_100914-01-80x80.jpeg 80w, https:\/\/spuerhundeschule.de\/de\/wp-content\/uploads\/2018\/11\/PhotoRoom-20221014_100914-01-320x320.jpeg 320w, https:\/\/spuerhundeschule.de\/de\/wp-content\/uploads\/2018\/11\/PhotoRoom-20221014_100914-01-200x200.jpeg 200w, https:\/\/spuerhundeschule.de\/de\/wp-content\/uploads\/2018\/11\/PhotoRoom-20221014_100914-01-100x100.jpeg 100w, https:\/\/spuerhundeschule.de\/de\/wp-content\/uploads\/2018\/11\/PhotoRoom-20221014_100914-01.jpeg 2000w\" sizes=\"auto, (max-width: 300px) 100vw, 300px\" \/><\/p>\n<ul>\n<li>Das Obermaterial bestehend aus strapazierf\u00e4higes Nylon 300 D und ist wasserabweisend<\/li>\n<li>Von Hand gefertigt<\/li>\n<li>Versandkosten f\u00fcr das Ausland bitte bei Bestellung erfragen<\/li>\n<\/ul>\n<p><strong>Eignet sich hervorragend f\u00fcr das Training, sowie Klickertraining in der Unterordnung oder einfach zum Spazierengehen. Verkehrstauglich!<\/strong><\/p>\n<p><b><br \/>\n<\/b><strong><br \/>\n<\/strong><\/p>\n<p>&nbsp;<\/p>\n<p>&nbsp;<\/p>\n<p>&nbsp;<\/p>\n","protected":false},"excerpt":{"rendered":"<p>Arbeitssch\u00fcrze f\u00fcr die Ausbildung von Sporthunden,\u00a0 Diensthunden oder Einsatzhunden in der Unterordnung Diese Arbeitssch\u00fcrze ist bestens geeignet f\u00fcr die Ausbildung von Diensthunden oder Einsatzhunden in der Unterordnung, ebenso bei Spazierg\u00e4ngen Lieferzeit: 2-5 Tage nach&#46;&#46;&#46;<\/p>\n","protected":false},"featured_media":326174,"template":"","meta":{"_price":"39.90","_stock":"","_tribe_ticket_header":"","_tribe_default_ticket_provider":"","_tribe_ticket_capacity":"3","_ticket_start_date":"","_ticket_end_date":"","_tribe_ticket_show_description":"","_tribe_ticket_show_not_going":false,"_tribe_ticket_use_global_stock":"","_tribe_ticket_global_stock_level":"","_global_stock_mode":"","_global_stock_cap":"","_tribe_rsvp_for_event":"","_tribe_ticket_going_count":"","_tribe_ticket_not_going_count":"","_tribe_tickets_list":"[]","_tribe_ticket_has_attendee_info_fields":false},"product_brand":[],"product_cat":[629,617],"product_tag":[],"class_list":{"0":"post-2624","1":"product","2":"type-product","3":"status-publish","4":"has-post-thumbnail","6":"product_cat-trainingsausruestung-fuer-dienst-und-spuerhunde","7":"product_cat-trainingsausruestung-fuer-sport-und-diensthunde","8":"product_shipping_class-bis-2-kg","10":"first","11":"instock","12":"taxable","13":"shipping-taxable","14":"purchasable","15":"product-type-simple"},"_links":{"self":[{"href":"https:\/\/spuerhundeschule.de\/de\/wp-json\/wp\/v2\/product\/2624","targetHints":{"allow":["GET"]}}],"collection":[{"href":"https:\/\/spuerhundeschule.de\/de\/wp-json\/wp\/v2\/product"}],"about":[{"href":"https:\/\/spuerhundeschule.de\/de\/wp-json\/wp\/v2\/types\/product"}],"wp:featuredmedia":[{"embeddable":true,"href":"https:\/\/spuerhundeschule.de\/de\/wp-json\/wp\/v2\/media\/326174"}],"wp:attachment":[{"href":"https:\/\/spuerhundeschule.de\/de\/wp-json\/wp\/v2\/media?parent=2624"}],"wp:term":[{"taxonomy":"product_brand","embeddable":true,"href":"https:\/\/spuerhundeschule.de\/de\/wp-json\/wp\/v2\/product_brand?post=2624"},{"taxonomy":"product_cat","embeddable":true,"href":"https:\/\/spuerhundeschule.de\/de\/wp-json\/wp\/v2\/product_cat?post=2624"},{"taxonomy":"product_tag","embeddable":true,"href":"https:\/\/spuerhundeschule.de\/de\/wp-json\/wp\/v2\/product_tag?post=2624"}],"curies":[{"name":"wp","href":"https:\/\/api.w.org\/{rel}","templated":true}]}}