{"id":2623,"date":"2018-11-25T09:54:10","date_gmt":"2018-11-25T09:54:10","guid":{"rendered":"https:\/\/spuerhundeschule.de\/de\/?post_type=product&#038;p=2623"},"modified":"2022-12-09T10:28:52","modified_gmt":"2022-12-09T09:28:52","slug":"helferschutzanzug-fuer-den-schutzdienst-sporthund","status":"publish","type":"product","link":"https:\/\/spuerhundeschule.de\/de\/produkt\/helferschutzanzug-fuer-den-schutzdienst-sporthund\/","title":{"rendered":"Schutzanzug f\u00fcr den Schutzdienst Sporthund Diensthund"},"content":{"rendered":"<h2>Helferschutzanzug &#8211; Edition K9 IPO IGP f\u00fcr den Schutzdienst im Hundesport oder Hundetraining<\/h2>\n<ul>\n<li>Dieser Edition IPO Helferschutzanzug f\u00fcr den Schutzdienst im Hundesport oder Hundetraining<\/li>\n<li>Gr\u00f6\u00dfen: S, M, L, XL und XXL<\/li>\n<li><strong>Gr\u00f6\u00dfe bei der Bestellung angeben!<\/strong><\/li>\n<li>Lieferzeit: 2-5 Tage nach Zahlungseingang<\/li>\n<li>Farbe: schwarz\/orange<\/li>\n<li><span class=\"a-list-item\">Gewicht: nur 980 Gramm<br \/>\n<\/span><\/li>\n<li><span class=\"a-list-item\">H\u00f6chste Qualit\u00e4t<br \/>\n<\/span><\/li>\n<li>Neuste Innovation bez\u00fcglich Leichtigkeit und Beweglichkeit<\/li>\n<li>Bestehend aus hochwertigem Nylon Material Easy<\/li>\n<li>Anatomischer Schnitt<\/li>\n<\/ul>\n<p><img loading=\"lazy\" decoding=\"async\" class=\"alignnone size-medium wp-image-326205\" src=\"https:\/\/spuerhundeschule.de\/de\/wp-content\/uploads\/2018\/11\/PhotoRoom-20221019_105640-01-300x300.jpeg\" alt=\"\" width=\"300\" height=\"300\" srcset=\"https:\/\/spuerhundeschule.de\/de\/wp-content\/uploads\/2018\/11\/PhotoRoom-20221019_105640-01-300x300.jpeg 300w, https:\/\/spuerhundeschule.de\/de\/wp-content\/uploads\/2018\/11\/PhotoRoom-20221019_105640-01-1024x1024.jpeg 1024w, https:\/\/spuerhundeschule.de\/de\/wp-content\/uploads\/2018\/11\/PhotoRoom-20221019_105640-01-150x150.jpeg 150w, https:\/\/spuerhundeschule.de\/de\/wp-content\/uploads\/2018\/11\/PhotoRoom-20221019_105640-01-768x768.jpeg 768w, https:\/\/spuerhundeschule.de\/de\/wp-content\/uploads\/2018\/11\/PhotoRoom-20221019_105640-01-1536x1536.jpeg 1536w, https:\/\/spuerhundeschule.de\/de\/wp-content\/uploads\/2018\/11\/PhotoRoom-20221019_105640-01-80x80.jpeg 80w, https:\/\/spuerhundeschule.de\/de\/wp-content\/uploads\/2018\/11\/PhotoRoom-20221019_105640-01-320x320.jpeg 320w, https:\/\/spuerhundeschule.de\/de\/wp-content\/uploads\/2018\/11\/PhotoRoom-20221019_105640-01-200x200.jpeg 200w, https:\/\/spuerhundeschule.de\/de\/wp-content\/uploads\/2018\/11\/PhotoRoom-20221019_105640-01-100x100.jpeg 100w, https:\/\/spuerhundeschule.de\/de\/wp-content\/uploads\/2018\/11\/PhotoRoom-20221019_105640-01.jpeg 2000w\" sizes=\"auto, (max-width: 300px) 100vw, 300px\" \/><\/p>\n<ul>\n<li>Kynologisch weiterentwickelt<\/li>\n<li>Breite Schulterg\u00fcrtel<\/li>\n<li>Seitliche Beinverschl\u00fc\u00dfe<\/li>\n<li>Schnallen bruchsicher<\/li>\n<li>hochwertige Stickerei<\/li>\n<\/ul>\n<p><img loading=\"lazy\" decoding=\"async\" class=\"alignnone size-medium wp-image-326216\" src=\"https:\/\/spuerhundeschule.de\/de\/wp-content\/uploads\/2016\/06\/PhotoRoom-20221019_105911-02-300x300.jpeg\" alt=\"\" width=\"300\" height=\"300\" srcset=\"https:\/\/spuerhundeschule.de\/de\/wp-content\/uploads\/2016\/06\/PhotoRoom-20221019_105911-02-300x300.jpeg 300w, https:\/\/spuerhundeschule.de\/de\/wp-content\/uploads\/2016\/06\/PhotoRoom-20221019_105911-02-1024x1024.jpeg 1024w, https:\/\/spuerhundeschule.de\/de\/wp-content\/uploads\/2016\/06\/PhotoRoom-20221019_105911-02-150x150.jpeg 150w, https:\/\/spuerhundeschule.de\/de\/wp-content\/uploads\/2016\/06\/PhotoRoom-20221019_105911-02-768x768.jpeg 768w, https:\/\/spuerhundeschule.de\/de\/wp-content\/uploads\/2016\/06\/PhotoRoom-20221019_105911-02-1536x1536.jpeg 1536w, https:\/\/spuerhundeschule.de\/de\/wp-content\/uploads\/2016\/06\/PhotoRoom-20221019_105911-02-80x80.jpeg 80w, https:\/\/spuerhundeschule.de\/de\/wp-content\/uploads\/2016\/06\/PhotoRoom-20221019_105911-02-320x320.jpeg 320w, https:\/\/spuerhundeschule.de\/de\/wp-content\/uploads\/2016\/06\/PhotoRoom-20221019_105911-02-200x200.jpeg 200w, https:\/\/spuerhundeschule.de\/de\/wp-content\/uploads\/2016\/06\/PhotoRoom-20221019_105911-02-100x100.jpeg 100w, https:\/\/spuerhundeschule.de\/de\/wp-content\/uploads\/2016\/06\/PhotoRoom-20221019_105911-02.jpeg 2000w\" sizes=\"auto, (max-width: 300px) 100vw, 300px\" \/><\/p>\n<ul>\n<li>\u00dcberarbeitetes Innenlay, leicht gepolstert<\/li>\n<li>Pflegehinweis: dauerhaft bei 30\u00b0 Grad waschbar, nicht b\u00fcgeln und nicht Trockner geeignet<\/li>\n<\/ul>\n<p>&nbsp;<\/p>\n<p>&nbsp;<\/p>\n","protected":false},"excerpt":{"rendered":"<p>Helferschutzanzug &#8211; Edition K9 IPO IGP f\u00fcr den Schutzdienst im Hundesport oder Hundetraining Dieser Edition IPO Helferschutzanzug f\u00fcr den Schutzdienst im Hundesport oder Hundetraining Gr\u00f6\u00dfen: S, M, L, XL und XXL Gr\u00f6\u00dfe bei der&#46;&#46;&#46;<\/p>\n","protected":false},"featured_media":326204,"template":"","meta":{"_price":"259.00","_stock":"","_tribe_ticket_header":"","_tribe_default_ticket_provider":"","_tribe_ticket_capacity":"1","_ticket_start_date":"","_ticket_end_date":"","_tribe_ticket_show_description":"","_tribe_ticket_show_not_going":false,"_tribe_ticket_use_global_stock":"","_tribe_ticket_global_stock_level":"","_global_stock_mode":"","_global_stock_cap":"","_tribe_rsvp_for_event":"","_tribe_ticket_going_count":"","_tribe_ticket_not_going_count":"","_tribe_tickets_list":"[]","_tribe_ticket_has_attendee_info_fields":false},"product_brand":[],"product_cat":[617],"product_tag":[],"class_list":{"0":"post-2623","1":"product","2":"type-product","3":"status-publish","4":"has-post-thumbnail","6":"product_cat-trainingsausruestung-fuer-sport-und-diensthunde","7":"product_shipping_class-bis-5kg","9":"first","10":"instock","11":"taxable","12":"shipping-taxable","13":"purchasable","14":"product-type-simple"},"_links":{"self":[{"href":"https:\/\/spuerhundeschule.de\/de\/wp-json\/wp\/v2\/product\/2623","targetHints":{"allow":["GET"]}}],"collection":[{"href":"https:\/\/spuerhundeschule.de\/de\/wp-json\/wp\/v2\/product"}],"about":[{"href":"https:\/\/spuerhundeschule.de\/de\/wp-json\/wp\/v2\/types\/product"}],"wp:featuredmedia":[{"embeddable":true,"href":"https:\/\/spuerhundeschule.de\/de\/wp-json\/wp\/v2\/media\/326204"}],"wp:attachment":[{"href":"https:\/\/spuerhundeschule.de\/de\/wp-json\/wp\/v2\/media?parent=2623"}],"wp:term":[{"taxonomy":"product_brand","embeddable":true,"href":"https:\/\/spuerhundeschule.de\/de\/wp-json\/wp\/v2\/product_brand?post=2623"},{"taxonomy":"product_cat","embeddable":true,"href":"https:\/\/spuerhundeschule.de\/de\/wp-json\/wp\/v2\/product_cat?post=2623"},{"taxonomy":"product_tag","embeddable":true,"href":"https:\/\/spuerhundeschule.de\/de\/wp-json\/wp\/v2\/product_tag?post=2623"}],"curies":[{"name":"wp","href":"https:\/\/api.w.org\/{rel}","templated":true}]}}