{"id":2622,"date":"2018-11-25T09:48:36","date_gmt":"2018-11-25T09:48:36","guid":{"rendered":"https:\/\/spuerhundeschule.de\/de\/?post_type=product&#038;p=2622"},"modified":"2026-03-03T14:31:27","modified_gmt":"2026-03-03T13:31:27","slug":"kenndecke-rettungshund-fuer-den-einsatz-national","status":"publish","type":"product","link":"https:\/\/spuerhundeschule.de\/de\/produkt\/kenndecke-rettungshund-fuer-den-einsatz-national\/","title":{"rendered":"Kenndecke Rettungshund f\u00fcr den Einsatz national"},"content":{"rendered":"<h2>Kenndecke DDSG Rettungshund f\u00fcr die Ausbildung und den Einsatz national<\/h2>\n<ul>\n<li>Diese Kenndecke Rettungshund in orange f\u00fcr die Ausbildung von Diensthunden und\/oder Einsatzhunden<\/li>\n<li>Schriftzug gestickt<strong> RETTUNGSHUND\u00a0<\/strong>auf reflektierendem Untergrund<\/li>\n<li>Aufgen\u00e4hter Klett f\u00fcr eigene Logos<\/li>\n<\/ul>\n<p><img loading=\"lazy\" decoding=\"async\" class=\"alignnone size-medium wp-image-326136\" src=\"https:\/\/spuerhundeschule.de\/de\/wp-content\/uploads\/2018\/05\/PhotoRoom-20220928_102959-01-300x300.jpeg\" alt=\"\" width=\"300\" height=\"300\" srcset=\"https:\/\/spuerhundeschule.de\/de\/wp-content\/uploads\/2018\/05\/PhotoRoom-20220928_102959-01-300x300.jpeg 300w, https:\/\/spuerhundeschule.de\/de\/wp-content\/uploads\/2018\/05\/PhotoRoom-20220928_102959-01-1024x1024.jpeg 1024w, https:\/\/spuerhundeschule.de\/de\/wp-content\/uploads\/2018\/05\/PhotoRoom-20220928_102959-01-150x150.jpeg 150w, https:\/\/spuerhundeschule.de\/de\/wp-content\/uploads\/2018\/05\/PhotoRoom-20220928_102959-01-768x768.jpeg 768w, https:\/\/spuerhundeschule.de\/de\/wp-content\/uploads\/2018\/05\/PhotoRoom-20220928_102959-01-1536x1536.jpeg 1536w, https:\/\/spuerhundeschule.de\/de\/wp-content\/uploads\/2018\/05\/PhotoRoom-20220928_102959-01-80x80.jpeg 80w, https:\/\/spuerhundeschule.de\/de\/wp-content\/uploads\/2018\/05\/PhotoRoom-20220928_102959-01-320x320.jpeg 320w, https:\/\/spuerhundeschule.de\/de\/wp-content\/uploads\/2018\/05\/PhotoRoom-20220928_102959-01-200x200.jpeg 200w, https:\/\/spuerhundeschule.de\/de\/wp-content\/uploads\/2018\/05\/PhotoRoom-20220928_102959-01-100x100.jpeg 100w, https:\/\/spuerhundeschule.de\/de\/wp-content\/uploads\/2018\/05\/PhotoRoom-20220928_102959-01.jpeg 2000w\" sizes=\"auto, (max-width: 300px) 100vw, 300px\" \/><\/p>\n<ul>\n<li>Erh\u00e4ltlich in den Gr\u00f6\u00dfen: S, L-XL,<strong> bei der Bestellung bitte Gr\u00f6\u00dfe angeben <\/strong><\/li>\n<\/ul>\n<p>&nbsp;<\/p>\n<ul>\n<li>\n<table width=\"444\">\n<tbody>\n<tr>\n<td>Gr\u00f6\u00dfe<\/td>\n<td>S<\/td>\n<td><\/td>\n<td>L<\/td>\n<td>XL<\/td>\n<\/tr>\n<tr>\n<td>Brustumfang<\/td>\n<td>20-50cm<\/td>\n<td><\/td>\n<td>60-90cm<\/td>\n<td>70-100cm<\/td>\n<\/tr>\n<\/tbody>\n<\/table>\n<\/li>\n<\/ul>\n<p>&nbsp;<\/p>\n<ul>\n<li>Sofort erh\u00e4ltlich in den Gr\u00f6\u00dfen S und L solange Vorrat reicht, XL und XXL auf Anfrage (Lieferzeit dann 30 Tage)<\/li>\n<li>Lieferzeit: 2-5 Tage nach Zahlungseingang<\/li>\n<li><span class=\"a-list-item\">Gewicht: nur 300g<br \/>\n<\/span><\/li>\n<li>Farbe: orange<\/li>\n<li>Halteriemen aus reflektierenden Material f\u00fcr maximale Sicherheit<\/li>\n<\/ul>\n<p><img loading=\"lazy\" decoding=\"async\" class=\"alignnone size-medium wp-image-326135\" src=\"https:\/\/spuerhundeschule.de\/de\/wp-content\/uploads\/2018\/05\/PhotoRoom-20220928_102934-01-300x300.jpeg\" alt=\"\" width=\"300\" height=\"300\" srcset=\"https:\/\/spuerhundeschule.de\/de\/wp-content\/uploads\/2018\/05\/PhotoRoom-20220928_102934-01-300x300.jpeg 300w, https:\/\/spuerhundeschule.de\/de\/wp-content\/uploads\/2018\/05\/PhotoRoom-20220928_102934-01-1024x1024.jpeg 1024w, https:\/\/spuerhundeschule.de\/de\/wp-content\/uploads\/2018\/05\/PhotoRoom-20220928_102934-01-150x150.jpeg 150w, https:\/\/spuerhundeschule.de\/de\/wp-content\/uploads\/2018\/05\/PhotoRoom-20220928_102934-01-768x768.jpeg 768w, https:\/\/spuerhundeschule.de\/de\/wp-content\/uploads\/2018\/05\/PhotoRoom-20220928_102934-01-1536x1536.jpeg 1536w, https:\/\/spuerhundeschule.de\/de\/wp-content\/uploads\/2018\/05\/PhotoRoom-20220928_102934-01-80x80.jpeg 80w, https:\/\/spuerhundeschule.de\/de\/wp-content\/uploads\/2018\/05\/PhotoRoom-20220928_102934-01-320x320.jpeg 320w, https:\/\/spuerhundeschule.de\/de\/wp-content\/uploads\/2018\/05\/PhotoRoom-20220928_102934-01-200x200.jpeg 200w, https:\/\/spuerhundeschule.de\/de\/wp-content\/uploads\/2018\/05\/PhotoRoom-20220928_102934-01-100x100.jpeg 100w, https:\/\/spuerhundeschule.de\/de\/wp-content\/uploads\/2018\/05\/PhotoRoom-20220928_102934-01.jpeg 2000w\" sizes=\"auto, (max-width: 300px) 100vw, 300px\" \/><\/p>\n<ul>\n<li>Gummischnallen f\u00fcr diverse Leuchtmittel im Halteriemen eingearbeitet<\/li>\n<li>Metall- oder Plastikringe doppelt f\u00fcr Glockenhalterung<\/li>\n<li>Ein Leichtgewicht<\/li>\n<li><span class=\"a-list-item\">H\u00f6chste Qualit\u00e4t<\/span><\/li>\n<li>Verschlu\u00dfschnallen sind bruchsicher<\/li>\n<li>Kernmaterialien Neopren sehr robust und rissfest<\/li>\n<li>Das Innenfutter der Kenndecke ist gepolstert<\/li>\n<\/ul>\n<p><img loading=\"lazy\" decoding=\"async\" class=\"alignnone size-medium wp-image-326134\" src=\"https:\/\/spuerhundeschule.de\/de\/wp-content\/uploads\/2018\/05\/PhotoRoom-20220928_092755-01-1-300x300.jpeg\" alt=\"\" width=\"300\" height=\"300\" srcset=\"https:\/\/spuerhundeschule.de\/de\/wp-content\/uploads\/2018\/05\/PhotoRoom-20220928_092755-01-1-300x300.jpeg 300w, https:\/\/spuerhundeschule.de\/de\/wp-content\/uploads\/2018\/05\/PhotoRoom-20220928_092755-01-1-1024x1024.jpeg 1024w, https:\/\/spuerhundeschule.de\/de\/wp-content\/uploads\/2018\/05\/PhotoRoom-20220928_092755-01-1-150x150.jpeg 150w, https:\/\/spuerhundeschule.de\/de\/wp-content\/uploads\/2018\/05\/PhotoRoom-20220928_092755-01-1-768x768.jpeg 768w, https:\/\/spuerhundeschule.de\/de\/wp-content\/uploads\/2018\/05\/PhotoRoom-20220928_092755-01-1-1536x1536.jpeg 1536w, https:\/\/spuerhundeschule.de\/de\/wp-content\/uploads\/2018\/05\/PhotoRoom-20220928_092755-01-1-80x80.jpeg 80w, https:\/\/spuerhundeschule.de\/de\/wp-content\/uploads\/2018\/05\/PhotoRoom-20220928_092755-01-1-320x320.jpeg 320w, https:\/\/spuerhundeschule.de\/de\/wp-content\/uploads\/2018\/05\/PhotoRoom-20220928_092755-01-1-200x200.jpeg 200w, https:\/\/spuerhundeschule.de\/de\/wp-content\/uploads\/2018\/05\/PhotoRoom-20220928_092755-01-1-100x100.jpeg 100w, https:\/\/spuerhundeschule.de\/de\/wp-content\/uploads\/2018\/05\/PhotoRoom-20220928_092755-01-1.jpeg 2000w\" sizes=\"auto, (max-width: 300px) 100vw, 300px\" \/><\/p>\n<ul>\n<li>Kynologische weiterentwickelt<\/li>\n<li><strong>F\u00fcr Rettungshunde wurden die Leinenhalteringe aus bruchsicherem Metall gefertigt, kein Plastik!<\/strong><\/li>\n<li>Von Hand gefertigt<\/li>\n<li>Versandkosten f\u00fcr das Ausland bitte bei Bestellung erfragen<\/li>\n<\/ul>\n<p><b><br \/>\n<\/b><strong><br \/>\n<\/strong><\/p>\n<p>&nbsp;<\/p>\n<p>&nbsp;<\/p>\n<p>&nbsp;<\/p>\n","protected":false},"excerpt":{"rendered":"<h2>Kenndecke DDSG Rettungshund f\u00fcr die Ausbildung und den Einsatz national<\/h2>\n","protected":false},"featured_media":326104,"template":"","meta":{"_price":"59.90","_stock":"","_tribe_ticket_header":"","_tribe_default_ticket_provider":"","_ticket_start_date":"","_ticket_end_date":"","_tribe_ticket_show_description":"","_tribe_ticket_show_not_going":false,"_tribe_ticket_use_global_stock":"","_tribe_ticket_global_stock_level":"","_global_stock_mode":"","_global_stock_cap":"","_tribe_rsvp_for_event":"","_tribe_ticket_going_count":"","_tribe_ticket_not_going_count":"","_tribe_tickets_list":"[]","_tribe_ticket_has_attendee_info_fields":false},"product_brand":[],"product_cat":[759,629],"product_tag":[747,603,634,547,751,662,635,657,545,633,655,663,749,659,660,658,656,518],"class_list":{"0":"post-2622","1":"product","2":"type-product","3":"status-publish","4":"has-post-thumbnail","6":"product_cat-kenndecken-fuer-den-einsatz","7":"product_cat-trainingsausruestung-fuer-dienst-und-spuerhunde","8":"product_tag-ausbildung-mit-klicker","9":"product_tag-bargeldspuerhund","10":"product_tag-diensthundeausbildung","11":"product_tag-diensthundefuehrer","12":"product_tag-hunde","13":"product_tag-hundefuehrer","14":"product_tag-hundesport","15":"product_tag-mantrailer","16":"product_tag-polizei","17":"product_tag-polizeihund","18":"product_tag-rettungshunde","19":"product_tag-sicherheitsdienst","20":"product_tag-spuerhundeausbildung-mit-klicker","21":"product_tag-truemmerausbildung","22":"product_tag-truemmerhunde","23":"product_tag-vermisste-personen","24":"product_tag-vermisstenspuerhunde","25":"product_tag-workshops","26":"product_shipping_class-bis-5kg","28":"first","29":"instock","30":"taxable","31":"shipping-taxable","32":"purchasable","33":"product-type-simple"},"_links":{"self":[{"href":"https:\/\/spuerhundeschule.de\/de\/wp-json\/wp\/v2\/product\/2622","targetHints":{"allow":["GET"]}}],"collection":[{"href":"https:\/\/spuerhundeschule.de\/de\/wp-json\/wp\/v2\/product"}],"about":[{"href":"https:\/\/spuerhundeschule.de\/de\/wp-json\/wp\/v2\/types\/product"}],"wp:featuredmedia":[{"embeddable":true,"href":"https:\/\/spuerhundeschule.de\/de\/wp-json\/wp\/v2\/media\/326104"}],"wp:attachment":[{"href":"https:\/\/spuerhundeschule.de\/de\/wp-json\/wp\/v2\/media?parent=2622"}],"wp:term":[{"taxonomy":"product_brand","embeddable":true,"href":"https:\/\/spuerhundeschule.de\/de\/wp-json\/wp\/v2\/product_brand?post=2622"},{"taxonomy":"product_cat","embeddable":true,"href":"https:\/\/spuerhundeschule.de\/de\/wp-json\/wp\/v2\/product_cat?post=2622"},{"taxonomy":"product_tag","embeddable":true,"href":"https:\/\/spuerhundeschule.de\/de\/wp-json\/wp\/v2\/product_tag?post=2622"}],"curies":[{"name":"wp","href":"https:\/\/api.w.org\/{rel}","templated":true}]}}