{"id":2621,"date":"2018-11-25T09:30:02","date_gmt":"2018-11-25T09:30:02","guid":{"rendered":"https:\/\/spuerhundeschule.de\/de\/?post_type=product&#038;p=2621"},"modified":"2022-12-07T11:23:11","modified_gmt":"2022-12-07T10:23:11","slug":"kenndecke-hund-rescue-dog-fuer-den-einsatz-international","status":"publish","type":"product","link":"https:\/\/spuerhundeschule.de\/de\/produkt\/kenndecke-hund-rescue-dog-fuer-den-einsatz-international\/","title":{"rendered":"Kenndecke Hund Rescue Dog f\u00fcr den Einsatz international"},"content":{"rendered":"<h2><span style=\"color: #ff0000;\">!!!Auslaufmodell!!!<\/span><\/h2>\n<h2>Kenndecke DDSG Rescue Dog f\u00fcr die Ausbildung und den Einsatz international<\/h2>\n<ul>\n<li>Diese Kenndecke DDSG Rescue Dog in orange f\u00fcr die Ausbildung von Diensthunden und\/oder Einsatzhunden<\/li>\n<li>Schriftzug gestickt<strong> RESCUE DOG <\/strong>auf reflektierendem Untergrund<\/li>\n<li>Aufgen\u00e4hter Klett f\u00fcr eigene Logos<\/li>\n<li>Gr\u00f6\u00dfen: <strong>Bei Bestellung bitte Gr\u00f6\u00dfe angeben!<\/strong><\/li>\n<\/ul>\n<p>&nbsp;<\/p>\n<ul>\n<li>\n<table width=\"444\">\n<tbody>\n<tr>\n<td>Gr\u00f6\u00dfe<\/td>\n<td>S<\/td>\n<td>M<\/td>\n<td>L<\/td>\n<td>XL<\/td>\n<\/tr>\n<tr>\n<td>Brustumfang<\/td>\n<td>20-50cm<\/td>\n<td>40-70cm<\/td>\n<td>60-90cm<\/td>\n<td>70-100cm<\/td>\n<\/tr>\n<\/tbody>\n<\/table>\n<\/li>\n<\/ul>\n<p>&nbsp;<\/p>\n<ul>\n<li>Sofort erh\u00e4ltlich in den Gr\u00f6\u00dfen S &#8211; L solange Vorrat reicht<\/li>\n<li>Lieferzeit: 2-5 Tage nach Zahlungseingang<\/li>\n<li><span class=\"a-list-item\">Gewicht: nur 300g<br \/>\n<\/span><\/li>\n<li>Farbe: orange<\/li>\n<li>Halteriemen aus Reflexstreifen f\u00fcr maximale Sicherheit<\/li>\n<li>Gummischnallen f\u00fcr diverse Leuchtmittel im Halteriemen eingearbeitet<\/li>\n<li>Metallringe doppelt f\u00fcr Glockenhalterung<\/li>\n<li>Ein Leichtgewicht<\/li>\n<li><span class=\"a-list-item\">H\u00f6chste Qualit\u00e4t<\/span><\/li>\n<li>Verschlu\u00dfschnallen sind bruchsicher<\/li>\n<li>Kernmaterialien Neopren sehr robust und rissfest<\/li>\n<li>Das Innenfutter der Kenndecke ist gepolstert<\/li>\n<li>Kynologische weiterentwickelt<\/li>\n<li><strong>F\u00fcr Rettungshunde wurden die Leinenhalteringe aus bruchsicherem Metall gefertigt, kein Plastik!<\/strong><\/li>\n<li>Von Hand gefertigt<\/li>\n<li>Versandkosten f\u00fcr das Ausland bitte bei Bestellung erfragen.<\/li>\n<\/ul>\n<p><b><br \/>\n<\/b><strong><br \/>\n<\/strong><\/p>\n<p>&nbsp;<\/p>\n<p>&nbsp;<\/p>\n<p>&nbsp;<\/p>\n","protected":false},"excerpt":{"rendered":"<h2>Kenndecke DDSG Rescue Dog f\u00fcr die Ausbildung und den Einsatz international<\/h2>\n","protected":false},"featured_media":326105,"template":"","meta":{"_price":"59.90","_stock":"","_tribe_ticket_header":"","_tribe_default_ticket_provider":"","_ticket_start_date":"","_ticket_end_date":"","_tribe_ticket_show_description":"","_tribe_ticket_show_not_going":false,"_tribe_ticket_use_global_stock":"","_tribe_ticket_global_stock_level":"","_global_stock_mode":"","_global_stock_cap":"","_tribe_rsvp_for_event":"","_tribe_ticket_going_count":"","_tribe_ticket_not_going_count":"","_tribe_tickets_list":"[]","_tribe_ticket_has_attendee_info_fields":false},"product_brand":[],"product_cat":[759,630,629],"product_tag":[747,603,634,547,751,662,635,657,545,633,752,655,754,753,663,749,659,660,658,656,518],"class_list":{"0":"post-2621","1":"product","2":"type-product","3":"status-publish","4":"has-post-thumbnail","6":"product_cat-kenndecken-fuer-den-einsatz","7":"product_cat-sale","8":"product_cat-trainingsausruestung-fuer-dienst-und-spuerhunde","9":"product_tag-ausbildung-mit-klicker","10":"product_tag-bargeldspuerhund","11":"product_tag-diensthundeausbildung","12":"product_tag-diensthundefuehrer","13":"product_tag-hunde","14":"product_tag-hundefuehrer","15":"product_tag-hundesport","16":"product_tag-mantrailer","17":"product_tag-polizei","18":"product_tag-polizeihund","19":"product_tag-rescue-dog","20":"product_tag-rettungshunde","21":"product_tag-sar","22":"product_tag-serach-recscue","23":"product_tag-sicherheitsdienst","24":"product_tag-spuerhundeausbildung-mit-klicker","25":"product_tag-truemmerausbildung","26":"product_tag-truemmerhunde","27":"product_tag-vermisste-personen","28":"product_tag-vermisstenspuerhunde","29":"product_tag-workshops","30":"product_shipping_class-bis-5kg","32":"first","33":"instock","34":"taxable","35":"shipping-taxable","36":"purchasable","37":"product-type-simple"},"_links":{"self":[{"href":"https:\/\/spuerhundeschule.de\/de\/wp-json\/wp\/v2\/product\/2621","targetHints":{"allow":["GET"]}}],"collection":[{"href":"https:\/\/spuerhundeschule.de\/de\/wp-json\/wp\/v2\/product"}],"about":[{"href":"https:\/\/spuerhundeschule.de\/de\/wp-json\/wp\/v2\/types\/product"}],"wp:featuredmedia":[{"embeddable":true,"href":"https:\/\/spuerhundeschule.de\/de\/wp-json\/wp\/v2\/media\/326105"}],"wp:attachment":[{"href":"https:\/\/spuerhundeschule.de\/de\/wp-json\/wp\/v2\/media?parent=2621"}],"wp:term":[{"taxonomy":"product_brand","embeddable":true,"href":"https:\/\/spuerhundeschule.de\/de\/wp-json\/wp\/v2\/product_brand?post=2621"},{"taxonomy":"product_cat","embeddable":true,"href":"https:\/\/spuerhundeschule.de\/de\/wp-json\/wp\/v2\/product_cat?post=2621"},{"taxonomy":"product_tag","embeddable":true,"href":"https:\/\/spuerhundeschule.de\/de\/wp-json\/wp\/v2\/product_tag?post=2621"}],"curies":[{"name":"wp","href":"https:\/\/api.w.org\/{rel}","templated":true}]}}