{"id":2534,"date":"2018-10-25T09:47:56","date_gmt":"2018-10-25T09:47:56","guid":{"rendered":"http:\/\/spuerhundeschule.de\/de\/?post_type=product&#038;p=2534"},"modified":"2025-08-03T14:38:47","modified_gmt":"2025-08-03T12:38:47","slug":"personenschutzhund-vip","status":"publish","type":"product","link":"https:\/\/spuerhundeschule.de\/de\/produkt\/personenschutzhund-vip\/","title":{"rendered":"Personen Schutzhund VIP"},"content":{"rendered":"<h2>Personenschutzhund kaufen &#8211; Vertragsausbildung VIP<\/h2>\n<p>Hier k\u00f6nnen Sie einen Personenschutzhund im Alter von 12 bis 36 Monaten, durch uns voll ausgebildet und zertifiziert, bestellen. Die Ausbildung nimmt circa 6 Monate nach ausgel\u00f6ster Bestellung und Bezahlung in Anspruch. Hier werden nur Rassen der typischen Gebraushunde- und Schutzhunde ausgebildet! Ein F\u00fchrungszeugnis, das nicht \u00e4lter als 3 Monate ist, ist Bedingung und muss bei Beginn der Ausbildung vorliegen. Ausnahme gelten f\u00fcr deutsche Beh\u00f6rden und Ausbildungsvertr\u00e4ge ins Ausland.<\/p>\n<p>Bitte beachten, wenn Sie einen Personenschutzhund kaufen wollen, dass dies ein Tier ist und wir nach Bestellung durch Sie pr\u00fcfen, ob der geplante Einsatz des Tieres alle von uns gestellten Anforderungen, auch an den Hundehalter entspricht. Wir bieten hier nur den <strong>Personenschutzhund<\/strong> zum Kauf an, beinhaltet ist dann die gesamte Vorbereitung, also alle Ma\u00dfnahmen in Zusammenarbeit mit dem K\u00e4ufer, damit wir den Schutzhund so ausbilden k\u00f6nnen, wie dieser f\u00fcr seine Aufgabe ben\u00f6tigt wird.<\/p>\n<h2>Familienschutzhund<\/h2>\n<p>Schutzhunde sind gerade f\u00fcr den Schutz der Familie sehr gut geeignet. Ein Familienschutzhund ist nicht gef\u00e4hrlich f\u00fcr Kinder, sondern soll deren Schutz gew\u00e4hrleisten. Er ist auch kein Personenschutzhund.Herk\u00f6mmliche elektronische Sicherungseinrichtungen oder smart home Komponenten k\u00f6nnen diese Art von Schutz nicht bieten. Ein gut ausgebildeter Familienschutzhund k\u00fcmmert sich um das Grundst\u00fcck, das Haus und die Familie. Ausserdem ist er Begleiter au\u00dferhalb der eigenen vier W\u00e4nde, beim Einkauf, Ausflug oder beim Weg zur Schule.<\/p>\n<p>Nieman m\u00f6chte sich sp\u00e4ter den Vorwurf machen, er habe nicht alles getan um seine Kinder, die Frau die ganze Familie zu sch\u00fctzen.<\/p>\n<h2>Der Schutzhund als Abschreckung<\/h2>\n<p>Er stellt Eindringlinge und erkennt diese lange bevor Sie etwas merken. Unser Schutzhunde werden darauf trainiert einen Angriff in Notwehrsitutationen durchzuf\u00fchren. Das will kein Angreifer erleben. Er ist dabei zu 100% gehorsam gegen\u00fcber dem ihn gegebenen Kommandos. Die Brasilianischen Polizeibeh\u00f6rden setzen unsere Hunde und Hundetrainer seit Jahren mit Erfolg ein. Unsere Schutzhunde werden auf Wunsch ein deutsches Polizeihundezertifikat.<\/p>\n<h3>Familienschutzhunde fressen nichts von Fremden<\/h3>\n<h2>Ihr neuer Schutzhund ist bodyguard und Freund<\/h2>\n<p>Von uns ausgebildete vorwiegend deutsche Sch\u00e4ferhunde, haben ein freundliches ausgeglichenes Wesen und sind perfekt f\u00fcr die Familie. Im Gegensatz zu echten Bodyguards, (die wir ebenfalls auf Wunsch stellen) arbeiten die Schutzhunde 24 Stunden 7 Tage die Woche.<\/p>\n<p>Weitere Informationen und Inhalte der Ausbildung auf Anfrage.<\/p>\n<p>&nbsp;<\/p>\n","protected":false},"excerpt":{"rendered":"<h2>Personenschutzhund<\/h2>\n","protected":false},"featured_media":2225,"template":"","meta":{"_price":"10500","_stock":"","_tribe_ticket_header":"","_tribe_default_ticket_provider":"","_ticket_start_date":"","_ticket_end_date":"","_tribe_ticket_show_description":"","_tribe_ticket_show_not_going":false,"_tribe_ticket_use_global_stock":"","_tribe_ticket_global_stock_level":"","_global_stock_mode":"","_global_stock_cap":"","_tribe_rsvp_for_event":"","_tribe_ticket_going_count":"","_tribe_ticket_not_going_count":"","_tribe_tickets_list":"[]","_tribe_ticket_has_attendee_info_fields":false},"product_brand":[],"product_cat":[760],"product_tag":[763,634,547,765,761,762,545,633,767,546,764,766,548],"class_list":{"0":"post-2534","1":"product","2":"type-product","3":"status-publish","4":"has-post-thumbnail","6":"product_cat-personenschutzhunde","7":"product_tag-diensthund","8":"product_tag-diensthundeausbildung","9":"product_tag-diensthundefuehrer","10":"product_tag-kidguard","11":"product_tag-personenschutz","12":"product_tag-personenschutzhund","13":"product_tag-polizei","14":"product_tag-polizeihund","15":"product_tag-schutz-beduerftige-personen","16":"product_tag-schutzhund","17":"product_tag-schutzperson","18":"product_tag-sicherheit","19":"product_tag-zugriff","21":"first","22":"instock","23":"virtual","24":"taxable","25":"purchasable","26":"product-type-simple"},"_links":{"self":[{"href":"https:\/\/spuerhundeschule.de\/de\/wp-json\/wp\/v2\/product\/2534","targetHints":{"allow":["GET"]}}],"collection":[{"href":"https:\/\/spuerhundeschule.de\/de\/wp-json\/wp\/v2\/product"}],"about":[{"href":"https:\/\/spuerhundeschule.de\/de\/wp-json\/wp\/v2\/types\/product"}],"wp:featuredmedia":[{"embeddable":true,"href":"https:\/\/spuerhundeschule.de\/de\/wp-json\/wp\/v2\/media\/2225"}],"wp:attachment":[{"href":"https:\/\/spuerhundeschule.de\/de\/wp-json\/wp\/v2\/media?parent=2534"}],"wp:term":[{"taxonomy":"product_brand","embeddable":true,"href":"https:\/\/spuerhundeschule.de\/de\/wp-json\/wp\/v2\/product_brand?post=2534"},{"taxonomy":"product_cat","embeddable":true,"href":"https:\/\/spuerhundeschule.de\/de\/wp-json\/wp\/v2\/product_cat?post=2534"},{"taxonomy":"product_tag","embeddable":true,"href":"https:\/\/spuerhundeschule.de\/de\/wp-json\/wp\/v2\/product_tag?post=2534"}],"curies":[{"name":"wp","href":"https:\/\/api.w.org\/{rel}","templated":true}]}}