{"id":2062,"date":"2016-06-13T16:11:42","date_gmt":"2016-06-13T16:11:42","guid":{"rendered":"http:\/\/spuerhundeschule.de\/de\/produkt\/schwimmweste-auxilium-fuer-hunde\/"},"modified":"2026-04-10T13:41:48","modified_gmt":"2026-04-10T11:41:48","slug":"schwimmweste-fuer-hunde-rettungshunde-diensthunde","status":"publish","type":"product","link":"https:\/\/spuerhundeschule.de\/de\/produkt\/schwimmweste-fuer-hunde-rettungshunde-diensthunde\/","title":{"rendered":"Schwimmweste f\u00fcr Hunde Rettungshunde Diensthunde"},"content":{"rendered":"<h2>Schwimmweste Auxilium f\u00fcr Hunde<\/h2>\n<ul>\n<li>Diese Schwimmweste Auxilium f\u00fcr Hunde<\/li>\n<li>Geeignet f\u00fcr Schwimmtraining und Wassersuche \u00fcber l\u00e4ngere Zeit<\/li>\n<li>F\u00fcr den Einsatz im Rettungswesen sowie im Diensthundewesen<\/li>\n<li>Schnellanzug durch komplette \u00d6ffnung und Fixierung mit Klettverschluss, <strong>kein Beineinstieg mehr n\u00f6tig<\/strong><\/li>\n<\/ul>\n<p><img loading=\"lazy\" decoding=\"async\" class=\"alignnone size-medium wp-image-326139\" src=\"https:\/\/spuerhundeschule.de\/de\/wp-content\/uploads\/2016\/06\/PhotoRoom-20220928_104940-01-300x300.jpeg\" alt=\"\" width=\"300\" height=\"300\" srcset=\"https:\/\/spuerhundeschule.de\/de\/wp-content\/uploads\/2016\/06\/PhotoRoom-20220928_104940-01-300x300.jpeg 300w, https:\/\/spuerhundeschule.de\/de\/wp-content\/uploads\/2016\/06\/PhotoRoom-20220928_104940-01-1024x1024.jpeg 1024w, https:\/\/spuerhundeschule.de\/de\/wp-content\/uploads\/2016\/06\/PhotoRoom-20220928_104940-01-150x150.jpeg 150w, https:\/\/spuerhundeschule.de\/de\/wp-content\/uploads\/2016\/06\/PhotoRoom-20220928_104940-01-768x768.jpeg 768w, https:\/\/spuerhundeschule.de\/de\/wp-content\/uploads\/2016\/06\/PhotoRoom-20220928_104940-01-1536x1536.jpeg 1536w, https:\/\/spuerhundeschule.de\/de\/wp-content\/uploads\/2016\/06\/PhotoRoom-20220928_104940-01-80x80.jpeg 80w, https:\/\/spuerhundeschule.de\/de\/wp-content\/uploads\/2016\/06\/PhotoRoom-20220928_104940-01-320x320.jpeg 320w, https:\/\/spuerhundeschule.de\/de\/wp-content\/uploads\/2016\/06\/PhotoRoom-20220928_104940-01-200x200.jpeg 200w, https:\/\/spuerhundeschule.de\/de\/wp-content\/uploads\/2016\/06\/PhotoRoom-20220928_104940-01-100x100.jpeg 100w, https:\/\/spuerhundeschule.de\/de\/wp-content\/uploads\/2016\/06\/PhotoRoom-20220928_104940-01.jpeg 2000w\" sizes=\"auto, (max-width: 300px) 100vw, 300px\" \/><\/p>\n<ul>\n<li>Lieferzeit: 2-5 Tage nach Zahlungseingang<\/li>\n<li><span class=\"a-list-item\">Gewicht: nur 400g<br \/>\n<\/span><\/li>\n<li>Farbe: Signal-Orange<\/li>\n<li><strong>Gr\u00f6\u00dfe bei der Bestellung mit angeben!!! <span style=\"color: #ff0000;\">M nicht vorr\u00e4tig!<\/span><br \/>\n<\/strong><\/li>\n<li>\n<table style=\"height: 43px;\" width=\"576\">\n<tbody>\n<tr>\n<td>Gr\u00f6\u00dfe<\/td>\n<td><strong>S<\/strong><\/td>\n<td><\/td>\n<td><strong>L<\/strong><\/td>\n<td><\/td>\n<\/tr>\n<tr>\n<td>Brustumfang<\/td>\n<td>40-60cm<\/td>\n<td>60-80cm<\/td>\n<td>80-100cm<\/td>\n<td>100-140cm<\/td>\n<\/tr>\n<\/tbody>\n<\/table>\n<\/li>\n<li><strong>Ab Gr\u00f6\u00dfe L betr\u00e4gt der Preis inkl. MwSt. Euro 69,99<\/strong><\/li>\n<\/ul>\n<p><img loading=\"lazy\" decoding=\"async\" class=\"alignnone size-medium wp-image-326141\" src=\"https:\/\/spuerhundeschule.de\/de\/wp-content\/uploads\/2016\/06\/PhotoRoom-20220928_105046-01-300x300.jpeg\" alt=\"\" width=\"300\" height=\"300\" srcset=\"https:\/\/spuerhundeschule.de\/de\/wp-content\/uploads\/2016\/06\/PhotoRoom-20220928_105046-01-300x300.jpeg 300w, https:\/\/spuerhundeschule.de\/de\/wp-content\/uploads\/2016\/06\/PhotoRoom-20220928_105046-01-1024x1024.jpeg 1024w, https:\/\/spuerhundeschule.de\/de\/wp-content\/uploads\/2016\/06\/PhotoRoom-20220928_105046-01-150x150.jpeg 150w, https:\/\/spuerhundeschule.de\/de\/wp-content\/uploads\/2016\/06\/PhotoRoom-20220928_105046-01-768x768.jpeg 768w, https:\/\/spuerhundeschule.de\/de\/wp-content\/uploads\/2016\/06\/PhotoRoom-20220928_105046-01-1536x1536.jpeg 1536w, https:\/\/spuerhundeschule.de\/de\/wp-content\/uploads\/2016\/06\/PhotoRoom-20220928_105046-01-80x80.jpeg 80w, https:\/\/spuerhundeschule.de\/de\/wp-content\/uploads\/2016\/06\/PhotoRoom-20220928_105046-01-320x320.jpeg 320w, https:\/\/spuerhundeschule.de\/de\/wp-content\/uploads\/2016\/06\/PhotoRoom-20220928_105046-01-200x200.jpeg 200w, https:\/\/spuerhundeschule.de\/de\/wp-content\/uploads\/2016\/06\/PhotoRoom-20220928_105046-01-100x100.jpeg 100w, https:\/\/spuerhundeschule.de\/de\/wp-content\/uploads\/2016\/06\/PhotoRoom-20220928_105046-01.jpeg 2000w\" sizes=\"auto, (max-width: 300px) 100vw, 300px\" \/><\/p>\n<ul>\n<li>Ein Leichtgewicht<strong><br \/>\n<\/strong><\/li>\n<li><span class=\"a-list-item\">H\u00f6chste Qualit\u00e4t<\/span><\/li>\n<li>Schnallen bruchsicher<\/li>\n<li>Das Obermaterial bestehend aus Strapazierf\u00e4higes Nylon 300 D und ist wasserabweisend<\/li>\n<li>Das Innenfutter gef\u00fcllt mit <strong>Polystyrol Auftrieb 100 Newton<\/strong><\/li>\n<li>Kynologische weiterentwickelt<\/li>\n<li>Griffst\u00fcck Kunstoff mit Halteschlaufe<\/li>\n<li>Von Hand gefertigt<\/li>\n<li>Kernmaterialien sehr robust und rissfest<\/li>\n<\/ul>\n<p><strong>\u00a0<\/strong><\/p>\n<p>&nbsp;<\/p>\n<p>&nbsp;<\/p>\n<p>&nbsp;<\/p>\n","protected":false},"excerpt":{"rendered":"<h2>Schwimmweste Auxilium f\u00fcr Hunde<\/h2>\n","protected":false},"featured_media":326137,"template":"","meta":{"_price":"57.90","_stock":"","_tribe_ticket_header":"","_tribe_default_ticket_provider":"","_ticket_start_date":"","_ticket_end_date":"","_tribe_ticket_show_description":"","_tribe_ticket_show_not_going":false,"_tribe_ticket_use_global_stock":"","_tribe_ticket_global_stock_level":"","_global_stock_mode":"","_global_stock_cap":"","_tribe_rsvp_for_event":"","_tribe_ticket_going_count":"","_tribe_ticket_not_going_count":"","_tribe_tickets_list":"[]","_tribe_ticket_has_attendee_info_fields":false},"product_brand":[],"product_cat":[629,617],"product_tag":[],"class_list":{"0":"post-2062","1":"product","2":"type-product","3":"status-publish","4":"has-post-thumbnail","6":"product_cat-trainingsausruestung-fuer-dienst-und-spuerhunde","7":"product_cat-trainingsausruestung-fuer-sport-und-diensthunde","8":"product_shipping_class-bis-5kg","10":"first","11":"instock","12":"taxable","13":"shipping-taxable","14":"purchasable","15":"product-type-simple"},"_links":{"self":[{"href":"https:\/\/spuerhundeschule.de\/de\/wp-json\/wp\/v2\/product\/2062","targetHints":{"allow":["GET"]}}],"collection":[{"href":"https:\/\/spuerhundeschule.de\/de\/wp-json\/wp\/v2\/product"}],"about":[{"href":"https:\/\/spuerhundeschule.de\/de\/wp-json\/wp\/v2\/types\/product"}],"wp:featuredmedia":[{"embeddable":true,"href":"https:\/\/spuerhundeschule.de\/de\/wp-json\/wp\/v2\/media\/326137"}],"wp:attachment":[{"href":"https:\/\/spuerhundeschule.de\/de\/wp-json\/wp\/v2\/media?parent=2062"}],"wp:term":[{"taxonomy":"product_brand","embeddable":true,"href":"https:\/\/spuerhundeschule.de\/de\/wp-json\/wp\/v2\/product_brand?post=2062"},{"taxonomy":"product_cat","embeddable":true,"href":"https:\/\/spuerhundeschule.de\/de\/wp-json\/wp\/v2\/product_cat?post=2062"},{"taxonomy":"product_tag","embeddable":true,"href":"https:\/\/spuerhundeschule.de\/de\/wp-json\/wp\/v2\/product_tag?post=2062"}],"curies":[{"name":"wp","href":"https:\/\/api.w.org\/{rel}","templated":true}]}}