{"id":2047,"date":"2016-06-13T14:48:13","date_gmt":"2016-06-13T14:48:13","guid":{"rendered":"http:\/\/spuerhundeschule.de\/de\/produkt\/beisskeil-combo-dentium-2-handles\/"},"modified":"2024-03-24T08:47:42","modified_gmt":"2024-03-24T07:47:42","slug":"beisskeil-combo-dentium-2-handles","status":"publish","type":"product","link":"https:\/\/spuerhundeschule.de\/de\/produkt\/beisskeil-combo-dentium-2-handles\/","title":{"rendered":"Bei\u00dfkissen Hund f\u00fcr den Schutzdienst im Hundesport"},"content":{"rendered":"<h2>Bei\u00dfkissen Combo Dentium 2 Handles f\u00fcr den Hundesport oder Hundetraining<\/h2>\n<ul>\n<li>Diese Hunde Bei\u00dfkissen Combo Dentium 2 Handles f\u00fcr den Hundesport oder Hundetraining<\/li>\n<li>Bei\u00dfkeile f\u00fcr den Hundesport<\/li>\n<li>Lieferzeit 2-5 Tage nach Zahlungseingang<\/li>\n<li>Beisskeile bestellbar mit und ohne Halteschlaufe<\/li>\n<li>F\u00fcr den Junghundeaufbau im Schutzdienst<\/li>\n<li><span class=\"a-list-item\">Gewicht: nur 600g<br \/>\n<\/span><\/li>\n<li>Farbe: orange oder auf Wunsch<\/li>\n<li>Ein Leichtgewicht<\/li>\n<li><span class=\"a-list-item\">H\u00f6chste Qualit\u00e4t<\/span><\/li>\n<li>Langlebiger und zahnschonender als herk\u00f6mmliche Bei\u00dfkissen<\/li>\n<\/ul>\n<p><img loading=\"lazy\" decoding=\"async\" class=\"alignnone size-medium wp-image-326072\" src=\"https:\/\/spuerhundeschule.de\/de\/wp-content\/uploads\/2016\/06\/PhotoRoom-20220921_094222-011-300x300.jpeg\" alt=\"\" width=\"300\" height=\"300\" srcset=\"https:\/\/spuerhundeschule.de\/de\/wp-content\/uploads\/2016\/06\/PhotoRoom-20220921_094222-011-300x300.jpeg 300w, https:\/\/spuerhundeschule.de\/de\/wp-content\/uploads\/2016\/06\/PhotoRoom-20220921_094222-011-1024x1024.jpeg 1024w, https:\/\/spuerhundeschule.de\/de\/wp-content\/uploads\/2016\/06\/PhotoRoom-20220921_094222-011-150x150.jpeg 150w, https:\/\/spuerhundeschule.de\/de\/wp-content\/uploads\/2016\/06\/PhotoRoom-20220921_094222-011-768x768.jpeg 768w, https:\/\/spuerhundeschule.de\/de\/wp-content\/uploads\/2016\/06\/PhotoRoom-20220921_094222-011-1536x1536.jpeg 1536w, https:\/\/spuerhundeschule.de\/de\/wp-content\/uploads\/2016\/06\/PhotoRoom-20220921_094222-011-80x80.jpeg 80w, https:\/\/spuerhundeschule.de\/de\/wp-content\/uploads\/2016\/06\/PhotoRoom-20220921_094222-011-320x320.jpeg 320w, https:\/\/spuerhundeschule.de\/de\/wp-content\/uploads\/2016\/06\/PhotoRoom-20220921_094222-011-200x200.jpeg 200w, https:\/\/spuerhundeschule.de\/de\/wp-content\/uploads\/2016\/06\/PhotoRoom-20220921_094222-011-100x100.jpeg 100w, https:\/\/spuerhundeschule.de\/de\/wp-content\/uploads\/2016\/06\/PhotoRoom-20220921_094222-011.jpeg 2000w\" sizes=\"auto, (max-width: 300px) 100vw, 300px\" \/><\/p>\n<ul>\n<li>Das Obermaterial bestehend aus Baumwolle\/Nylon-Mischgewebe (NYLCOT)<\/li>\n<li>Das Innenfutter ist durchbi\u00dfhemmend, sowie besteht aus wasserabweisenden Schutzgewebe<\/li>\n<li>Die Handels bestehen aus Hartplastik mit hochwertigem \u00dcberzug<\/li>\n<\/ul>\n<p><img loading=\"lazy\" decoding=\"async\" class=\"alignnone size-medium wp-image-326070\" src=\"https:\/\/spuerhundeschule.de\/de\/wp-content\/uploads\/2016\/06\/PhotoRoom-20220921_094120-011-300x300.jpeg\" alt=\"\" width=\"300\" height=\"300\" srcset=\"https:\/\/spuerhundeschule.de\/de\/wp-content\/uploads\/2016\/06\/PhotoRoom-20220921_094120-011-300x300.jpeg 300w, https:\/\/spuerhundeschule.de\/de\/wp-content\/uploads\/2016\/06\/PhotoRoom-20220921_094120-011-1024x1024.jpeg 1024w, https:\/\/spuerhundeschule.de\/de\/wp-content\/uploads\/2016\/06\/PhotoRoom-20220921_094120-011-150x150.jpeg 150w, https:\/\/spuerhundeschule.de\/de\/wp-content\/uploads\/2016\/06\/PhotoRoom-20220921_094120-011-768x768.jpeg 768w, https:\/\/spuerhundeschule.de\/de\/wp-content\/uploads\/2016\/06\/PhotoRoom-20220921_094120-011-1536x1536.jpeg 1536w, https:\/\/spuerhundeschule.de\/de\/wp-content\/uploads\/2016\/06\/PhotoRoom-20220921_094120-011-80x80.jpeg 80w, https:\/\/spuerhundeschule.de\/de\/wp-content\/uploads\/2016\/06\/PhotoRoom-20220921_094120-011-320x320.jpeg 320w, https:\/\/spuerhundeschule.de\/de\/wp-content\/uploads\/2016\/06\/PhotoRoom-20220921_094120-011-200x200.jpeg 200w, https:\/\/spuerhundeschule.de\/de\/wp-content\/uploads\/2016\/06\/PhotoRoom-20220921_094120-011-100x100.jpeg 100w, https:\/\/spuerhundeschule.de\/de\/wp-content\/uploads\/2016\/06\/PhotoRoom-20220921_094120-011.jpeg 2000w\" sizes=\"auto, (max-width: 300px) 100vw, 300px\" \/><\/p>\n<ul>\n<li>Kynologische weiterentwickelt<\/li>\n<li>Grifffl\u00e4che leicht gepolsterter<\/li>\n<li>Beisskissen sind von Hand gefertigt<\/li>\n<li>Kernmaterialien des Bei\u00dfbrett ist sehr robust und rissfest<\/li>\n<\/ul>\n<p><b><br \/>\n<\/b><strong>Gewebestruktur sehr dicht verarbeitet, soda\u00df ein fester Griff schon im jungen Alter gef\u00f6rdert werden kann. <\/strong><strong>Der Vorteil zu Jutematerial; Verh\u00e4ngen der Eckz\u00e4hne unm\u00f6glich.<\/strong><\/p>\n<p>&nbsp;<\/p>\n<p>&nbsp;<\/p>\n<p>&nbsp;<\/p>\n","protected":false},"excerpt":{"rendered":"<h2>Bei\u00dfkeil Hund Combo Dentium 2<\/h2>\n<p>Bei\u00dfkeil in Handarbeit gefertigt. Bestes Bei\u00dfkissen f\u00fcr den Hundesport vom Profi.<\/p>\n","protected":false},"featured_media":326069,"template":"","meta":{"_price":"49.90","_stock":"","_tribe_ticket_header":"","_tribe_default_ticket_provider":"","_tribe_ticket_capacity":"3","_ticket_start_date":"","_ticket_end_date":"","_tribe_ticket_show_description":"","_tribe_ticket_show_not_going":false,"_tribe_ticket_use_global_stock":"","_tribe_ticket_global_stock_level":"","_global_stock_mode":"","_global_stock_cap":"","_tribe_rsvp_for_event":"","_tribe_ticket_going_count":"","_tribe_ticket_not_going_count":"","_tribe_tickets_list":"[]","_tribe_ticket_has_attendee_info_fields":false},"product_brand":[],"product_cat":[617],"product_tag":[],"class_list":{"0":"post-2047","1":"product","2":"type-product","3":"status-publish","4":"has-post-thumbnail","6":"product_cat-trainingsausruestung-fuer-sport-und-diensthunde","7":"product_shipping_class-bis-5kg","9":"first","10":"outofstock","11":"taxable","12":"shipping-taxable","13":"purchasable","14":"product-type-simple"},"_links":{"self":[{"href":"https:\/\/spuerhundeschule.de\/de\/wp-json\/wp\/v2\/product\/2047","targetHints":{"allow":["GET"]}}],"collection":[{"href":"https:\/\/spuerhundeschule.de\/de\/wp-json\/wp\/v2\/product"}],"about":[{"href":"https:\/\/spuerhundeschule.de\/de\/wp-json\/wp\/v2\/types\/product"}],"wp:featuredmedia":[{"embeddable":true,"href":"https:\/\/spuerhundeschule.de\/de\/wp-json\/wp\/v2\/media\/326069"}],"wp:attachment":[{"href":"https:\/\/spuerhundeschule.de\/de\/wp-json\/wp\/v2\/media?parent=2047"}],"wp:term":[{"taxonomy":"product_brand","embeddable":true,"href":"https:\/\/spuerhundeschule.de\/de\/wp-json\/wp\/v2\/product_brand?post=2047"},{"taxonomy":"product_cat","embeddable":true,"href":"https:\/\/spuerhundeschule.de\/de\/wp-json\/wp\/v2\/product_cat?post=2047"},{"taxonomy":"product_tag","embeddable":true,"href":"https:\/\/spuerhundeschule.de\/de\/wp-json\/wp\/v2\/product_tag?post=2047"}],"curies":[{"name":"wp","href":"https:\/\/api.w.org\/{rel}","templated":true}]}}