{"id":2038,"date":"2016-06-13T10:20:48","date_gmt":"2016-06-13T10:20:48","guid":{"rendered":"http:\/\/spuerhundeschule.de\/de\/produkt\/ueberzugmanschetten-fuer-schutzarm-edition-one-ipo\/"},"modified":"2022-12-09T10:49:06","modified_gmt":"2022-12-09T09:49:06","slug":"ueberzugmanschetten-fuer-schutzarm-edition-one-ipo","status":"publish","type":"product","link":"https:\/\/spuerhundeschule.de\/de\/produkt\/ueberzugmanschetten-fuer-schutzarm-edition-one-ipo\/","title":{"rendered":"Schutzarm \u00dcberzug manschetten Hundesport"},"content":{"rendered":"<h2>\u00dcberzugmanschetten f\u00fcr Schutzarm Edition One\/Two IPO Hundesport und Hundetraining<\/h2>\n<ul>\n<li>Robuste \u00dcberzugmanschetten f\u00fcr den Schutzarm<\/li>\n<li>Mit Halteschlaufen<\/li>\n<\/ul>\n<p><img loading=\"lazy\" decoding=\"async\" class=\"alignnone size-medium wp-image-326094\" src=\"https:\/\/spuerhundeschule.de\/de\/wp-content\/uploads\/2016\/06\/PhotoRoom-20220923_090635-01-300x300.jpeg\" alt=\"\" width=\"300\" height=\"300\" srcset=\"https:\/\/spuerhundeschule.de\/de\/wp-content\/uploads\/2016\/06\/PhotoRoom-20220923_090635-01-300x300.jpeg 300w, https:\/\/spuerhundeschule.de\/de\/wp-content\/uploads\/2016\/06\/PhotoRoom-20220923_090635-01-1024x1024.jpeg 1024w, https:\/\/spuerhundeschule.de\/de\/wp-content\/uploads\/2016\/06\/PhotoRoom-20220923_090635-01-150x150.jpeg 150w, https:\/\/spuerhundeschule.de\/de\/wp-content\/uploads\/2016\/06\/PhotoRoom-20220923_090635-01-768x768.jpeg 768w, https:\/\/spuerhundeschule.de\/de\/wp-content\/uploads\/2016\/06\/PhotoRoom-20220923_090635-01-1536x1536.jpeg 1536w, https:\/\/spuerhundeschule.de\/de\/wp-content\/uploads\/2016\/06\/PhotoRoom-20220923_090635-01-80x80.jpeg 80w, https:\/\/spuerhundeschule.de\/de\/wp-content\/uploads\/2016\/06\/PhotoRoom-20220923_090635-01-320x320.jpeg 320w, https:\/\/spuerhundeschule.de\/de\/wp-content\/uploads\/2016\/06\/PhotoRoom-20220923_090635-01-200x200.jpeg 200w, https:\/\/spuerhundeschule.de\/de\/wp-content\/uploads\/2016\/06\/PhotoRoom-20220923_090635-01-100x100.jpeg 100w, https:\/\/spuerhundeschule.de\/de\/wp-content\/uploads\/2016\/06\/PhotoRoom-20220923_090635-01.jpeg 2000w\" sizes=\"auto, (max-width: 300px) 100vw, 300px\" \/><\/p>\n<ul>\n<li>Lieferzeit: 2-5 Tage nach Zahlungseingang<\/li>\n<li><span class=\"a-list-item\">Gewicht: 200g<br \/>\n<\/span><\/li>\n<li>Farbe: orange oder schwarz<\/li>\n<li>Ein Leichtgewicht<\/li>\n<li><span class=\"a-list-item\">H\u00f6chste Qualit\u00e4t<\/span><\/li>\n<li>langlebiger und zahnschonender als herk\u00f6mmliche Jutemanschetten<\/li>\n<li>Das Obermaterial bestehend aus Baumwolle\/Nylon-Mischgewebe (NYLCOTT)<\/li>\n<li>Das Innenfutter ist durchbi\u00dfhemmend, sowie besteht aus wasserabweisenden Schutzgewebe<\/li>\n<li>Kynologische weiterentwickelt<\/li>\n<\/ul>\n<p><img loading=\"lazy\" decoding=\"async\" class=\"alignnone size-medium wp-image-326093\" src=\"https:\/\/spuerhundeschule.de\/de\/wp-content\/uploads\/2016\/06\/PhotoRoom-20220923_090601-01-300x300.jpeg\" alt=\"\" width=\"300\" height=\"300\" srcset=\"https:\/\/spuerhundeschule.de\/de\/wp-content\/uploads\/2016\/06\/PhotoRoom-20220923_090601-01-300x300.jpeg 300w, https:\/\/spuerhundeschule.de\/de\/wp-content\/uploads\/2016\/06\/PhotoRoom-20220923_090601-01-1024x1024.jpeg 1024w, https:\/\/spuerhundeschule.de\/de\/wp-content\/uploads\/2016\/06\/PhotoRoom-20220923_090601-01-150x150.jpeg 150w, https:\/\/spuerhundeschule.de\/de\/wp-content\/uploads\/2016\/06\/PhotoRoom-20220923_090601-01-768x768.jpeg 768w, https:\/\/spuerhundeschule.de\/de\/wp-content\/uploads\/2016\/06\/PhotoRoom-20220923_090601-01-1536x1536.jpeg 1536w, https:\/\/spuerhundeschule.de\/de\/wp-content\/uploads\/2016\/06\/PhotoRoom-20220923_090601-01-80x80.jpeg 80w, https:\/\/spuerhundeschule.de\/de\/wp-content\/uploads\/2016\/06\/PhotoRoom-20220923_090601-01-320x320.jpeg 320w, https:\/\/spuerhundeschule.de\/de\/wp-content\/uploads\/2016\/06\/PhotoRoom-20220923_090601-01-200x200.jpeg 200w, https:\/\/spuerhundeschule.de\/de\/wp-content\/uploads\/2016\/06\/PhotoRoom-20220923_090601-01-100x100.jpeg 100w, https:\/\/spuerhundeschule.de\/de\/wp-content\/uploads\/2016\/06\/PhotoRoom-20220923_090601-01.jpeg 2000w\" sizes=\"auto, (max-width: 300px) 100vw, 300px\" \/><\/p>\n<ul>\n<li>Grifffl\u00e4che leicht gepolsterter<\/li>\n<li>Von Hand gefertigt<\/li>\n<li>Kernmaterialien sehr robust und rissfest<\/li>\n<li>Versandkosten f\u00fcr das Ausland erfragen!<\/li>\n<\/ul>\n<p><b><br \/>\n<\/b>Gewebestruktur sehr dicht verarbeitet so das ein fester Griff vom Hund gesetzt werden kann.<br \/>\nDer Vorteil zu Jutemanschetten; Verh\u00e4ngen der Eckz\u00e4hne unm\u00f6glich.<\/p>\n<p>Diese Manschette passt auf den Schutzarm EDITION ONE\/TWO IPO und auf viele andere Standartschutz\u00e4rmel.<\/p>\n<p>&nbsp;<\/p>\n<p>&nbsp;<\/p>\n","protected":false},"excerpt":{"rendered":"<h2>\u00dcberzugmanschetten f\u00fcr Schutzarm Edition One\/Two IPO Hundesport und Hundetraining<\/h2>\n","protected":false},"featured_media":326091,"template":"","meta":{"_price":"24.99","_stock":"","_tribe_ticket_header":"","_tribe_default_ticket_provider":"","_ticket_start_date":"","_ticket_end_date":"","_tribe_ticket_show_description":"","_tribe_ticket_show_not_going":false,"_tribe_ticket_use_global_stock":"","_tribe_ticket_global_stock_level":"","_global_stock_mode":"","_global_stock_cap":"","_tribe_rsvp_for_event":"","_tribe_ticket_going_count":"","_tribe_ticket_not_going_count":"","_tribe_tickets_list":"[]","_tribe_ticket_has_attendee_info_fields":false},"product_brand":[],"product_cat":[617],"product_tag":[],"class_list":{"0":"post-2038","1":"product","2":"type-product","3":"status-publish","4":"has-post-thumbnail","6":"product_cat-trainingsausruestung-fuer-sport-und-diensthunde","8":"first","9":"instock","10":"taxable","11":"shipping-taxable","12":"purchasable","13":"product-type-simple"},"_links":{"self":[{"href":"https:\/\/spuerhundeschule.de\/de\/wp-json\/wp\/v2\/product\/2038","targetHints":{"allow":["GET"]}}],"collection":[{"href":"https:\/\/spuerhundeschule.de\/de\/wp-json\/wp\/v2\/product"}],"about":[{"href":"https:\/\/spuerhundeschule.de\/de\/wp-json\/wp\/v2\/types\/product"}],"wp:featuredmedia":[{"embeddable":true,"href":"https:\/\/spuerhundeschule.de\/de\/wp-json\/wp\/v2\/media\/326091"}],"wp:attachment":[{"href":"https:\/\/spuerhundeschule.de\/de\/wp-json\/wp\/v2\/media?parent=2038"}],"wp:term":[{"taxonomy":"product_brand","embeddable":true,"href":"https:\/\/spuerhundeschule.de\/de\/wp-json\/wp\/v2\/product_brand?post=2038"},{"taxonomy":"product_cat","embeddable":true,"href":"https:\/\/spuerhundeschule.de\/de\/wp-json\/wp\/v2\/product_cat?post=2038"},{"taxonomy":"product_tag","embeddable":true,"href":"https:\/\/spuerhundeschule.de\/de\/wp-json\/wp\/v2\/product_tag?post=2038"}],"curies":[{"name":"wp","href":"https:\/\/api.w.org\/{rel}","templated":true}]}}