{"id":2033,"date":"2016-06-04T17:48:33","date_gmt":"2016-06-04T17:48:33","guid":{"rendered":"http:\/\/spuerhundeschule.de\/de\/produkt\/edition-two-ipo-schutzarm-fuer-pruefungen-und-meisterschaften-kopieren\/"},"modified":"2024-03-24T08:46:00","modified_gmt":"2024-03-24T07:46:00","slug":"schutzarm-fuer-den-schutzdienst-sporthunde-diensthunde","status":"publish","type":"product","link":"https:\/\/spuerhundeschule.de\/de\/produkt\/schutzarm-fuer-den-schutzdienst-sporthunde-diensthunde\/","title":{"rendered":"Schutzarm f\u00fcr den Schutzdienst Sporthunde Diensthunde"},"content":{"rendered":"<h2>Edition Two IPO Schutzarm f\u00fcr Pr\u00fcfungen und Meisterschaften f\u00fcr den Schutzdienst im Hundesport oder Hundetraining (Linkshelfer)<\/h2>\n<ul>\n<li>Dieser Edition Two IPO Schutzarm f\u00fcr Pr\u00fcfungen und Meisterschaften f\u00fcr den Schutzdienst im Hundesport oder Hundetraining<\/li>\n<li>Auch bestellbar f\u00fcr Rechtshelfer in schwarz m\u00f6glich<\/li>\n<\/ul>\n<p><img loading=\"lazy\" decoding=\"async\" class=\"alignnone size-medium wp-image-326082\" src=\"https:\/\/spuerhundeschule.de\/de\/wp-content\/uploads\/2016\/06\/PhotoRoom-20220921_111018-01-300x300.jpeg\" alt=\"\" width=\"300\" height=\"300\" srcset=\"https:\/\/spuerhundeschule.de\/de\/wp-content\/uploads\/2016\/06\/PhotoRoom-20220921_111018-01-300x300.jpeg 300w, https:\/\/spuerhundeschule.de\/de\/wp-content\/uploads\/2016\/06\/PhotoRoom-20220921_111018-01-1024x1024.jpeg 1024w, https:\/\/spuerhundeschule.de\/de\/wp-content\/uploads\/2016\/06\/PhotoRoom-20220921_111018-01-150x150.jpeg 150w, https:\/\/spuerhundeschule.de\/de\/wp-content\/uploads\/2016\/06\/PhotoRoom-20220921_111018-01-768x768.jpeg 768w, https:\/\/spuerhundeschule.de\/de\/wp-content\/uploads\/2016\/06\/PhotoRoom-20220921_111018-01-1536x1536.jpeg 1536w, https:\/\/spuerhundeschule.de\/de\/wp-content\/uploads\/2016\/06\/PhotoRoom-20220921_111018-01-80x80.jpeg 80w, https:\/\/spuerhundeschule.de\/de\/wp-content\/uploads\/2016\/06\/PhotoRoom-20220921_111018-01-320x320.jpeg 320w, https:\/\/spuerhundeschule.de\/de\/wp-content\/uploads\/2016\/06\/PhotoRoom-20220921_111018-01-200x200.jpeg 200w, https:\/\/spuerhundeschule.de\/de\/wp-content\/uploads\/2016\/06\/PhotoRoom-20220921_111018-01-100x100.jpeg 100w, https:\/\/spuerhundeschule.de\/de\/wp-content\/uploads\/2016\/06\/PhotoRoom-20220921_111018-01.jpeg 2000w\" sizes=\"auto, (max-width: 300px) 100vw, 300px\" \/><\/p>\n<ul>\n<li>Lieferzeit: 2-5 Tage nach Zahlungseingang<\/li>\n<li>Farbe: Schulterteil Orange mit Druck schwarz<\/li>\n<li><span class=\"a-list-item\">Gewicht: 1,20 kg<br \/>\n<\/span><\/li>\n<li>Ein Leichtgewicht<\/li>\n<li><span class=\"a-list-item\">H\u00f6chste Qualit\u00e4t<br \/>\n<\/span><\/li>\n<li>Neuste Innovation bez\u00fcglich Leichtigkeit und Beweglichkeit<\/li>\n<li>Bestehend aus hochwertigem Echtleder in den \u00dcberg\u00e4ngen<\/li>\n<li>Geschnitten f\u00fcr mittiges Griffverhalten<\/li>\n<\/ul>\n<p><img loading=\"lazy\" decoding=\"async\" class=\"alignnone size-medium wp-image-326088\" src=\"https:\/\/spuerhundeschule.de\/de\/wp-content\/uploads\/2016\/06\/PhotoRoom-20220921_111056-01-1-300x300.jpeg\" alt=\"\" width=\"300\" height=\"300\" srcset=\"https:\/\/spuerhundeschule.de\/de\/wp-content\/uploads\/2016\/06\/PhotoRoom-20220921_111056-01-1-300x300.jpeg 300w, https:\/\/spuerhundeschule.de\/de\/wp-content\/uploads\/2016\/06\/PhotoRoom-20220921_111056-01-1-1024x1024.jpeg 1024w, https:\/\/spuerhundeschule.de\/de\/wp-content\/uploads\/2016\/06\/PhotoRoom-20220921_111056-01-1-150x150.jpeg 150w, https:\/\/spuerhundeschule.de\/de\/wp-content\/uploads\/2016\/06\/PhotoRoom-20220921_111056-01-1-768x768.jpeg 768w, https:\/\/spuerhundeschule.de\/de\/wp-content\/uploads\/2016\/06\/PhotoRoom-20220921_111056-01-1-1536x1536.jpeg 1536w, https:\/\/spuerhundeschule.de\/de\/wp-content\/uploads\/2016\/06\/PhotoRoom-20220921_111056-01-1-80x80.jpeg 80w, https:\/\/spuerhundeschule.de\/de\/wp-content\/uploads\/2016\/06\/PhotoRoom-20220921_111056-01-1-320x320.jpeg 320w, https:\/\/spuerhundeschule.de\/de\/wp-content\/uploads\/2016\/06\/PhotoRoom-20220921_111056-01-1-200x200.jpeg 200w, https:\/\/spuerhundeschule.de\/de\/wp-content\/uploads\/2016\/06\/PhotoRoom-20220921_111056-01-1-100x100.jpeg 100w, https:\/\/spuerhundeschule.de\/de\/wp-content\/uploads\/2016\/06\/PhotoRoom-20220921_111056-01-1.jpeg 2000w\" sizes=\"auto, (max-width: 300px) 100vw, 300px\" \/><\/p>\n<ul>\n<li>Auflaufstopp durch mittelharten Keil<\/li>\n<li>Kynologische weiterentwickelt<\/li>\n<li>Von Hand gefertigt<\/li>\n<li>Kernmaterialien sehr robust und rissfest<\/li>\n<li>Versandkosten f\u00fcr das Ausland erfragen!<\/li>\n<\/ul>\n<p>&nbsp;<\/p>\n<p>&nbsp;<\/p>\n","protected":false},"excerpt":{"rendered":"<h2>Edition Two IPO Schutzarm f\u00fcr Pr\u00fcfungen und Meisterschaften f\u00fcr den Schutzdienst im Hundesport oder Hundetraining<\/h2>\n","protected":false},"featured_media":326084,"template":"","meta":{"_price":"169.00","_stock":"","_tribe_ticket_header":"","_tribe_default_ticket_provider":"","_tribe_ticket_capacity":"0","_ticket_start_date":"","_ticket_end_date":"","_tribe_ticket_show_description":"","_tribe_ticket_show_not_going":false,"_tribe_ticket_use_global_stock":"","_tribe_ticket_global_stock_level":"","_global_stock_mode":"","_global_stock_cap":"","_tribe_rsvp_for_event":"","_tribe_ticket_going_count":"","_tribe_ticket_not_going_count":"","_tribe_tickets_list":"[]","_tribe_ticket_has_attendee_info_fields":false},"product_brand":[],"product_cat":[617],"product_tag":[],"class_list":{"0":"post-2033","1":"product","2":"type-product","3":"status-publish","4":"has-post-thumbnail","6":"product_cat-trainingsausruestung-fuer-sport-und-diensthunde","8":"first","9":"outofstock","10":"taxable","11":"shipping-taxable","12":"purchasable","13":"product-type-simple"},"_links":{"self":[{"href":"https:\/\/spuerhundeschule.de\/de\/wp-json\/wp\/v2\/product\/2033","targetHints":{"allow":["GET"]}}],"collection":[{"href":"https:\/\/spuerhundeschule.de\/de\/wp-json\/wp\/v2\/product"}],"about":[{"href":"https:\/\/spuerhundeschule.de\/de\/wp-json\/wp\/v2\/types\/product"}],"wp:featuredmedia":[{"embeddable":true,"href":"https:\/\/spuerhundeschule.de\/de\/wp-json\/wp\/v2\/media\/326084"}],"wp:attachment":[{"href":"https:\/\/spuerhundeschule.de\/de\/wp-json\/wp\/v2\/media?parent=2033"}],"wp:term":[{"taxonomy":"product_brand","embeddable":true,"href":"https:\/\/spuerhundeschule.de\/de\/wp-json\/wp\/v2\/product_brand?post=2033"},{"taxonomy":"product_cat","embeddable":true,"href":"https:\/\/spuerhundeschule.de\/de\/wp-json\/wp\/v2\/product_cat?post=2033"},{"taxonomy":"product_tag","embeddable":true,"href":"https:\/\/spuerhundeschule.de\/de\/wp-json\/wp\/v2\/product_tag?post=2033"}],"curies":[{"name":"wp","href":"https:\/\/api.w.org\/{rel}","templated":true}]}}