{"id":2021,"date":"2016-06-04T16:52:17","date_gmt":"2016-06-04T16:52:17","guid":{"rendered":"http:\/\/spuerhundeschule.de\/de\/produkt\/edition-one-vollschutzanzug-mondioring\/"},"modified":"2022-12-09T11:22:32","modified_gmt":"2022-12-09T10:22:32","slug":"vollschutzanzug-fuer-den-schutzdienst-im-hundesport-2","status":"publish","type":"product","link":"https:\/\/spuerhundeschule.de\/de\/produkt\/vollschutzanzug-fuer-den-schutzdienst-im-hundesport-2\/","title":{"rendered":"Vollschutzanzug f\u00fcr den Schutzdienst im Hundesport"},"content":{"rendered":"<h2>Edition One Vollschutzanzug f\u00fcr den Schutzdienst im Mondioring, French Ring, Hundesport oder Zivilhundetraining<\/h2>\n<ul>\n<li>Dieser Edition One Vollschutzanzug f\u00fcr den Schutzdienst im Mondioring, Hundesport oder Zivilhundetraining<\/li>\n<li>Lieferzeit: 20-30 Tage nach Zahlungseingang, <strong>nur auf Bestellung<\/strong><\/li>\n<li>Gr\u00f6\u00dfe S,M,L und XL oder auf Ma\u00dfanfertigung<\/li>\n<li><strong>Tabelle bitte ausdrucken und Ma\u00dfe eintragen!<\/strong><\/li>\n<li><a href=\"https:\/\/spuerhundeschule.de\/de\/wp-content\/uploads\/2017\/02\/Body-measurements-K\u00f6rperma\u00dfe-Blanko.pdf\">Body measurements K\u00f6rperma\u00dfe Blanko<\/a><\/li>\n<li>Farbe: orange\/schwarz<\/li>\n<li><span class=\"a-list-item\">Gewicht: 8,60-9,20 kg<\/span><\/li>\n<li><span class=\"a-list-item\">H\u00f6chste Qualit\u00e4t, dauerhaft waschfest Reinigung<br \/>\n<\/span><\/li>\n<li>Neuste Innovation bez\u00fcglich Leichtigkeit und Beweglichkeit<\/li>\n<li>Bestehend aus hochwertigem Nylcot Material Easy<\/li>\n<li>Breite Schulterg\u00fcrtel<\/li>\n<li>Seitliche H\u00fcftverschl\u00fc\u00dfe<\/li>\n<li>Hosenr\u00e4ger sehr stabil<\/li>\n<li>\u00dcberarbeitetes Innenlay, stark gepolstert<\/li>\n<li>Leichte Druckverst\u00e4rker eingen\u00e4ht<\/li>\n<li>Zahnschonendes Material<\/li>\n<li style=\"list-style-type: none;\">Alle von uns angebotenen Artikel f\u00fcr den Hundesport werden von uns selbst entwickelt und in unserem Auftrag gefertigt. Sie k\u00f6nnen diesen Artikel nur bei uns erwerben, wir verkaufen nicht \u00fcber H\u00e4ndler. Wir produzieren selbst. Wir liefern weltweit.<\/li>\n<\/ul>\n<p>&nbsp;<\/p>\n","protected":false},"excerpt":{"rendered":"<h2>Edition One Vollschutzanzug f\u00fcr den Schutzdienst im Mondioring, Hundesport oder Zivilhundetraining<\/h2>\n","protected":false},"featured_media":326186,"template":"","meta":{"_price":"1395.90","_stock":"","_tribe_ticket_header":"","_tribe_default_ticket_provider":"","_ticket_start_date":"","_ticket_end_date":"","_tribe_ticket_show_description":"","_tribe_ticket_show_not_going":false,"_tribe_ticket_use_global_stock":"","_tribe_ticket_global_stock_level":"","_global_stock_mode":"","_global_stock_cap":"","_tribe_rsvp_for_event":"","_tribe_ticket_going_count":"","_tribe_ticket_not_going_count":"","_tribe_tickets_list":"[]","_tribe_ticket_has_attendee_info_fields":false},"product_brand":[],"product_cat":[617],"product_tag":[],"class_list":{"0":"post-2021","1":"product","2":"type-product","3":"status-publish","4":"has-post-thumbnail","6":"product_cat-trainingsausruestung-fuer-sport-und-diensthunde","7":"product_shipping_class-vollschutzklasse","9":"first","10":"instock","11":"taxable","12":"shipping-taxable","13":"purchasable","14":"product-type-simple"},"_links":{"self":[{"href":"https:\/\/spuerhundeschule.de\/de\/wp-json\/wp\/v2\/product\/2021","targetHints":{"allow":["GET"]}}],"collection":[{"href":"https:\/\/spuerhundeschule.de\/de\/wp-json\/wp\/v2\/product"}],"about":[{"href":"https:\/\/spuerhundeschule.de\/de\/wp-json\/wp\/v2\/types\/product"}],"wp:featuredmedia":[{"embeddable":true,"href":"https:\/\/spuerhundeschule.de\/de\/wp-json\/wp\/v2\/media\/326186"}],"wp:attachment":[{"href":"https:\/\/spuerhundeschule.de\/de\/wp-json\/wp\/v2\/media?parent=2021"}],"wp:term":[{"taxonomy":"product_brand","embeddable":true,"href":"https:\/\/spuerhundeschule.de\/de\/wp-json\/wp\/v2\/product_brand?post=2021"},{"taxonomy":"product_cat","embeddable":true,"href":"https:\/\/spuerhundeschule.de\/de\/wp-json\/wp\/v2\/product_cat?post=2021"},{"taxonomy":"product_tag","embeddable":true,"href":"https:\/\/spuerhundeschule.de\/de\/wp-json\/wp\/v2\/product_tag?post=2021"}],"curies":[{"name":"wp","href":"https:\/\/api.w.org\/{rel}","templated":true}]}}