{"id":1970,"date":"2016-01-22T17:43:46","date_gmt":"2016-01-22T17:43:46","guid":{"rendered":"http:\/\/spuerhundeschule.de\/de\/produkt\/zertifizierte-ausbildung-zum-bargeldspuerhund-team\/"},"modified":"2025-02-24T09:22:39","modified_gmt":"2025-02-24T08:22:39","slug":"ausbildung-zum-bargeldspuerhund-team","status":"publish","type":"product","link":"https:\/\/spuerhundeschule.de\/de\/produkt\/ausbildung-zum-bargeldspuerhund-team\/","title":{"rendered":"Ausbildung zum Banknoten-Sp\u00fcrhund-Team"},"content":{"rendered":"<h2>Zertifizierte Ausbildung zum Banknoten-Sp\u00fcrhund-Team national und international<\/h2>\n<p>Auf Grund der stetigen Nachfrage an seri\u00f6sen Ausbildungseinrichtungen f\u00fcr Hundef\u00fchrer im Sektor, aufsp\u00fcrhren von Bargeldbest\u00e4nden, hat es sich die K9 Detection Dog School Germany GmbH zur Aufgabe gemacht, ihr kynologisches Wissen, Einsatzstandards und Taktiken in Vollzeitausbildungen weiter zugeben.<\/p>\n<p><strong><em>Grundvoraussetzungen der Ausbildung:<\/em><\/strong> Sehr guter Spiel- und Beutetrieb, keine gesundheitlichen Einschr\u00e4nkungen, gutes Sozialverhalten, Grundvoraussetzungen der Motorik, Haftpflichtversicherung, <strong>Mindestalter der Hunde 10 Monate!<\/strong><\/p>\n<p><strong><em>Dauer der Schulung:<\/em> <\/strong>Die Ausbildung findet an der Detection Dog School Germany statt und nimmt ca. 9-12 Wochen in Anspruch. Nach 4 Wochen wird das Training f\u00fcr 7 Tage unterbrochen.<\/p>\n<p><strong><em>Ablaufplan: <\/em><\/strong>Die Ausbildung erfolgt jeweils von Montag bis Freitag im Schulungzentrum der Detection Dog School Germany in Vollzeit. Selbstverst\u00e4ndlich gestalten wir f\u00fcr Sie die Schulung auch individuell im Blockunterricht, dazu senden Sie uns Ihre Vorschl\u00e4ge bitte in folgendem Link:<\/p>\n<p><strong><a href=\"http:\/\/spuerhundeschule.de\/component\/option,com_chronoforms\/Itemid,100156\/view,form\/\" target=\"_blank\" rel=\"noopener noreferrer\"><img loading=\"lazy\" decoding=\"async\" class=\"alignnone wp-image-1763\" src=\"http:\/\/spuerhundeschule.de\/de\/wp-content\/uploads\/2015\/01\/Blockausbildung.jpg\" alt=\"Blockausbildung\" width=\"162\" height=\"57\" srcset=\"https:\/\/spuerhundeschule.de\/de\/wp-content\/uploads\/2015\/01\/Blockausbildung.jpg 191w, https:\/\/spuerhundeschule.de\/de\/wp-content\/uploads\/2015\/01\/Blockausbildung-100x35.jpg 100w, https:\/\/spuerhundeschule.de\/de\/wp-content\/uploads\/2015\/01\/Blockausbildung-50x18.jpg 50w\" sizes=\"auto, (max-width: 162px) 100vw, 162px\" \/><\/a><\/strong><\/p>\n<p><strong><em>Abschluss und Pr\u00fcfung:<\/em><\/strong> Eine Woche vor Abschluss des Lehrgangs, finde die Zertifizierung statt.<\/p>\n<p><strong><em>Ausr\u00fcstung:<\/em><\/strong> 2 F\u00fchrerleinen, Maulkorb, 2 Halsb\u00e4nder f\u00fcr den Hund (eventuell Brustgeschirr), Wassersch\u00fcssel, Hundefutter, Erste Hilfe Packet, Impfausweis mit aktueller Tollwutimpfung, Kopie Haftpflichtversicherung, Hundetransportbox und\u00a0Schreibutensilien f\u00fcr Notizen.<\/p>\n<p><strong><em>Tierarzt: <\/em><\/strong>F\u00fcr Notf\u00e4lle w\u00e4hrend der Ausbildung, steht f\u00fcr Ihre Vierbeiner eine Tierklinik unweit vom Hotel zur Verf\u00fcgung.<\/p>\n<p><strong>Eine Anmeldung ist solange m\u00f6glich bis dieses Produkt im Shop ausverkauft oder nicht mehr sichtbar ist.<\/strong><\/p>\n<p>&nbsp;<\/p>\n<h2>Inhalte nach hohen internationalen Qualit\u00e4t Standards mit folgenden Schwerpunkten:<\/h2>\n<ul>\n<li>Kynologie<\/li>\n<li>Privat-Recht<\/li>\n<li>Einsatzlehre<\/li>\n<li>Grunds\u00e4tze im Umgang<\/li>\n<li>Banknoten<\/li>\n<li>Geruchskonditionierung<\/li>\n<li>Eigensicherung<\/li>\n<li>Erste Hilfe Hund<\/li>\n<li>Pr\u00fcfungen<\/li>\n<li>Ausbildung BGSH<\/li>\n<li>Zertifizierung<\/li>\n<\/ul>\n","protected":false},"excerpt":{"rendered":"<h2>Ausbildung zum Banknoten-Sp\u00fcrhund-Team national und international<\/h2>\n<p>Auf Grund der\u00a0stetigen Nachfrage an seri\u00f6sen Ausbildungseinrichtungen f\u00fcr Hundef\u00fchrer im Sektor, aufsp\u00fcrhren von Bargeldbest\u00e4nden, hat es sich die Sp\u00fcrhundeschule \u201eGermany&#8220; zur Aufgabe gemacht, ihr kynologisches Wissen, Einsatzstandards und Taktiken\u00a0in Vollzeitausbildungen weiter zugeben.<\/p>\n","protected":false},"featured_media":326381,"template":"","meta":{"_price":"8100","_stock":"","_tribe_ticket_header":"","_tribe_default_ticket_provider":"","_ticket_start_date":"","_ticket_end_date":"","_tribe_ticket_show_description":"","_tribe_ticket_show_not_going":false,"_tribe_ticket_use_global_stock":"","_tribe_ticket_global_stock_level":"","_global_stock_mode":"","_global_stock_cap":"","_tribe_rsvp_for_event":"","_tribe_ticket_going_count":"","_tribe_ticket_not_going_count":"","_tribe_tickets_list":"[]","_tribe_ticket_has_attendee_info_fields":false},"product_brand":[],"product_cat":[534],"product_tag":[610,603,604,605,609,611,558],"class_list":{"0":"post-1970","1":"product","2":"type-product","3":"status-publish","4":"has-post-thumbnail","6":"product_cat-vollzeitausbildung-zum-spuerhund","7":"product_tag-bargeld","8":"product_tag-bargeldspuerhund","9":"product_tag-dollar","10":"product_tag-euro","11":"product_tag-reais","12":"product_tag-schweizer-franken","13":"product_tag-spuerhunde","15":"first","16":"instock","17":"virtual","18":"taxable","19":"purchasable","20":"product-type-simple"},"_links":{"self":[{"href":"https:\/\/spuerhundeschule.de\/de\/wp-json\/wp\/v2\/product\/1970","targetHints":{"allow":["GET"]}}],"collection":[{"href":"https:\/\/spuerhundeschule.de\/de\/wp-json\/wp\/v2\/product"}],"about":[{"href":"https:\/\/spuerhundeschule.de\/de\/wp-json\/wp\/v2\/types\/product"}],"wp:featuredmedia":[{"embeddable":true,"href":"https:\/\/spuerhundeschule.de\/de\/wp-json\/wp\/v2\/media\/326381"}],"wp:attachment":[{"href":"https:\/\/spuerhundeschule.de\/de\/wp-json\/wp\/v2\/media?parent=1970"}],"wp:term":[{"taxonomy":"product_brand","embeddable":true,"href":"https:\/\/spuerhundeschule.de\/de\/wp-json\/wp\/v2\/product_brand?post=1970"},{"taxonomy":"product_cat","embeddable":true,"href":"https:\/\/spuerhundeschule.de\/de\/wp-json\/wp\/v2\/product_cat?post=1970"},{"taxonomy":"product_tag","embeddable":true,"href":"https:\/\/spuerhundeschule.de\/de\/wp-json\/wp\/v2\/product_tag?post=1970"}],"curies":[{"name":"wp","href":"https:\/\/api.w.org\/{rel}","templated":true}]}}