{"id":1962,"date":"2016-01-17T16:36:57","date_gmt":"2016-01-17T16:36:57","guid":{"rendered":"http:\/\/spuerhundeschule.de\/de\/produkt\/zertifizierte-ausbildung-zum-rauschgiftspuerhund-team\/"},"modified":"2025-02-24T09:35:41","modified_gmt":"2025-02-24T08:35:41","slug":"ausbildung-zum-rauschgiftspuerhund-team","status":"publish","type":"product","link":"https:\/\/spuerhundeschule.de\/de\/produkt\/ausbildung-zum-rauschgiftspuerhund-team\/","title":{"rendered":"Ausbildung zum Rauschgift-Sp\u00fcrhund-Team"},"content":{"rendered":"<h2>Zertifizierte Ausbildung zum Rauschgiftsp\u00fcrhund-Team national und international<\/h2>\n<p>Auf Grund der\u00a0stetigen Nachfrage an seri\u00f6sen Ausbildungseinrichtungen f\u00fcr <a href=\"http:\/\/spuerhundeschule.de\/spuerhund-wissen\/spuerhund-art-und-typen\/rauschgiftspuerhunde-k-9-spuerhundeschule.html\" target=\"_blank\" rel=\"noopener noreferrer\">Rauschgiftsp\u00fcrhhundef\u00fchrer<\/a> im\u00a0Security-Sektor, hat es sich die Sp\u00fcrhundeschule \u201eGermany&#8220; zur Aufgabe gemacht, ihr kynologisches Wissen, Einsatzstandards und Taktiken\u00a0in Vollzeitausbildungen weiter zugeben.<\/p>\n<p><strong><em>Grundvoraussetzungen der Ausbildung:<\/em><\/strong> Sehr guter Spiel- und Beutetrieb, keine gesundheitlichen Einschr\u00e4nkungen, gutes Sozialverhalten, Grundvoraussetzungen der Motorik, Haftpflichtversicherung, <strong>Mindestalter der Hunde 12 Monate!<\/strong><\/p>\n<p><strong><em>Dauer der Schulung:<\/em> <\/strong>Die Ausbildung findet an der K9 Detection Dog School Germany GmbH statt und nimmt ca. 8-11 Wochen in Anspruch. Nach 4 Wochen wird das Training f\u00fcr 7 Tage unterbrochen.<\/p>\n<p><strong><em>Ablaufplan: <\/em><\/strong>Die Ausbildung erfolgt jeweils von Montag bis Freitag im Schulungzentrum der Detection Dog School Germany in Vollzeit. Selbstverst\u00e4ndlich gestalten wir f\u00fcr Sie die Schulung auch individuell im Blockunterricht, dazu senden Sie uns Ihre Vorschl\u00e4ge bitte in folgendem Link:<\/p>\n<p><strong><a href=\"http:\/\/spuerhundeschule.de\/component\/option,com_chronoforms\/Itemid,100156\/view,form\/\" target=\"_blank\" rel=\"noopener noreferrer\"><img loading=\"lazy\" decoding=\"async\" class=\"alignnone wp-image-1763\" src=\"http:\/\/spuerhundeschule.de\/de\/wp-content\/uploads\/2015\/01\/Blockausbildung.jpg\" alt=\"Blockausbildung\" width=\"162\" height=\"57\" srcset=\"https:\/\/spuerhundeschule.de\/de\/wp-content\/uploads\/2015\/01\/Blockausbildung.jpg 191w, https:\/\/spuerhundeschule.de\/de\/wp-content\/uploads\/2015\/01\/Blockausbildung-100x35.jpg 100w, https:\/\/spuerhundeschule.de\/de\/wp-content\/uploads\/2015\/01\/Blockausbildung-50x18.jpg 50w\" sizes=\"auto, (max-width: 162px) 100vw, 162px\" \/><\/a><\/strong><\/p>\n<p><strong><em>Abschluss und Pr\u00fcfung:<\/em><\/strong> Eine Woche f\u00fcr Abschluss des Lehrgangs, finde die beh\u00f6rdliche Zertifizierung statt.<\/p>\n<p><strong><em>Ausr\u00fcstung:<\/em><\/strong> 2 F\u00fchrerleinen, Maulkorb, 2 Halsb\u00e4nder f\u00fcr den Hund, Wassersch\u00fcssel, Hundefutter, Erste Hilfe Packet, Impfausweis mit aktueller Tollwutimpfung, Kopie Haftpflichtversicherung, Hundetransportbox und\u00a0Schreibutensilien f\u00fcr Notizen.<\/p>\n<p><strong><em>Tierarzt: <\/em><\/strong>F\u00fcr Notf\u00e4lle w\u00e4hrend der Ausbildung, steht f\u00fcr Ihre Vierbeiner eine Tierklinik unweit vom Hotel zur Verf\u00fcgung.<\/p>\n<p><strong>Eine Anmeldung ist solange m\u00f6glich bis dieses Produkt im Shop ausverkauft oder nicht mehr sichtbar ist.<\/strong><\/p>\n<p>Prim\u00e4r und signifikant ist die Verfolgung von Straftaten im Bet\u00e4ubungsmittelbereich eine Aufgabe der zust\u00e4ndigen Beh\u00f6rden mit hoheitlichen Befugnissen. K-9 Sp\u00fcrhundeschule bietet Ihnen dennoch den Einsatz und die Ausbildung von Rauschgiftsp\u00fcrhunde Teams an. Eins\u00e4tze von sogenannten Rauschgiftsp\u00fcrhunde-Teams im Dienste privater Unternehmen in Deutschland ist vorbehaltlich neu. K-9 Sp\u00fcrhundeschule ist eines der sehr wenigen Unternehmen in Deutschland, dass Rauschgiftsp\u00fcrhunde ausbildet und\/oder in den Einsatz bringt. Werden Sie gegen Rauschmittel vorbeugend aktiv, somit diese Stoffe wie zum Beispiel; <strong>Heroin, Amphetamin, Methamphetamin, kristallinem Methampetamin oder Cannabis<\/strong> nicht in Ihrem Unternehmen, bei Veranstaltungen oder Events, in Diskotheken sowie Schulen zum Alltag werden. Gern unterst\u00fctzen wir Sie bei der Umsetzung dieser Ma\u00dfnahme mit unseren Sp\u00fcrhunden der K-9 Sp\u00fcrhundeschule. Ein Vorteil bei unseren Ma\u00dfnahmen besteht darin, dass Sie mehr Einfluss haben auf soziale Belange wie Arbeitsunf\u00e4lle unter Einfluss von Bet\u00e4ubungsmittel, Sie k\u00f6nnen schneller reagieren, leiten Hilfestellung bei Suchtkrankheiten ein. Pr\u00e4ventiv kann der weitere Kontakt beziehungsweise der Erstkontakt mit Drogen beeinflusst werden. Sie vermeiden durch den Einsatz unserer Sp\u00fcrhunde-Teams Risiken, wahren den Ruf Ihrer Firma, Ihrer Veranstaltung oder Ihrer Institution. Rauschgiftsp\u00fcrhunde-Teams der Sp\u00fcrhundeschule werden auf gleicher Direktive wie in Beh\u00f6rden die Diensthunde vorhalten ausgebildet und nach Europ\u00e4ischen Leistungssoll gepr\u00fcft. Im Unterschied zu diesen Staatlichen-Teams werden unsere Vierbeiner von Sicherheitsfachkr\u00e4ften die in der K-9 Sp\u00fcrhundeschule geschult und zertifiziert wurden gef\u00fchrt. Vertraulichkeit wird bei der K-9 Sp\u00fcrhundeschule in erster Linie in den Vordergrund gestellt, dass hei\u00dft f\u00fcr Sie, unsere Eins\u00e4tze werden daher nicht Publik gemacht! Ihrem Wunsch hin entsprechend, k\u00f6nnen wir unsere Dienste erg\u00e4nzen durch Pr\u00e4ventionsberatung und Themen die der Aufkl\u00e4rung dienen.<\/p>\n<h2>Inhalte nach hohen internationalen Qualit\u00e4t Standards mit folgenden Schwerpunkten:<\/h2>\n<ul>\n<li>Kynologie<\/li>\n<li>Recht<\/li>\n<li>Einsatzlehre<\/li>\n<li>Grunds\u00e4tze im Umgang<\/li>\n<li>Stoffkunde<\/li>\n<li>Geruchsdiffernzierung<\/li>\n<li>Eigensicherung<\/li>\n<li>Erste Hilfe Hund<\/li>\n<li>Pr\u00fcfungen<\/li>\n<li>Ausbildung RSH<\/li>\n<li>Zertifizierung Beh\u00f6rde<\/li>\n<\/ul>\n","protected":false},"excerpt":{"rendered":"<h2>Zertifizierte Ausbildung zum Rauschgiftsp\u00fcrhund-Team national und international<\/h2>\n<p>Auf Grund der\u00a0stetigen Nachfrage an seri\u00f6sen Ausbildungseinrichtungen f\u00fcr <a href=\"http:\/\/spuerhundeschule.de\/spuerhund-wissen\/spuerhund-art-und-typen\/rauschgiftspuerhunde-k-9-spuerhundeschule.html\" target=\"_blank\" rel=\"noopener noreferrer\">Rauschgiftsp\u00fcrhhundef\u00fchrer<\/a> im\u00a0Security-Sektor, hat es sich die Sp\u00fcrhundeschule \u201eGermany&#8220; zur Aufgabe gemacht, ihr kynologisches Wissen, Einsatzstandards und Taktiken\u00a0in Vollzeitausbildungen weiter zugeben.<\/p>\n","protected":false},"featured_media":326376,"template":"","meta":{"_price":"8900","_stock":"","_tribe_ticket_header":"","_tribe_default_ticket_provider":"","_tribe_ticket_capacity":"0","_ticket_start_date":"","_ticket_end_date":"","_tribe_ticket_show_description":"","_tribe_ticket_show_not_going":false,"_tribe_ticket_use_global_stock":"","_tribe_ticket_global_stock_level":"","_global_stock_mode":"","_global_stock_cap":"","_tribe_rsvp_for_event":"","_tribe_ticket_going_count":"","_tribe_ticket_not_going_count":"","_tribe_tickets_list":"[]","_tribe_ticket_has_attendee_info_fields":false},"product_brand":[],"product_cat":[534],"product_tag":[747,921,634,547,874,875,922,572,573,751,662,545,633,920,876,663,607,558,749,555],"class_list":{"0":"post-1962","1":"product","2":"type-product","3":"status-publish","4":"has-post-thumbnail","6":"product_cat-vollzeitausbildung-zum-spuerhund","7":"product_tag-ausbildung-mit-klicker","8":"product_tag-btm","9":"product_tag-diensthundeausbildung","10":"product_tag-diensthundefuehrer","11":"product_tag-drogenhund","12":"product_tag-drogenspuerhund","13":"product_tag-drogensuche-in-schulen","14":"product_tag-flughafen","15":"product_tag-fracht","16":"product_tag-hunde","17":"product_tag-hundefuehrer","18":"product_tag-polizei","19":"product_tag-polizeihund","20":"product_tag-rauschgift","21":"product_tag-rauschgiftspuerhund","22":"product_tag-sicherheitsdienst","23":"product_tag-spuerhund","24":"product_tag-spuerhunde","25":"product_tag-spuerhundeausbildung-mit-klicker","26":"product_tag-suchhunde","28":"first","29":"instock","30":"virtual","31":"taxable","32":"purchasable","33":"product-type-simple"},"_links":{"self":[{"href":"https:\/\/spuerhundeschule.de\/de\/wp-json\/wp\/v2\/product\/1962","targetHints":{"allow":["GET"]}}],"collection":[{"href":"https:\/\/spuerhundeschule.de\/de\/wp-json\/wp\/v2\/product"}],"about":[{"href":"https:\/\/spuerhundeschule.de\/de\/wp-json\/wp\/v2\/types\/product"}],"wp:featuredmedia":[{"embeddable":true,"href":"https:\/\/spuerhundeschule.de\/de\/wp-json\/wp\/v2\/media\/326376"}],"wp:attachment":[{"href":"https:\/\/spuerhundeschule.de\/de\/wp-json\/wp\/v2\/media?parent=1962"}],"wp:term":[{"taxonomy":"product_brand","embeddable":true,"href":"https:\/\/spuerhundeschule.de\/de\/wp-json\/wp\/v2\/product_brand?post=1962"},{"taxonomy":"product_cat","embeddable":true,"href":"https:\/\/spuerhundeschule.de\/de\/wp-json\/wp\/v2\/product_cat?post=1962"},{"taxonomy":"product_tag","embeddable":true,"href":"https:\/\/spuerhundeschule.de\/de\/wp-json\/wp\/v2\/product_tag?post=1962"}],"curies":[{"name":"wp","href":"https:\/\/api.w.org\/{rel}","templated":true}]}}