{"id":1928,"date":"2015-11-03T18:04:21","date_gmt":"2015-11-03T18:04:21","guid":{"rendered":"http:\/\/spuerhundeschule.de\/de\/produkt\/luftfahrt-bundesamt-sprengstoffspuerhund-team-basis-einsatz-eines-luftfahrt-bundesamt-sprengstoffspuerhund-team\/"},"modified":"2025-02-24T09:41:34","modified_gmt":"2025-02-24T08:41:34","slug":"luftfahrt-bundesamt-sprengstoffspuerhund-team","status":"publish","type":"product","link":"https:\/\/spuerhundeschule.de\/de\/produkt\/luftfahrt-bundesamt-sprengstoffspuerhund-team\/","title":{"rendered":"Einsatz eines LBA Sprengstoff Sp\u00fcrhund Team"},"content":{"rendered":"<h1>Basispreis f\u00fcr einen Einsatz eines Luftfahrt Bundesamt Sprengstoffsp\u00fcrhund-Team, an einem Einsatzort Ihrer Wahl, innerhalb Europas.<\/h1>\n<p>Sie k\u00f6nnen hier den <a href=\"http:\/\/www.lba.de\/DE\/Home\/home_node.html\" target=\"_blank\" rel=\"noopener noreferrer\">Einsatz eines Sprengstoffsp\u00fcrhunde Teams, gem\u00e4\u00df Nummer 12.9 des Anhangs der Verordnung (EU) Nr. 185\/2010 zur Kontrolle von Luftfracht<\/a> von gewerblichen- und milit\u00e4rischen Sprengstoffen, sowie Waffen und Laborate erwerben. Nach dem Kauf in diesem Shop wird sich die Einsatzleitung innerhalb von 3-6 Stunden bei Ihnen melden und den genauen Einsatztermin und Ort, sowie andere Fragen mit Ihnen abzukl\u00e4ren.<\/p>\n<p>Der Basispreis f\u00fcr den Einsatz bezieht sich auf den Einsatz eines Teams!<\/p>\n<ul>\n<li><strong>Tagespauschale bis maximal 5 Stunden<\/strong>. Jede weitere Einsatz-Stunde berechnen wir zu einem Stundensatz von 120 \u20ac. Der zust\u00e4ndige und eingeteilte Hundef\u00fchrer wird dies rechtzeitig mit Ihnen vorab abkl\u00e4ren.<\/li>\n<li>ein Team besteht jeweils aus einem Hundef\u00fchrer und einem Sprengstoffsp\u00fcrhund zugelassen laut <a href=\"http:\/\/www.lba.de\/DE\/Home\/home_node.html\" target=\"_blank\" rel=\"noopener noreferrer\">12.9 des Anhangs der Verordnung (EU) Nr. 185\/2010<\/a> Luftfahrt Bundesamt<\/li>\n<li>alle Preise inkl. gesetzlicher MwSt. von derzeit 19 %<\/li>\n<li>bei k\u00fcrzeren Eins\u00e4tzen wird der Basispreis f\u00e4llig.<\/li>\n<\/ul>\n<p>Die <strong>Anfahrtszeit<\/strong> wird zus\u00e4tzlich berechnet, es fallen jeweils pro gefahrenen Kilometer 0,43 Euro Geb\u00fchren an.<\/p>\n<p>Bei Fahrten \u00fcber 400 Kilometer pro einfache Fahrstrecke werden \u00dcbernachtungskosten von derzeit 90 Euro pro Team berechnet.<\/p>\n<p><strong>F\u00fcr ein individuelles Angebot benutzen Sie bitte den unten stehenden Link.<br \/>\n<\/strong><\/p>\n<p><a href=\"http:\/\/spuerhundeschule.de\/de\/fragen-zu-den-seminaren\/\" target=\"_blank\" rel=\"noopener noreferrer\"><img loading=\"lazy\" decoding=\"async\" class=\"alignnone size-medium wp-image-1736\" src=\"http:\/\/spuerhundeschule.de\/de\/wp-content\/uploads\/2015\/01\/Individuelle-Anfrage-zum-Produkt-300x99.jpg\" alt=\"Individuelle Anfrage zum Produkt\" width=\"300\" height=\"99\" srcset=\"https:\/\/spuerhundeschule.de\/de\/wp-content\/uploads\/2015\/01\/Individuelle-Anfrage-zum-Produkt-300x99.jpg 300w, https:\/\/spuerhundeschule.de\/de\/wp-content\/uploads\/2015\/01\/Individuelle-Anfrage-zum-Produkt-200x66.jpg 200w, https:\/\/spuerhundeschule.de\/de\/wp-content\/uploads\/2015\/01\/Individuelle-Anfrage-zum-Produkt-50x17.jpg 50w, https:\/\/spuerhundeschule.de\/de\/wp-content\/uploads\/2015\/01\/Individuelle-Anfrage-zum-Produkt.jpg 345w\" sizes=\"auto, (max-width: 300px) 100vw, 300px\" \/><\/a><\/p>\n","protected":false},"excerpt":{"rendered":"<p>Basispreis f\u00fcr einen Einsatz eines Luftfahrt Bundesamt Sprengstoffsp\u00fcrhund-Team, an einem Einsatzort Ihrer Wahl, innerhalb Europas. Sie k\u00f6nnen hier den Einsatz eines Sprengstoffsp\u00fcrhunde Teams, gem\u00e4\u00df Nummer 12.9 des Anhangs der Verordnung (EU) Nr. 185\/2010 zur&#46;&#46;&#46;<\/p>\n","protected":false},"featured_media":326385,"template":"","meta":{"_price":"910","_stock":"","_tribe_ticket_header":"","_tribe_default_ticket_provider":"","_ticket_start_date":"","_ticket_end_date":"","_tribe_ticket_show_description":"","_tribe_ticket_show_not_going":false,"_tribe_ticket_use_global_stock":"","_tribe_ticket_global_stock_level":"","_global_stock_mode":"","_global_stock_cap":"","_tribe_rsvp_for_event":"","_tribe_ticket_going_count":"","_tribe_ticket_not_going_count":"","_tribe_tickets_list":"[]","_tribe_ticket_has_attendee_info_fields":false},"product_brand":[],"product_cat":[516],"product_tag":[572,573,570,571,556,558],"class_list":{"0":"post-1928","1":"product","2":"type-product","3":"status-publish","4":"has-post-thumbnail","6":"product_cat-spezialhundeeinsaetze","7":"product_tag-flughafen","8":"product_tag-fracht","9":"product_tag-lba","10":"product_tag-luftfracht-kontrolle-mittels-spuerhunde","11":"product_tag-sprengstoff","12":"product_tag-spuerhunde","14":"first","15":"instock","16":"virtual","17":"taxable","18":"purchasable","19":"product-type-simple"},"_links":{"self":[{"href":"https:\/\/spuerhundeschule.de\/de\/wp-json\/wp\/v2\/product\/1928","targetHints":{"allow":["GET"]}}],"collection":[{"href":"https:\/\/spuerhundeschule.de\/de\/wp-json\/wp\/v2\/product"}],"about":[{"href":"https:\/\/spuerhundeschule.de\/de\/wp-json\/wp\/v2\/types\/product"}],"wp:featuredmedia":[{"embeddable":true,"href":"https:\/\/spuerhundeschule.de\/de\/wp-json\/wp\/v2\/media\/326385"}],"wp:attachment":[{"href":"https:\/\/spuerhundeschule.de\/de\/wp-json\/wp\/v2\/media?parent=1928"}],"wp:term":[{"taxonomy":"product_brand","embeddable":true,"href":"https:\/\/spuerhundeschule.de\/de\/wp-json\/wp\/v2\/product_brand?post=1928"},{"taxonomy":"product_cat","embeddable":true,"href":"https:\/\/spuerhundeschule.de\/de\/wp-json\/wp\/v2\/product_cat?post=1928"},{"taxonomy":"product_tag","embeddable":true,"href":"https:\/\/spuerhundeschule.de\/de\/wp-json\/wp\/v2\/product_tag?post=1928"}],"curies":[{"name":"wp","href":"https:\/\/api.w.org\/{rel}","templated":true}]}}