{"id":1859,"date":"2015-07-07T10:47:27","date_gmt":"2015-07-07T10:47:27","guid":{"rendered":"http:\/\/spuerhundeschule.de\/de\/produkt\/zertifizierte-ausbildung-zum-vermisstenspuerhund-team-flaeche-kopieren\/"},"modified":"2022-12-19T10:29:59","modified_gmt":"2022-12-19T09:29:59","slug":"ausbildung-zum-vermisstenspuerhund-team-flaeche-kopieren","status":"publish","type":"product","link":"https:\/\/spuerhundeschule.de\/de\/produkt\/ausbildung-zum-vermisstenspuerhund-team-flaeche-kopieren\/","title":{"rendered":"Ausbildung zum Personen-Sp\u00fcrhund-Team"},"content":{"rendered":"<h2>Zertifizierte Ausbildung zum Personensp\u00fcrhund-Team (Mantrailer) national und international<\/h2>\n<p>Auf Grund der\u00a0stetigen Nachfrage an seri\u00f6sen Ausbildungseinrichtungen f\u00fcr Personensp\u00fcrhunde (Vermisstensuchhunde\/Individualgeruch) im Sektor Hilfsorganisation und Beh\u00f6rde, hat es sich die Sp\u00fcrhundeschule \u201eGermany&#8220; zur Aufgabe gemacht, ihr kynologisches Wissen, Einsatzstandards und Taktiken\u00a0in Vollzeitausbildungen weiter zugeben.<\/p>\n<p><strong><em>Grundvoraussetzungen der Ausbildung:<\/em><\/strong> Sehr guter Spiel- und Beutetrieb, keine gesundheitlichen Einschr\u00e4nkungen, sehr gutes Sozialverhalten, sehr guter Umgang mit Umwelteinfl\u00fcssen, Grundlagen der Motorik, Haftpflichtversicherung, <strong>Mindestalter der Hunde 11 Monate!<\/strong><\/p>\n<p><strong><em>Dauer der Schulung:<\/em> <\/strong>Die Ausbildung findet an der K9 Detection Dog School Germany GmbH statt und nimmt ca. 20-24 Wochen in Anspruch. Jeweils nach 6 Wochen wird das Training f\u00fcr 7 Tage unterbrochen.<\/p>\n<p><strong><em>Ablaufplan: <\/em><\/strong>Die Ausbildung erfolgt jeweils von Montag bis Freitag im Schulungzentrum der Detection Dog School Germany in Vollzeit. Selbstverst\u00e4ndlich gestalten wir f\u00fcr Sie die Schulung auch individuell im Blockunterricht, dazu senden Sie uns Ihre Vorschl\u00e4ge bitte in folgendem Link:<\/p>\n<p><strong><a href=\"http:\/\/spuerhundeschule.de\/component\/option,com_chronoforms\/Itemid,100156\/view,form\/\" target=\"_blank\" rel=\"noopener noreferrer\"><img loading=\"lazy\" decoding=\"async\" class=\"alignnone wp-image-1763\" src=\"http:\/\/spuerhundeschule.de\/de\/wp-content\/uploads\/2015\/01\/Blockausbildung.jpg\" alt=\"Blockausbildung\" width=\"162\" height=\"57\" srcset=\"https:\/\/spuerhundeschule.de\/de\/wp-content\/uploads\/2015\/01\/Blockausbildung.jpg 191w, https:\/\/spuerhundeschule.de\/de\/wp-content\/uploads\/2015\/01\/Blockausbildung-100x35.jpg 100w, https:\/\/spuerhundeschule.de\/de\/wp-content\/uploads\/2015\/01\/Blockausbildung-50x18.jpg 50w\" sizes=\"auto, (max-width: 162px) 100vw, 162px\" \/><\/a><\/strong><\/p>\n<p><strong><em>Abschluss und Pr\u00fcfung:<\/em><\/strong> Eine Woche vor Abschluss des Lehrgangs, finde die Zertifizierung statt.<\/p>\n<p><strong><em>Ausr\u00fcstung:<\/em><\/strong> 2 F\u00e4hrtenleinen a 10 Meter, Maulkorb, Kenndecke\/Suchgeschirr, 2 Halsb\u00e4nder f\u00fcr den Hund, Wassersch\u00fcssel, Hundefutter, Erste Hilfe Packet, Impfausweis mit aktueller Tollwutimpfung, Kopie Haftpflichtversicherung, Hundetransportbox und\u00a0Schreibutensilien f\u00fcr Notizen.<\/p>\n<p><strong><em>Tierarzt: <\/em><\/strong>F\u00fcr Notf\u00e4lle w\u00e4hrend der Ausbildung, steht f\u00fcr Ihre Vierbeiner eine Tierklinik unweit vom Hotel zur Verf\u00fcgung.<\/p>\n<p><strong>Eine Anmeldung ist solange m\u00f6glich bis dieses Produkt im Shop ausverkauft oder nicht mehr sichtbar ist.<\/strong><\/p>\n<h2>Inhalte nach hohen internationalen Qualit\u00e4t Standards mit folgenden Schwerpunkten:<\/h2>\n<ul>\n<li>Kynologie<\/li>\n<li>Anatomie<\/li>\n<li>GPS-Kunde<\/li>\n<li>Einsatzlehre<\/li>\n<li>Individualgeruchstr\u00e4ger<\/li>\n<li>F\u00e4hrtenhundarbeit<\/li>\n<li>Befestigte Trail<\/li>\n<li>Unbefestigte Trail<\/li>\n<li>Stadt\/Land<\/li>\n<li>Grunds\u00e4tze im Umgang<\/li>\n<li>Pers\u00f6nliche Schutzausr\u00fcstung PSA<\/li>\n<li>Eigensicherung<\/li>\n<li>Erste Hilfe Hund<\/li>\n<li>Pr\u00fcfungen<\/li>\n<li>Ausbildung PSH<\/li>\n<li>Zertifizierung<\/li>\n<\/ul>\n","protected":false},"excerpt":{"rendered":"<h2>Ausbildung zum Personensp\u00fcrhund-Team (Mantrailer) national und international<\/h2>\n<p>Auf Grund der\u00a0stetigen Nachfrage an seri\u00f6sen Ausbildungseinrichtungen f\u00fcr Personensp\u00fcrhunde (Vermisstensuchhunde\/Individualgeruch) im Sektor Hilfsorganisation und Beh\u00f6rde, hat es sich die Sp\u00fcrhundeschule \u201eGermany&#8220; zur Aufgabe gemacht, ihr kynologisches Wissen, Einsatzstandards und Taktiken\u00a0in Vollzeitausbildungen weiter zugeben.<\/p>\n","protected":false},"featured_media":326378,"template":"","meta":{"_price":"11900","_stock":"","_tribe_ticket_header":"","_tribe_default_ticket_provider":"","_ticket_start_date":"","_ticket_end_date":"","_tribe_ticket_show_description":"","_tribe_ticket_show_not_going":false,"_tribe_ticket_use_global_stock":"","_tribe_ticket_global_stock_level":"","_global_stock_mode":"","_global_stock_cap":"","_tribe_rsvp_for_event":"","_tribe_ticket_going_count":"","_tribe_ticket_not_going_count":"","_tribe_tickets_list":"[]","_tribe_ticket_has_attendee_info_fields":false},"product_brand":[],"product_cat":[534],"product_tag":[747,634,751,662,657,545,633,752,655,754,753,607,558,749,555,658,656],"class_list":{"0":"post-1859","1":"product","2":"type-product","3":"status-publish","4":"has-post-thumbnail","6":"product_cat-vollzeitausbildung-zum-spuerhund","7":"product_tag-ausbildung-mit-klicker","8":"product_tag-diensthundeausbildung","9":"product_tag-hunde","10":"product_tag-hundefuehrer","11":"product_tag-mantrailer","12":"product_tag-polizei","13":"product_tag-polizeihund","14":"product_tag-rescue-dog","15":"product_tag-rettungshunde","16":"product_tag-sar","17":"product_tag-serach-recscue","18":"product_tag-spuerhund","19":"product_tag-spuerhunde","20":"product_tag-spuerhundeausbildung-mit-klicker","21":"product_tag-suchhunde","22":"product_tag-vermisste-personen","23":"product_tag-vermisstenspuerhunde","25":"first","26":"instock","27":"virtual","28":"taxable","29":"purchasable","30":"product-type-simple"},"_links":{"self":[{"href":"https:\/\/spuerhundeschule.de\/de\/wp-json\/wp\/v2\/product\/1859","targetHints":{"allow":["GET"]}}],"collection":[{"href":"https:\/\/spuerhundeschule.de\/de\/wp-json\/wp\/v2\/product"}],"about":[{"href":"https:\/\/spuerhundeschule.de\/de\/wp-json\/wp\/v2\/types\/product"}],"wp:featuredmedia":[{"embeddable":true,"href":"https:\/\/spuerhundeschule.de\/de\/wp-json\/wp\/v2\/media\/326378"}],"wp:attachment":[{"href":"https:\/\/spuerhundeschule.de\/de\/wp-json\/wp\/v2\/media?parent=1859"}],"wp:term":[{"taxonomy":"product_brand","embeddable":true,"href":"https:\/\/spuerhundeschule.de\/de\/wp-json\/wp\/v2\/product_brand?post=1859"},{"taxonomy":"product_cat","embeddable":true,"href":"https:\/\/spuerhundeschule.de\/de\/wp-json\/wp\/v2\/product_cat?post=1859"},{"taxonomy":"product_tag","embeddable":true,"href":"https:\/\/spuerhundeschule.de\/de\/wp-json\/wp\/v2\/product_tag?post=1859"}],"curies":[{"name":"wp","href":"https:\/\/api.w.org\/{rel}","templated":true}]}}