{"id":1839,"date":"2015-03-30T15:25:12","date_gmt":"2015-03-30T15:25:12","guid":{"rendered":"http:\/\/spuerhundeschule.de\/de\/produkt\/zertifizierte-ausbildung-zum-handyspuerhund-team\/"},"modified":"2025-02-24T09:23:00","modified_gmt":"2025-02-24T08:23:00","slug":"ausbildung-zum-handyspuerhund-team","status":"publish","type":"product","link":"https:\/\/spuerhundeschule.de\/de\/produkt\/ausbildung-zum-handyspuerhund-team\/","title":{"rendered":"Ausbildung zum Handy-Sp\u00fcrhund-Team"},"content":{"rendered":"<h2>Zertifizierte Ausbildung zum Handy-Sp\u00fcrhund-Team national und international<\/h2>\n<p>Auf Grund von h\u00e4ufigen Nachfrage an seri\u00f6sen Ausbildungseinrichtungen f\u00fcr <a href=\"http:\/\/spuerhundeschule.de\/Spuerhund-Art-und-Typen\/handyspuerhunde.html\" target=\"_blank\" rel=\"noopener noreferrer\">Handysp\u00fcrhunde im Sektor Privatwirtschaft und Beh\u00f6rde,<\/a> hat es sich die Sp\u00fcrhundeschule \u201eGermany&#8220; zur Aufgabe gemacht, ihr kynologisches Wissen, Einsatzstandards und Taktiken\u00a0in Vollzeitausbildungen weiter zugeben.<\/p>\n<p><strong><em>Grundvoraussetzungen der Ausbildung:<\/em><\/strong> Sehr guter Spiel- und Beutetrieb, keine gesundheitlichen Einschr\u00e4nkungen, gutes Sozialverhalten, Grundvoraussetzungen der Motorik, Haftpflichtversicherung, <strong>Mindestalter der Hunde 12 Monate!<\/strong><\/p>\n<p><strong><em>Dauer der Schulung:<\/em> <\/strong>Die Ausbildung findet an der Detection Dog School Germany statt und nimmt ca. 14-16 Wochen in Anspruch. Nach 5 Wochen wird das Training f\u00fcr 7 Tage unterbrochen.<\/p>\n<p><strong><em>Ablaufplan: <\/em><\/strong>Die Ausbildung erfolgt jeweils von Montag bis Freitag im Schulungzentrum der Detection Dog School Germany in Vollzeit. Selbstverst\u00e4ndlich gestalten wir f\u00fcr Sie die Schulung auch individuell im Blockunterricht, dazu senden Sie uns Ihre Vorschl\u00e4ge bitte in folgendem Link:<\/p>\n<p><strong><a href=\"http:\/\/spuerhundeschule.de\/component\/option,com_chronoforms\/Itemid,100156\/view,form\/\" target=\"_blank\" rel=\"noopener noreferrer\"><img loading=\"lazy\" decoding=\"async\" class=\"alignnone wp-image-1763\" src=\"http:\/\/spuerhundeschule.de\/de\/wp-content\/uploads\/2015\/01\/Blockausbildung.jpg\" alt=\"Blockausbildung\" width=\"162\" height=\"57\" srcset=\"https:\/\/spuerhundeschule.de\/de\/wp-content\/uploads\/2015\/01\/Blockausbildung.jpg 191w, https:\/\/spuerhundeschule.de\/de\/wp-content\/uploads\/2015\/01\/Blockausbildung-100x35.jpg 100w, https:\/\/spuerhundeschule.de\/de\/wp-content\/uploads\/2015\/01\/Blockausbildung-50x18.jpg 50w\" sizes=\"auto, (max-width: 162px) 100vw, 162px\" \/><\/a><\/strong><\/p>\n<p><strong><em>Abschluss und Pr\u00fcfung:<\/em><\/strong> Eine Woche vor Abschluss des Lehrgangs, finde die Zertifizierung statt.<\/p>\n<p><strong><em>Ausr\u00fcstung:<\/em><\/strong> 2 F\u00fchrerleinen, Maulkorb, 2 Halsb\u00e4nder f\u00fcr den Hund, Wassersch\u00fcssel, Hundefutter, Erste Hilfe Packet, Impfausweis mit aktueller Tollwutimpfung, Kopie Haftpflichtversicherung, Hundetransportbox und\u00a0Schreibutensilien f\u00fcr Notizen.<\/p>\n<p><strong><em>Tierarzt: <\/em><\/strong>F\u00fcr Notf\u00e4lle w\u00e4hrend der Ausbildung, steht f\u00fcr Ihre Vierbeiner eine Tierklinik unweit vom Hotel zur Verf\u00fcgung.<\/p>\n<p><strong>Eine Anmeldung ist solange m\u00f6glich bis dieses Produkt im Shop ausverkauft oder nicht mehr sichtbar ist.<\/strong><\/p>\n<p>Handys sind schwerer zu erschn\u00fcffeln als Drogen, aber sehr gut ausgebildete Hunde k\u00f6nnen Handys und Sim-Karten sogar finden, wenn sie in einem Elektronischen Ger\u00e4t versteckt wurden. Die Konditionierung auf Mobilfunkgeruch fordert der feinen Hundenase enorm viel ab! Nach wie vor ist noch unklar wie die Hunde Handys von anderen Ger\u00e4ten wie zum Beispiel Konsolen, Radios, Recorder und CD\/DVD Player unterscheiden. Fest steht, dass mehrere Test in verschiedenen Bereichen sowie eine bunte Palette von Handys oder Smartphones, von Hunde in den genannten Techniken gefunden wurden. Selbst ein Test, ein Handy zu verstecken im Innengeh\u00e4use einer Waschmaschine, konnte unsere Hunde nicht aufhalten dieses mit Bravour zu erschn\u00fcffeln. Die Ausbilder der Detection Dog School Germany gehen davon aus, dass es die besondere Mischung aus Plastikgeh\u00e4use und Lithium Akku bzw. die im Plastik enthaltenen Weichmacher sind, diese den besonderen Geruch abgeben. Nur wenige Hersteller auf der Welt benutzen diese sogenannten Weichmacher in der Fertigung. Unser Aufgabenbereich erstreckt sich dabei \u00fcber die Suche in Gef\u00e4ngniszellen, R\u00e4umlichkeiten aller Art, im Freigel\u00e4nde, an und in Fahrzeugen sowie am Menschen. <a href=\"http:\/\/spuerhundeschule.de\/de\/produkt\/handyspuerhund-individueller-einsatz-eines-handyspuerhunde-team\/\" target=\"_blank\" rel=\"noopener noreferrer\">Ben\u00f6tigen Sie Handysp\u00fcrhunde-Team<\/a> f\u00fcr einen Einsatz oder wollen Hunde bei uns ausbilden lassen? So senden Sie uns bitte Ihre Anfrage per E-Mail oder rufen direkt bei uns im B\u00fcro an.<\/p>\n<h2>Inhalte nach hohen internationalen Qualit\u00e4t Standards mit folgenden Schwerpunkten:<\/h2>\n<ul>\n<li>Kynologie<\/li>\n<li>Anatomie<\/li>\n<li>Geruchskunde<\/li>\n<li>Konditionierung<\/li>\n<li>Einsatzlehre<\/li>\n<li>Grunds\u00e4tze im Umgang<\/li>\n<li>Recht<\/li>\n<li>Eigensicherung<\/li>\n<li>Erste Hilfe Hund<\/li>\n<li>Pr\u00fcfungen<\/li>\n<li>Ausbildung HSH<\/li>\n<li>Zertifizierung<\/li>\n<\/ul>\n","protected":false},"excerpt":{"rendered":"<h2>Ausbildung zum Handy-Sp\u00fcrhund-Team national und international<\/h2>\n<p>Auf Grund von h\u00e4ufigen Nachfrage an seri\u00f6sen Ausbildungseinrichtungen f\u00fcr <a href=\"http:\/\/spuerhundeschule.de\/Spuerhund-Art-und-Typen\/handyspuerhunde.html\" target=\"_blank\" rel=\"noopener noreferrer\">Handysp\u00fcrhunde im Sektor Privatwirtschaft und Beh\u00f6rde,<\/a> hat es sich die Sp\u00fcrhundeschule \u201eGermany&#8220; zur Aufgabe gemacht, ihr kynologisches Wissen, Einsatzstandards und Taktiken\u00a0in Vollzeitausbildungen weiter zugeben.<\/p>\n","protected":false},"featured_media":326373,"template":"","meta":{"_price":"9200","_stock":"","_tribe_ticket_header":"","_tribe_default_ticket_provider":"","_ticket_start_date":"","_ticket_end_date":"","_tribe_ticket_show_description":"","_tribe_ticket_show_not_going":false,"_tribe_ticket_use_global_stock":"","_tribe_ticket_global_stock_level":"","_global_stock_mode":"","_global_stock_cap":"","_tribe_rsvp_for_event":"","_tribe_ticket_going_count":"","_tribe_ticket_not_going_count":"","_tribe_tickets_list":"[]","_tribe_ticket_has_attendee_info_fields":false},"product_brand":[],"product_cat":[534],"product_tag":[747,812,788,547,913,908,916,790,912,914,915,911,910,545,633,607,909,558,749,555],"class_list":{"0":"post-1839","1":"product","2":"type-product","3":"status-publish","4":"has-post-thumbnail","6":"product_cat-vollzeitausbildung-zum-spuerhund","7":"product_tag-ausbildung-mit-klicker","8":"product_tag-datentraeger-spuerhund","9":"product_tag-datentraegerspuerhund","10":"product_tag-diensthundefuehrer","11":"product_tag-gefaengnis","12":"product_tag-handys-aufspuehren","13":"product_tag-handys-in-der-jva","14":"product_tag-handyspuerhund","15":"product_tag-justiz","16":"product_tag-justizvollzugsanstalten","17":"product_tag-jva","18":"product_tag-knast","19":"product_tag-mobiltelefonspuerhund","20":"product_tag-polizei","21":"product_tag-polizeihund","22":"product_tag-spuerhund","23":"product_tag-spuerhund-fuer-handys","24":"product_tag-spuerhunde","25":"product_tag-spuerhundeausbildung-mit-klicker","26":"product_tag-suchhunde","28":"first","29":"instock","30":"virtual","31":"taxable","32":"purchasable","33":"product-type-simple"},"_links":{"self":[{"href":"https:\/\/spuerhundeschule.de\/de\/wp-json\/wp\/v2\/product\/1839","targetHints":{"allow":["GET"]}}],"collection":[{"href":"https:\/\/spuerhundeschule.de\/de\/wp-json\/wp\/v2\/product"}],"about":[{"href":"https:\/\/spuerhundeschule.de\/de\/wp-json\/wp\/v2\/types\/product"}],"wp:featuredmedia":[{"embeddable":true,"href":"https:\/\/spuerhundeschule.de\/de\/wp-json\/wp\/v2\/media\/326373"}],"wp:attachment":[{"href":"https:\/\/spuerhundeschule.de\/de\/wp-json\/wp\/v2\/media?parent=1839"}],"wp:term":[{"taxonomy":"product_brand","embeddable":true,"href":"https:\/\/spuerhundeschule.de\/de\/wp-json\/wp\/v2\/product_brand?post=1839"},{"taxonomy":"product_cat","embeddable":true,"href":"https:\/\/spuerhundeschule.de\/de\/wp-json\/wp\/v2\/product_cat?post=1839"},{"taxonomy":"product_tag","embeddable":true,"href":"https:\/\/spuerhundeschule.de\/de\/wp-json\/wp\/v2\/product_tag?post=1839"}],"curies":[{"name":"wp","href":"https:\/\/api.w.org\/{rel}","templated":true}]}}