{"id":1833,"date":"2015-03-27T10:48:58","date_gmt":"2015-03-27T10:48:58","guid":{"rendered":"http:\/\/spuerhundeschule.de\/de\/produkt\/zertifizierte-ausbildung-zum-aanapolphora-spuerhund-team\/"},"modified":"2025-02-24T09:33:25","modified_gmt":"2025-02-24T08:33:25","slug":"ausbildung-zum-aanapolphora-spuerhund-team","status":"publish","type":"product","link":"https:\/\/spuerhundeschule.de\/de\/produkt\/ausbildung-zum-aanapolphora-spuerhund-team\/","title":{"rendered":"Ausbildung zum Anoplophora-Sp\u00fcrhund-Team"},"content":{"rendered":"<h2>Zertifizierte Ausbildung zum&nbsp;Anoplophora-Sp\u00fcrhund-Team national und international<\/h2>\n<p>Offizieller Ausbildungsbetrieb, gelistet im Bundesanzeiger.<\/p>\n<p><img loading=\"lazy\" decoding=\"async\" class=\"alignnone wp-image-2415\" src=\"https:\/\/spuerhundeschule.de\/de\/wp-content\/uploads\/2017\/12\/Bundesanzeiger-300x64.jpg\" alt=\"\" width=\"366\" height=\"78\" srcset=\"https:\/\/spuerhundeschule.de\/de\/wp-content\/uploads\/2017\/12\/Bundesanzeiger-300x64.jpg 300w, https:\/\/spuerhundeschule.de\/de\/wp-content\/uploads\/2017\/12\/Bundesanzeiger-768x163.jpg 768w, https:\/\/spuerhundeschule.de\/de\/wp-content\/uploads\/2017\/12\/Bundesanzeiger-1024x217.jpg 1024w, https:\/\/spuerhundeschule.de\/de\/wp-content\/uploads\/2017\/12\/Bundesanzeiger-200x42.jpg 200w\" sizes=\"auto, (max-width: 366px) 100vw, 366px\" \/><\/p>\n<p><strong><span style=\"color: #ff0000;\">Konditionierung ausschlie\u00dflich an lebenden Material, keine Sp\u00e4ne oder Holz zur Grundkonditionierung!<\/span><\/strong><\/p>\n<p>Auf Grund der&nbsp;stetigen Nachfrage an seri\u00f6sen Ausbildungseinrichtungen f\u00fcr&nbsp;<a href=\"http:\/\/spuerhundeschule.de\/\" target=\"_blank\" rel=\"noopener noreferrer\"><span style=\"font-size: 14pt; line-height: 115%; font-family: 'Calibri','sans-serif';\">a<\/span><span style=\"font-size: 14pt; line-height: 115%; font-family: 'Calibri','sans-serif';\">siatische Laubholzbockk\u00e4fer Anoplophora (ALB) <\/span><\/a><span style=\"font-size: 14pt; line-height: 115%; font-family: 'Calibri','sans-serif';\">Citrusbockk\u00e4fer (CLB) Anoplophora chinensis<\/span> im Sektor Pflanzenschutzbeh\u00f6rden und Umweltinstitutionen, hat es sich die Sp\u00fcrhundeschule Germany zur Aufgabe gemacht, ihr kynologisches Wissen, Einsatzstandards und Taktiken&nbsp;in Vollzeitausbildungen weiter zugeben.<\/p>\n<p><strong><em>Grundvoraussetzungen der Ausbildung:<\/em><\/strong> Sehr guter Spiel- und Beutetrieb, keine gesundheitlichen Einschr\u00e4nkungen, gutes Sozialverhalten, Grundvoraussetzungen der Motorik, Haftpflichtversicherung, <strong>Mindestalter der Hunde 11 Monate!<\/strong><\/p>\n<p><strong><em>Dauer der Schulung:<\/em> <\/strong>Die Ausbildung findet an der Detection Dog School Germany statt und nimmt ca. 10-12 Wochen in Anspruch. Nach 5 Wochen wird das Training f\u00fcr 7 Tage unterbrochen.<\/p>\n<p><strong><em>Ablaufplan: <\/em><\/strong>Die Ausbildung erfolgt jeweils von Montag bis Freitag im Schulungzentrum der Detection Dog School Germany in Vollzeit. Selbstverst\u00e4ndlich gestalten wir f\u00fcr Sie die Schulung auch individuell im Blockunterricht, dazu senden Sie uns Ihre Vorschl\u00e4ge bitte in folgendem Link:<\/p>\n<p><a class=\"fasc-button fasc-size-xlarge fasc-type-popout fasc-rounded-medium fasc-ico-after dashicons-arrow-right\" style=\"background-color: #33809e; color: #ffffff;\" href=\"https:\/\/spuerhundeschule.de\/anfrage-sicherheitsdienstleistungen\">Fragen zur Ausbildung<\/a><\/p>\n<p><strong><em>Abschluss und Pr\u00fcfung:<\/em><\/strong> Eine Woche vor Abschluss des Lehrgangs, finde die Zertifizierung statt.<\/p>\n<p><strong><em>Ausr\u00fcstung:<\/em><\/strong> 2 F\u00fchrerleinen, Maulkorb, Kenndecke, 2 Halsb\u00e4nder f\u00fcr den Hund, Wassersch\u00fcssel, Hundefutter, Erste Hilfe Packet, Impfausweis mit aktueller Tollwutimpfung, Kopie Haftpflichtversicherung, Hundetransportbox und&nbsp;Schreibutensilien f\u00fcr Notizen.<\/p>\n<p><strong><em>Tierarzt: <\/em><\/strong>F\u00fcr Notf\u00e4lle w\u00e4hrend der Ausbildung, steht f\u00fcr Ihre Vierbeiner eine Tierklinik unweit vom Hotel zur Verf\u00fcgung.<\/p>\n<p><strong>Eine Anmeldung ist solange m\u00f6glich bis dieses Produkt im Shop ausverkauft oder nicht mehr sichtbar ist.<\/strong><\/p>\n<p><span style=\"line-height: 115%; color: #333333; font-size: 12pt;\">Der asiatische Laubholzbockk\u00e4fer Anoplophora (ALB) und der Citrusbockk\u00e4fer (CLB) Anoplophora chinensis gelten in Europa als Quarant\u00e4nesch\u00e4dlinge und stellen f\u00fcr den europ\u00e4ischen Pflanzenschutz ein gro\u00dfes Problem dar. <span style=\"line-height: 115%;\">Zu Bek\u00e4mpfungserfolgen setzt die Detection Dog School Germany auch Sp\u00fcrhunde ein um diese Sch\u00e4dlinge in Verpackungsholz sogenannter Importwaren zu erkennen oder auf befallenen B\u00e4umen beispielsweise in Befallsgebieten aufzusp\u00fcren. <\/span>Seminare und Workshops k\u00f6nnen Sie in unserem <span style=\"color: #333333;\">Shop<\/span> ganz bequem online buchen. Die M\u00f6glichkeit f\u00fcr eine <span style=\"color: #333333;\">Vollzeitausbildung<\/span> mit Zertifikat als <a href=\"http:\/\/spuerhundeschule.de\/de\/produkt\/alb-anopolphoraspuerhund-basis-einsatz-eines-alb-anopolphoraspuerhunde-team\/\" target=\"_blank\" rel=\"noopener noreferrer\">ALB Sp\u00fcrhunde-Team<\/a>, k\u00f6nnen Sie ebenfalls in der Detection Dog School absolvieren. <span style=\"line-height: 115%;\">Vorteile eines ALB, CLB Sp\u00fcrhundes ist zum Beispiel die Suche an lebenden B\u00e4umen.&nbsp;Das hei\u00dft, Monitoring finde in den betroffenen Gebieten mittels Hund an stehenden B\u00e4umen statt. Kosteneinsparung, durch wenige visuelle Kontrollen von Baumsteigern. Allerdings ist ein Verzicht auf Baumsteiger nicht m\u00f6glich und auch nicht gewollt. Sp\u00fcrhunde und Baumsteiger arbeiten eng miteinander zusammen.<\/span><\/span><span style=\"line-height: 115%; color: #333333; font-size: 12pt;\"> Die Wahrnehmung der Ger\u00fcche eines Sp\u00fcrhundes ist von dem Entwicklungsstadium des Sch\u00e4dlings unabh\u00e4ngig. Eine verl\u00e4ssliche Anzeige aller Stadien ist daher sehr sicher m\u00f6glich. Geruchswahrnehmung durch Anoplophora-Sp\u00fcrhunde nach&nbsp; ALB\/CLB Geruch, ist auch dort noch m\u00f6glich wo eine visuelle Feststellung von Sch\u00e4dlingen nicht m\u00f6glich ist.<\/span><\/p>\n<p><span style=\"font-size: 12pt; color: #333333;\">&nbsp;<\/span><\/p>\n<h2>Inhalte nach hohen internationalen Qualit\u00e4t Standards mit folgenden Schwerpunkten:<\/h2>\n<ul>\n<li>Kynologie<\/li>\n<li>Effektivit\u00e4t<\/li>\n<li>Baumkunde<\/li>\n<li>K\u00e4ferkunde<\/li>\n<li>Einsatzlehre<\/li>\n<li>Grunds\u00e4tze im Umgang<\/li>\n<li>Pers\u00f6nliche Schutzausr\u00fcstung Wald (PSAw)<\/li>\n<li>Eigensicherung<\/li>\n<li>Erste Hilfe Hund<\/li>\n<li>Pr\u00fcfungen<\/li>\n<li>Ausbildung ALB SH<\/li>\n<li>Zertifizierung<\/li>\n<\/ul>\n","protected":false},"excerpt":{"rendered":"<h2>Zertifizierte Ausbildung zum\u00a0Anopolphora-Sp\u00fcrhund-Team national und international<\/h2>\n<p>Auf Grund der\u00a0stetigen Nachfrage an seri\u00f6sen Ausbildungseinrichtungen f\u00fcr\u00a0<a href=\"http:\/\/spuerhundeschule.de\/\" target=\"_blank\" rel=\"noopener noreferrer\"><span style=\"font-size: 14pt; line-height: 115%; font-family: 'Calibri','sans-serif';\">a<\/span><span style=\"font-size: 14pt; line-height: 115%; font-family: 'Calibri','sans-serif';\">siatische Laubholzbockk\u00e4fer Anoplophora (ALB) <\/span><\/a><span style=\"font-size: 14pt; line-height: 115%; font-family: 'Calibri','sans-serif';\">Citrusbockk\u00e4fer (CLB) Anoplophora chinensis<\/span> im Sektor Pflanzenschutzbeh\u00f6rden und Umweltinstitutionen, hat es sich die Sp\u00fcrhundeschule Germany zur Aufgabe gemacht, ihr kynologisches Wissen, Einsatzstandards und Taktiken\u00a0in Vollzeitausbildungen weiter zugeben.<\/p>\n","protected":false},"featured_media":326380,"template":"","meta":{"_price":"9900","_stock":"","_tribe_ticket_header":"","_tribe_default_ticket_provider":"","_ticket_start_date":"","_ticket_end_date":"","_tribe_ticket_show_description":"","_tribe_ticket_show_not_going":false,"_tribe_ticket_use_global_stock":"","_tribe_ticket_global_stock_level":"","_global_stock_mode":"","_global_stock_cap":"","_tribe_rsvp_for_event":"","_tribe_ticket_going_count":"","_tribe_ticket_not_going_count":"","_tribe_tickets_list":"[]","_tribe_ticket_has_attendee_info_fields":false},"product_brand":[],"product_cat":[534],"product_tag":[],"class_list":{"0":"post-1833","1":"product","2":"type-product","3":"status-publish","4":"has-post-thumbnail","6":"product_cat-vollzeitausbildung-zum-spuerhund","8":"first","9":"instock","10":"virtual","11":"taxable","12":"purchasable","13":"product-type-simple"},"_links":{"self":[{"href":"https:\/\/spuerhundeschule.de\/de\/wp-json\/wp\/v2\/product\/1833","targetHints":{"allow":["GET"]}}],"collection":[{"href":"https:\/\/spuerhundeschule.de\/de\/wp-json\/wp\/v2\/product"}],"about":[{"href":"https:\/\/spuerhundeschule.de\/de\/wp-json\/wp\/v2\/types\/product"}],"wp:featuredmedia":[{"embeddable":true,"href":"https:\/\/spuerhundeschule.de\/de\/wp-json\/wp\/v2\/media\/326380"}],"wp:attachment":[{"href":"https:\/\/spuerhundeschule.de\/de\/wp-json\/wp\/v2\/media?parent=1833"}],"wp:term":[{"taxonomy":"product_brand","embeddable":true,"href":"https:\/\/spuerhundeschule.de\/de\/wp-json\/wp\/v2\/product_brand?post=1833"},{"taxonomy":"product_cat","embeddable":true,"href":"https:\/\/spuerhundeschule.de\/de\/wp-json\/wp\/v2\/product_cat?post=1833"},{"taxonomy":"product_tag","embeddable":true,"href":"https:\/\/spuerhundeschule.de\/de\/wp-json\/wp\/v2\/product_tag?post=1833"}],"curies":[{"name":"wp","href":"https:\/\/api.w.org\/{rel}","templated":true}]}}