{"id":1831,"date":"2015-03-27T10:33:50","date_gmt":"2015-03-27T10:33:50","guid":{"rendered":"http:\/\/spuerhundeschule.de\/de\/produkt\/zertifizierte-ausbildung-zum-brandmittelspuerhunde-team\/"},"modified":"2025-02-24T09:24:57","modified_gmt":"2025-02-24T08:24:57","slug":"ausbildung-zum-brandmittelspuerhunde-team","status":"publish","type":"product","link":"https:\/\/spuerhundeschule.de\/de\/produkt\/ausbildung-zum-brandmittelspuerhunde-team\/","title":{"rendered":"Ausbildung zum Brandmittel-Sp\u00fcrhund-Team"},"content":{"rendered":"<h2>Zertifizierte Ausbildung zum Brandmittelsp\u00fcrhund-Team national und international<\/h2>\n<p>Auf Grund der\u00a0stetigen Nachfrage an seri\u00f6sen Ausbildungseinrichtungen f\u00fcr <a href=\"http:\/\/spuerhundeschule.de\/Spuerhund-Art-und-Typen\/k9-hundeschule.html\" target=\"_blank\" rel=\"noopener noreferrer\">Brandmittelsp\u00fcrhunde<\/a> im Versicherungs- und Ermittlungssektor, hat es sich die <a href=\"http:\/\/spuerhundeschule.de\/unternehmensprofil-detection-dog-school-germany.html\" target=\"_blank\" rel=\"noopener noreferrer\">K-9 Detection Dog School Germany<\/a> zur Aufgabe gemacht, ihr kynologisches Wissen, Einsatzstandards und Taktiken\u00a0in Vollzeitausbildungen weiter zugeben.<\/p>\n<p><strong><em>Grundvoraussetzungen der Ausbildung:<\/em><\/strong> Sehr guter Spiel- und Beutetrieb, keine gesundheitlichen Einschr\u00e4nkungen, gutes Sozialverhalten, Grundvoraussetzungen der Motorik, Haftpflichtversicherung, <strong>Mindestalter der Hunde 12 Monate!<\/strong><\/p>\n<p><strong><em>Dauer der Schulung:<\/em> <\/strong>Die Ausbildung findet an der Detection Dog School Germany statt und nimmt ca. 9-12 Wochen in Anspruch. Nach 4 Wochen wird das Training f\u00fcr 7 Tage unterbrochen.<\/p>\n<p><strong><em>Ablaufplan: <\/em><\/strong>Die Ausbildung erfolgt jeweils von Montag bis Freitag im Schulungzentrum der Detection Dog School Germany in Vollzeit. Selbstverst\u00e4ndlich gestalten wir f\u00fcr Sie die Schulung auch individuell im Blockunterricht, dazu senden Sie uns Ihre Vorschl\u00e4ge bitte in folgendem Link:<\/p>\n<p><strong><a href=\"http:\/\/spuerhundeschule.de\/component\/option,com_chronoforms\/Itemid,100156\/view,form\/\" target=\"_blank\" rel=\"noopener noreferrer\"><img loading=\"lazy\" decoding=\"async\" class=\"alignnone wp-image-1763\" src=\"http:\/\/spuerhundeschule.de\/de\/wp-content\/uploads\/2015\/01\/Blockausbildung.jpg\" alt=\"Blockausbildung\" width=\"162\" height=\"57\" srcset=\"https:\/\/spuerhundeschule.de\/de\/wp-content\/uploads\/2015\/01\/Blockausbildung.jpg 191w, https:\/\/spuerhundeschule.de\/de\/wp-content\/uploads\/2015\/01\/Blockausbildung-100x35.jpg 100w, https:\/\/spuerhundeschule.de\/de\/wp-content\/uploads\/2015\/01\/Blockausbildung-50x18.jpg 50w\" sizes=\"auto, (max-width: 162px) 100vw, 162px\" \/><\/a><\/strong><\/p>\n<p><strong><em>Abschluss und Pr\u00fcfung:<\/em><\/strong> Eine Woche vor Abschluss des Lehrgangs, finde die beh\u00f6rdliche Zertifizierung statt. Nach dieser, bekommt der Teilnehmer ein Ausbildungszertifikat.<\/p>\n<p><strong><em>Ausr\u00fcstung:<\/em><\/strong> 2 F\u00fchrerleinen, Maulkorb, 2 Halsb\u00e4nder f\u00fcr den Hund, Wassersch\u00fcssel, Hundefutter, Erste Hilfe Packet, Impfausweis mit aktueller Tollwutimpfung, Kopie Haftpflichtversicherung, Hundetransportbox und\u00a0Schreibutensilien f\u00fcr Notizen.<\/p>\n<p><strong><em>Tierarzt: <\/em><\/strong>F\u00fcr Notf\u00e4lle w\u00e4hrend der Ausbildung, steht f\u00fcr Ihre Vierbeiner eine Tierklinik unweit vom Hotel zur Verf\u00fcgung.<\/p>\n<p><strong>Eine Anmeldung ist solange m\u00f6glich bis dieses Produkt im Shop ausverkauft oder nicht mehr sichtbar ist.<\/strong><\/p>\n<div class=\"elementStandard\">\n<div class=\"text\">\n<p>Brandstifter verwenden oft Brandbeschleuniger. In der Regel wird der Nachweis eines Brandbeschleunigers in einem Labor durch eine gaschromatische Untersuchung gef\u00fchrt. Dazu sind geringe Restmengen von Brandbeschleunigern notwendig, die der Brandermittler im Brandschutt sicherstellt.<\/p>\n<p>Aus diesen Gr\u00fcnden wurden in den USA in den 80er Jahren erstmals Hunde ausgebildet, die Reststoffe von Brandbeschleunigern aufsp\u00fcren k\u00f6nnen. In Europa sind die ersten Hunde im Jahre 1997 in Deutschland mit grossem Erfolg ausgebildet und eingesetzt worden.<\/p>\n<p>Brandmittelsp\u00fcrhunde sind speziell darauf trainiert, an erkalteten Brandorten Restmengen brennbarer Fl\u00fcssigkeiten aufzusp\u00fcren und passiv anzuzeigen. Sie sind auf Grund ihres hochempfindlichen Geruchsinns in der Lage, noch nach Tagen, stark abgedampfte oder auch kleinste Restmengen brennbarer Fl\u00fcssigkeiten im Brandschutt zu erkennen. Der ausgebildete Hund ist jeder Technik weit \u00fcberlegen!<\/p>\n<p>Brandmittelsp\u00fcrhunde k\u00f6nnen bei allen Arten der Brandermittlung eingesetzt werden. Vom Klein- bis zum Gro\u00dfbrand (Fl\u00e4chen- oder Waldbr\u00e4nde, bei Br\u00e4nden von landwirtschaftlichen Anwesen, Wohnungs-, Fabrik-, Lager-, Ausstellungshallen etc.). Sie unterst\u00fctzen die Arbeit der Ermittler, da sie einen Brandort besonders schnell und effektiv absuchen k\u00f6nnen. Mit technischen Hilfsmitteln k\u00f6nnen Brandermittler nur punktuell und in einem sehr zeitaufw\u00e4ndigen Arbeitsprozess nach Brandbeschleunigern suchen. Aufgrund ihrer hohen Mobilit\u00e4t und ihres ausgezeichneten Sp\u00fcrsinns in Verbindung mit weiteren kognitiven F\u00e4higkeiten sind sie besonders geeignet, Ausdunstungen brennbarer Fl\u00fcssigkeiten, wie z. B. Kraftstoff an Brandorten aufzusp\u00fcren. Die Existenz der jeweiligen Geruchsquelle wird durch ein definiertes Verhalten angezeigt. <a href=\"http:\/\/spuerhundeschule.de\/unternehmensprofil-detection-dog-school-germany.html\" target=\"_blank\" rel=\"noopener noreferrer\">K-9 Detection Dog School Germany<\/a>\u00a0 setzt Brandmittelsp\u00fcrhunde f\u00fcr Versicherungen national und international ein. Auch die Vetragsausbildung f\u00fcr Institutionen und Beh\u00f6rden geh\u00f6rt zu unseren Aufgaben.<\/p>\n<\/div>\n<\/div>\n<h2>Inhalte nach hohen internationalen Qualit\u00e4t Standards mit folgenden Schwerpunkten:<\/h2>\n<ul>\n<li>Kynologie<\/li>\n<li>Brandbeschleuniger<\/li>\n<li>Recht\/VS<\/li>\n<li>Einsatzlehre<\/li>\n<li>Grunds\u00e4tze im Umgang<\/li>\n<li>Stoffkunde<\/li>\n<li>Eigensicherung<\/li>\n<li>Erste Hilfe Hund<\/li>\n<li>Pr\u00fcfungen<\/li>\n<li>Ausbildung BSH<\/li>\n<li>Zertifizierung Beh\u00f6rde<\/li>\n<\/ul>\n","protected":false},"excerpt":{"rendered":"<h2>Ausbildung zum Brandmittelsp\u00fcrhund-Team national und international<\/h2>\n<p>Auf Grund der\u00a0stetigen Nachfrage an seri\u00f6sen Ausbildungseinrichtungen f\u00fcr <a href=\"http:\/\/spuerhundeschule.de\/Spuerhund-Art-und-Typen\/k9-hundeschule.html\" target=\"_blank\" rel=\"noopener noreferrer\">Brandmittelsp\u00fcrhunde<\/a> im Versicherungs- und Ermittlungssektor, hat es sich die <a href=\"http:\/\/spuerhundeschule.de\/unternehmensprofil-detection-dog-school-germany.html\" target=\"_blank\" rel=\"noopener noreferrer\">K-9 Detection Dog School Germany<\/a> zur Aufgabe gemacht, ihr kynologisches Wissen, Einsatzstandards und Taktiken\u00a0in Vollzeitausbildungen weiter zugeben.<\/p>\n","protected":false},"featured_media":326375,"template":"","meta":{"_price":"9200","_stock":"","_tribe_ticket_header":"","_tribe_default_ticket_provider":"","_ticket_start_date":"","_ticket_end_date":"","_tribe_ticket_show_description":"","_tribe_ticket_show_not_going":false,"_tribe_ticket_use_global_stock":"","_tribe_ticket_global_stock_level":"","_global_stock_mode":"","_global_stock_cap":"","_tribe_rsvp_for_event":"","_tribe_ticket_going_count":"","_tribe_ticket_not_going_count":"","_tribe_tickets_list":"[]","_tribe_ticket_has_attendee_info_fields":false},"product_brand":[],"product_cat":[534],"product_tag":[747,720,729,723,722,907,725,634,662,545,633,607,558,749,555],"class_list":{"0":"post-1831","1":"product","2":"type-product","3":"status-publish","4":"has-post-thumbnail","6":"product_cat-vollzeitausbildung-zum-spuerhund","7":"product_tag-ausbildung-mit-klicker","8":"product_tag-brandbeschleuniger","9":"product_tag-brandherd","10":"product_tag-brandmittelhunde","11":"product_tag-brandmittelspuerhunde","12":"product_tag-brandmittelsuchhund","13":"product_tag-brandstiftung","14":"product_tag-diensthundeausbildung","15":"product_tag-hundefuehrer","16":"product_tag-polizei","17":"product_tag-polizeihund","18":"product_tag-spuerhund","19":"product_tag-spuerhunde","20":"product_tag-spuerhundeausbildung-mit-klicker","21":"product_tag-suchhunde","23":"first","24":"instock","25":"virtual","26":"taxable","27":"purchasable","28":"product-type-simple"},"_links":{"self":[{"href":"https:\/\/spuerhundeschule.de\/de\/wp-json\/wp\/v2\/product\/1831","targetHints":{"allow":["GET"]}}],"collection":[{"href":"https:\/\/spuerhundeschule.de\/de\/wp-json\/wp\/v2\/product"}],"about":[{"href":"https:\/\/spuerhundeschule.de\/de\/wp-json\/wp\/v2\/types\/product"}],"wp:featuredmedia":[{"embeddable":true,"href":"https:\/\/spuerhundeschule.de\/de\/wp-json\/wp\/v2\/media\/326375"}],"wp:attachment":[{"href":"https:\/\/spuerhundeschule.de\/de\/wp-json\/wp\/v2\/media?parent=1831"}],"wp:term":[{"taxonomy":"product_brand","embeddable":true,"href":"https:\/\/spuerhundeschule.de\/de\/wp-json\/wp\/v2\/product_brand?post=1831"},{"taxonomy":"product_cat","embeddable":true,"href":"https:\/\/spuerhundeschule.de\/de\/wp-json\/wp\/v2\/product_cat?post=1831"},{"taxonomy":"product_tag","embeddable":true,"href":"https:\/\/spuerhundeschule.de\/de\/wp-json\/wp\/v2\/product_tag?post=1831"}],"curies":[{"name":"wp","href":"https:\/\/api.w.org\/{rel}","templated":true}]}}