{"id":1767,"date":"2015-01-14T10:57:47","date_gmt":"2015-01-14T10:57:47","guid":{"rendered":"http:\/\/spuerhundeschule.de\/de\/produkt\/zertifizierte-ausbildung-zum-pyrospuerhund-team\/"},"modified":"2025-02-24T09:23:49","modified_gmt":"2025-02-24T08:23:49","slug":"ausbildung-zum-pyrospuerhund-team","status":"publish","type":"product","link":"https:\/\/spuerhundeschule.de\/de\/produkt\/ausbildung-zum-pyrospuerhund-team\/","title":{"rendered":"Ausbildung zum Pyro-Sp\u00fcrhund-Team"},"content":{"rendered":"<h2>Zertifizierte Ausbildung zum Pyrosp\u00fcrhund-Team national und international<\/h2>\n<p>Auf Grund der\u00a0stetigen Nachfrage an seri\u00f6sen Ausbildungseinrichtungen f\u00fcr <a href=\"http:\/\/spuerhundeschule.de\/Spuerhund-Art-und-Typen\/pyrotechnische-spuerhunde.html\" target=\"_blank\" rel=\"noopener noreferrer\">Pyrosp\u00fcrhhundef\u00fchrer<\/a> im\u00a0Security-Sektor, hat es sich die Sp\u00fcrhundeschule \u201eGermany&#8220; zur Aufgabe gemacht, ihr kynologisches Wissen, Einsatzstandards und Taktiken\u00a0in Vollzeitausbildungen weiter zugeben.<\/p>\n<p><strong><em>Grundvoraussetzungen der Ausbildung:<\/em><\/strong> Sehr guter Spiel- und Beutetrieb, keine gesundheitlichen Einschr\u00e4nkungen, gutes Sozialverhalten, Grundvoraussetzungen der Motorik, Haftpflichtversicherung, <strong>Mindestalter der Hunde 12 Monate!<\/strong><\/p>\n<p><strong><em>Dauer der Schulung:<\/em> <\/strong>Die Ausbildung findet an der K9 Detection Dog School Germany GmbH statt und nimmt ca. 7-10 Wochen in Anspruch. Nach 4 Wochen wird das Training f\u00fcr 7 Tage unterbrochen.<\/p>\n<p><strong><em>Ablaufplan: <\/em><\/strong>Die Ausbildung erfolgt jeweils von Montag bis Freitag im Schulungzentrum der Detection Dog School Germany in Vollzeit. Selbstverst\u00e4ndlich gestalten wir f\u00fcr Sie die Schulung auch individuell im Blockunterricht, dazu senden Sie uns Ihre Vorschl\u00e4ge bitte in folgendem Link:<\/p>\n<p><strong><a href=\"http:\/\/spuerhundeschule.de\/component\/option,com_chronoforms\/Itemid,100156\/view,form\/\" target=\"_blank\" rel=\"noopener noreferrer\"><img loading=\"lazy\" decoding=\"async\" class=\"alignnone wp-image-1763\" src=\"http:\/\/spuerhundeschule.de\/de\/wp-content\/uploads\/2015\/01\/Blockausbildung.jpg\" alt=\"Blockausbildung\" width=\"162\" height=\"57\" srcset=\"https:\/\/spuerhundeschule.de\/de\/wp-content\/uploads\/2015\/01\/Blockausbildung.jpg 191w, https:\/\/spuerhundeschule.de\/de\/wp-content\/uploads\/2015\/01\/Blockausbildung-100x35.jpg 100w, https:\/\/spuerhundeschule.de\/de\/wp-content\/uploads\/2015\/01\/Blockausbildung-50x18.jpg 50w\" sizes=\"auto, (max-width: 162px) 100vw, 162px\" \/><\/a><\/strong><\/p>\n<p><strong><em>Abschluss und Pr\u00fcfung:<\/em><\/strong> Eine Woche vor Abschluss des Lehrgangs, finde die Zertifizierung statt.<\/p>\n<p><strong><em>Ausr\u00fcstung:<\/em><\/strong> 2 F\u00fchrerleinen, Maulkorb, 2 Halsb\u00e4nder f\u00fcr den Hund, Wassersch\u00fcssel, Hundefutter, Erste Hilfe Packet, Impfausweis mit aktueller Tollwutimpfung, Kopie Haftpflichtversicherung, Hundetransportbox und\u00a0Schreibutensilien f\u00fcr Notizen.<\/p>\n<p><strong><em>Tierarzt: <\/em><\/strong>F\u00fcr Notf\u00e4lle w\u00e4hrend der Ausbildung, steht f\u00fcr Ihre Vierbeiner eine Tierklinik unweit vom Hotel zur Verf\u00fcgung.<\/p>\n<p><strong>Eine Anmeldung ist solange m\u00f6glich bis dieses Produkt im Shop ausverkauft oder nicht mehr sichtbar ist.<\/strong><\/p>\n<p>Auch im Bereich der Stadien Sicherheit kommen Sp\u00fcrhunde der <strong>K-9 Sp\u00fcrhundeschule<\/strong> zum Einsatz. Hierbei handelt es sich um das Absuchen von Personen nach Pyrotechnischen Materialien. Der Einsatz unserer Sprengstoffsp\u00fcrhundes-Teams zu diesem Zweck, hat sich in der Vergangenheit bewehrt und wurde als eine sehr gute Ma\u00dfnahme im Kampf gegen Abbrand von Pyrotechnik in Stadien angenommen. Zurzeit entwickelt die <strong>K9-Sp\u00fcrhundeschule<\/strong> ein neues System um noch genauer und effizienter Personenkontrollen in Stadien durchzuf\u00fchren. Sicherheitsfirmen und Vereine sind in der kommenden Spielzeit ma\u00dfgebend gefordert um Gewalt gegen\u00fcber anderen abzuwenden. Unterst\u00fctzung finden Sie bei den Partnern der inneren Sicherheit und damit auch bei K-9 Sp\u00fcrhundeschule. Wir bieten f\u00fcr Sie gezielte Weiterbildungen zum Auffinden von Pyrotechnik an. Unsere Bandbreite von Ausbildern und Teams unterst\u00fctzt Sie bei der Bew\u00e4ltigung von Einsatzlagen vor Ort und bietet Ihnen Sicherheitskonzepte zum Detektieren von Pyrotechnik. Wir bereiten Sicherheitsfachkr\u00e4fte, Ordnungspersonal und den von Ihnen vorgeschlagenen Handlungskreis an Personen zielgerichtet auf die Aufgaben vor und unterst\u00fctzen Sie auf Wunsch bei allen Gegenma\u00dfnahmen im Einsatz. Wir stehen Ihnen mit unseren Sp\u00fcrhunde-Teams bei Ihrer verantwortungsbewussten Aufgabe zur Seite. Taktische Fortbildung, j\u00e4hrliche \u00dcberpr\u00fcfung sowie Reaktion auf neue pyrotechnischen Materialien zeichnet unsere konsequent ausgebildeten Teams aus. Die Konditionierung der Sp\u00fcrhunde erfolgt auf der Grundlage neuester methodischer sowie kynologischer Erkenntnisse. Sp\u00fcrhunde von K-9 Sp\u00fcrhundeschule detektieren handels\u00fcbliche Pyrotechnik in mitgef\u00fchrten Gegenst\u00e4nden und im n\u00e4herem Umfeld von Personen. Sehr gro\u00dfes Augenmerk legt die K-9 Sp\u00fcrhundeschule in der Ausbildung auf die Grundsozialisierung gegen\u00fcber Menschen und Tieren. Das hei\u00dft; unsere Sp\u00fcrhunde m\u00fcssen ausgeglichen und in hohem Quantum resistent gegen Nervosit\u00e4t sein. Erfahrung liegen uns hierbei aus den vergangenen Jahren bei Bundesliga sowie Pokalspielen, Europa-und Welt-Meisterschaften vor.<\/p>\n<h2>Inhalte nach hohen internationalen Qualit\u00e4t Standards mit folgenden Schwerpunkten:<\/h2>\n<ul>\n<li>Kynologie<\/li>\n<li>Sprengstoffgesetz<\/li>\n<li>Recht<\/li>\n<li>Einsatzlehre<\/li>\n<li>Grunds\u00e4tze im Umgang<\/li>\n<li>Stoffkunde (pyrotechische S\u00e4tze)<\/li>\n<li>Eigensicherung<\/li>\n<li>Erste Hilfe Hund<\/li>\n<li>Pr\u00fcfungen<\/li>\n<li>Ausbildung PSH<\/li>\n<li>Zertifizierung<\/li>\n<\/ul>\n","protected":false},"excerpt":{"rendered":"<h2>Zertifizierte Ausbildung zum Pyrosp\u00fcrhunde-Team national und international<\/h2>\n<p class=\"bodytext\">Auf Grund der\u00a0stetigen Nachfrage an seri\u00f6sen Ausbildungseinrichtungen f\u00fcr <a href=\"http:\/\/spuerhundeschule.de\/Spuerhund-Art-und-Typen\/pyrotechnische-spuerhunde.html\" target=\"_blank\" rel=\"noopener noreferrer\">Pyrosp\u00fcrhhundef\u00fchrer<\/a> im\u00a0Security-Sektor, hat es sich die Sp\u00fcrhundeschule \u201eGermany&#8220; zur Aufgabe gemacht, ihr kynologisches Wissen, Einsatzstandards und Taktiken\u00a0in Vollzeitausbildungen weiter zugeben.<\/p>\n","protected":false},"featured_media":326377,"template":"","meta":{"_price":"7900","_stock":"","_tribe_ticket_header":"","_tribe_default_ticket_provider":"","_ticket_start_date":"","_ticket_end_date":"","_tribe_ticket_show_description":"","_tribe_ticket_show_not_going":false,"_tribe_ticket_use_global_stock":"","_tribe_ticket_global_stock_level":"","_global_stock_mode":"","_global_stock_cap":"","_tribe_rsvp_for_event":"","_tribe_ticket_going_count":"","_tribe_ticket_not_going_count":"","_tribe_tickets_list":"[]","_tribe_ticket_has_attendee_info_fields":false},"product_brand":[],"product_cat":[534],"product_tag":[747,557,634,547,755,758,572,573,751,662,571,917,919,918,663,556,554,607,558,749],"class_list":{"0":"post-1767","1":"product","2":"type-product","3":"status-publish","4":"has-post-thumbnail","6":"product_cat-vollzeitausbildung-zum-spuerhund","7":"product_tag-ausbildung-mit-klicker","8":"product_tag-bombenalarm","9":"product_tag-diensthundeausbildung","10":"product_tag-diensthundefuehrer","11":"product_tag-edd","12":"product_tag-explosive-detection-dog","13":"product_tag-flughafen","14":"product_tag-fracht","15":"product_tag-hunde","16":"product_tag-hundefuehrer","17":"product_tag-luftfracht-kontrolle-mittels-spuerhunde","18":"product_tag-pyrospuerhunde","19":"product_tag-pyrosuchhund","20":"product_tag-pyrotechnik","21":"product_tag-sicherheitsdienst","22":"product_tag-sprengstoff","23":"product_tag-sprengstoffspuerhunde","24":"product_tag-spuerhund","25":"product_tag-spuerhunde","26":"product_tag-spuerhundeausbildung-mit-klicker","28":"first","29":"instock","30":"virtual","31":"taxable","32":"purchasable","33":"product-type-simple"},"_links":{"self":[{"href":"https:\/\/spuerhundeschule.de\/de\/wp-json\/wp\/v2\/product\/1767","targetHints":{"allow":["GET"]}}],"collection":[{"href":"https:\/\/spuerhundeschule.de\/de\/wp-json\/wp\/v2\/product"}],"about":[{"href":"https:\/\/spuerhundeschule.de\/de\/wp-json\/wp\/v2\/types\/product"}],"wp:featuredmedia":[{"embeddable":true,"href":"https:\/\/spuerhundeschule.de\/de\/wp-json\/wp\/v2\/media\/326377"}],"wp:attachment":[{"href":"https:\/\/spuerhundeschule.de\/de\/wp-json\/wp\/v2\/media?parent=1767"}],"wp:term":[{"taxonomy":"product_brand","embeddable":true,"href":"https:\/\/spuerhundeschule.de\/de\/wp-json\/wp\/v2\/product_brand?post=1767"},{"taxonomy":"product_cat","embeddable":true,"href":"https:\/\/spuerhundeschule.de\/de\/wp-json\/wp\/v2\/product_cat?post=1767"},{"taxonomy":"product_tag","embeddable":true,"href":"https:\/\/spuerhundeschule.de\/de\/wp-json\/wp\/v2\/product_tag?post=1767"}],"curies":[{"name":"wp","href":"https:\/\/api.w.org\/{rel}","templated":true}]}}