{"id":1765,"date":"2015-01-13T13:00:42","date_gmt":"2015-01-13T13:00:42","guid":{"rendered":"http:\/\/spuerhundeschule.de\/de\/produkt\/zertifizierte-ausbildung-zum-bettwanzenspuerhund-team\/"},"modified":"2025-02-24T09:24:38","modified_gmt":"2025-02-24T08:24:38","slug":"ausbildung-zum-bettwanzenspuerhund-team","status":"publish","type":"product","link":"https:\/\/spuerhundeschule.de\/de\/produkt\/ausbildung-zum-bettwanzenspuerhund-team\/","title":{"rendered":"Ausbildung zum Bettwanzen-Sp\u00fcrhund-Team"},"content":{"rendered":"<h2>Zertifizierte Ausbildung zum Bettwanzen-Sp\u00fcrhund-Team national und international<\/h2>\n<p>Auf Grund der\u00a0stetigen Nachfrage an seri\u00f6sen Ausbildungseinrichtungen f\u00fcr <a href=\"http:\/\/spuerhundeschule.de\/Spuerhund-Art-und-Typen\/bettwanzenspuerhunde.html\" target=\"_blank\" rel=\"noopener noreferrer\">Hundef\u00fchrer im Sektor Sch\u00e4dlingsbek\u00e4mpfung<\/a>, hat es sich die K9 Detection Dog School Germany GmbH zur Aufgabe gemacht, ihr kynologisches Wissen, Einsatzstandards und Taktiken in Vollzeitausbildungen weiter zugeben.<\/p>\n<p><strong><em>Grundvoraussetzungen der Ausbildung:<\/em><\/strong> Sehr guter Spiel- und Beutetrieb, keine gesundheitlichen Einschr\u00e4nkungen, gutes Sozialverhalten, Grundvoraussetzungen der Motorik, Haftpflichtversicherung, <strong>Mindestalter der Hunde 12 Monate!<\/strong><\/p>\n<p><strong><em>Dauer der Schulung:<\/em> <\/strong>Die Ausbildung findet an der Detection Dog School Germany statt und nimmt ca. 9-12 Wochen in Anspruch. Nach 4 Wochen wird das Training f\u00fcr 7 Tage unterbrochen.<\/p>\n<p><strong><em>Ablaufplan: <\/em><\/strong>Die Ausbildung erfolgt jeweils von Montag bis Freitag im Schulungzentrum der K9 Detection Dog School Germany GmbH in Vollzeit. Selbstverst\u00e4ndlich gestalten wir f\u00fcr Sie die Schulung auch individuell im Blockunterricht, dazu senden Sie uns Ihre Vorschl\u00e4ge bitte in folgendem Link:<\/p>\n<p><strong><a href=\"http:\/\/spuerhundeschule.de\/component\/option,com_chronoforms\/Itemid,100156\/view,form\/\" target=\"_blank\" rel=\"noopener noreferrer\"><img loading=\"lazy\" decoding=\"async\" class=\"alignnone wp-image-1763\" src=\"http:\/\/spuerhundeschule.de\/de\/wp-content\/uploads\/2015\/01\/Blockausbildung.jpg\" alt=\"Blockausbildung\" width=\"162\" height=\"57\" srcset=\"https:\/\/spuerhundeschule.de\/de\/wp-content\/uploads\/2015\/01\/Blockausbildung.jpg 191w, https:\/\/spuerhundeschule.de\/de\/wp-content\/uploads\/2015\/01\/Blockausbildung-100x35.jpg 100w, https:\/\/spuerhundeschule.de\/de\/wp-content\/uploads\/2015\/01\/Blockausbildung-50x18.jpg 50w\" sizes=\"auto, (max-width: 162px) 100vw, 162px\" \/><\/a><\/strong><\/p>\n<p><strong><em>Abschluss und Pr\u00fcfung:<\/em><\/strong> Eine Woche vor Abschluss des Lehrgangs, finde die Zertifizierung statt.<\/p>\n<p><strong><em>Ausr\u00fcstung:<\/em><\/strong> 2 F\u00fchrerleinen, Maulkorb, 2 Halsb\u00e4nder f\u00fcr den Hund (eventuell Brustgeschirr), Wassersch\u00fcssel, Hundefutter, Erste Hilfe Packet, Impfausweis mit aktueller Tollwutimpfung, Kopie Haftpflichtversicherung, Hundetransportbox und\u00a0Schreibutensilien f\u00fcr Notizen.<\/p>\n<p><strong><em>Tierarzt: <\/em><\/strong>F\u00fcr Notf\u00e4lle w\u00e4hrend der Ausbildung, steht f\u00fcr Ihre Vierbeiner eine Tierklinik unweit vom Hotel zur Verf\u00fcgung.<\/p>\n<p><strong>Eine Anmeldung ist solange m\u00f6glich bis dieses Produkt im Shop ausverkauft oder nicht mehr sichtbar ist.<\/strong><\/p>\n<p>Bettwanzen sind nur 3 bis 5 Millimeter gro\u00df und schaffen es doch immer wieder, Wohnungen, Hotels oder \u2013 wie zuletzt in New York \u2013 ganze Wohnbl\u00f6cke unbewohnbar zu machen. Wie das geht? Bettwanzen sind blutsaugende Parasiten. Ihre Bisse \u00e4hneln Stichen: die Haut r\u00f6tet sich und schwillt an, viele Menschen reagieren allergisch. Einmal im Zimmer, vermehren sich die Bettwanzen schnell und breiten sich auf benachbarte R\u00e4ume oder Wohnungen aus. Wenn Sie also nach einem Urlaub alle zwei bis drei Tage zerstochen aufwachen, k\u00f6nnte es sein, dass sie im Reisegep\u00e4ck ein paar Bettwanzen mit nach Hause gebracht haben. Bettwanzen sind gegen handels\u00fcblichen Pestizide immun. Bek\u00e4mpfen kann man sie nur mit starken Giften. Wo Kammerj\u00e4ger mehrere Stunden M\u00f6bel verr\u00fccken und die Fu\u00dfleisten nach Spuren absuchen w\u00fcrden, bieten wir eine biologische Alternative an. Suchhunde der K9 Detection Dog School Germany GmbH erschn\u00fcffeln die Parasiten schnell und ohne gro\u00dfen logistischen Aufwand auf. Sollte es zu einer Anzeige einer unserer Hunde in Ihren vier W\u00e4nden oder Hotelanlagen kommen, so k\u00f6nnen Sie gezielt in diesen R\u00e4umen mit Sch\u00e4dlingsbek\u00e4mpfungsma\u00dfnahmen beginnen und m\u00fcssen nicht ganze Etagen oder Wohnbereiche mit giftigen sowie gesundheitssch\u00e4dlichen Pestiziden behandeln. Wir k\u00f6nnen Ihnen sofort sagen, ob weitere Schritte notwendig sind \u2013 schneller, g\u00fcnstiger und diskreter. Hotelinhaber in Deutschland lassen ihre Zimmer bis zu zehn Mal im Jahr mit Gift s\u00e4ubern. In den USA ist demgegen\u00fcber der Einsatz von Bettwanzensp\u00fcrhunden Standard, um eine m\u00f6gliche Ausbreitung der Parasiten fr\u00fchzeitig zu verhindern. Wenn auch Sie sich die hohen Kosten f\u00fcr Routines\u00e4uberungen sparen und ihre Zimmer bewohnbar halten wollen, sprechen Sie mit uns.<\/p>\n<h2>Inhalte nach hohen internationalen Qualit\u00e4t Standards mit folgenden Schwerpunkten:<\/h2>\n<ul>\n<li>Kynologie<\/li>\n<li>Privat-Recht<\/li>\n<li>Einsatzlehre<\/li>\n<li>Grunds\u00e4tze im Umgang<\/li>\n<li>Sch\u00e4dlingskunde<\/li>\n<li>Eigensicherung<\/li>\n<li>Erste Hilfe Hund<\/li>\n<li>Pr\u00fcfungen<\/li>\n<li>Ausbildung BWS<\/li>\n<li>Zertifizierung<\/li>\n<\/ul>\n","protected":false},"excerpt":{"rendered":"<h2>Zertifizierte Ausbildung zum Bettwanzensp\u00fcrhunde-Team national und international<\/h2>\n<p class=\"bodytext\">Auf Grund der\u00a0stetigen Nachfrage an seri\u00f6sen Ausbildungseinrichtungen f\u00fcr <a href=\"http:\/\/spuerhundeschule.de\/Spuerhund-Art-und-Typen\/bettwanzenspuerhunde.html\" target=\"_blank\" rel=\"noopener noreferrer\">Hundef\u00fchrer im Sektor Sch\u00e4dlingsbek\u00e4mpfung<\/a>, hat es sich die Sp\u00fcrhundeschule \u201eGermany&#8220; zur Aufgabe gemacht, ihr kynologisches Wissen, Einsatzstandards und Taktiken\u00a0in Vollzeitausbildungen weiter zugeben.<\/p>\n","protected":false},"featured_media":326366,"template":"","meta":{"_price":"7900","_stock":"","_tribe_ticket_header":"","_tribe_default_ticket_provider":"","_ticket_start_date":"","_ticket_end_date":"","_tribe_ticket_show_description":"","_tribe_ticket_show_not_going":false,"_tribe_ticket_use_global_stock":"","_tribe_ticket_global_stock_level":"","_global_stock_mode":"","_global_stock_cap":"","_tribe_rsvp_for_event":"","_tribe_ticket_going_count":"","_tribe_ticket_not_going_count":"","_tribe_tickets_list":"[]","_tribe_ticket_has_attendee_info_fields":false},"product_brand":[],"product_cat":[534],"product_tag":[747,902,903,520,905,904,662,906,892,607,558,749,555],"class_list":{"0":"post-1765","1":"product","2":"type-product","3":"status-publish","4":"has-post-thumbnail","6":"product_cat-vollzeitausbildung-zum-spuerhund","7":"product_tag-ausbildung-mit-klicker","8":"product_tag-bedbugs","9":"product_tag-bettwanzen","10":"product_tag-bettwanzenspuerhund","11":"product_tag-hostel","12":"product_tag-hotel","13":"product_tag-hundefuehrer","14":"product_tag-klinik","15":"product_tag-schaedlingsbekaempfung","16":"product_tag-spuerhund","17":"product_tag-spuerhunde","18":"product_tag-spuerhundeausbildung-mit-klicker","19":"product_tag-suchhunde","21":"first","22":"instock","23":"virtual","24":"taxable","25":"purchasable","26":"product-type-simple"},"_links":{"self":[{"href":"https:\/\/spuerhundeschule.de\/de\/wp-json\/wp\/v2\/product\/1765","targetHints":{"allow":["GET"]}}],"collection":[{"href":"https:\/\/spuerhundeschule.de\/de\/wp-json\/wp\/v2\/product"}],"about":[{"href":"https:\/\/spuerhundeschule.de\/de\/wp-json\/wp\/v2\/types\/product"}],"wp:featuredmedia":[{"embeddable":true,"href":"https:\/\/spuerhundeschule.de\/de\/wp-json\/wp\/v2\/media\/326366"}],"wp:attachment":[{"href":"https:\/\/spuerhundeschule.de\/de\/wp-json\/wp\/v2\/media?parent=1765"}],"wp:term":[{"taxonomy":"product_brand","embeddable":true,"href":"https:\/\/spuerhundeschule.de\/de\/wp-json\/wp\/v2\/product_brand?post=1765"},{"taxonomy":"product_cat","embeddable":true,"href":"https:\/\/spuerhundeschule.de\/de\/wp-json\/wp\/v2\/product_cat?post=1765"},{"taxonomy":"product_tag","embeddable":true,"href":"https:\/\/spuerhundeschule.de\/de\/wp-json\/wp\/v2\/product_tag?post=1765"}],"curies":[{"name":"wp","href":"https:\/\/api.w.org\/{rel}","templated":true}]}}