{"id":1747,"date":"2015-01-12T11:41:12","date_gmt":"2015-01-12T11:41:12","guid":{"rendered":"http:\/\/spuerhundeschule.de\/de\/produkt\/grundlagen-seminar-personenspuerhunde-mantrailer-kopieren\/"},"modified":"2026-01-11T08:49:58","modified_gmt":"2026-01-11T07:49:58","slug":"vermisstensuchhunde-personenspuerhunde-rettungshunde","status":"publish","type":"product","link":"https:\/\/spuerhundeschule.de\/de\/produkt\/vermisstensuchhunde-personenspuerhunde-rettungshunde\/","title":{"rendered":"Seminar Rettungshunde Teams"},"content":{"rendered":"<div class=\"tribe-events-single-event-description tribe-events-content\">\n<h1 class=\"tribe-events-single-event-title fittexted_for_content_h1\">5 Tage Search &amp; Rescue Praxis Seminar Vermisstensp\u00fcrhunde-Teams Tr\u00fcmmer national und international<\/h1>\n<p><strong>Einladung zum Intensiv-Tr\u00fcmmerseminar f\u00fcr Hundef\u00fchrer\/innen<\/strong><\/p>\n<p>Wir freuen uns, ein einw\u00f6chiges Intensiv-Tr\u00fcmmerseminar f\u00fcr Hundef\u00fchrer\/innen internationaler privater und beh\u00f6rdlicher Rettungshundeorganisationen anzubieten. Das Seminar findet im <strong><span style=\"color: #ff0000;\">NOCH OFFEN<\/span><\/strong> statt und richtet sich an Teilnehmer aller Ausbildungsstufen, von Anf\u00e4ngern bis Fortgeschrittenen.<\/p>\n<ul>\n<li>Durchgef\u00fchrt im <span style=\"color: #ff0000;\"><strong>NOCH OFFEN<\/strong><\/span> mit Schadenstellen verschiedener Schwierigkeitsstufen<\/li>\n<li>Offen f\u00fcr Anf\u00e4nger und Fortgeschrittene aus privaten und beh\u00f6rdlichen Rettungshundeorganisationen<\/li>\n<li>Fokus auf praxisrelevantes Training, Erfahrungsaustausch und Entwicklung neuer Ausbildungsstandards<\/li>\n<li>5 \u00dcbernachtungen inklusive (Camping oder Unterkunft m\u00f6glich)<\/li>\n<li>Strom- und Wasseranschluss vorhanden<\/li>\n<li>Verpflegung muss selbst organisiert werden<\/li>\n<li>Teilnehmerzahl auf 15 begrenzt<\/li>\n<li>Abschluss-Zertifikat f\u00fcr die Teilnehmer<\/li>\n<\/ul>\n<p><strong>Zielgruppe:<\/strong> Hundef\u00fchrer\/innen internationaler, privater und beh\u00f6rdlicher Rettungshundeorganisationen (Anf\u00e4nger und Fortgeschrittene). Auch Interessenten sind herzlich willkommen!<\/p>\n<p><strong>Inhalte:<\/strong> Einsatzrelevantes Training, Erfahrungsaustausch, neue Ausbildungsstandards.<\/p>\n<p><strong>Trainingseinheiten:<\/strong> Schadenstellen mit unterschiedlichem Schwierigkeitsgrad.<\/p>\n<p><strong>Unterkunft:<\/strong> Wahlweise Camping (Wohnwagen, Wohnmobil, Zelt) auf dem Gel\u00e4nde oder \u00dcbernachtung im Geb\u00e4ude. Strom- und Wasseranschluss inklusive.<\/p>\n<p><strong>Verpflegung:<\/strong> Selbstverpflegung (nicht im Preis enthalten).<\/p>\n<p><strong>Preis:<\/strong> EUR 790,00 inkl. 5 \u00dcbernachtungen.<\/p>\n<p><strong>Teilnehmerzahl:<\/strong> Begrenzt auf 15 Personen.<\/p>\n<p><strong>Zertifizierung:<\/strong> Teilnahmezertifikat am Ende des Seminars.<\/p>\n<p><strong>Bitte beachten:<\/strong><\/p>\n<ul>\n<li>Verpflegung ist selbst zu organisieren.<\/li>\n<li>Termine im Veranstaltungskalender.<\/li>\n<\/ul>\n<p>Ein sehr umfangreiches Angebot f\u00fcr Hundef\u00fchrende im Such- und Rettungsbereich. Die M\u00f6glichkeit zum praxisorientierten Training unter realistischen Bedingungen und der fachliche Austausch d\u00fcrften besonders wertvoll sein.<\/p>\n<p><span class=\"fsl\"><span class=\"text_exposed_show\"><br \/>\n<strong>Inhalte mit folgenden Schwerpunkten:<\/strong><\/span><\/span><\/p>\n<ul>\n<li>Anzeigeverhalten<\/li>\n<li>Tr\u00fcmmerkunde<\/li>\n<li>Finden \/ Anzeigen<\/li>\n<li>Unfallverh\u00fctung<\/li>\n<li>korrektes best\u00e4tigen<\/li>\n<li>Einteilung Suchgebiet<\/li>\n<li>Teamarbeit<\/li>\n<li>schnelles und punktgenaues Ausbilden<\/li>\n<li>PSA<\/li>\n<li>korrektes lesen meines Vierbeiners<\/li>\n<li>Umwelteinfl\u00fcssen Thermik\/Witterung<\/li>\n<li>Arbeiten mit Witterungsverh\u00e4ltnissen<\/li>\n<li>theoretischer und praktischer Erfahrungsaustausch<\/li>\n<li>Zertifikat<\/li>\n<\/ul>\n<p><span class=\"fsl\"><strong>Nach \u00a7 3a (3) Nr. 3a UStG im Inland nicht steuerbar.<\/strong><\/span><\/p>\n<\/div>\n","protected":false},"excerpt":{"rendered":"<p>5 Tage Search &amp; Rescue Praxis Seminar Vermisstensp\u00fcrhunde-Teams Tr\u00fcmmer national und international Einladung zum Intensiv-Tr\u00fcmmerseminar f\u00fcr Hundef\u00fchrer\/innen Wir freuen uns, ein einw\u00f6chiges Intensiv-Tr\u00fcmmerseminar f\u00fcr Hundef\u00fchrer\/innen internationaler privater und beh\u00f6rdlicher Rettungshundeorganisationen anzubieten. Das Seminar findet&#46;&#46;&#46;<\/p>\n","protected":false},"featured_media":327771,"template":"","meta":{"_price":"790","_stock":"","_tribe_ticket_header":"","_tribe_default_ticket_provider":"","_ticket_start_date":"","_ticket_end_date":"","_tribe_ticket_show_description":"","_tribe_ticket_show_not_going":false,"_tribe_ticket_use_global_stock":"","_tribe_ticket_global_stock_level":"","_global_stock_mode":"","_global_stock_cap":"","_tribe_rsvp_for_event":"","_tribe_ticket_going_count":"","_tribe_ticket_not_going_count":"","_tribe_tickets_list":"[]","_tribe_ticket_has_attendee_info_fields":false},"product_brand":[],"product_cat":[535,517],"product_tag":[733,634,547,731,657,545,633,655,732,663,607,558,555,659,660,658,656,518],"class_list":{"0":"post-1747","1":"product","2":"type-product","3":"status-publish","4":"has-post-thumbnail","6":"product_cat-ticket","7":"product_cat-workshops-seminare-hundeausbildung","8":"product_tag-ausbildung-zum-rettungshund","9":"product_tag-diensthundeausbildung","10":"product_tag-diensthundefuehrer","11":"product_tag-erdbeben","12":"product_tag-mantrailer","13":"product_tag-polizei","14":"product_tag-polizeihund","15":"product_tag-rettungshunde","16":"product_tag-rettungshundeausbildung","17":"product_tag-sicherheitsdienst","18":"product_tag-spuerhund","19":"product_tag-spuerhunde","20":"product_tag-suchhunde","21":"product_tag-truemmerausbildung","22":"product_tag-truemmerhunde","23":"product_tag-vermisste-personen","24":"product_tag-vermisstenspuerhunde","25":"product_tag-workshops","27":"first","28":"instock","29":"virtual","30":"taxable","31":"purchasable","32":"product-type-simple"},"_links":{"self":[{"href":"https:\/\/spuerhundeschule.de\/de\/wp-json\/wp\/v2\/product\/1747","targetHints":{"allow":["GET"]}}],"collection":[{"href":"https:\/\/spuerhundeschule.de\/de\/wp-json\/wp\/v2\/product"}],"about":[{"href":"https:\/\/spuerhundeschule.de\/de\/wp-json\/wp\/v2\/types\/product"}],"wp:featuredmedia":[{"embeddable":true,"href":"https:\/\/spuerhundeschule.de\/de\/wp-json\/wp\/v2\/media\/327771"}],"wp:attachment":[{"href":"https:\/\/spuerhundeschule.de\/de\/wp-json\/wp\/v2\/media?parent=1747"}],"wp:term":[{"taxonomy":"product_brand","embeddable":true,"href":"https:\/\/spuerhundeschule.de\/de\/wp-json\/wp\/v2\/product_brand?post=1747"},{"taxonomy":"product_cat","embeddable":true,"href":"https:\/\/spuerhundeschule.de\/de\/wp-json\/wp\/v2\/product_cat?post=1747"},{"taxonomy":"product_tag","embeddable":true,"href":"https:\/\/spuerhundeschule.de\/de\/wp-json\/wp\/v2\/product_tag?post=1747"}],"curies":[{"name":"wp","href":"https:\/\/api.w.org\/{rel}","templated":true}]}}