{"id":1743,"date":"2015-01-11T12:51:14","date_gmt":"2015-01-11T12:51:14","guid":{"rendered":"http:\/\/spuerhundeschule.de\/de\/produkt\/alb-anopolphoraspuerhund-basis-einsatz-eines-alb-anopolphoraspuerhunde-team\/"},"modified":"2024-04-03T12:28:02","modified_gmt":"2024-04-03T10:28:02","slug":"alb-anopolphoraspuerhund-basis-einsatz-eines-alb-anopolphoraspuerhunde-team","status":"publish","type":"product","link":"https:\/\/spuerhundeschule.de\/de\/produkt\/alb-anopolphoraspuerhund-basis-einsatz-eines-alb-anopolphoraspuerhunde-team\/","title":{"rendered":"Einsatz eines Anoplophora ALB Sp\u00fcrhund Team"},"content":{"rendered":"<h1>Basispreis f\u00fcr einen Einsatz f\u00fcr einen <a href=\"http:\/\/spuerhundeschule.de\/\" target=\"_blank\" rel=\"noopener noreferrer\">ALB Anoplophorasp\u00fcrhund<\/a> mit Hundef\u00fchrer, an einem Einsatzort Ihrer Wahl, innerhalb Europas.<\/h1>\n<p>Sie k\u00f6nnen hier den Einsatz eines ALB Anoplophorasp\u00fcrhundes zum Aufsp\u00fcren von <a href=\"http:\/\/www.landwirtschaft.sachsen.de\/landwirtschaft\/2132.htm\" target=\"_blank\" rel=\"noopener noreferrer\">asiatischen Laubholzbockk\u00e4fern<\/a> an Ihrem Ort erwerben. Nach dem Kauf in diesem Shop wird sich die Einsatzleitung innerhalb von 3-6 Stunden bei Ihnen melden und den genauen Einsatztermin und Ort, sowie andere Fragen mit Ihnen abzukl\u00e4ren. Der Laubholzbockk\u00e4fer ist ein schlimmer Sch\u00e4dling, den unsere K\u00e4fersp\u00fcrhunde zuverl\u00e4ssig auffinden.<\/p>\n<p>Der Basispreis f\u00fcr den Einsatz bezieht sich auf den Einsatz eines Teams!<\/p>\n<p><strong>Achtung, ein Einsatzteam ist nicht ausreichend!<\/strong><\/p>\n<ul>\n<li><strong>Tagespauschale bis maximal 6 Stunden<\/strong>. Jede weitere Einsatz-Stunde berechnen wir zu einem Stundensatz von 120 \u20ac. Der zust\u00e4ndige und eingeteilte Hundef\u00fchrer wird dies rechtzeitig mit Ihnen vorab abkl\u00e4ren.<\/li>\n<li>ein Team besteht jeweils aus einem Hundef\u00fchrer und einem Sp\u00fcrhund<\/li>\n<li>alle Preise inkl. gesetzlicher MwSt. von derzeit 19 %<\/li>\n<li>bei k\u00fcrzeren Eins\u00e4tzen wird der Basispreis f\u00e4llig.<\/li>\n<\/ul>\n<p>Die <strong>Anfahrtszeit<\/strong> wird zus\u00e4tzlich berechnet, es fallen jeweils pro gefahrenen Kilometer 0,43 Euro Geb\u00fchren an.<\/p>\n<p>Bei Fahrten \u00fcber 400 Kilometer pro einfache Fahrstrecke werden \u00dcbernachtungskosten von derzeit 90 Euro pro Team berechnet.<\/p>\n<p><strong>F\u00fcr ein individuelles Angebot \u00fcber mehrt\u00e4gige Eins\u00e4tze, benutzen Sie bitte den unten stehenden Link.<\/strong><\/p>\n<p><a href=\"https:\/\/spuerhundeschule.de\/anfrage-sicherheitsdienstleistungen\" target=\"_blank\" rel=\"noopener noreferrer\"><img loading=\"lazy\" decoding=\"async\" class=\"size-medium wp-image-1736 aligncenter\" src=\"http:\/\/spuerhundeschule.de\/de\/wp-content\/uploads\/2015\/01\/Individuelle-Anfrage-zum-Produkt-300x99.jpg\" alt=\"Individuelle Anfrage zum Produkt\" width=\"300\" height=\"99\" srcset=\"https:\/\/spuerhundeschule.de\/de\/wp-content\/uploads\/2015\/01\/Individuelle-Anfrage-zum-Produkt-300x99.jpg 300w, https:\/\/spuerhundeschule.de\/de\/wp-content\/uploads\/2015\/01\/Individuelle-Anfrage-zum-Produkt-200x66.jpg 200w, https:\/\/spuerhundeschule.de\/de\/wp-content\/uploads\/2015\/01\/Individuelle-Anfrage-zum-Produkt-50x17.jpg 50w, https:\/\/spuerhundeschule.de\/de\/wp-content\/uploads\/2015\/01\/Individuelle-Anfrage-zum-Produkt.jpg 345w\" sizes=\"auto, (max-width: 300px) 100vw, 300px\" \/><\/a><\/p>\n","protected":false},"excerpt":{"rendered":"<p>Basispreis f\u00fcr einen Einsatz f\u00fcr einen ALB Anoplophorasp\u00fcrhund mit Hundef\u00fchrer, an einem Einsatzort Ihrer Wahl, innerhalb Europas. Sie k\u00f6nnen hier den Einsatz eines ALB Anoplophorasp\u00fcrhundes zum Aufsp\u00fcren von asiatischen Laubholzbockk\u00e4fern an Ihrem Ort erwerben.&#46;&#46;&#46;<\/p>\n","protected":false},"featured_media":326380,"template":"","meta":{"_price":"820","_stock":"","_tribe_ticket_header":"","_tribe_default_ticket_provider":"","_ticket_start_date":"","_ticket_end_date":"","_tribe_ticket_show_description":"","_tribe_ticket_show_not_going":false,"_tribe_ticket_use_global_stock":"","_tribe_ticket_global_stock_level":"","_global_stock_mode":"","_global_stock_cap":"","_tribe_rsvp_for_event":"","_tribe_ticket_going_count":"","_tribe_ticket_not_going_count":"","_tribe_tickets_list":"[]","_tribe_ticket_has_attendee_info_fields":false},"product_brand":[],"product_cat":[516],"product_tag":[926,933,929,927,928,935,931,932,751,662,607,558,934,555,930],"class_list":{"0":"post-1743","1":"product","2":"type-product","3":"status-publish","4":"has-post-thumbnail","6":"product_cat-spezialhundeeinsaetze","7":"product_tag-alb","8":"product_tag-alb-monitoring","9":"product_tag-anoplophorahund","10":"product_tag-anoplophoraspuerhund","11":"product_tag-anoplophorasuchhund","12":"product_tag-asiatischerlaubholzbockkaefer","13":"product_tag-baumpflege","14":"product_tag-baumsteiger","15":"product_tag-hunde","16":"product_tag-hundefuehrer","17":"product_tag-spuerhund","18":"product_tag-spuerhunde","19":"product_tag-spuerhunde-zur-suche-von-kaefern","20":"product_tag-suchhunde","21":"product_tag-waldkontrolle","23":"first","24":"instock","25":"virtual","26":"taxable","27":"purchasable","28":"product-type-simple"},"_links":{"self":[{"href":"https:\/\/spuerhundeschule.de\/de\/wp-json\/wp\/v2\/product\/1743","targetHints":{"allow":["GET"]}}],"collection":[{"href":"https:\/\/spuerhundeschule.de\/de\/wp-json\/wp\/v2\/product"}],"about":[{"href":"https:\/\/spuerhundeschule.de\/de\/wp-json\/wp\/v2\/types\/product"}],"wp:featuredmedia":[{"embeddable":true,"href":"https:\/\/spuerhundeschule.de\/de\/wp-json\/wp\/v2\/media\/326380"}],"wp:attachment":[{"href":"https:\/\/spuerhundeschule.de\/de\/wp-json\/wp\/v2\/media?parent=1743"}],"wp:term":[{"taxonomy":"product_brand","embeddable":true,"href":"https:\/\/spuerhundeschule.de\/de\/wp-json\/wp\/v2\/product_brand?post=1743"},{"taxonomy":"product_cat","embeddable":true,"href":"https:\/\/spuerhundeschule.de\/de\/wp-json\/wp\/v2\/product_cat?post=1743"},{"taxonomy":"product_tag","embeddable":true,"href":"https:\/\/spuerhundeschule.de\/de\/wp-json\/wp\/v2\/product_tag?post=1743"}],"curies":[{"name":"wp","href":"https:\/\/api.w.org\/{rel}","templated":true}]}}