{"id":1732,"date":"2015-01-10T14:16:40","date_gmt":"2015-01-10T14:16:40","guid":{"rendered":"http:\/\/spuerhundeschule.de\/de\/produkt\/handyspuerhund-individueller-einsatz-eines-handyspuerhunde-team\/"},"modified":"2024-04-03T12:27:05","modified_gmt":"2024-04-03T10:27:05","slug":"handyspuerhund-individueller-einsatz-eines-handyspuerhunde-team","status":"publish","type":"product","link":"https:\/\/spuerhundeschule.de\/de\/produkt\/handyspuerhund-individueller-einsatz-eines-handyspuerhunde-team\/","title":{"rendered":"Einsatz eines Handy Sp\u00fcrhund Team"},"content":{"rendered":"<p>Basispreis f\u00fcr einen Einsatz eines Handysp\u00fcrhund mit Hundef\u00fchrer, an einem Einsatzort Ihrer Wahl, innerhalb Europas.<\/p>\n<p>Sie k\u00f6nnen hier den Einsatz eines Handysp\u00fcrhundes zum Aufsp\u00fcren von Mobiltelefonen (Handys) Platinen, Simkarten, Smartgeh\u00e4use und Akkus erwerben. Nach dem Kauf in diesem Shop wird sich die Einsatzleitung innerhalb von 3-6 Stunden bei Ihnen melden und den genauen Einsatztermin und Ort, sowie andere Fragen mit Ihnen abzukl\u00e4ren.<\/p>\n<p>Der Basispreis f\u00fcr den Einsatz bezieht sich auf den Einsatz eines Teams!<\/p>\n<ul>\n<li><strong>Tagespauschale bis maximal 5 Stunden<\/strong>. Jede weitere Einsatz-Stunde berechnen wir zu einem Stundensatz von 140 \u20ac. Der zust\u00e4ndige und eingeteilte Hundef\u00fchrer wird dies rechtzeitig mit Ihnen vorab abkl\u00e4ren.<\/li>\n<li>ein Team besteht jeweils aus einem Hundef\u00fchrer und einem Sp\u00fcrhund<\/li>\n<li>alle Preise inkl. gesetzlicher MwSt. von derzeit 19 %<\/li>\n<li>bei k\u00fcrzeren Eins\u00e4tzen wird der Basispreis f\u00e4llig.<\/li>\n<\/ul>\n<p>Die <strong>Anfahrtszeit<\/strong> wird zus\u00e4tzlich berechnet, es fallen jeweils pro gefahrenen Kilometer 0,43 Euro Geb\u00fchren an.<\/p>\n<p>Bei Fahrten \u00fcber 400 Kilometer pro einfache Fahrstrecke werden \u00dcbernachtungskosten von derzeit 90 Euro pro Team berechnet.<\/p>\n<p><strong>F\u00fcr ein individuelles Angebot benutzen Sie bitte den unten stehenden Link.<\/strong><\/p>\n<p><a href=\"http:\/\/spuerhundeschule.de\/component\/option,com_chronoforms\/Itemid,100156\/view,form\/\" target=\"_blank\" rel=\"noopener\"><img loading=\"lazy\" decoding=\"async\" class=\"alignnone size-medium wp-image-1736\" src=\"http:\/\/spuerhundeschule.de\/de\/wp-content\/uploads\/2015\/01\/Individuelle-Anfrage-zum-Produkt-300x99.jpg\" alt=\"Individuelle Anfrage zum Produkt\" width=\"300\" height=\"99\" srcset=\"https:\/\/spuerhundeschule.de\/de\/wp-content\/uploads\/2015\/01\/Individuelle-Anfrage-zum-Produkt-300x99.jpg 300w, https:\/\/spuerhundeschule.de\/de\/wp-content\/uploads\/2015\/01\/Individuelle-Anfrage-zum-Produkt-200x66.jpg 200w, https:\/\/spuerhundeschule.de\/de\/wp-content\/uploads\/2015\/01\/Individuelle-Anfrage-zum-Produkt-50x17.jpg 50w, https:\/\/spuerhundeschule.de\/de\/wp-content\/uploads\/2015\/01\/Individuelle-Anfrage-zum-Produkt.jpg 345w\" sizes=\"auto, (max-width: 300px) 100vw, 300px\" \/><\/a><\/p>\n","protected":false},"excerpt":{"rendered":"<p>Basispreis f\u00fcr einen Einsatz eines Handysp\u00fcrhund mit Hundef\u00fchrer, an einem Einsatzort Ihrer Wahl, innerhalb Europas.<\/p>\n","protected":false},"featured_media":326722,"template":"","meta":{"_price":"740","_stock":"","_tribe_ticket_header":"","_tribe_default_ticket_provider":"","_ticket_start_date":"","_ticket_end_date":"","_tribe_ticket_show_description":"","_tribe_ticket_show_not_going":false,"_tribe_ticket_use_global_stock":"","_tribe_ticket_global_stock_level":"","_global_stock_mode":"","_global_stock_cap":"","_tribe_rsvp_for_event":"","_tribe_ticket_going_count":"","_tribe_ticket_not_going_count":"","_tribe_tickets_list":"[]","_tribe_ticket_has_attendee_info_fields":false},"product_brand":[],"product_cat":[516],"product_tag":[],"class_list":{"0":"post-1732","1":"product","2":"type-product","3":"status-publish","4":"has-post-thumbnail","6":"product_cat-spezialhundeeinsaetze","8":"first","9":"instock","10":"virtual","11":"taxable","12":"purchasable","13":"product-type-simple"},"_links":{"self":[{"href":"https:\/\/spuerhundeschule.de\/de\/wp-json\/wp\/v2\/product\/1732","targetHints":{"allow":["GET"]}}],"collection":[{"href":"https:\/\/spuerhundeschule.de\/de\/wp-json\/wp\/v2\/product"}],"about":[{"href":"https:\/\/spuerhundeschule.de\/de\/wp-json\/wp\/v2\/types\/product"}],"wp:featuredmedia":[{"embeddable":true,"href":"https:\/\/spuerhundeschule.de\/de\/wp-json\/wp\/v2\/media\/326722"}],"wp:attachment":[{"href":"https:\/\/spuerhundeschule.de\/de\/wp-json\/wp\/v2\/media?parent=1732"}],"wp:term":[{"taxonomy":"product_brand","embeddable":true,"href":"https:\/\/spuerhundeschule.de\/de\/wp-json\/wp\/v2\/product_brand?post=1732"},{"taxonomy":"product_cat","embeddable":true,"href":"https:\/\/spuerhundeschule.de\/de\/wp-json\/wp\/v2\/product_cat?post=1732"},{"taxonomy":"product_tag","embeddable":true,"href":"https:\/\/spuerhundeschule.de\/de\/wp-json\/wp\/v2\/product_tag?post=1732"}],"curies":[{"name":"wp","href":"https:\/\/api.w.org\/{rel}","templated":true}]}}