{"id":1724,"date":"2015-01-09T12:52:44","date_gmt":"2015-01-09T12:52:44","guid":{"rendered":"http:\/\/spuerhundeschule.de\/de\/produkt\/sprengstoffspuerhund-individueller-einsatz-eines-sprengstoffspuerhunde-team\/"},"modified":"2025-02-24T09:42:25","modified_gmt":"2025-02-24T08:42:25","slug":"sprengstoffspuerhund-individueller-einsatz-eines-sprengstoffspuerhunde-team","status":"publish","type":"product","link":"https:\/\/spuerhundeschule.de\/de\/produkt\/sprengstoffspuerhund-individueller-einsatz-eines-sprengstoffspuerhunde-team\/","title":{"rendered":"Einsatz eines Sprengstoff Sp\u00fcrhund Team"},"content":{"rendered":"<h1>Basispreis f\u00fcr einen Einsatz eines Sprengstoffsp\u00fcrhund mit Hundef\u00fchrer, an einem Einsatzort Ihrer Wahl, innerhalb Europas.<\/h1>\n<p>Sie k\u00f6nnen hier den Einsatz eines Sprengstoffsp\u00fcrhundes zum Aufsp\u00fcren von gewerblichen- und milit\u00e4rischen Sprengstoffen, sowie Waffen und Laborate erwerben. Nach dem Kauf in diesem Shop wird sich die Einsatzleitung innerhalb von 3-6 Stunden bei Ihnen melden und den genauen Einsatztermin und Ort, sowie andere Fragen mit Ihnen abzukl\u00e4ren.<\/p>\n<p>Sprengstoffhunde kommen zum Beispiel bei der Sicherung von Hauptversammlungen gro\u00dfer Unternehmen oder in Fu\u00dfballstadien zum Einsatz. Wir haben Sp\u00fcrhunde f\u00fcr verschiedenste Aufgaben. Ebenfalls haben wir Minensuchhunde, Minensp\u00fcrhunde bzw. Minenhunde (bitte fragen Sie nach).<\/p>\n<p>Der Basispreis f\u00fcr den Einsatz bezieht sich auf den Einsatz eines Teams!<\/p>\n<ul>\n<li><strong>Tagespauschale bis maximal 5 Stunden<\/strong>. Jede weitere Einsatz-Stunde berechnen wir zu einem Stundensatz von 110 \u20ac. Der zust\u00e4ndige und eingeteilte Hundef\u00fchrer wird dies rechtzeitig mit Ihnen vorab abkl\u00e4ren.<\/li>\n<li>ein Team besteht jeweils aus einem Hundef\u00fchrer und einem Sp\u00fcrhund<\/li>\n<li>alle Preise inkl. gesetzlicher MwSt. von derzeit 19 %<\/li>\n<li>bei k\u00fcrzeren Eins\u00e4tzen wird der Basispreis f\u00e4llig.<\/li>\n<\/ul>\n<p>Die <strong>Anfahrtszeit<\/strong> wird zus\u00e4tzlich berechnet, es fallen jeweils pro gefahrenen Kilometer 0,43 Euro Geb\u00fchren an.<\/p>\n<p>Bei Fahrten \u00fcber 400 Kilometer pro einfache Fahrstrecke werden \u00dcbernachtungskosten von derzeit 90 Euro pro Team berechnet.<\/p>\n<p>Der Basispreis f\u00fcr den Einsatz bezieht sich auf den Einsatz eines Teams!<\/p>\n<p><strong>F\u00fcr ein individuelles Angebot benutzen Sie bitte den unten stehenden Link.<br \/>\n<\/strong><\/p>\n<p><a href=\"http:\/\/spuerhundeschule.de\/de\/fragen-zu-den-seminaren\/\" target=\"_blank\" rel=\"noopener noreferrer\"><img loading=\"lazy\" decoding=\"async\" class=\"size-medium wp-image-1736 aligncenter\" src=\"http:\/\/spuerhundeschule.de\/de\/wp-content\/uploads\/2015\/01\/Individuelle-Anfrage-zum-Produkt-300x99.jpg\" alt=\"Individuelle Anfrage zum Produkt\" width=\"300\" height=\"99\" srcset=\"https:\/\/spuerhundeschule.de\/de\/wp-content\/uploads\/2015\/01\/Individuelle-Anfrage-zum-Produkt-300x99.jpg 300w, https:\/\/spuerhundeschule.de\/de\/wp-content\/uploads\/2015\/01\/Individuelle-Anfrage-zum-Produkt-200x66.jpg 200w, https:\/\/spuerhundeschule.de\/de\/wp-content\/uploads\/2015\/01\/Individuelle-Anfrage-zum-Produkt-50x17.jpg 50w, https:\/\/spuerhundeschule.de\/de\/wp-content\/uploads\/2015\/01\/Individuelle-Anfrage-zum-Produkt.jpg 345w\" sizes=\"auto, (max-width: 300px) 100vw, 300px\" \/><\/a><\/p>\n","protected":false},"excerpt":{"rendered":"<p>Basispreis f\u00fcr einen Einsatz eines Sprengstoffsp\u00fcrhund mit Hundef\u00fchrer, an einem Einsatzort Ihrer Wahl, innerhalb Europas.<\/p>\n","protected":false},"featured_media":326648,"template":"","meta":{"_price":"780","_stock":"","_tribe_ticket_header":"","_tribe_default_ticket_provider":"","_ticket_start_date":"","_ticket_end_date":"","_tribe_ticket_show_description":"","_tribe_ticket_show_not_going":false,"_tribe_ticket_use_global_stock":"","_tribe_ticket_global_stock_level":"","_global_stock_mode":"","_global_stock_cap":"","_tribe_rsvp_for_event":"","_tribe_ticket_going_count":"","_tribe_ticket_not_going_count":"","_tribe_tickets_list":"[]","_tribe_ticket_has_attendee_info_fields":false},"product_brand":[],"product_cat":[516],"product_tag":[],"class_list":{"0":"post-1724","1":"product","2":"type-product","3":"status-publish","4":"has-post-thumbnail","6":"product_cat-spezialhundeeinsaetze","8":"first","9":"instock","10":"virtual","11":"taxable","12":"purchasable","13":"product-type-simple"},"_links":{"self":[{"href":"https:\/\/spuerhundeschule.de\/de\/wp-json\/wp\/v2\/product\/1724","targetHints":{"allow":["GET"]}}],"collection":[{"href":"https:\/\/spuerhundeschule.de\/de\/wp-json\/wp\/v2\/product"}],"about":[{"href":"https:\/\/spuerhundeschule.de\/de\/wp-json\/wp\/v2\/types\/product"}],"wp:featuredmedia":[{"embeddable":true,"href":"https:\/\/spuerhundeschule.de\/de\/wp-json\/wp\/v2\/media\/326648"}],"wp:attachment":[{"href":"https:\/\/spuerhundeschule.de\/de\/wp-json\/wp\/v2\/media?parent=1724"}],"wp:term":[{"taxonomy":"product_brand","embeddable":true,"href":"https:\/\/spuerhundeschule.de\/de\/wp-json\/wp\/v2\/product_brand?post=1724"},{"taxonomy":"product_cat","embeddable":true,"href":"https:\/\/spuerhundeschule.de\/de\/wp-json\/wp\/v2\/product_cat?post=1724"},{"taxonomy":"product_tag","embeddable":true,"href":"https:\/\/spuerhundeschule.de\/de\/wp-json\/wp\/v2\/product_tag?post=1724"}],"curies":[{"name":"wp","href":"https:\/\/api.w.org\/{rel}","templated":true}]}}